{"id":22853,"date":"2023-07-18T15:07:12","date_gmt":"2023-07-18T15:07:12","guid":{"rendered":"https:\/\/vibeadventures.com\/?post_type=product&#038;p=22853"},"modified":"2026-04-01T16:45:36","modified_gmt":"2026-04-01T22:45:36","slug":"aventura-na-montanha-em-antigua-atv","status":"publish","type":"product","link":"https:\/\/vibeadventures.com\/pt\/turne\/aventura-na-montanha-em-antigua-atv\/","title":{"rendered":"Aventura de montanha em quadriciclo em Ant\u00edgua: Passeio por paisagens de tirar o f\u00f4lego (grupos pequenos \/ 6h)"},"content":{"rendered":"","protected":false},"excerpt":{"rendered":"","protected":false},"featured_media":22863,"comment_status":"open","ping_status":"closed","template":"","meta":{"_acf_changed":false},"adventures_type":[202],"destination":[177],"operator":[664],"physical_ranking":[209],"season":[192],"suitability":[138,139,141,137,142],"sustainable-goals":[613,610],"travel_vibe":[193,150],"product_cat":[154],"product_tag":[60,94],"class_list":{"0":"post-22853","1":"product","2":"type-product","3":"status-publish","4":"has-post-thumbnail","6":"adventures_type-group","7":"destination-guatemala","8":"operator-diego-team","9":"physical_ranking-moderate","10":"season-all-year","11":"suitability-couples","12":"suitability-lgbt","13":"suitability-solo","14":"suitability-women-only","15":"suitability-youth","16":"sustainable-goals-goal-11-sustainable-cities-and-communities","17":"sustainable-goals-goal-8-decent-work-and-economic-growth","18":"travel_vibe-adrenaline-extreme-tours","19":"travel_vibe-nature-and-outdoors-tours","20":"product_cat-1-day-tours","21":"product_tag-atvs-motos","22":"product_tag-photo-tours","23":"entry","25":"first","26":"instock","27":"shipping-taxable","28":"purchasable","29":"product-type-simple"},"acf":{"type_of_tour":"1-Day","duration_days":"","duration_hours":6,"mood":"Small-Group","logisticsc":"","toogle_time":"9:00 AM","logisticsa":false,"logisticsa_toggle":"2","pick_up_location":null,"pick_up_location_toggle":[{"location":"6a Avenida Norte 60b","google_maps_link":"https:\/\/goo.gl\/maps\/LiH52jqnWfVjftYR6","details":""}],"private_pickup":"Pickup included: your accommodation or another convenient place of your choice.","private_pickup_toggle":"Pickup included: your accommodation or another convenient place of your choice.","both_pickup":"","both_pickup_copy":"Exact time and location to be specified in the trip notes that are sent 1-2 weeks before the tour.","customization_group":"","customization_private":"","confirmation_select_private":"Automatic","confirmation_text_private":"Automatic confirmation (your departure is automatically confirmed and 100% guaranteed).","confirmation_select_group":"Automatic","confirmation_text_group":"Manual confirmation (if a minimum number of participants is not met, we may cancel and fully refund your booking).","transfers":"","customize":"no","customizable_details":"We can do the following customizations on your request (subject to availability and needs to be confirmed before the tour):\r\n- Adjust the starting time of the tour.\r\n- Adjust the time you spend at each destination of the tour.\r\n- Add extra places of your choice (e.g. attractions, restaurants, etc.) to the itinerary on a complimentary basis if those visits (1) fit the default duration of the tour, (2) don\u2019t involve a significant change of the route and extra fees (e.g. entrance tickets, tolls, parking, etc.). \r\nChanges other than those will involve an extra fee and must be communicated to the tour organizer at least 72h before the tour (e.g. in the \u201cSpecial Requirements\u201d field during the booking or via email).","what_take":[{"take":"Comfortable clothes and shoes; hat or cap, sunglasses, and sunscreen; travel insurance, personal ID, valid driver\u00b4s licence; good mood and curiosity."}],"extra_notes":"<ul>\r\n \t<li><span style=\"text-decoration: underline;\">Suitability<\/span>:\r\n<ul>\r\n \t<li>Not recommended for pregnant travelers or travelers with back problems<\/li>\r\n \t<li>Children must be accompanied by an adult<\/li>\r\n<\/ul>\r\n<\/li>\r\n \t<li><span style=\"text-decoration: underline;\">Requirements<\/span>:\r\n<ul>\r\n \t<li>Valid driver\u00b4s Licence<\/li>\r\n \t<li>You are unable to book a reservation only with a passenger rate; you must have a driver rate as well<\/li>\r\n<\/ul>\r\n<\/li>\r\n \t<li><span style=\"text-decoration: underline;\">To Know<\/span>:\r\n<ul>\r\n \t<li>May be operated by a multi-lingual guide<\/li>\r\n \t<li>Vegetarian option is available, please advise at time of booking if required<\/li>\r\n<\/ul>\r\n<\/li>\r\n<\/ul>","cancellations":"","discount-tour":null,"tour_operator":"Diego & team","maxage":65,"minage":8,"group_size":15,"location":177,"language":["English","Spanish"],"tags":[60,94],"theme":[150,193],"adventure_type":[202],"accessibility":"\ud83d\uded1 Not wheelchair accessible.","pets":"\ud83d\uded1 Not permitted.","difficulty":209,"suitability":[138,139,141,137,142],"seasonall":[192],"included":{"guides":"yes","guidese":"English-Spanish bilingual guide service.","accommodation":"no","accommodatione":"","accommodations":[],"transportation":"no","transportatione":"","flights":"no","flightse":"","insurance":"no","insurancee":"","tips":"no","tipse":"","meals":"no","mealse":"","expenses":"no","expensese":"","activities":"yes","activitiese":"ATV ride on the outskirts of Guatemala"},"overview":"The <em>Antigua ATV Mountain Adventure<\/em> is a fantastic ride in this enchanting town! Feel the thrill as you gear up with helmets and the engine's roar. Then, capture stunning views from a famous hill and admire the city's towering volcanoes. Indulge your taste buds with mixed flavors of chocolates. And at the end, let the magic of an Eco-park captivate your senses, surrounded by nature's beauty. Come with us on this incredible ride!","itinerary":"The <em>Antigua ATV Mountain Adventure <\/em>begins getting geared up with helmets and vehicles, ready to capture exciting pictures to remember this exciting day!\r\n\r\nOur first stop takes us to the charming village of San Juan del Obispo, at the foothills of the majestic Agua Volcano. Here, we'll visit the renowned <em>Chocolateria Antigua<\/em>, a chocolate factory tantalizing our taste buds with mixed flavors. You won't be able to resist taking some home!\r\n\r\nNext, it's time for an inspiring view as we head to \"El Cerro de la Cruz,\" one of Antigua's best-known attractions. From here, we'll catch a bird's eye view of the city, adorned with stunning architecture and towering volcanoes. So take your camera and capture this moment!\r\n\r\nBut that's not all \u2013 we're off to the enchanting \"Hobbitenango,\" an Eco-Park inspired by Lord of the Rings. Here, we'll feast on delicious food and drinks while surrounded by the magic of this little forest.\r\n\r\nAs the tour ends, we'll hop back on our trusty ATVs and ride back to Antigua, cherishing the memories of a day well spent.","repeater":null,"destinations":[{"destination":"San Juan del Obispo","location":{"address":"San Juan del Obispo, Guatemala","lat":14.5221663,"lng":-90.72833539999999,"zoom":14,"place_id":"ChIJiaDpPkwOiYURYDzYKs0sjpo","name":"San Juan del Obispo","city":"San Juan del Obispo","state":"Sacatep\u00e9quez Department","country":"Guatemala","country_short":"GT"}},{"destination":"Cerro de la Cruz","location":{"address":"Cerro de La Cruz, Antigua Guatemala, Guatemala","lat":14.5643128,"lng":-90.7317767,"zoom":14,"place_id":"ChIJTW0Xft8NiYUR-vGYZ8wTAbw","name":"Morro da Cruz","city":"Antigua Guatemala","state":"Sacatep\u00e9quez Department","country":"Guatemala","country_short":"GT"}},{"destination":"Hobbitenango","location":{"address":"Hobbitenango, Antigua Guatemala, Guatemala","lat":14.6015102,"lng":-90.7028217,"zoom":14,"place_id":"ChIJ_XjqwAwOiYURI2Fcd7WyLkM","name":"Hobbitenango","city":"Antigua Guatemala","state":"Sacatep\u00e9quez","country":"Guatemala","country_short":"GT"}}],"highlights":[{"highlight":"Gear up with helmets and vehicles for an exciting day of adventure."},{"highlight":"Visit the charming village of San Juan del Obispo. "},{"highlight":"Tantalize your taste buds at Chocolateria Antigua with a mix of irresistible flavors. "},{"highlight":"Capture the breathtaking view from \"El Cerro de la Cruz\" and admire Antigua's volcanoes."},{"highlight":"Immerse in the enchanting \"Hobbitenango\" Eco-Park, surrounded by magical forest."}],"galleryes":"no","gallery":[22863,22856,22859,22860,22861,22862,22864,22855,22857,22858],"video":"","pdf":"","tourradar":null,"sustainability_tax":[613,610],"goals_description":"Firstly, it contributes to Goal 8: Decent Work and Economic Growth, by promoting sustainable tourism and supporting local businesses. The visit to Chocolateria Antigua, a local chocolate factory, provides economic opportunities and supports the community. By engaging in responsible tourism practices, the tour helps foster economic growth in the region.\r\n\r\nSecondly, the tour aligns with Goal 11: Sustainable Cities and Communities, by promoting cultural heritage and sustainable tourism in Antigua. The visit to \"El Cerro de la Cruz\" showcases the city's stunning architecture and natural beauty, encouraging appreciation for its heritage and history. By promoting sustainable tourism and respecting the environment, the tour contributes to the preservation and development of Antigua as a sustainable city and community.","authenticity":"Our trips are designed to offer an authentic and immersive experience, where travelers can engage with local communities, learn about their customs, and connect with their values. We believe in the power of cultural exchange and strive to create opportunities for meaningful interactions.","impact":"We are committed to making a positive impact in the communities we visit. By creating job opportunities for locals, particularly for youth and women, we contribute to reducing inequality and promoting socio-economic development. Our tours also promote responsible consumption and production practices, and we work to educate both travelers and locals on sustainable approaches to tourism.","why":"Just sightseeing and fun: no visits to tourist shops &amp; restaurants, short pickup times.\r\nIdeal for small groups: the costs are fixed and the price\/person varies slightly based on the number of participants in the booking.\r\nFlexibility: adjust the program and route to your interests or extend the duration for an extra fee.","calendar":false,"calendar_group":"Bokun","rezdy":"","toggle_calendar":"","bokun":"","bokun_toggle":"<script type=\"text\/javascript\" src=\"https:\/\/widgets.bokun.io\/assets\/javascripts\/apps\/build\/BokunWidgetsLoader.js?bookingChannelUUID=c3e63399-5f41-478b-a05b-43d7b91f2bba\" async><\/script>\r\n     \r\n    <div class=\"bokunWidget\" data-src=\"https:\/\/widgets.bokun.io\/online-sales\/c3e63399-5f41-478b-a05b-43d7b91f2bba\/experience-calendar\/63612\"><\/div>\r\n    <noscript>Please enable javascript in your browser to book<\/noscript>","display_price":"","toggle_price":68,"display_price_m":"","map_price":"","price_multi_private":null,"price_multi_group":null,"dates_multi_private":null,"departures_multi_private":null,"dates_multi_group":null,"departures_multi_group":null,"pricing_one_private":null,"prices_group_private":null,"repeat_season":null,"departures_one_private":null,"repeat_season_group":null,"departures_one_group":null},"yoast_head":"<!-- This site is optimized with the Yoast SEO Premium plugin v24.7 (Yoast SEO v24.7) - https:\/\/yoast.com\/wordpress\/plugins\/seo\/ -->\n<title>Antigua ATV Mountain Adventure: Ride through Breathtaking Views (Small-Group \/ 6h)<\/title>\n<meta name=\"description\" content=\"Antigua ATV Mountain Adventure Tour: Explore Antigua, go mountain biking, visit an Eco-Park, and admire the volcanoes on this unforgettable adventure.\" \/>\n<meta name=\"robots\" content=\"index, follow, max-snippet:-1, max-image-preview:large, max-video-preview:-1\" \/>\n<link rel=\"canonical\" href=\"https:\/\/vibeadventures.com\/pt\/turne\/aventura-na-montanha-em-antigua-atv\/\" \/>\n<meta property=\"og:locale\" content=\"pt_BR\" \/>\n<meta property=\"og:type\" content=\"article\" \/>\n<meta property=\"og:title\" content=\"Antigua ATV Mountain Adventure: Ride through Breathtaking Views (Small-Group \/ 6h)\" \/>\n<meta property=\"og:url\" content=\"https:\/\/vibeadventures.com\/pt\/turne\/aventura-na-montanha-em-antigua-atv\/\" \/>\n<meta property=\"og:site_name\" content=\"Vibe Adventures\" \/>\n<meta property=\"article:publisher\" content=\"https:\/\/www.facebook.com\/VibeAdventures\/\" \/>\n<meta property=\"article:modified_time\" content=\"2026-04-01T22:45:36+00:00\" \/>\n<meta property=\"og:image\" content=\"https:\/\/vibeadventures.com\/wp-content\/uploads\/2023\/07\/Mountain.avif\" \/>\n\t<meta property=\"og:image:width\" content=\"720\" \/>\n\t<meta property=\"og:image:height\" content=\"479\" \/>\n\t<meta property=\"og:image:type\" content=\"image\/jpeg\" \/>\n<meta name=\"twitter:card\" content=\"summary_large_image\" \/>\n<meta name=\"twitter:site\" content=\"@vibe_adventures\" \/>\n<meta name=\"twitter:label1\" content=\"Est. tempo de leitura\" \/>\n\t<meta name=\"twitter:data1\" content=\"1 minuto\" \/>\n<script type=\"application\/ld+json\" class=\"yoast-schema-graph\">{\"@context\":\"https:\/\/schema.org\",\"@graph\":[{\"@type\":\"WebPage\",\"@id\":\"https:\/\/vibeadventures.com\/tour\/antigua-atv-mountain-adventure\/\",\"url\":\"https:\/\/vibeadventures.com\/tour\/antigua-atv-mountain-adventure\/\",\"name\":\"Antigua ATV Mountain Adventure: Ride through Breathtaking Views (Small-Group \/ 6h)\",\"isPartOf\":{\"@id\":\"https:\/\/vibeadventures.com\/#website\"},\"primaryImageOfPage\":{\"@id\":\"https:\/\/vibeadventures.com\/tour\/antigua-atv-mountain-adventure\/#primaryimage\"},\"image\":{\"@id\":\"https:\/\/vibeadventures.com\/tour\/antigua-atv-mountain-adventure\/#primaryimage\"},\"thumbnailUrl\":\"https:\/\/vibeadventures.com\/wp-content\/uploads\/2023\/07\/Mountain.avif\",\"datePublished\":\"2023-07-18T15:07:12+00:00\",\"dateModified\":\"2026-04-01T22:45:36+00:00\",\"description\":\"Antigua ATV Mountain Adventure Tour: Explore Antigua, go mountain biking, visit an Eco-Park, and admire the volcanoes on this unforgettable adventure.\",\"breadcrumb\":{\"@id\":\"https:\/\/vibeadventures.com\/tour\/antigua-atv-mountain-adventure\/#breadcrumb\"},\"inLanguage\":\"pt-BR\",\"potentialAction\":[{\"@type\":\"ReadAction\",\"target\":[\"https:\/\/vibeadventures.com\/tour\/antigua-atv-mountain-adventure\/\"]}]},{\"@type\":\"ImageObject\",\"inLanguage\":\"pt-BR\",\"@id\":\"https:\/\/vibeadventures.com\/tour\/antigua-atv-mountain-adventure\/#primaryimage\",\"url\":\"https:\/\/vibeadventures.com\/wp-content\/uploads\/2023\/07\/Mountain.avif\",\"contentUrl\":\"https:\/\/vibeadventures.com\/wp-content\/uploads\/2023\/07\/Mountain.avif\",\"width\":720,\"height\":479,\"caption\":\"Mountain View\"},{\"@type\":\"BreadcrumbList\",\"@id\":\"https:\/\/vibeadventures.com\/tour\/antigua-atv-mountain-adventure\/#breadcrumb\",\"itemListElement\":[{\"@type\":\"ListItem\",\"position\":1,\"name\":\"Home\",\"item\":\"https:\/\/vibeadventures.com\/\"},{\"@type\":\"ListItem\",\"position\":2,\"name\":\"Latin America\",\"item\":\"https:\/\/vibeadventures.com\/latin-america-tours\/\"},{\"@type\":\"ListItem\",\"position\":3,\"name\":\"Guatemala\",\"item\":\"https:\/\/vibeadventures.com\/destination\/guatemala\/\"},{\"@type\":\"ListItem\",\"position\":4,\"name\":\"Antigua ATV Mountain Adventure: Ride through Breathtaking Views (Small-Group \/ 6h)\"}]},{\"@type\":\"WebSite\",\"@id\":\"https:\/\/vibeadventures.com\/#website\",\"url\":\"https:\/\/vibeadventures.com\/\",\"name\":\"Vibe Adventures\",\"description\":\"Authentic Local Adventures &amp; Tours\",\"publisher\":{\"@id\":\"https:\/\/vibeadventures.com\/#organization\"},\"potentialAction\":[{\"@type\":\"SearchAction\",\"target\":{\"@type\":\"EntryPoint\",\"urlTemplate\":\"https:\/\/vibeadventures.com\/?s={search_term_string}\"},\"query-input\":{\"@type\":\"PropertyValueSpecification\",\"valueRequired\":true,\"valueName\":\"search_term_string\"}}],\"inLanguage\":\"pt-BR\"},{\"@type\":\"Organization\",\"@id\":\"https:\/\/vibeadventures.com\/#organization\",\"name\":\"Vibe Adventures\",\"url\":\"https:\/\/vibeadventures.com\/\",\"logo\":{\"@type\":\"ImageObject\",\"inLanguage\":\"pt-BR\",\"@id\":\"https:\/\/vibeadventures.com\/#\/schema\/logo\/image\/\",\"url\":\"https:\/\/vibeadventures.com\/wp-content\/uploads\/2022\/01\/vibe-adventures-logo-green-TRANSPARENT-481-x-152-1-e1587500448458-2.avif\",\"contentUrl\":\"https:\/\/vibeadventures.com\/wp-content\/uploads\/2022\/01\/vibe-adventures-logo-green-TRANSPARENT-481-x-152-1-e1587500448458-2.avif\",\"width\":490,\"height\":100,\"caption\":\"Vibe Adventures\"},\"image\":{\"@id\":\"https:\/\/vibeadventures.com\/#\/schema\/logo\/image\/\"},\"sameAs\":[\"https:\/\/www.facebook.com\/VibeAdventures\/\",\"https:\/\/x.com\/vibe_adventures\",\"https:\/\/instagram.com\/vibe.adventures\",\"https:\/\/www.linkedin.com\/company\/vibe-adventures\/?viewAsMember=true\",\"https:\/\/www.pinterest.com\/Vibe_Adventures\/\",\"https:\/\/www.youtube.com\/channel\/UCQ9qyA-fVkdXarHBlzDCUBA?view_as=subscriber\",\"https:\/\/www.tiktok.com\/@vibeadventures\"]}]}<\/script>\n<!-- \/ Yoast SEO Premium plugin. -->","yoast_head_json":{"title":"Aventura de montanha em quadriciclo em Ant\u00edgua: Passeio por paisagens de tirar o f\u00f4lego (grupos pequenos \/ 6h)","description":"Tour de Aventura em Montanha ATV em Ant\u00edgua: Explore Ant\u00edgua, pratique mountain bike, visite um parque ecol\u00f3gico e admire os vulc\u00f5es nesta aventura inesquec\u00edvel.","robots":{"index":"index","follow":"follow","max-snippet":"max-snippet:-1","max-image-preview":"max-image-preview:large","max-video-preview":"max-video-preview:-1"},"canonical":"https:\/\/vibeadventures.com\/pt\/turne\/aventura-na-montanha-em-antigua-atv\/","og_locale":"pt_BR","og_type":"article","og_title":"Antigua ATV Mountain Adventure: Ride through Breathtaking Views (Small-Group \/ 6h)","og_url":"https:\/\/vibeadventures.com\/pt\/turne\/aventura-na-montanha-em-antigua-atv\/","og_site_name":"Vibe Adventures","article_publisher":"https:\/\/www.facebook.com\/VibeAdventures\/","article_modified_time":"2026-04-01T22:45:36+00:00","og_image":[{"width":720,"height":479,"url":"https:\/\/vibeadventures.com\/wp-content\/uploads\/2023\/07\/Mountain.avif","type":"image\/jpeg"}],"twitter_card":"summary_large_image","twitter_site":"@vibe_adventures","twitter_misc":{"Est. tempo de leitura":"1 minuto"},"schema":{"@context":"https:\/\/schema.org","@graph":[{"@type":"WebPage","@id":"https:\/\/vibeadventures.com\/tour\/antigua-atv-mountain-adventure\/","url":"https:\/\/vibeadventures.com\/tour\/antigua-atv-mountain-adventure\/","name":"Aventura de montanha em quadriciclo em Ant\u00edgua: Passeio por paisagens de tirar o f\u00f4lego (grupos pequenos \/ 6h)","isPartOf":{"@id":"https:\/\/vibeadventures.com\/#website"},"primaryImageOfPage":{"@id":"https:\/\/vibeadventures.com\/tour\/antigua-atv-mountain-adventure\/#primaryimage"},"image":{"@id":"https:\/\/vibeadventures.com\/tour\/antigua-atv-mountain-adventure\/#primaryimage"},"thumbnailUrl":"https:\/\/vibeadventures.com\/wp-content\/uploads\/2023\/07\/Mountain.avif","datePublished":"2023-07-18T15:07:12+00:00","dateModified":"2026-04-01T22:45:36+00:00","description":"Tour de Aventura em Montanha ATV em Ant\u00edgua: Explore Ant\u00edgua, pratique mountain bike, visite um parque ecol\u00f3gico e admire os vulc\u00f5es nesta aventura inesquec\u00edvel.","breadcrumb":{"@id":"https:\/\/vibeadventures.com\/tour\/antigua-atv-mountain-adventure\/#breadcrumb"},"inLanguage":"pt-BR","potentialAction":[{"@type":"ReadAction","target":["https:\/\/vibeadventures.com\/tour\/antigua-atv-mountain-adventure\/"]}]},{"@type":"ImageObject","inLanguage":"pt-BR","@id":"https:\/\/vibeadventures.com\/tour\/antigua-atv-mountain-adventure\/#primaryimage","url":"https:\/\/vibeadventures.com\/wp-content\/uploads\/2023\/07\/Mountain.avif","contentUrl":"https:\/\/vibeadventures.com\/wp-content\/uploads\/2023\/07\/Mountain.avif","width":720,"height":479,"caption":"Mountain View"},{"@type":"BreadcrumbList","@id":"https:\/\/vibeadventures.com\/tour\/antigua-atv-mountain-adventure\/#breadcrumb","itemListElement":[{"@type":"ListItem","position":1,"name":"Home","item":"https:\/\/vibeadventures.com\/"},{"@type":"ListItem","position":2,"name":"Latin America","item":"https:\/\/vibeadventures.com\/latin-america-tours\/"},{"@type":"ListItem","position":3,"name":"Guatemala","item":"https:\/\/vibeadventures.com\/destination\/guatemala\/"},{"@type":"ListItem","position":4,"name":"Antigua ATV Mountain Adventure: Ride through Breathtaking Views (Small-Group \/ 6h)"}]},{"@type":"WebSite","@id":"https:\/\/vibeadventures.com\/#website","url":"https:\/\/vibeadventures.com\/","name":"Vibe Adventures","description":"Aventuras e passeios locais aut\u00eanticos","publisher":{"@id":"https:\/\/vibeadventures.com\/#organization"},"potentialAction":[{"@type":"SearchAction","target":{"@type":"EntryPoint","urlTemplate":"https:\/\/vibeadventures.com\/?s={search_term_string}"},"query-input":{"@type":"PropertyValueSpecification","valueRequired":true,"valueName":"search_term_string"}}],"inLanguage":"pt-BR"},{"@type":"Organization","@id":"https:\/\/vibeadventures.com\/#organization","name":"Vibe Adventures","url":"https:\/\/vibeadventures.com\/","logo":{"@type":"ImageObject","inLanguage":"pt-BR","@id":"https:\/\/vibeadventures.com\/#\/schema\/logo\/image\/","url":"https:\/\/vibeadventures.com\/wp-content\/uploads\/2022\/01\/vibe-adventures-logo-green-TRANSPARENT-481-x-152-1-e1587500448458-2.avif","contentUrl":"https:\/\/vibeadventures.com\/wp-content\/uploads\/2022\/01\/vibe-adventures-logo-green-TRANSPARENT-481-x-152-1-e1587500448458-2.avif","width":490,"height":100,"caption":"Vibe Adventures"},"image":{"@id":"https:\/\/vibeadventures.com\/#\/schema\/logo\/image\/"},"sameAs":["https:\/\/www.facebook.com\/VibeAdventures\/","https:\/\/x.com\/vibe_adventures","https:\/\/instagram.com\/vibe.adventures","https:\/\/www.linkedin.com\/company\/vibe-adventures\/?viewAsMember=true","https:\/\/www.pinterest.com\/Vibe_Adventures\/","https:\/\/www.youtube.com\/channel\/UCQ9qyA-fVkdXarHBlzDCUBA?view_as=subscriber","https:\/\/www.tiktok.com\/@vibeadventures"]}]}},"_links":{"self":[{"href":"https:\/\/vibeadventures.com\/pt\/wp-json\/wp\/v2\/product\/22853","targetHints":{"allow":["GET"]}}],"collection":[{"href":"https:\/\/vibeadventures.com\/pt\/wp-json\/wp\/v2\/product"}],"about":[{"href":"https:\/\/vibeadventures.com\/pt\/wp-json\/wp\/v2\/types\/product"}],"replies":[{"embeddable":true,"href":"https:\/\/vibeadventures.com\/pt\/wp-json\/wp\/v2\/comments?post=22853"}],"acf:term":[{"embeddable":true,"taxonomy":"sustainable-goals","href":"https:\/\/vibeadventures.com\/pt\/wp-json\/wp\/v2\/sustainable-goals\/610"},{"embeddable":true,"taxonomy":"sustainable-goals","href":"https:\/\/vibeadventures.com\/pt\/wp-json\/wp\/v2\/sustainable-goals\/613"},{"embeddable":true,"taxonomy":"season","href":"https:\/\/vibeadventures.com\/pt\/wp-json\/wp\/v2\/season\/192"},{"embeddable":true,"taxonomy":"suitability","href":"https:\/\/vibeadventures.com\/pt\/wp-json\/wp\/v2\/suitability\/142"},{"embeddable":true,"taxonomy":"suitability","href":"https:\/\/vibeadventures.com\/pt\/wp-json\/wp\/v2\/suitability\/137"},{"embeddable":true,"taxonomy":"suitability","href":"https:\/\/vibeadventures.com\/pt\/wp-json\/wp\/v2\/suitability\/141"},{"embeddable":true,"taxonomy":"suitability","href":"https:\/\/vibeadventures.com\/pt\/wp-json\/wp\/v2\/suitability\/139"},{"embeddable":true,"taxonomy":"suitability","href":"https:\/\/vibeadventures.com\/pt\/wp-json\/wp\/v2\/suitability\/138"},{"embeddable":true,"taxonomy":"physical_ranking","href":"https:\/\/vibeadventures.com\/pt\/wp-json\/wp\/v2\/physical_ranking\/209"},{"embeddable":true,"taxonomy":"adventures_type","href":"https:\/\/vibeadventures.com\/pt\/wp-json\/wp\/v2\/adventures_type\/202"},{"embeddable":true,"taxonomy":"travel_vibe","href":"https:\/\/vibeadventures.com\/pt\/wp-json\/wp\/v2\/travel_vibe\/193"},{"embeddable":true,"taxonomy":"travel_vibe","href":"https:\/\/vibeadventures.com\/pt\/wp-json\/wp\/v2\/travel_vibe\/150"},{"embeddable":true,"taxonomy":"product_tag","href":"https:\/\/vibeadventures.com\/pt\/wp-json\/wp\/v2\/product_tag\/94"},{"embeddable":true,"taxonomy":"product_tag","href":"https:\/\/vibeadventures.com\/pt\/wp-json\/wp\/v2\/product_tag\/60"},{"embeddable":true,"taxonomy":"destination","href":"https:\/\/vibeadventures.com\/pt\/wp-json\/wp\/v2\/destination\/177"}],"acf:attachment":[{"embeddable":true,"href":"https:\/\/vibeadventures.com\/pt\/wp-json\/wp\/v2\/media\/22858"},{"embeddable":true,"href":"https:\/\/vibeadventures.com\/pt\/wp-json\/wp\/v2\/media\/22857"},{"embeddable":true,"href":"https:\/\/vibeadventures.com\/pt\/wp-json\/wp\/v2\/media\/22855"},{"embeddable":true,"href":"https:\/\/vibeadventures.com\/pt\/wp-json\/wp\/v2\/media\/22864"},{"embeddable":true,"href":"https:\/\/vibeadventures.com\/pt\/wp-json\/wp\/v2\/media\/22862"},{"embeddable":true,"href":"https:\/\/vibeadventures.com\/pt\/wp-json\/wp\/v2\/media\/22861"},{"embeddable":true,"href":"https:\/\/vibeadventures.com\/pt\/wp-json\/wp\/v2\/media\/22860"},{"embeddable":true,"href":"https:\/\/vibeadventures.com\/pt\/wp-json\/wp\/v2\/media\/22859"},{"embeddable":true,"href":"https:\/\/vibeadventures.com\/pt\/wp-json\/wp\/v2\/media\/22856"},{"embeddable":true,"href":"https:\/\/vibeadventures.com\/pt\/wp-json\/wp\/v2\/media\/22863"}],"wp:featuredmedia":[{"embeddable":true,"href":"https:\/\/vibeadventures.com\/pt\/wp-json\/wp\/v2\/media\/22863"}],"wp:attachment":[{"href":"https:\/\/vibeadventures.com\/pt\/wp-json\/wp\/v2\/media?parent=22853"}],"wp:term":[{"taxonomy":"adventures_type","embeddable":true,"href":"https:\/\/vibeadventures.com\/pt\/wp-json\/wp\/v2\/adventures_type?post=22853"},{"taxonomy":"destination","embeddable":true,"href":"https:\/\/vibeadventures.com\/pt\/wp-json\/wp\/v2\/destination?post=22853"},{"taxonomy":"operator","embeddable":true,"href":"https:\/\/vibeadventures.com\/pt\/wp-json\/wp\/v2\/operator?post=22853"},{"taxonomy":"physical_ranking","embeddable":true,"href":"https:\/\/vibeadventures.com\/pt\/wp-json\/wp\/v2\/physical_ranking?post=22853"},{"taxonomy":"season","embeddable":true,"href":"https:\/\/vibeadventures.com\/pt\/wp-json\/wp\/v2\/season?post=22853"},{"taxonomy":"suitability","embeddable":true,"href":"https:\/\/vibeadventures.com\/pt\/wp-json\/wp\/v2\/suitability?post=22853"},{"taxonomy":"sustainable-goals","embeddable":true,"href":"https:\/\/vibeadventures.com\/pt\/wp-json\/wp\/v2\/sustainable-goals?post=22853"},{"taxonomy":"travel_vibe","embeddable":true,"href":"https:\/\/vibeadventures.com\/pt\/wp-json\/wp\/v2\/travel_vibe?post=22853"},{"taxonomy":"product_cat","embeddable":true,"href":"https:\/\/vibeadventures.com\/pt\/wp-json\/wp\/v2\/product_cat?post=22853"},{"taxonomy":"product_tag","embeddable":true,"href":"https:\/\/vibeadventures.com\/pt\/wp-json\/wp\/v2\/product_tag?post=22853"}],"curies":[{"name":"wp","href":"https:\/\/api.w.org\/{rel}","templated":true}]}}