{"id":14610,"date":"2022-08-16T20:56:06","date_gmt":"2022-08-16T20:56:06","guid":{"rendered":"https:\/\/agency.vibeadventures.com\/?post_type=product&#038;p=14610"},"modified":"2025-10-07T12:54:33","modified_gmt":"2025-10-07T18:54:33","slug":"chimalistac-virtual-cidade-do-mexico","status":"publish","type":"product","link":"https:\/\/vibeadventures.com\/pt\/turne\/chimalistac-virtual-cidade-do-mexico\/","title":{"rendered":"Chimalistac Cidade do M\u00e9xico: Explora\u00e7\u00e3o virtual de um bairro ador\u00e1vel (1 h)"},"content":{"rendered":"","protected":false},"excerpt":{"rendered":"","protected":false},"featured_media":14615,"comment_status":"closed","ping_status":"closed","template":"","meta":{"_acf_changed":false},"adventures_type":[201],"destination":[318],"operator":[658],"physical_ranking":[],"season":[192],"suitability":[138,136,139,140,141,137,142],"sustainable-goals":[613,615,606,610],"travel_vibe":[149],"product_cat":[156],"product_tag":[86,94,97],"class_list":{"0":"post-14610","1":"product","2":"type-product","3":"status-publish","4":"has-post-thumbnail","6":"adventures_type-private","7":"destination-mexico-city","8":"operator-vibe-adventures-originals","9":"season-all-year","10":"suitability-couples","11":"suitability-kid-friendly","12":"suitability-lgbt","13":"suitability-senior","14":"suitability-solo","15":"suitability-women-only","16":"suitability-youth","17":"sustainable-goals-goal-11-sustainable-cities-and-communities","18":"sustainable-goals-goal-13-climate-action","19":"sustainable-goals-goal-4-quality-education","20":"sustainable-goals-goal-8-decent-work-and-economic-growth","21":"travel_vibe-history-and-heritage-tours","22":"product_cat-virtual-tours","23":"product_tag-local-communities","24":"product_tag-photo-tours","25":"product_tag-religious-sites","26":"entry","28":"first","29":"instock","30":"shipping-taxable","31":"purchasable","32":"product-type-simple"},"acf":{"type_of_tour":"Virtual","duration_days":"","duration_hours":1,"mood":"Private","logisticsc":"","toogle_time":"","logisticsa":false,"logisticsa_toggle":false,"pick_up_location":null,"pick_up_location_toggle":null,"private_pickup":"Pickup included: your accommodation or another convenient place of your choice.","private_pickup_toggle":"Pickup included: your accommodation or another convenient place of your choice.","both_pickup":"","both_pickup_copy":"Exact time and location to be specified in the trip notes that are sent 1-2 weeks before the tour.","customization_group":"","customization_private":"","confirmation_select_private":"Automatic","confirmation_text_private":"Automatic confirmation (your departure is automatically confirmed and 100% guaranteed).","confirmation_select_group":"Manual","confirmation_text_group":"Manual confirmation (if a minimum number of participants is not met, we may cancel and fully refund your booking).","transfers":"","customize":"no","customizable_details":"We can do the following customizations on your request (subject to availability and needs to be confirmed before the tour):\r\n- Adjust the starting time of the tour.\r\n- Adjust the time you spend at each destination of the tour.\r\n- Add extra places of your choice (e.g. attractions, restaurants, etc.) to the itinerary on a complimentary basis if those visits (1) fit the default duration of the tour, (2) don\u2019t involve a significant change of the route and extra fees (e.g. entrance tickets, tolls, parking, etc.). \r\nChanges other than those will involve an extra fee and must be communicated to the tour organizer at least 72h before the tour (e.g. in the \u201cSpecial Requirements\u201d field during the booking or via email).","what_take":null,"extra_notes":"<ol>\r\n \t<li>Book your date and time;<\/li>\r\n \t<li>Receive a Zoom link from us;<\/li>\r\n \t<li>Connect at the agreed time and enjoy the tour.<\/li>\r\n<\/ol>\r\nEquipment needed:\u00a0<a href=\"https:\/\/zoom.us\/download\" target=\"_blank\" rel=\"external noopener noreferrer\" data-wpel-link=\"external\">Zoom app<\/a>\u00a0(free version is enough); PC, tablet, or smartphone with a mic and speaker (most devices have this built-in); high-speed internet connection (&gt;3 Mbps).\r\n<ul>\r\n \t<li>Interactive: each experience is a real-time conversation with a local host.<\/li>\r\n \t<li>Authentic: learn about and discover unique places via live-streaming.<\/li>\r\n \t<li>Convenient: travel without leaving home over a high-speed internet connection.<\/li>\r\n \t<li>Personalized: share your interests with us to customize the experience.<\/li>\r\n<\/ul>\r\nFor FAQs and more info about virtual tours click\u00a0<strong><a href=\"https:\/\/vibeadventures.com\/tour-category\/virtual-tours\/\">here<\/a><\/strong>.","cancellations":"<span style=\"font-weight: 400;\">Cancellations are free up to <\/span><b>24 hours<\/b><span style=\"font-weight: 400;\"> before the tour. See full text of the cancellation policy <\/span><a href=\"https:\/\/vibeadventures.com\/terms-and-conditions\/\"><span style=\"font-weight: 400;\">here<\/span><\/a><span style=\"font-weight: 400;\">.<\/span>","discount-tour":null,"tour_operator":"Vibe Adventures originals","maxage":97,"minage":1,"group_size":10,"location":318,"language":["English","Spanish"],"tags":[94,97,86],"theme":[149],"adventure_type":[201],"accessibility":"\ud83d\uded1 Not wheelchair accessible.","pets":"\ud83d\uded1 Not permitted.","difficulty":null,"suitability":[138,136,139,140,141,137,142],"seasonall":[192],"included":{"guides":"yes","guidese":"","accommodation":"no","accommodatione":"","accommodations":[],"transportation":"yes","transportatione":"","flights":"no","flightse":"","insurance":"no","insurancee":"","tips":"no","tipse":"","meals":"yes","mealse":"","expenses":"no","expensese":"","activities":"yes","activitiese":""},"overview":"Explore Chimalistac Mexico City, a beautiful neighborhood in the southern city. Founded during colonial times, this area has a rich history dating back to the Aztec era. With its lush orchards that once inspired artists and filmmakers, Chimalistac is steeped in beauty and cultural heritage. Join us to find its secrets!","itinerary":"Discover Chimalistac Mexico City, a very well-preserved neighborhood, hidden in one of the most beautiful areas in the southern city. Founded during the Colonial times by the Carmelite order, the Chimalistac neighborhood has been occupied since the Aztec period due to its benign location and wonderful climate. In the past, this quarter was well-known for its amazing fruitful, and leafy orchards from the 17th and 18th centuries that inspired prominent painters and even film directors, who captured its beauty in their artworks. Apart from being the scene of important events in the history of the city, Chimalistac Mexico City is nowadays a neighborhood whose residents are very proud of due to its heritage and culture.","repeater":null,"destinations":[{"destination":"Mexico City","location":{"address":"Chimalistac, Mexico City, CDMX, Mexico","lat":19.3445588,"lng":-99.1864442,"zoom":14,"place_id":"ChIJCWFTBfn_0YUR04q-qt-POno","name":"Chimalistac","city":"Ciudad de M\u00e9xico","city_short":"M\u00e9xico D.F.","state":"Ciudad de M\u00e9xico","state_short":"CDMX","country":"Mexico","country_short":"MX"}}],"highlights":[{"highlight":"Have a look at a non-touristic neighborhood in southern Mexico City and enjoy its atmospehere. "},{"highlight":"See original  picturesque constructions built between the 16th and 18th that still stand. "},{"highlight":"Learn why this neighborhood has been meaningful to the locals in the last century. "},{"highlight":"Hear the stories about important local characters that lived in the area. "}],"galleryes":"no","gallery":[14614,14611,14615,14612,14613,14616,14617],"video":"","pdf":"","tourradar":null,"sustainability_tax":[613,615,606,610],"goals_description":"Embark on a virtual journey to the <i>Chimalistac Neighborhood <\/i>in Mexico City and witness the positive impact it brings. This immersive tour aligns with the UN's Sustainable Development Goal 8: Decent Work and Economic Growth, as it supports local guides and artisans, stimulating the economy and creating employment opportunities. Additionally, it promotes cultural exchange and understanding, aligning with Goal 4: Quality Education and Goal 11: Sustainable Cities and Communities. By opting for a virtual experience, you also contribute to Goal 13: Climate Action, reducing carbon emissions and supporting environmental sustainability.","authenticity":"We do our best to make our trips educative and fulfilling, in which travelers can interact with local populations, learn about their traditions, and culture, and connect with their core values.","impact":"This tour is organized by or involves significant participation of local communities and service providers thus creating employment, increasing consumption, and benefitting the socio-economic development of the region.","why":"<ul>\r\n \t<li>Interactive: each experience is a real-time conversation with a local guide.<\/li>\r\n \t<li>Authentic: learn about and discover unique places via live-streaming.<\/li>\r\n \t<li>Convenient: travel without leaving home over a high-speed internet connection.<\/li>\r\n \t<li>Personalized: share your interests with us to customize the experience.<\/li>\r\n<\/ul>","calendar":"Rezdy","calendar_group":false,"rezdy":"https:\/\/vibeadventures.rezdy.com\/calendarWidget\/505699","toggle_calendar":"","bokun":"","bokun_toggle":"","display_price":65,"toggle_price":"","display_price_m":"","map_price":"","price_multi_private":null,"price_multi_group":null,"dates_multi_private":null,"departures_multi_private":null,"dates_multi_group":null,"departures_multi_group":null,"pricing_one_private":null,"prices_group_private":null,"repeat_season":null,"departures_one_private":null,"repeat_season_group":null,"departures_one_group":null},"yoast_head":"<!-- This site is optimized with the Yoast SEO Premium plugin v24.7 (Yoast SEO v24.7) - https:\/\/yoast.com\/wordpress\/plugins\/seo\/ -->\n<title>Chimalistac Mexico City: Virtual Exploration of a Lovely Neighborhood (1 h)<\/title>\n<meta name=\"description\" content=\"Chimalistac Mexico City: Uncover the enchanting secrets of this historic neighborhood, from Aztec roots to inspiring orchards, on a virtual tour.\" \/>\n<meta name=\"robots\" content=\"index, follow, max-snippet:-1, max-image-preview:large, max-video-preview:-1\" \/>\n<link rel=\"canonical\" href=\"https:\/\/vibeadventures.com\/pt\/turne\/chimalistac-virtual-cidade-do-mexico\/\" \/>\n<meta property=\"og:locale\" content=\"pt_BR\" \/>\n<meta property=\"og:type\" content=\"article\" \/>\n<meta property=\"og:title\" content=\"Chimalistac Mexico City: Virtual Exploration of a Lovely Neighborhood (1 h)\" \/>\n<meta property=\"og:url\" content=\"https:\/\/vibeadventures.com\/pt\/turne\/chimalistac-virtual-cidade-do-mexico\/\" \/>\n<meta property=\"og:site_name\" content=\"Vibe Adventures\" \/>\n<meta property=\"article:publisher\" content=\"https:\/\/www.facebook.com\/VibeAdventures\/\" \/>\n<meta property=\"article:modified_time\" content=\"2025-10-07T18:54:33+00:00\" \/>\n<meta property=\"og:image\" content=\"https:\/\/vibeadventures.com\/wp-content\/uploads\/2022\/08\/Chimalistac-12-1-1.avif\" \/>\n\t<meta property=\"og:image:width\" content=\"1039\" \/>\n\t<meta property=\"og:image:height\" content=\"585\" \/>\n\t<meta property=\"og:image:type\" content=\"image\/jpeg\" \/>\n<meta name=\"twitter:card\" content=\"summary_large_image\" \/>\n<meta name=\"twitter:site\" content=\"@vibe_adventures\" \/>\n<meta name=\"twitter:label1\" content=\"Est. tempo de leitura\" \/>\n\t<meta name=\"twitter:data1\" content=\"1 minuto\" \/>\n<script type=\"application\/ld+json\" class=\"yoast-schema-graph\">{\"@context\":\"https:\/\/schema.org\",\"@graph\":[{\"@type\":\"WebPage\",\"@id\":\"https:\/\/vibeadventures.com\/tour\/virtual-chimalistac-mexico-city\/\",\"url\":\"https:\/\/vibeadventures.com\/tour\/virtual-chimalistac-mexico-city\/\",\"name\":\"Chimalistac Mexico City: Virtual Exploration of a Lovely Neighborhood (1 h)\",\"isPartOf\":{\"@id\":\"https:\/\/vibeadventures.com\/#website\"},\"primaryImageOfPage\":{\"@id\":\"https:\/\/vibeadventures.com\/tour\/virtual-chimalistac-mexico-city\/#primaryimage\"},\"image\":{\"@id\":\"https:\/\/vibeadventures.com\/tour\/virtual-chimalistac-mexico-city\/#primaryimage\"},\"thumbnailUrl\":\"https:\/\/vibeadventures.com\/wp-content\/uploads\/2022\/08\/Chimalistac-12-1-1.avif\",\"datePublished\":\"2022-08-16T20:56:06+00:00\",\"dateModified\":\"2025-10-07T18:54:33+00:00\",\"description\":\"Chimalistac Mexico City: Uncover the enchanting secrets of this historic neighborhood, from Aztec roots to inspiring orchards, on a virtual tour.\",\"breadcrumb\":{\"@id\":\"https:\/\/vibeadventures.com\/tour\/virtual-chimalistac-mexico-city\/#breadcrumb\"},\"inLanguage\":\"pt-BR\",\"potentialAction\":[{\"@type\":\"ReadAction\",\"target\":[\"https:\/\/vibeadventures.com\/tour\/virtual-chimalistac-mexico-city\/\"]}]},{\"@type\":\"ImageObject\",\"inLanguage\":\"pt-BR\",\"@id\":\"https:\/\/vibeadventures.com\/tour\/virtual-chimalistac-mexico-city\/#primaryimage\",\"url\":\"https:\/\/vibeadventures.com\/wp-content\/uploads\/2022\/08\/Chimalistac-12-1-1.avif\",\"contentUrl\":\"https:\/\/vibeadventures.com\/wp-content\/uploads\/2022\/08\/Chimalistac-12-1-1.avif\",\"width\":1039,\"height\":585,\"caption\":\"Artistic Spots\"},{\"@type\":\"BreadcrumbList\",\"@id\":\"https:\/\/vibeadventures.com\/tour\/virtual-chimalistac-mexico-city\/#breadcrumb\",\"itemListElement\":[{\"@type\":\"ListItem\",\"position\":1,\"name\":\"Home\",\"item\":\"https:\/\/vibeadventures.com\/\"},{\"@type\":\"ListItem\",\"position\":2,\"name\":\"Latin America\",\"item\":\"https:\/\/vibeadventures.com\/latin-america-tours\/\"},{\"@type\":\"ListItem\",\"position\":3,\"name\":\"Mexico\",\"item\":\"https:\/\/vibeadventures.com\/destination\/mexico\/\"},{\"@type\":\"ListItem\",\"position\":4,\"name\":\"Mexico City &amp; around\",\"item\":\"https:\/\/vibeadventures.com\/destination\/mexico\/mexico-city\/\"},{\"@type\":\"ListItem\",\"position\":5,\"name\":\"Chimalistac Mexico City: Virtual Exploration of a Lovely Neighborhood (1 h)\"}]},{\"@type\":\"WebSite\",\"@id\":\"https:\/\/vibeadventures.com\/#website\",\"url\":\"https:\/\/vibeadventures.com\/\",\"name\":\"Vibe Adventures\",\"description\":\"Authentic Local Adventures &amp; Tours\",\"publisher\":{\"@id\":\"https:\/\/vibeadventures.com\/#organization\"},\"potentialAction\":[{\"@type\":\"SearchAction\",\"target\":{\"@type\":\"EntryPoint\",\"urlTemplate\":\"https:\/\/vibeadventures.com\/?s={search_term_string}\"},\"query-input\":{\"@type\":\"PropertyValueSpecification\",\"valueRequired\":true,\"valueName\":\"search_term_string\"}}],\"inLanguage\":\"pt-BR\"},{\"@type\":\"Organization\",\"@id\":\"https:\/\/vibeadventures.com\/#organization\",\"name\":\"Vibe Adventures\",\"url\":\"https:\/\/vibeadventures.com\/\",\"logo\":{\"@type\":\"ImageObject\",\"inLanguage\":\"pt-BR\",\"@id\":\"https:\/\/vibeadventures.com\/#\/schema\/logo\/image\/\",\"url\":\"https:\/\/vibeadventures.com\/wp-content\/uploads\/2022\/01\/vibe-adventures-logo-green-TRANSPARENT-481-x-152-1-e1587500448458-2.avif\",\"contentUrl\":\"https:\/\/vibeadventures.com\/wp-content\/uploads\/2022\/01\/vibe-adventures-logo-green-TRANSPARENT-481-x-152-1-e1587500448458-2.avif\",\"width\":490,\"height\":100,\"caption\":\"Vibe Adventures\"},\"image\":{\"@id\":\"https:\/\/vibeadventures.com\/#\/schema\/logo\/image\/\"},\"sameAs\":[\"https:\/\/www.facebook.com\/VibeAdventures\/\",\"https:\/\/x.com\/vibe_adventures\",\"https:\/\/instagram.com\/vibe.adventures\",\"https:\/\/www.linkedin.com\/company\/vibe-adventures\/?viewAsMember=true\",\"https:\/\/www.pinterest.com\/Vibe_Adventures\/\",\"https:\/\/www.youtube.com\/channel\/UCQ9qyA-fVkdXarHBlzDCUBA?view_as=subscriber\",\"https:\/\/www.tiktok.com\/@vibeadventures\"]}]}<\/script>\n<!-- \/ Yoast SEO Premium plugin. -->","yoast_head_json":{"title":"Chimalistac Cidade do M\u00e9xico: Explora\u00e7\u00e3o virtual de um bairro ador\u00e1vel (1 h)","description":"Chimalistac Cidade do M\u00e9xico: Descubra os segredos encantadores desse bairro hist\u00f3rico, das ra\u00edzes astecas aos pomares inspiradores, em um tour virtual.","robots":{"index":"index","follow":"follow","max-snippet":"max-snippet:-1","max-image-preview":"max-image-preview:large","max-video-preview":"max-video-preview:-1"},"canonical":"https:\/\/vibeadventures.com\/pt\/turne\/chimalistac-virtual-cidade-do-mexico\/","og_locale":"pt_BR","og_type":"article","og_title":"Chimalistac Mexico City: Virtual Exploration of a Lovely Neighborhood (1 h)","og_url":"https:\/\/vibeadventures.com\/pt\/turne\/chimalistac-virtual-cidade-do-mexico\/","og_site_name":"Vibe Adventures","article_publisher":"https:\/\/www.facebook.com\/VibeAdventures\/","article_modified_time":"2025-10-07T18:54:33+00:00","og_image":[{"width":1039,"height":585,"url":"https:\/\/vibeadventures.com\/wp-content\/uploads\/2022\/08\/Chimalistac-12-1-1.avif","type":"image\/jpeg"}],"twitter_card":"summary_large_image","twitter_site":"@vibe_adventures","twitter_misc":{"Est. tempo de leitura":"1 minuto"},"schema":{"@context":"https:\/\/schema.org","@graph":[{"@type":"WebPage","@id":"https:\/\/vibeadventures.com\/tour\/virtual-chimalistac-mexico-city\/","url":"https:\/\/vibeadventures.com\/tour\/virtual-chimalistac-mexico-city\/","name":"Chimalistac Cidade do M\u00e9xico: Explora\u00e7\u00e3o virtual de um bairro ador\u00e1vel (1 h)","isPartOf":{"@id":"https:\/\/vibeadventures.com\/#website"},"primaryImageOfPage":{"@id":"https:\/\/vibeadventures.com\/tour\/virtual-chimalistac-mexico-city\/#primaryimage"},"image":{"@id":"https:\/\/vibeadventures.com\/tour\/virtual-chimalistac-mexico-city\/#primaryimage"},"thumbnailUrl":"https:\/\/vibeadventures.com\/wp-content\/uploads\/2022\/08\/Chimalistac-12-1-1.avif","datePublished":"2022-08-16T20:56:06+00:00","dateModified":"2025-10-07T18:54:33+00:00","description":"Chimalistac Cidade do M\u00e9xico: Descubra os segredos encantadores desse bairro hist\u00f3rico, das ra\u00edzes astecas aos pomares inspiradores, em um tour virtual.","breadcrumb":{"@id":"https:\/\/vibeadventures.com\/tour\/virtual-chimalistac-mexico-city\/#breadcrumb"},"inLanguage":"pt-BR","potentialAction":[{"@type":"ReadAction","target":["https:\/\/vibeadventures.com\/tour\/virtual-chimalistac-mexico-city\/"]}]},{"@type":"ImageObject","inLanguage":"pt-BR","@id":"https:\/\/vibeadventures.com\/tour\/virtual-chimalistac-mexico-city\/#primaryimage","url":"https:\/\/vibeadventures.com\/wp-content\/uploads\/2022\/08\/Chimalistac-12-1-1.avif","contentUrl":"https:\/\/vibeadventures.com\/wp-content\/uploads\/2022\/08\/Chimalistac-12-1-1.avif","width":1039,"height":585,"caption":"Artistic Spots"},{"@type":"BreadcrumbList","@id":"https:\/\/vibeadventures.com\/tour\/virtual-chimalistac-mexico-city\/#breadcrumb","itemListElement":[{"@type":"ListItem","position":1,"name":"Home","item":"https:\/\/vibeadventures.com\/"},{"@type":"ListItem","position":2,"name":"Latin America","item":"https:\/\/vibeadventures.com\/latin-america-tours\/"},{"@type":"ListItem","position":3,"name":"Mexico","item":"https:\/\/vibeadventures.com\/destination\/mexico\/"},{"@type":"ListItem","position":4,"name":"Mexico City &amp; around","item":"https:\/\/vibeadventures.com\/destination\/mexico\/mexico-city\/"},{"@type":"ListItem","position":5,"name":"Chimalistac Mexico City: Virtual Exploration of a Lovely Neighborhood (1 h)"}]},{"@type":"WebSite","@id":"https:\/\/vibeadventures.com\/#website","url":"https:\/\/vibeadventures.com\/","name":"Vibe Adventures","description":"Aventuras e passeios locais aut\u00eanticos","publisher":{"@id":"https:\/\/vibeadventures.com\/#organization"},"potentialAction":[{"@type":"SearchAction","target":{"@type":"EntryPoint","urlTemplate":"https:\/\/vibeadventures.com\/?s={search_term_string}"},"query-input":{"@type":"PropertyValueSpecification","valueRequired":true,"valueName":"search_term_string"}}],"inLanguage":"pt-BR"},{"@type":"Organization","@id":"https:\/\/vibeadventures.com\/#organization","name":"Vibe Adventures","url":"https:\/\/vibeadventures.com\/","logo":{"@type":"ImageObject","inLanguage":"pt-BR","@id":"https:\/\/vibeadventures.com\/#\/schema\/logo\/image\/","url":"https:\/\/vibeadventures.com\/wp-content\/uploads\/2022\/01\/vibe-adventures-logo-green-TRANSPARENT-481-x-152-1-e1587500448458-2.avif","contentUrl":"https:\/\/vibeadventures.com\/wp-content\/uploads\/2022\/01\/vibe-adventures-logo-green-TRANSPARENT-481-x-152-1-e1587500448458-2.avif","width":490,"height":100,"caption":"Vibe Adventures"},"image":{"@id":"https:\/\/vibeadventures.com\/#\/schema\/logo\/image\/"},"sameAs":["https:\/\/www.facebook.com\/VibeAdventures\/","https:\/\/x.com\/vibe_adventures","https:\/\/instagram.com\/vibe.adventures","https:\/\/www.linkedin.com\/company\/vibe-adventures\/?viewAsMember=true","https:\/\/www.pinterest.com\/Vibe_Adventures\/","https:\/\/www.youtube.com\/channel\/UCQ9qyA-fVkdXarHBlzDCUBA?view_as=subscriber","https:\/\/www.tiktok.com\/@vibeadventures"]}]}},"_links":{"self":[{"href":"https:\/\/vibeadventures.com\/pt\/wp-json\/wp\/v2\/product\/14610","targetHints":{"allow":["GET"]}}],"collection":[{"href":"https:\/\/vibeadventures.com\/pt\/wp-json\/wp\/v2\/product"}],"about":[{"href":"https:\/\/vibeadventures.com\/pt\/wp-json\/wp\/v2\/types\/product"}],"replies":[{"embeddable":true,"href":"https:\/\/vibeadventures.com\/pt\/wp-json\/wp\/v2\/comments?post=14610"}],"acf:term":[{"embeddable":true,"taxonomy":"sustainable-goals","href":"https:\/\/vibeadventures.com\/pt\/wp-json\/wp\/v2\/sustainable-goals\/610"},{"embeddable":true,"taxonomy":"sustainable-goals","href":"https:\/\/vibeadventures.com\/pt\/wp-json\/wp\/v2\/sustainable-goals\/606"},{"embeddable":true,"taxonomy":"sustainable-goals","href":"https:\/\/vibeadventures.com\/pt\/wp-json\/wp\/v2\/sustainable-goals\/615"},{"embeddable":true,"taxonomy":"sustainable-goals","href":"https:\/\/vibeadventures.com\/pt\/wp-json\/wp\/v2\/sustainable-goals\/613"},{"embeddable":true,"taxonomy":"season","href":"https:\/\/vibeadventures.com\/pt\/wp-json\/wp\/v2\/season\/192"},{"embeddable":true,"taxonomy":"suitability","href":"https:\/\/vibeadventures.com\/pt\/wp-json\/wp\/v2\/suitability\/142"},{"embeddable":true,"taxonomy":"suitability","href":"https:\/\/vibeadventures.com\/pt\/wp-json\/wp\/v2\/suitability\/137"},{"embeddable":true,"taxonomy":"suitability","href":"https:\/\/vibeadventures.com\/pt\/wp-json\/wp\/v2\/suitability\/141"},{"embeddable":true,"taxonomy":"suitability","href":"https:\/\/vibeadventures.com\/pt\/wp-json\/wp\/v2\/suitability\/140"},{"embeddable":true,"taxonomy":"suitability","href":"https:\/\/vibeadventures.com\/pt\/wp-json\/wp\/v2\/suitability\/139"},{"embeddable":true,"taxonomy":"suitability","href":"https:\/\/vibeadventures.com\/pt\/wp-json\/wp\/v2\/suitability\/136"},{"embeddable":true,"taxonomy":"suitability","href":"https:\/\/vibeadventures.com\/pt\/wp-json\/wp\/v2\/suitability\/138"},{"embeddable":true,"taxonomy":"adventures_type","href":"https:\/\/vibeadventures.com\/pt\/wp-json\/wp\/v2\/adventures_type\/201"},{"embeddable":true,"taxonomy":"travel_vibe","href":"https:\/\/vibeadventures.com\/pt\/wp-json\/wp\/v2\/travel_vibe\/149"},{"embeddable":true,"taxonomy":"product_tag","href":"https:\/\/vibeadventures.com\/pt\/wp-json\/wp\/v2\/product_tag\/86"},{"embeddable":true,"taxonomy":"product_tag","href":"https:\/\/vibeadventures.com\/pt\/wp-json\/wp\/v2\/product_tag\/97"},{"embeddable":true,"taxonomy":"product_tag","href":"https:\/\/vibeadventures.com\/pt\/wp-json\/wp\/v2\/product_tag\/94"},{"embeddable":true,"taxonomy":"destination","href":"https:\/\/vibeadventures.com\/pt\/wp-json\/wp\/v2\/destination\/318"}],"acf:attachment":[{"embeddable":true,"href":"https:\/\/vibeadventures.com\/pt\/wp-json\/wp\/v2\/media\/14617"},{"embeddable":true,"href":"https:\/\/vibeadventures.com\/pt\/wp-json\/wp\/v2\/media\/14616"},{"embeddable":true,"href":"https:\/\/vibeadventures.com\/pt\/wp-json\/wp\/v2\/media\/14613"},{"embeddable":true,"href":"https:\/\/vibeadventures.com\/pt\/wp-json\/wp\/v2\/media\/14612"},{"embeddable":true,"href":"https:\/\/vibeadventures.com\/pt\/wp-json\/wp\/v2\/media\/14615"},{"embeddable":true,"href":"https:\/\/vibeadventures.com\/pt\/wp-json\/wp\/v2\/media\/14611"},{"embeddable":true,"href":"https:\/\/vibeadventures.com\/pt\/wp-json\/wp\/v2\/media\/14614"}],"wp:featuredmedia":[{"embeddable":true,"href":"https:\/\/vibeadventures.com\/pt\/wp-json\/wp\/v2\/media\/14615"}],"wp:attachment":[{"href":"https:\/\/vibeadventures.com\/pt\/wp-json\/wp\/v2\/media?parent=14610"}],"wp:term":[{"taxonomy":"adventures_type","embeddable":true,"href":"https:\/\/vibeadventures.com\/pt\/wp-json\/wp\/v2\/adventures_type?post=14610"},{"taxonomy":"destination","embeddable":true,"href":"https:\/\/vibeadventures.com\/pt\/wp-json\/wp\/v2\/destination?post=14610"},{"taxonomy":"operator","embeddable":true,"href":"https:\/\/vibeadventures.com\/pt\/wp-json\/wp\/v2\/operator?post=14610"},{"taxonomy":"physical_ranking","embeddable":true,"href":"https:\/\/vibeadventures.com\/pt\/wp-json\/wp\/v2\/physical_ranking?post=14610"},{"taxonomy":"season","embeddable":true,"href":"https:\/\/vibeadventures.com\/pt\/wp-json\/wp\/v2\/season?post=14610"},{"taxonomy":"suitability","embeddable":true,"href":"https:\/\/vibeadventures.com\/pt\/wp-json\/wp\/v2\/suitability?post=14610"},{"taxonomy":"sustainable-goals","embeddable":true,"href":"https:\/\/vibeadventures.com\/pt\/wp-json\/wp\/v2\/sustainable-goals?post=14610"},{"taxonomy":"travel_vibe","embeddable":true,"href":"https:\/\/vibeadventures.com\/pt\/wp-json\/wp\/v2\/travel_vibe?post=14610"},{"taxonomy":"product_cat","embeddable":true,"href":"https:\/\/vibeadventures.com\/pt\/wp-json\/wp\/v2\/product_cat?post=14610"},{"taxonomy":"product_tag","embeddable":true,"href":"https:\/\/vibeadventures.com\/pt\/wp-json\/wp\/v2\/product_tag?post=14610"}],"curies":[{"name":"wp","href":"https:\/\/api.w.org\/{rel}","templated":true}]}}