{"id":14399,"date":"2022-08-15T17:32:22","date_gmt":"2022-08-15T17:32:22","guid":{"rendered":"https:\/\/agency.vibeadventures.com\/?post_type=product&#038;p=14399"},"modified":"2025-10-07T12:56:49","modified_gmt":"2025-10-07T18:56:49","slug":"universidade-virtual-da-unam-na-cidade-do-mexico","status":"publish","type":"product","link":"https:\/\/vibeadventures.com\/pt\/turne\/universidade-virtual-da-unam-na-cidade-do-mexico\/","title":{"rendered":"Universidade UNAM da Cidade do M\u00e9xico: Passeio virtual em seu campus da UNESCO (1 h)"},"content":{"rendered":"","protected":false},"excerpt":{"rendered":"","protected":false},"featured_media":14454,"comment_status":"closed","ping_status":"closed","template":"","meta":{"_acf_changed":false},"adventures_type":[201],"destination":[175],"operator":[658],"physical_ranking":[],"season":[192],"suitability":[138,136,139,140,141,137,142],"sustainable-goals":[613,615,606,610],"travel_vibe":[194,149],"product_cat":[156],"product_tag":[312,94],"class_list":{"0":"post-14399","1":"product","2":"type-product","3":"status-publish","4":"has-post-thumbnail","6":"adventures_type-private","7":"destination-mexico","8":"operator-vibe-adventures-originals","9":"season-all-year","10":"suitability-couples","11":"suitability-kid-friendly","12":"suitability-lgbt","13":"suitability-senior","14":"suitability-solo","15":"suitability-women-only","16":"suitability-youth","17":"sustainable-goals-goal-11-sustainable-cities-and-communities","18":"sustainable-goals-goal-13-climate-action","19":"sustainable-goals-goal-4-quality-education","20":"sustainable-goals-goal-8-decent-work-and-economic-growth","21":"travel_vibe-arts-culture-tours","22":"travel_vibe-history-and-heritage-tours","23":"product_cat-virtual-tours","24":"product_tag-culture-landmarks","25":"product_tag-photo-tours","26":"entry","28":"first","29":"instock","30":"shipping-taxable","31":"purchasable","32":"product-type-simple"},"acf":{"type_of_tour":"Virtual","duration_days":"","duration_hours":1,"mood":"Private","logisticsc":"","toogle_time":"","logisticsa":false,"logisticsa_toggle":false,"pick_up_location":null,"pick_up_location_toggle":null,"private_pickup":"Pickup included: your accommodation or another convenient place of your choice.","private_pickup_toggle":"Pickup included: your accommodation or another convenient place of your choice.","both_pickup":"","both_pickup_copy":"Exact time and location to be specified in the trip notes that are sent 1-2 weeks before the tour.","customization_group":"","customization_private":"","confirmation_select_private":"Automatic","confirmation_text_private":"Automatic confirmation (your departure is automatically confirmed and 100% guaranteed).","confirmation_select_group":"Manual","confirmation_text_group":"Manual confirmation (if a minimum number of participants is not met, we may cancel and fully refund your booking).","transfers":"","customize":"no","customizable_details":"We can do the following customizations on your request (subject to availability and needs to be confirmed before the tour):\r\n- Adjust the starting time of the tour.\r\n- Adjust the time you spend at each destination of the tour.\r\n- Add extra places of your choice (e.g. attractions, restaurants, etc.) to the itinerary on a complimentary basis if those visits (1) fit the default duration of the tour, (2) don\u2019t involve a significant change of the route and extra fees (e.g. entrance tickets, tolls, parking, etc.). \r\nChanges other than those will involve an extra fee and must be communicated to the tour organizer at least 72h before the tour (e.g. in the \u201cSpecial Requirements\u201d field during the booking or via email).","what_take":null,"extra_notes":"<ol>\r\n \t<li>Book your date and time;<\/li>\r\n \t<li>Receive a Zoom link from us;<\/li>\r\n \t<li>Connect at the agreed time and enjoy the tour.<\/li>\r\n<\/ol>\r\nEquipment needed:\u00a0<a href=\"https:\/\/zoom.us\/download\" target=\"_blank\" rel=\"external noopener noreferrer\" data-wpel-link=\"external\">Zoom app<\/a>\u00a0(free version is enough); PC, tablet, or smartphone with a mic and speaker (most devices have this built-in); high-speed internet connection (&gt;3 Mbps).\r\n<ul>\r\n \t<li><strong><span style=\"text-decoration: underline;\">Interactive<\/span><\/strong>: each experience is a real-time conversation with a local host.<\/li>\r\n \t<li><strong><span style=\"text-decoration: underline;\">Authentic<\/span><\/strong>: learn about and discover unique places via live-streaming.<\/li>\r\n \t<li><strong><span style=\"text-decoration: underline;\">Convenient<\/span><\/strong>: travel without leaving home over a high-speed internet connection.<\/li>\r\n \t<li><strong><span style=\"text-decoration: underline;\">Personalized<\/span><\/strong>: share your interests with us to customize the experience.<\/li>\r\n<\/ul>\r\nFor FAQs and more info about virtual tours click\u00a0<strong><a href=\"https:\/\/vibeadventures.com\/tour\/virtual-unam-university-in-mexico-city\/\">here<\/a><\/strong>.","cancellations":"<span style=\"font-weight: 400;\">Cancellations are free up to <\/span><b>24 hours<\/b><span style=\"font-weight: 400;\"> before the tour. See full text of the cancellation policy <\/span><a href=\"https:\/\/vibeadventures.com\/terms-and-conditions\/\"><span style=\"font-weight: 400;\">here<\/span><\/a><span style=\"font-weight: 400;\">.<\/span>","discount-tour":null,"tour_operator":"Vibe Adventures originals","maxage":100,"minage":1,"group_size":40,"location":175,"language":["English","Spanish"],"tags":[94,312],"theme":[194,149],"adventure_type":[201],"accessibility":"\ud83d\uded1 Not wheelchair accessible.","pets":"\ud83d\uded1 Not permitted.","difficulty":null,"suitability":[138,136,139,140,141,137,142],"seasonall":[192],"included":{"guides":"yes","guidese":"","accommodation":"no","accommodatione":"","accommodations":[],"transportation":"yes","transportatione":"","flights":"no","flightse":"","insurance":"no","insurancee":"","tips":"no","tipse":"","meals":"yes","mealse":"","expenses":"no","expensese":"","activities":"yes","activitiese":""},"overview":"The <a href=\"https:\/\/en.wikipedia.org\/wiki\/National_Autonomous_University_of_Mexico\">UNAM<\/a> University Mexico City is one of the world's most stunning campuses in Mexico. It's not just the pillar of the Mexican educational system, but also a big city campus within the city. Explore Diego Rivera's and other Mexican artists' breathtaking legacy in its modern architecture adorned with spectacular murals. Let your expert local guide unveil the secrets of this incredible place. Enjoy the ride!","itinerary":"The UNAM University Mexico City is one of the most beautiful universities in the world. This campus is the oldest higher educational institution in North America and is an entire city within the metropolis. Today, it is the largest in Mexico and has a strong emphasis on research and cultural impact. However, the main draw for visitors is to see its Central University Campus, whose modern architecture features incredible murals done by prominent Mexican artists. So sit back, have fun, and let your expert local guide provide all the background you need to enjoy these amazing public artworks. In addition, thanks to the artistic flair and history of the UNAM, it is a UNESCO Cultural Heritage of Humanity site.","repeater":null,"destinations":[{"destination":"Ciudad Universitaria","location":{"address":"Ciudad Universitaria, Mexico City, CDMX, Mexico","lat":19.3188895,"lng":-99.1843676,"zoom":14,"place_id":"ChIJG5qXIAkAzoURTYC6BwI8n3w","name":"Cidade Universit\u00e1ria","city":"Mexico City","city_short":"M\u00e9xico D.F.","state":"Mexico City","state_short":"CDMX","country":"Mexico","country_short":"MX"}}],"highlights":[{"highlight":"See gigantic murals of famous Mexican painters Diego Rivera, David Alfaro Siqueiros, and Juan O\u2019Gorman. "},{"highlight":"Immerse yourself in the area's history and daily life through your local host's insights."},{"highlight":"Discover facts like how much it costs to attend Mexico\u2019s largest public university."},{"highlight":"See the most stunning constructions of the project executed by more than 60 architects, engineers, and artists. "}],"galleryes":"no","gallery":[14445,14454,14446,14453,14448,14452,14449,14455,14451],"video":"","pdf":"","tourradar":null,"sustainability_tax":[613,615,606,610],"goals_description":"Embark on a virtual journey to the <em>UNAM Campus<\/em> in Mexico City and witness the positive impact it brings. This immersive tour aligns with the UN's Sustainable Development Goal 8: Decent Work and Economic Growth, as it supports local guides and artisans, stimulating the economy and creating employment opportunities. Additionally, it promotes cultural exchange and understanding, aligning with Goal 4: Quality Education and Goal 11: Sustainable Cities and Communities. By opting for a virtual experience, you also contribute to Goal 13: Climate Action, reducing carbon emissions and supporting environmental sustainability.","authenticity":"We do our best to make our trips educative and fulfilling, in which travelers can interact with local populations, learn about their traditions, and culture, and connect with their core values.","impact":"This tour is organized by or involves significant participation of local communities and service providers thus creating employment, increasing consumption, and benefitting the socio-economic development of the region.","why":"<ul>\r\n \t<li>Interactive: each experience is a real-time conversation with a local guide.<\/li>\r\n \t<li>Authentic: learn about and discover unique places via live-streaming.<\/li>\r\n \t<li>Convenient: travel without leaving home over a high-speed internet connection.<\/li>\r\n \t<li>Personalized: share your interests with us to customize the experience.<\/li>\r\n<\/ul>","calendar":"Rezdy","calendar_group":false,"rezdy":"https:\/\/vibeadventures.rezdy.com\/calendarWidget\/493329","toggle_calendar":"","bokun":"","bokun_toggle":"","display_price":65,"toggle_price":"","display_price_m":"","map_price":65,"price_multi_private":null,"price_multi_group":null,"dates_multi_private":null,"departures_multi_private":null,"dates_multi_group":null,"departures_multi_group":null,"pricing_one_private":null,"prices_group_private":null,"repeat_season":null,"departures_one_private":null,"repeat_season_group":null,"departures_one_group":null},"yoast_head":"<!-- This site is optimized with the Yoast SEO Premium plugin v24.7 (Yoast SEO v24.7) - https:\/\/yoast.com\/wordpress\/plugins\/seo\/ -->\n<title>UNAM University Mexico City: Virtual Walk on its UNESCO Campus (1 h)<\/title>\n<meta name=\"description\" content=\"UNAM University Mexico City: Discover the vibrant world of Mexico&#039;s iconic campus, where art, education, and culture collide in an architectural wonderland.\" \/>\n<meta name=\"robots\" content=\"index, follow, max-snippet:-1, max-image-preview:large, max-video-preview:-1\" \/>\n<link rel=\"canonical\" href=\"https:\/\/vibeadventures.com\/pt\/turne\/universidade-virtual-da-unam-na-cidade-do-mexico\/\" \/>\n<meta property=\"og:locale\" content=\"pt_BR\" \/>\n<meta property=\"og:type\" content=\"article\" \/>\n<meta property=\"og:title\" content=\"UNAM University Mexico City: Virtual Walk on its UNESCO Campus (1 h)\" \/>\n<meta property=\"og:url\" content=\"https:\/\/vibeadventures.com\/pt\/turne\/universidade-virtual-da-unam-na-cidade-do-mexico\/\" \/>\n<meta property=\"og:site_name\" content=\"Vibe Adventures\" \/>\n<meta property=\"article:publisher\" content=\"https:\/\/www.facebook.com\/VibeAdventures\/\" \/>\n<meta property=\"article:modified_time\" content=\"2025-10-07T18:56:49+00:00\" \/>\n<meta property=\"og:image\" content=\"https:\/\/vibeadventures.com\/wp-content\/uploads\/2022\/08\/UNAM-12-1.avif\" \/>\n\t<meta property=\"og:image:width\" content=\"1040\" \/>\n\t<meta property=\"og:image:height\" content=\"585\" \/>\n\t<meta property=\"og:image:type\" content=\"image\/jpeg\" \/>\n<meta name=\"twitter:card\" content=\"summary_large_image\" \/>\n<meta name=\"twitter:site\" content=\"@vibe_adventures\" \/>\n<meta name=\"twitter:label1\" content=\"Est. tempo de leitura\" \/>\n\t<meta name=\"twitter:data1\" content=\"1 minuto\" \/>\n<script type=\"application\/ld+json\" class=\"yoast-schema-graph\">{\"@context\":\"https:\/\/schema.org\",\"@graph\":[{\"@type\":\"WebPage\",\"@id\":\"https:\/\/vibeadventures.com\/tour\/virtual-unam-university-in-mexico-city\/\",\"url\":\"https:\/\/vibeadventures.com\/tour\/virtual-unam-university-in-mexico-city\/\",\"name\":\"UNAM University Mexico City: Virtual Walk on its UNESCO Campus (1 h)\",\"isPartOf\":{\"@id\":\"https:\/\/vibeadventures.com\/#website\"},\"primaryImageOfPage\":{\"@id\":\"https:\/\/vibeadventures.com\/tour\/virtual-unam-university-in-mexico-city\/#primaryimage\"},\"image\":{\"@id\":\"https:\/\/vibeadventures.com\/tour\/virtual-unam-university-in-mexico-city\/#primaryimage\"},\"thumbnailUrl\":\"https:\/\/vibeadventures.com\/wp-content\/uploads\/2022\/08\/UNAM-12-1.avif\",\"datePublished\":\"2022-08-15T17:32:22+00:00\",\"dateModified\":\"2025-10-07T18:56:49+00:00\",\"description\":\"UNAM University Mexico City: Discover the vibrant world of Mexico's iconic campus, where art, education, and culture collide in an architectural wonderland.\",\"breadcrumb\":{\"@id\":\"https:\/\/vibeadventures.com\/tour\/virtual-unam-university-in-mexico-city\/#breadcrumb\"},\"inLanguage\":\"pt-BR\",\"potentialAction\":[{\"@type\":\"ReadAction\",\"target\":[\"https:\/\/vibeadventures.com\/tour\/virtual-unam-university-in-mexico-city\/\"]}]},{\"@type\":\"ImageObject\",\"inLanguage\":\"pt-BR\",\"@id\":\"https:\/\/vibeadventures.com\/tour\/virtual-unam-university-in-mexico-city\/#primaryimage\",\"url\":\"https:\/\/vibeadventures.com\/wp-content\/uploads\/2022\/08\/UNAM-12-1.avif\",\"contentUrl\":\"https:\/\/vibeadventures.com\/wp-content\/uploads\/2022\/08\/UNAM-12-1.avif\",\"width\":1040,\"height\":585,\"caption\":\"Discover one of the most beautiful universities in the world\"},{\"@type\":\"BreadcrumbList\",\"@id\":\"https:\/\/vibeadventures.com\/tour\/virtual-unam-university-in-mexico-city\/#breadcrumb\",\"itemListElement\":[{\"@type\":\"ListItem\",\"position\":1,\"name\":\"Home\",\"item\":\"https:\/\/vibeadventures.com\/\"},{\"@type\":\"ListItem\",\"position\":2,\"name\":\"Latin America\",\"item\":\"https:\/\/vibeadventures.com\/latin-america-tours\/\"},{\"@type\":\"ListItem\",\"position\":3,\"name\":\"Mexico\",\"item\":\"https:\/\/vibeadventures.com\/destination\/mexico\/\"},{\"@type\":\"ListItem\",\"position\":4,\"name\":\"UNAM University Mexico City: Virtual Walk on its UNESCO Campus (1 h)\"}]},{\"@type\":\"WebSite\",\"@id\":\"https:\/\/vibeadventures.com\/#website\",\"url\":\"https:\/\/vibeadventures.com\/\",\"name\":\"Vibe Adventures\",\"description\":\"Authentic Local Adventures &amp; Tours\",\"publisher\":{\"@id\":\"https:\/\/vibeadventures.com\/#organization\"},\"potentialAction\":[{\"@type\":\"SearchAction\",\"target\":{\"@type\":\"EntryPoint\",\"urlTemplate\":\"https:\/\/vibeadventures.com\/?s={search_term_string}\"},\"query-input\":{\"@type\":\"PropertyValueSpecification\",\"valueRequired\":true,\"valueName\":\"search_term_string\"}}],\"inLanguage\":\"pt-BR\"},{\"@type\":\"Organization\",\"@id\":\"https:\/\/vibeadventures.com\/#organization\",\"name\":\"Vibe Adventures\",\"url\":\"https:\/\/vibeadventures.com\/\",\"logo\":{\"@type\":\"ImageObject\",\"inLanguage\":\"pt-BR\",\"@id\":\"https:\/\/vibeadventures.com\/#\/schema\/logo\/image\/\",\"url\":\"https:\/\/vibeadventures.com\/wp-content\/uploads\/2022\/01\/vibe-adventures-logo-green-TRANSPARENT-481-x-152-1-e1587500448458-2.avif\",\"contentUrl\":\"https:\/\/vibeadventures.com\/wp-content\/uploads\/2022\/01\/vibe-adventures-logo-green-TRANSPARENT-481-x-152-1-e1587500448458-2.avif\",\"width\":490,\"height\":100,\"caption\":\"Vibe Adventures\"},\"image\":{\"@id\":\"https:\/\/vibeadventures.com\/#\/schema\/logo\/image\/\"},\"sameAs\":[\"https:\/\/www.facebook.com\/VibeAdventures\/\",\"https:\/\/x.com\/vibe_adventures\",\"https:\/\/instagram.com\/vibe.adventures\",\"https:\/\/www.linkedin.com\/company\/vibe-adventures\/?viewAsMember=true\",\"https:\/\/www.pinterest.com\/Vibe_Adventures\/\",\"https:\/\/www.youtube.com\/channel\/UCQ9qyA-fVkdXarHBlzDCUBA?view_as=subscriber\",\"https:\/\/www.tiktok.com\/@vibeadventures\"]}]}<\/script>\n<!-- \/ Yoast SEO Premium plugin. -->","yoast_head_json":{"title":"Universidade UNAM da Cidade do M\u00e9xico: Passeio virtual em seu campus da UNESCO (1 h)","description":"Universidade UNAM Cidade do M\u00e9xico: Descubra o mundo vibrante do campus ic\u00f4nico do M\u00e9xico, onde a arte, a educa\u00e7\u00e3o e a cultura se misturam em um pa\u00eds das maravilhas arquitet\u00f4nico.","robots":{"index":"index","follow":"follow","max-snippet":"max-snippet:-1","max-image-preview":"max-image-preview:large","max-video-preview":"max-video-preview:-1"},"canonical":"https:\/\/vibeadventures.com\/pt\/turne\/universidade-virtual-da-unam-na-cidade-do-mexico\/","og_locale":"pt_BR","og_type":"article","og_title":"UNAM University Mexico City: Virtual Walk on its UNESCO Campus (1 h)","og_url":"https:\/\/vibeadventures.com\/pt\/turne\/universidade-virtual-da-unam-na-cidade-do-mexico\/","og_site_name":"Vibe Adventures","article_publisher":"https:\/\/www.facebook.com\/VibeAdventures\/","article_modified_time":"2025-10-07T18:56:49+00:00","og_image":[{"width":1040,"height":585,"url":"https:\/\/vibeadventures.com\/wp-content\/uploads\/2022\/08\/UNAM-12-1.avif","type":"image\/jpeg"}],"twitter_card":"summary_large_image","twitter_site":"@vibe_adventures","twitter_misc":{"Est. tempo de leitura":"1 minuto"},"schema":{"@context":"https:\/\/schema.org","@graph":[{"@type":"WebPage","@id":"https:\/\/vibeadventures.com\/tour\/virtual-unam-university-in-mexico-city\/","url":"https:\/\/vibeadventures.com\/tour\/virtual-unam-university-in-mexico-city\/","name":"Universidade UNAM da Cidade do M\u00e9xico: Passeio virtual em seu campus da UNESCO (1 h)","isPartOf":{"@id":"https:\/\/vibeadventures.com\/#website"},"primaryImageOfPage":{"@id":"https:\/\/vibeadventures.com\/tour\/virtual-unam-university-in-mexico-city\/#primaryimage"},"image":{"@id":"https:\/\/vibeadventures.com\/tour\/virtual-unam-university-in-mexico-city\/#primaryimage"},"thumbnailUrl":"https:\/\/vibeadventures.com\/wp-content\/uploads\/2022\/08\/UNAM-12-1.avif","datePublished":"2022-08-15T17:32:22+00:00","dateModified":"2025-10-07T18:56:49+00:00","description":"Universidade UNAM Cidade do M\u00e9xico: Descubra o mundo vibrante do campus ic\u00f4nico do M\u00e9xico, onde a arte, a educa\u00e7\u00e3o e a cultura se misturam em um pa\u00eds das maravilhas arquitet\u00f4nico.","breadcrumb":{"@id":"https:\/\/vibeadventures.com\/tour\/virtual-unam-university-in-mexico-city\/#breadcrumb"},"inLanguage":"pt-BR","potentialAction":[{"@type":"ReadAction","target":["https:\/\/vibeadventures.com\/tour\/virtual-unam-university-in-mexico-city\/"]}]},{"@type":"ImageObject","inLanguage":"pt-BR","@id":"https:\/\/vibeadventures.com\/tour\/virtual-unam-university-in-mexico-city\/#primaryimage","url":"https:\/\/vibeadventures.com\/wp-content\/uploads\/2022\/08\/UNAM-12-1.avif","contentUrl":"https:\/\/vibeadventures.com\/wp-content\/uploads\/2022\/08\/UNAM-12-1.avif","width":1040,"height":585,"caption":"Discover one of the most beautiful universities in the world"},{"@type":"BreadcrumbList","@id":"https:\/\/vibeadventures.com\/tour\/virtual-unam-university-in-mexico-city\/#breadcrumb","itemListElement":[{"@type":"ListItem","position":1,"name":"Home","item":"https:\/\/vibeadventures.com\/"},{"@type":"ListItem","position":2,"name":"Latin America","item":"https:\/\/vibeadventures.com\/latin-america-tours\/"},{"@type":"ListItem","position":3,"name":"Mexico","item":"https:\/\/vibeadventures.com\/destination\/mexico\/"},{"@type":"ListItem","position":4,"name":"UNAM University Mexico City: Virtual Walk on its UNESCO Campus (1 h)"}]},{"@type":"WebSite","@id":"https:\/\/vibeadventures.com\/#website","url":"https:\/\/vibeadventures.com\/","name":"Vibe Adventures","description":"Aventuras e passeios locais aut\u00eanticos","publisher":{"@id":"https:\/\/vibeadventures.com\/#organization"},"potentialAction":[{"@type":"SearchAction","target":{"@type":"EntryPoint","urlTemplate":"https:\/\/vibeadventures.com\/?s={search_term_string}"},"query-input":{"@type":"PropertyValueSpecification","valueRequired":true,"valueName":"search_term_string"}}],"inLanguage":"pt-BR"},{"@type":"Organization","@id":"https:\/\/vibeadventures.com\/#organization","name":"Vibe Adventures","url":"https:\/\/vibeadventures.com\/","logo":{"@type":"ImageObject","inLanguage":"pt-BR","@id":"https:\/\/vibeadventures.com\/#\/schema\/logo\/image\/","url":"https:\/\/vibeadventures.com\/wp-content\/uploads\/2022\/01\/vibe-adventures-logo-green-TRANSPARENT-481-x-152-1-e1587500448458-2.avif","contentUrl":"https:\/\/vibeadventures.com\/wp-content\/uploads\/2022\/01\/vibe-adventures-logo-green-TRANSPARENT-481-x-152-1-e1587500448458-2.avif","width":490,"height":100,"caption":"Vibe Adventures"},"image":{"@id":"https:\/\/vibeadventures.com\/#\/schema\/logo\/image\/"},"sameAs":["https:\/\/www.facebook.com\/VibeAdventures\/","https:\/\/x.com\/vibe_adventures","https:\/\/instagram.com\/vibe.adventures","https:\/\/www.linkedin.com\/company\/vibe-adventures\/?viewAsMember=true","https:\/\/www.pinterest.com\/Vibe_Adventures\/","https:\/\/www.youtube.com\/channel\/UCQ9qyA-fVkdXarHBlzDCUBA?view_as=subscriber","https:\/\/www.tiktok.com\/@vibeadventures"]}]}},"_links":{"self":[{"href":"https:\/\/vibeadventures.com\/pt\/wp-json\/wp\/v2\/product\/14399","targetHints":{"allow":["GET"]}}],"collection":[{"href":"https:\/\/vibeadventures.com\/pt\/wp-json\/wp\/v2\/product"}],"about":[{"href":"https:\/\/vibeadventures.com\/pt\/wp-json\/wp\/v2\/types\/product"}],"replies":[{"embeddable":true,"href":"https:\/\/vibeadventures.com\/pt\/wp-json\/wp\/v2\/comments?post=14399"}],"acf:term":[{"embeddable":true,"taxonomy":"sustainable-goals","href":"https:\/\/vibeadventures.com\/pt\/wp-json\/wp\/v2\/sustainable-goals\/610"},{"embeddable":true,"taxonomy":"sustainable-goals","href":"https:\/\/vibeadventures.com\/pt\/wp-json\/wp\/v2\/sustainable-goals\/606"},{"embeddable":true,"taxonomy":"sustainable-goals","href":"https:\/\/vibeadventures.com\/pt\/wp-json\/wp\/v2\/sustainable-goals\/615"},{"embeddable":true,"taxonomy":"sustainable-goals","href":"https:\/\/vibeadventures.com\/pt\/wp-json\/wp\/v2\/sustainable-goals\/613"},{"embeddable":true,"taxonomy":"season","href":"https:\/\/vibeadventures.com\/pt\/wp-json\/wp\/v2\/season\/192"},{"embeddable":true,"taxonomy":"suitability","href":"https:\/\/vibeadventures.com\/pt\/wp-json\/wp\/v2\/suitability\/142"},{"embeddable":true,"taxonomy":"suitability","href":"https:\/\/vibeadventures.com\/pt\/wp-json\/wp\/v2\/suitability\/137"},{"embeddable":true,"taxonomy":"suitability","href":"https:\/\/vibeadventures.com\/pt\/wp-json\/wp\/v2\/suitability\/141"},{"embeddable":true,"taxonomy":"suitability","href":"https:\/\/vibeadventures.com\/pt\/wp-json\/wp\/v2\/suitability\/140"},{"embeddable":true,"taxonomy":"suitability","href":"https:\/\/vibeadventures.com\/pt\/wp-json\/wp\/v2\/suitability\/139"},{"embeddable":true,"taxonomy":"suitability","href":"https:\/\/vibeadventures.com\/pt\/wp-json\/wp\/v2\/suitability\/136"},{"embeddable":true,"taxonomy":"suitability","href":"https:\/\/vibeadventures.com\/pt\/wp-json\/wp\/v2\/suitability\/138"},{"embeddable":true,"taxonomy":"adventures_type","href":"https:\/\/vibeadventures.com\/pt\/wp-json\/wp\/v2\/adventures_type\/201"},{"embeddable":true,"taxonomy":"travel_vibe","href":"https:\/\/vibeadventures.com\/pt\/wp-json\/wp\/v2\/travel_vibe\/149"},{"embeddable":true,"taxonomy":"travel_vibe","href":"https:\/\/vibeadventures.com\/pt\/wp-json\/wp\/v2\/travel_vibe\/194"},{"embeddable":true,"taxonomy":"product_tag","href":"https:\/\/vibeadventures.com\/pt\/wp-json\/wp\/v2\/product_tag\/312"},{"embeddable":true,"taxonomy":"product_tag","href":"https:\/\/vibeadventures.com\/pt\/wp-json\/wp\/v2\/product_tag\/94"},{"embeddable":true,"taxonomy":"destination","href":"https:\/\/vibeadventures.com\/pt\/wp-json\/wp\/v2\/destination\/175"}],"acf:attachment":[{"embeddable":true,"href":"https:\/\/vibeadventures.com\/pt\/wp-json\/wp\/v2\/media\/14451"},{"embeddable":true,"href":"https:\/\/vibeadventures.com\/pt\/wp-json\/wp\/v2\/media\/14455"},{"embeddable":true,"href":"https:\/\/vibeadventures.com\/pt\/wp-json\/wp\/v2\/media\/14449"},{"embeddable":true,"href":"https:\/\/vibeadventures.com\/pt\/wp-json\/wp\/v2\/media\/14452"},{"embeddable":true,"href":"https:\/\/vibeadventures.com\/pt\/wp-json\/wp\/v2\/media\/14448"},{"embeddable":true,"href":"https:\/\/vibeadventures.com\/pt\/wp-json\/wp\/v2\/media\/14453"},{"embeddable":true,"href":"https:\/\/vibeadventures.com\/pt\/wp-json\/wp\/v2\/media\/14446"},{"embeddable":true,"href":"https:\/\/vibeadventures.com\/pt\/wp-json\/wp\/v2\/media\/14454"},{"embeddable":true,"href":"https:\/\/vibeadventures.com\/pt\/wp-json\/wp\/v2\/media\/14445"}],"wp:featuredmedia":[{"embeddable":true,"href":"https:\/\/vibeadventures.com\/pt\/wp-json\/wp\/v2\/media\/14454"}],"wp:attachment":[{"href":"https:\/\/vibeadventures.com\/pt\/wp-json\/wp\/v2\/media?parent=14399"}],"wp:term":[{"taxonomy":"adventures_type","embeddable":true,"href":"https:\/\/vibeadventures.com\/pt\/wp-json\/wp\/v2\/adventures_type?post=14399"},{"taxonomy":"destination","embeddable":true,"href":"https:\/\/vibeadventures.com\/pt\/wp-json\/wp\/v2\/destination?post=14399"},{"taxonomy":"operator","embeddable":true,"href":"https:\/\/vibeadventures.com\/pt\/wp-json\/wp\/v2\/operator?post=14399"},{"taxonomy":"physical_ranking","embeddable":true,"href":"https:\/\/vibeadventures.com\/pt\/wp-json\/wp\/v2\/physical_ranking?post=14399"},{"taxonomy":"season","embeddable":true,"href":"https:\/\/vibeadventures.com\/pt\/wp-json\/wp\/v2\/season?post=14399"},{"taxonomy":"suitability","embeddable":true,"href":"https:\/\/vibeadventures.com\/pt\/wp-json\/wp\/v2\/suitability?post=14399"},{"taxonomy":"sustainable-goals","embeddable":true,"href":"https:\/\/vibeadventures.com\/pt\/wp-json\/wp\/v2\/sustainable-goals?post=14399"},{"taxonomy":"travel_vibe","embeddable":true,"href":"https:\/\/vibeadventures.com\/pt\/wp-json\/wp\/v2\/travel_vibe?post=14399"},{"taxonomy":"product_cat","embeddable":true,"href":"https:\/\/vibeadventures.com\/pt\/wp-json\/wp\/v2\/product_cat?post=14399"},{"taxonomy":"product_tag","embeddable":true,"href":"https:\/\/vibeadventures.com\/pt\/wp-json\/wp\/v2\/product_tag?post=14399"}],"curies":[{"name":"wp","href":"https:\/\/api.w.org\/{rel}","templated":true}]}}