{"id":1158,"date":"2022-06-02T23:39:12","date_gmt":"2022-06-02T23:39:12","guid":{"rendered":"https:\/\/agency.vibeadventures.com\/?post_type=product&#038;p=1158"},"modified":"2025-07-27T19:20:17","modified_gmt":"2025-07-28T01:20:17","slug":"tour-personalizado-pela-cidade-do-mexico","status":"publish","type":"product","link":"https:\/\/vibeadventures.com\/pt\/turne\/tour-personalizado-pela-cidade-do-mexico\/","title":{"rendered":"Excurs\u00e3o particular \u00e0 Cidade do M\u00e9xico: Personalize-o com guia e motorista inclu\u00eddos (6h)"},"content":{"rendered":"","protected":false},"excerpt":{"rendered":"","protected":false},"featured_media":30430,"comment_status":"open","ping_status":"closed","template":"","meta":{"_acf_changed":false},"adventures_type":[201],"destination":[318],"operator":[658],"physical_ranking":[207],"season":[192],"suitability":[138,136,140,142],"sustainable-goals":[614,610],"travel_vibe":[194],"product_cat":[154],"product_tag":[58,90,94],"class_list":{"0":"post-1158","1":"product","2":"type-product","3":"status-publish","4":"has-post-thumbnail","6":"adventures_type-private","7":"destination-mexico-city","8":"operator-vibe-adventures-originals","9":"physical_ranking-relaxing","10":"season-all-year","11":"suitability-couples","12":"suitability-kid-friendly","13":"suitability-senior","14":"suitability-youth","15":"sustainable-goals-goal-12-responsible-consumption-and-production","16":"sustainable-goals-goal-8-decent-work-and-economic-growth","17":"travel_vibe-arts-culture-tours","18":"product_cat-1-day-tours","19":"product_tag-archeology","20":"product_tag-museums-galleries","21":"product_tag-photo-tours","22":"entry","24":"first","25":"instock","26":"shipping-taxable","27":"purchasable","28":"product-type-simple"},"acf":{"type_of_tour":"1-Day","duration_days":"","duration_hours":6,"mood":"Private","logisticsc":"Any time from 07:00 AM to 01:00 PM","toogle_time":"","logisticsa":"1","logisticsa_toggle":false,"pick_up_location":null,"pick_up_location_toggle":null,"private_pickup":"Pickup included: your accommodation or another convenient place of your choice.","private_pickup_toggle":"Pickup included: your accommodation or another convenient place of your choice.","both_pickup":"","both_pickup_copy":"Exact time and location to be specified in the trip notes that are sent 1-2 weeks before the tour.","customization_group":"","customization_private":"","confirmation_select_private":"Automatic","confirmation_text_private":"Automatic confirmation (your departure is automatically confirmed and 100% guaranteed).","confirmation_select_group":"Manual","confirmation_text_group":"Manual confirmation (if a minimum number of participants is not met, we may cancel and fully refund your booking).","transfers":"","customize":"yes","customizable_details":"The standard duration of the tour counts from the moment of a meetup till the end of the tour. On the other hand, the tour is customizable which means we can adjust the time you spend at each destination. For example, if you want to visit an extra location (attraction\/restaurant\/market, etc.), you can do it on a complimentary basis if this visit (1) fits the default duration of the tour and (2) doesn\u2019t involve a significant change of the route.","what_take":[{"take":"Comfortable clothes and shoes; hat\/cap, sunglasses and sunscreen; travel insurance; good mood and curiosity."}],"extra_notes":"<ul>\r\n \t<li>Please provide an approximate itinerary (places you would like to visit) during your booking.<\/li>\r\n \t<li>The type of vehicle depends on the size of your group and may include car, 7-seater, or minivan.<\/li>\r\n \t<li>Travelers should have a basic physical fitness condition.<\/li>\r\n<\/ul>","cancellations":"","discount-tour":null,"tour_operator":"Vibe Adventures originals","maxage":100,"minage":0,"group_size":15,"location":318,"language":["English","Spanish"],"tags":[58,90,94],"theme":[194],"adventure_type":[201],"accessibility":"\ud83d\uded1 Not wheelchair accessible.","pets":"\ud83d\uded1 Not permitted.","difficulty":207,"suitability":[138,136,140,142],"seasonall":[192],"included":{"guides":"yes","guidese":"Mexico City tour guide (certified and fluent English speaker)","accommodation":"no","accommodatione":"","accommodations":[],"transportation":"yes","transportatione":"Hotel pick-up\/drop-off in a private vehicle.","flights":"no","flightse":"","insurance":"no","insurancee":"","tips":"no","tipse":"","meals":"no","mealse":"","expenses":"no","expensese":"","activities":"no","activitiese":"The entrance fees of your guide and group are covered by you"},"overview":"A <em>Mexico City Private Tour<\/em> will help you to discover the diverse sides of the Mexican capital to enjoy its history, culture, museums, gastronomy, shopping, and entertainment. This tour is customizable and includes a private driver and guide just for you to discover the city the way you want!","itinerary":"Start the <em>Mexico City Private Tour<\/em> by meeting your tour guide and driver at the airport, your accommodation, or any other convenient place. Then, discover the history, culture, gastronomy, and entertainment of Mexico City together according to your plans. Design your itinerary and explore the city at your own pace!","repeater":null,"destinations":[{"destination":"\u00c1ngel de la Independencia, Avenida Paseo de la Reforma, Ju\u00e1rez, Mexico City, CDMX, Mexico","location":{"address":"Mexico City, CDMX, Mexico","lat":19.4326077,"lng":-99.133208,"zoom":14,"place_id":"ChIJB3UJ2yYAzoURQeheJnYQBlQ","name":"Cidade do M\u00e9xico","city":"Mexico City","city_short":"M\u00e9xico D.F.","state":"Mexico City","state_short":"CDMX","country":"Mexico","country_short":"MX"}}],"highlights":[{"highlight":"Complete customization and flexibility, so you decide when and where to go."},{"highlight":"Private pick-up and drop-off from the airport, your accommodation, or any other convenient place in Mexico City."},{"highlight":"If you need more time, you can extend the duration for an extra fee."}],"galleryes":"no","gallery":[1169,1166,1164,1165,1163,1167,1168,1170],"video":"https:\/\/www.youtube.com\/watch?v=xN_EELOqboE","pdf":"","tourradar":null,"sustainability_tax":[614,610],"goals_description":"This tour aligns with the UN's Sustainable Development Goals 8 and 12 by empowering local communities and promoting sustainable consumption and production practices. We take tourists to underdeveloped regions, creating opportunities for economic growth while respecting local traditions and educating communities on sustainable approaches.","authenticity":"We do our best to make our trips educative and fulfilling, in which travelers can interact with local populations, learn about their traditions, and culture, and connect with their core values.","impact":"This tour is organized by or involves significant participation of local communities and service providers thus creating employment, increasing consumption, and benefitting the socio-economic development of the region.","why":"<ul>\r\n \t<li>We will spend the time of the tour purely on activities and sightseeing: no visits to souvenir shops or restaurants (unless you ask).<\/li>\r\n \t<li>An ideal choice for small groups: the price of the tour is fixed and varies just slightly depending on the size of your group.<\/li>\r\n \t<li>We are flexible: we can adjust the program and route to your interests while the duration of the tour can always be extended for an extra fee.<\/li>\r\n<\/ul>","calendar":"Rezdy","calendar_group":false,"rezdy":"https:\/\/vibeadventures.rezdy.com\/calendarWidget\/393644","toggle_calendar":"","bokun":"","bokun_toggle":"","display_price":48,"toggle_price":"","display_price_m":222,"map_price":48,"price_multi_private":null,"price_multi_group":null,"dates_multi_private":null,"departures_multi_private":null,"dates_multi_group":null,"departures_multi_group":null,"pricing_one_private":null,"prices_group_private":null,"repeat_season":null,"departures_one_private":null,"repeat_season_group":null,"departures_one_group":null},"yoast_head":"<!-- This site is optimized with the Yoast SEO Premium plugin v24.7 (Yoast SEO v24.7) - https:\/\/yoast.com\/wordpress\/plugins\/seo\/ -->\n<title>Mexico City Private Tour: Customize It with Guide and Driver Included (6h)<\/title>\n<meta name=\"description\" content=\"Book the Mexico City Private Tour and discover the sides of\u00a0Mexico City\u00a0to enjoy its history, culture, museums, gastronomy, shopping, entertainment and more\" \/>\n<meta name=\"robots\" content=\"index, follow, max-snippet:-1, max-image-preview:large, max-video-preview:-1\" \/>\n<link rel=\"canonical\" href=\"https:\/\/vibeadventures.com\/pt\/turne\/tour-personalizado-pela-cidade-do-mexico\/\" \/>\n<meta property=\"og:locale\" content=\"pt_BR\" \/>\n<meta property=\"og:type\" content=\"article\" \/>\n<meta property=\"og:title\" content=\"Mexico City Private Tour: Customize It with Guide and Driver Included (6h)\" \/>\n<meta property=\"og:url\" content=\"https:\/\/vibeadventures.com\/pt\/turne\/tour-personalizado-pela-cidade-do-mexico\/\" \/>\n<meta property=\"og:site_name\" content=\"Vibe Adventures\" \/>\n<meta property=\"article:publisher\" content=\"https:\/\/www.facebook.com\/VibeAdventures\/\" \/>\n<meta property=\"article:modified_time\" content=\"2025-07-28T01:20:17+00:00\" \/>\n<meta property=\"og:image\" content=\"https:\/\/vibeadventures.com\/wp-content\/uploads\/2025\/07\/1-1024x683-1.avif\" \/>\n\t<meta property=\"og:image:width\" content=\"1024\" \/>\n\t<meta property=\"og:image:height\" content=\"683\" \/>\n\t<meta property=\"og:image:type\" content=\"image\/jpeg\" \/>\n<meta name=\"twitter:card\" content=\"summary_large_image\" \/>\n<meta name=\"twitter:site\" content=\"@vibe_adventures\" \/>\n<meta name=\"twitter:label1\" content=\"Est. tempo de leitura\" \/>\n\t<meta name=\"twitter:data1\" content=\"1 minuto\" \/>\n<script type=\"application\/ld+json\" class=\"yoast-schema-graph\">{\"@context\":\"https:\/\/schema.org\",\"@graph\":[{\"@type\":\"WebPage\",\"@id\":\"https:\/\/vibeadventures.com\/tour\/mexico-city-customized-tour\/\",\"url\":\"https:\/\/vibeadventures.com\/tour\/mexico-city-customized-tour\/\",\"name\":\"Mexico City Private Tour: Customize It with Guide and Driver Included (6h)\",\"isPartOf\":{\"@id\":\"https:\/\/vibeadventures.com\/#website\"},\"primaryImageOfPage\":{\"@id\":\"https:\/\/vibeadventures.com\/tour\/mexico-city-customized-tour\/#primaryimage\"},\"image\":{\"@id\":\"https:\/\/vibeadventures.com\/tour\/mexico-city-customized-tour\/#primaryimage\"},\"thumbnailUrl\":\"https:\/\/vibeadventures.com\/wp-content\/uploads\/2025\/07\/1-1024x683-1.avif\",\"datePublished\":\"2022-06-02T23:39:12+00:00\",\"dateModified\":\"2025-07-28T01:20:17+00:00\",\"description\":\"Book the Mexico City Private Tour and discover the sides of\u00a0Mexico City\u00a0to enjoy its history, culture, museums, gastronomy, shopping, entertainment and more\",\"breadcrumb\":{\"@id\":\"https:\/\/vibeadventures.com\/tour\/mexico-city-customized-tour\/#breadcrumb\"},\"inLanguage\":\"pt-BR\",\"potentialAction\":[{\"@type\":\"ReadAction\",\"target\":[\"https:\/\/vibeadventures.com\/tour\/mexico-city-customized-tour\/\"]}]},{\"@type\":\"ImageObject\",\"inLanguage\":\"pt-BR\",\"@id\":\"https:\/\/vibeadventures.com\/tour\/mexico-city-customized-tour\/#primaryimage\",\"url\":\"https:\/\/vibeadventures.com\/wp-content\/uploads\/2025\/07\/1-1024x683-1.avif\",\"contentUrl\":\"https:\/\/vibeadventures.com\/wp-content\/uploads\/2025\/07\/1-1024x683-1.avif\",\"width\":1024,\"height\":683,\"caption\":\"Visitors at Bellas Artes Palace\"},{\"@type\":\"BreadcrumbList\",\"@id\":\"https:\/\/vibeadventures.com\/tour\/mexico-city-customized-tour\/#breadcrumb\",\"itemListElement\":[{\"@type\":\"ListItem\",\"position\":1,\"name\":\"Home\",\"item\":\"https:\/\/vibeadventures.com\/\"},{\"@type\":\"ListItem\",\"position\":2,\"name\":\"Latin America\",\"item\":\"https:\/\/vibeadventures.com\/latin-america-tours\/\"},{\"@type\":\"ListItem\",\"position\":3,\"name\":\"Mexico\",\"item\":\"https:\/\/vibeadventures.com\/destination\/mexico\/\"},{\"@type\":\"ListItem\",\"position\":4,\"name\":\"Mexico City &amp; around\",\"item\":\"https:\/\/vibeadventures.com\/destination\/mexico\/mexico-city\/\"},{\"@type\":\"ListItem\",\"position\":5,\"name\":\"Mexico City Private Tour: Customize It with Guide and Driver Included (6h)\"}]},{\"@type\":\"WebSite\",\"@id\":\"https:\/\/vibeadventures.com\/#website\",\"url\":\"https:\/\/vibeadventures.com\/\",\"name\":\"Vibe Adventures\",\"description\":\"Authentic Local Adventures &amp; Tours\",\"publisher\":{\"@id\":\"https:\/\/vibeadventures.com\/#organization\"},\"potentialAction\":[{\"@type\":\"SearchAction\",\"target\":{\"@type\":\"EntryPoint\",\"urlTemplate\":\"https:\/\/vibeadventures.com\/?s={search_term_string}\"},\"query-input\":{\"@type\":\"PropertyValueSpecification\",\"valueRequired\":true,\"valueName\":\"search_term_string\"}}],\"inLanguage\":\"pt-BR\"},{\"@type\":\"Organization\",\"@id\":\"https:\/\/vibeadventures.com\/#organization\",\"name\":\"Vibe Adventures\",\"url\":\"https:\/\/vibeadventures.com\/\",\"logo\":{\"@type\":\"ImageObject\",\"inLanguage\":\"pt-BR\",\"@id\":\"https:\/\/vibeadventures.com\/#\/schema\/logo\/image\/\",\"url\":\"https:\/\/vibeadventures.com\/wp-content\/uploads\/2022\/01\/vibe-adventures-logo-green-TRANSPARENT-481-x-152-1-e1587500448458-2.avif\",\"contentUrl\":\"https:\/\/vibeadventures.com\/wp-content\/uploads\/2022\/01\/vibe-adventures-logo-green-TRANSPARENT-481-x-152-1-e1587500448458-2.avif\",\"width\":490,\"height\":100,\"caption\":\"Vibe Adventures\"},\"image\":{\"@id\":\"https:\/\/vibeadventures.com\/#\/schema\/logo\/image\/\"},\"sameAs\":[\"https:\/\/www.facebook.com\/VibeAdventures\/\",\"https:\/\/x.com\/vibe_adventures\",\"https:\/\/instagram.com\/vibe.adventures\",\"https:\/\/www.linkedin.com\/company\/vibe-adventures\/?viewAsMember=true\",\"https:\/\/www.pinterest.com\/Vibe_Adventures\/\",\"https:\/\/www.youtube.com\/channel\/UCQ9qyA-fVkdXarHBlzDCUBA?view_as=subscriber\",\"https:\/\/www.tiktok.com\/@vibeadventures\"]}]}<\/script>\n<!-- \/ Yoast SEO Premium plugin. -->","yoast_head_json":{"title":"Excurs\u00e3o particular \u00e0 Cidade do M\u00e9xico: Personalize-o com guia e motorista inclu\u00eddos (6h)","description":"Reserve o Tour Privado pela Cidade do M\u00e9xico e descubra os lados da Cidade do M\u00e9xico para desfrutar de sua hist\u00f3ria, cultura, museus, gastronomia, compras, entretenimento e muito mais","robots":{"index":"index","follow":"follow","max-snippet":"max-snippet:-1","max-image-preview":"max-image-preview:large","max-video-preview":"max-video-preview:-1"},"canonical":"https:\/\/vibeadventures.com\/pt\/turne\/tour-personalizado-pela-cidade-do-mexico\/","og_locale":"pt_BR","og_type":"article","og_title":"Mexico City Private Tour: Customize It with Guide and Driver Included (6h)","og_url":"https:\/\/vibeadventures.com\/pt\/turne\/tour-personalizado-pela-cidade-do-mexico\/","og_site_name":"Vibe Adventures","article_publisher":"https:\/\/www.facebook.com\/VibeAdventures\/","article_modified_time":"2025-07-28T01:20:17+00:00","og_image":[{"width":1024,"height":683,"url":"https:\/\/vibeadventures.com\/wp-content\/uploads\/2025\/07\/1-1024x683-1.avif","type":"image\/jpeg"}],"twitter_card":"summary_large_image","twitter_site":"@vibe_adventures","twitter_misc":{"Est. tempo de leitura":"1 minuto"},"schema":{"@context":"https:\/\/schema.org","@graph":[{"@type":"WebPage","@id":"https:\/\/vibeadventures.com\/tour\/mexico-city-customized-tour\/","url":"https:\/\/vibeadventures.com\/tour\/mexico-city-customized-tour\/","name":"Excurs\u00e3o particular \u00e0 Cidade do M\u00e9xico: Personalize-o com guia e motorista inclu\u00eddos (6h)","isPartOf":{"@id":"https:\/\/vibeadventures.com\/#website"},"primaryImageOfPage":{"@id":"https:\/\/vibeadventures.com\/tour\/mexico-city-customized-tour\/#primaryimage"},"image":{"@id":"https:\/\/vibeadventures.com\/tour\/mexico-city-customized-tour\/#primaryimage"},"thumbnailUrl":"https:\/\/vibeadventures.com\/wp-content\/uploads\/2025\/07\/1-1024x683-1.avif","datePublished":"2022-06-02T23:39:12+00:00","dateModified":"2025-07-28T01:20:17+00:00","description":"Reserve o Tour Privado pela Cidade do M\u00e9xico e descubra os lados da Cidade do M\u00e9xico para desfrutar de sua hist\u00f3ria, cultura, museus, gastronomia, compras, entretenimento e muito mais","breadcrumb":{"@id":"https:\/\/vibeadventures.com\/tour\/mexico-city-customized-tour\/#breadcrumb"},"inLanguage":"pt-BR","potentialAction":[{"@type":"ReadAction","target":["https:\/\/vibeadventures.com\/tour\/mexico-city-customized-tour\/"]}]},{"@type":"ImageObject","inLanguage":"pt-BR","@id":"https:\/\/vibeadventures.com\/tour\/mexico-city-customized-tour\/#primaryimage","url":"https:\/\/vibeadventures.com\/wp-content\/uploads\/2025\/07\/1-1024x683-1.avif","contentUrl":"https:\/\/vibeadventures.com\/wp-content\/uploads\/2025\/07\/1-1024x683-1.avif","width":1024,"height":683,"caption":"Visitors at Bellas Artes Palace"},{"@type":"BreadcrumbList","@id":"https:\/\/vibeadventures.com\/tour\/mexico-city-customized-tour\/#breadcrumb","itemListElement":[{"@type":"ListItem","position":1,"name":"Home","item":"https:\/\/vibeadventures.com\/"},{"@type":"ListItem","position":2,"name":"Latin America","item":"https:\/\/vibeadventures.com\/latin-america-tours\/"},{"@type":"ListItem","position":3,"name":"Mexico","item":"https:\/\/vibeadventures.com\/destination\/mexico\/"},{"@type":"ListItem","position":4,"name":"Mexico City &amp; around","item":"https:\/\/vibeadventures.com\/destination\/mexico\/mexico-city\/"},{"@type":"ListItem","position":5,"name":"Mexico City Private Tour: Customize It with Guide and Driver Included (6h)"}]},{"@type":"WebSite","@id":"https:\/\/vibeadventures.com\/#website","url":"https:\/\/vibeadventures.com\/","name":"Vibe Adventures","description":"Aventuras e passeios locais aut\u00eanticos","publisher":{"@id":"https:\/\/vibeadventures.com\/#organization"},"potentialAction":[{"@type":"SearchAction","target":{"@type":"EntryPoint","urlTemplate":"https:\/\/vibeadventures.com\/?s={search_term_string}"},"query-input":{"@type":"PropertyValueSpecification","valueRequired":true,"valueName":"search_term_string"}}],"inLanguage":"pt-BR"},{"@type":"Organization","@id":"https:\/\/vibeadventures.com\/#organization","name":"Vibe Adventures","url":"https:\/\/vibeadventures.com\/","logo":{"@type":"ImageObject","inLanguage":"pt-BR","@id":"https:\/\/vibeadventures.com\/#\/schema\/logo\/image\/","url":"https:\/\/vibeadventures.com\/wp-content\/uploads\/2022\/01\/vibe-adventures-logo-green-TRANSPARENT-481-x-152-1-e1587500448458-2.avif","contentUrl":"https:\/\/vibeadventures.com\/wp-content\/uploads\/2022\/01\/vibe-adventures-logo-green-TRANSPARENT-481-x-152-1-e1587500448458-2.avif","width":490,"height":100,"caption":"Vibe Adventures"},"image":{"@id":"https:\/\/vibeadventures.com\/#\/schema\/logo\/image\/"},"sameAs":["https:\/\/www.facebook.com\/VibeAdventures\/","https:\/\/x.com\/vibe_adventures","https:\/\/instagram.com\/vibe.adventures","https:\/\/www.linkedin.com\/company\/vibe-adventures\/?viewAsMember=true","https:\/\/www.pinterest.com\/Vibe_Adventures\/","https:\/\/www.youtube.com\/channel\/UCQ9qyA-fVkdXarHBlzDCUBA?view_as=subscriber","https:\/\/www.tiktok.com\/@vibeadventures"]}]}},"_links":{"self":[{"href":"https:\/\/vibeadventures.com\/pt\/wp-json\/wp\/v2\/product\/1158","targetHints":{"allow":["GET"]}}],"collection":[{"href":"https:\/\/vibeadventures.com\/pt\/wp-json\/wp\/v2\/product"}],"about":[{"href":"https:\/\/vibeadventures.com\/pt\/wp-json\/wp\/v2\/types\/product"}],"replies":[{"embeddable":true,"href":"https:\/\/vibeadventures.com\/pt\/wp-json\/wp\/v2\/comments?post=1158"}],"acf:term":[{"embeddable":true,"taxonomy":"sustainable-goals","href":"https:\/\/vibeadventures.com\/pt\/wp-json\/wp\/v2\/sustainable-goals\/610"},{"embeddable":true,"taxonomy":"sustainable-goals","href":"https:\/\/vibeadventures.com\/pt\/wp-json\/wp\/v2\/sustainable-goals\/614"},{"embeddable":true,"taxonomy":"season","href":"https:\/\/vibeadventures.com\/pt\/wp-json\/wp\/v2\/season\/192"},{"embeddable":true,"taxonomy":"suitability","href":"https:\/\/vibeadventures.com\/pt\/wp-json\/wp\/v2\/suitability\/142"},{"embeddable":true,"taxonomy":"suitability","href":"https:\/\/vibeadventures.com\/pt\/wp-json\/wp\/v2\/suitability\/140"},{"embeddable":true,"taxonomy":"suitability","href":"https:\/\/vibeadventures.com\/pt\/wp-json\/wp\/v2\/suitability\/136"},{"embeddable":true,"taxonomy":"suitability","href":"https:\/\/vibeadventures.com\/pt\/wp-json\/wp\/v2\/suitability\/138"},{"embeddable":true,"taxonomy":"physical_ranking","href":"https:\/\/vibeadventures.com\/pt\/wp-json\/wp\/v2\/physical_ranking\/207"},{"embeddable":true,"taxonomy":"adventures_type","href":"https:\/\/vibeadventures.com\/pt\/wp-json\/wp\/v2\/adventures_type\/201"},{"embeddable":true,"taxonomy":"travel_vibe","href":"https:\/\/vibeadventures.com\/pt\/wp-json\/wp\/v2\/travel_vibe\/194"},{"embeddable":true,"taxonomy":"product_tag","href":"https:\/\/vibeadventures.com\/pt\/wp-json\/wp\/v2\/product_tag\/94"},{"embeddable":true,"taxonomy":"product_tag","href":"https:\/\/vibeadventures.com\/pt\/wp-json\/wp\/v2\/product_tag\/90"},{"embeddable":true,"taxonomy":"product_tag","href":"https:\/\/vibeadventures.com\/pt\/wp-json\/wp\/v2\/product_tag\/58"},{"embeddable":true,"taxonomy":"destination","href":"https:\/\/vibeadventures.com\/pt\/wp-json\/wp\/v2\/destination\/318"}],"acf:attachment":[{"embeddable":true,"href":"https:\/\/vibeadventures.com\/pt\/wp-json\/wp\/v2\/media\/1170"},{"embeddable":true,"href":"https:\/\/vibeadventures.com\/pt\/wp-json\/wp\/v2\/media\/1168"},{"embeddable":true,"href":"https:\/\/vibeadventures.com\/pt\/wp-json\/wp\/v2\/media\/1167"},{"embeddable":true,"href":"https:\/\/vibeadventures.com\/pt\/wp-json\/wp\/v2\/media\/1163"},{"embeddable":true,"href":"https:\/\/vibeadventures.com\/pt\/wp-json\/wp\/v2\/media\/1165"},{"embeddable":true,"href":"https:\/\/vibeadventures.com\/pt\/wp-json\/wp\/v2\/media\/1164"},{"embeddable":true,"href":"https:\/\/vibeadventures.com\/pt\/wp-json\/wp\/v2\/media\/1166"},{"embeddable":true,"href":"https:\/\/vibeadventures.com\/pt\/wp-json\/wp\/v2\/media\/1169"}],"wp:featuredmedia":[{"embeddable":true,"href":"https:\/\/vibeadventures.com\/pt\/wp-json\/wp\/v2\/media\/30430"}],"wp:attachment":[{"href":"https:\/\/vibeadventures.com\/pt\/wp-json\/wp\/v2\/media?parent=1158"}],"wp:term":[{"taxonomy":"adventures_type","embeddable":true,"href":"https:\/\/vibeadventures.com\/pt\/wp-json\/wp\/v2\/adventures_type?post=1158"},{"taxonomy":"destination","embeddable":true,"href":"https:\/\/vibeadventures.com\/pt\/wp-json\/wp\/v2\/destination?post=1158"},{"taxonomy":"operator","embeddable":true,"href":"https:\/\/vibeadventures.com\/pt\/wp-json\/wp\/v2\/operator?post=1158"},{"taxonomy":"physical_ranking","embeddable":true,"href":"https:\/\/vibeadventures.com\/pt\/wp-json\/wp\/v2\/physical_ranking?post=1158"},{"taxonomy":"season","embeddable":true,"href":"https:\/\/vibeadventures.com\/pt\/wp-json\/wp\/v2\/season?post=1158"},{"taxonomy":"suitability","embeddable":true,"href":"https:\/\/vibeadventures.com\/pt\/wp-json\/wp\/v2\/suitability?post=1158"},{"taxonomy":"sustainable-goals","embeddable":true,"href":"https:\/\/vibeadventures.com\/pt\/wp-json\/wp\/v2\/sustainable-goals?post=1158"},{"taxonomy":"travel_vibe","embeddable":true,"href":"https:\/\/vibeadventures.com\/pt\/wp-json\/wp\/v2\/travel_vibe?post=1158"},{"taxonomy":"product_cat","embeddable":true,"href":"https:\/\/vibeadventures.com\/pt\/wp-json\/wp\/v2\/product_cat?post=1158"},{"taxonomy":"product_tag","embeddable":true,"href":"https:\/\/vibeadventures.com\/pt\/wp-json\/wp\/v2\/product_tag?post=1158"}],"curies":[{"name":"wp","href":"https:\/\/api.w.org\/{rel}","templated":true}]}}