{"id":14077,"date":"2022-08-04T21:19:59","date_gmt":"2022-08-04T21:19:59","guid":{"rendered":"https:\/\/agency.vibeadventures.com\/?page_id=14077"},"modified":"2025-05-23T07:26:17","modified_gmt":"2025-05-23T13:26:17","slug":"turismo-sustentavel","status":"publish","type":"page","link":"https:\/\/vibeadventures.com\/pt\/turismo-sustentavel\/","title":{"rendered":"Pol\u00edtica de Sustentabilidade"},"content":{"rendered":"<figure class=\"wp-block-post-featured-image\"><img loading=\"lazy\" decoding=\"async\" width=\"676\" height=\"454\" src=\"https:\/\/vibeadventures.com\/wp-content\/uploads\/2022\/11\/images.avif\" class=\"attachment-post-thumbnail size-post-thumbnail wp-post-image\" alt=\"wace\" style=\"width:100%;height:67.16%;max-width:676px;object-fit:cover;\" srcset=\"https:\/\/vibeadventures.com\/wp-content\/uploads\/2022\/11\/images.avif 676w, https:\/\/vibeadventures.com\/wp-content\/uploads\/2022\/11\/images-300x201.png 300w, https:\/\/vibeadventures.com\/wp-content\/uploads\/2022\/11\/images-600x403.png 600w, https:\/\/vibeadventures.com\/wp-content\/uploads\/2022\/11\/images-64x43.png 64w\" sizes=\"auto, (max-width: 676px) 100vw, 676px\" \/><\/figure>\n\n\n<div class=\"wp-block-columns alignwide is-layout-flex wp-container-core-columns-is-layout-9d6595d7 wp-block-columns-is-layout-flex\">\n<div class=\"wp-block-column is-layout-flow wp-block-column-is-layout-flow\">\n<p>Na Vibe Adventures, acreditamos que nossa responsabilidade com o planeta vai al\u00e9m de nossas opera\u00e7\u00f5es imediatas. \u00c9 por isso que criamos uma <em>Pol\u00edtica sustent\u00e1vel<\/em> (alinhado com o <a href=\"https:\/\/vibeadventures.com\/pt\/vibe-adventures-assina-a-coalizao-do-futuro-do-turismo\/\" target=\"_blank\" rel=\"noreferrer noopener\"><em>Princ\u00edpios orientadores<\/em><\/a> do <a href=\"https:\/\/www.futureoftourism.org\/guiding-principles\" target=\"_blank\" rel=\"noreferrer noopener\"><em>Coaliz\u00e3o Futuro do Turismo<\/em><\/a>) que nos orienta na identifica\u00e7\u00e3o, monitoramento e aprimoramento dos aspectos ambientais e sociais de nossa empresa. Nosso objetivo \u00e9 criar um impacto positivo no turismo e, ao mesmo tempo, inspirar nossos parceiros a se juntarem a n\u00f3s em nossos esfor\u00e7os e trabalharem juntos para um futuro mais brilhante e sustent\u00e1vel para todos.<\/p>\n\n\n\n<h3 class=\"wp-block-heading\" id=\"h-1-team\"><strong>1. Equipe<\/strong><\/h3>\n\n\n\n<p>A Vibe Adventures se compromete com a gest\u00e3o interna da sustentabilidade, praticada por meio de a\u00e7\u00f5es e princ\u00edpios que garantem a prote\u00e7\u00e3o ambiental, melhoram as rela\u00e7\u00f5es com a comunidade e protegem os direitos humanos.<\/p>\n\n\n\n<p><\/p>\n\n\n\n<p><span style=\"text-decoration: underline;\">(a) Condi\u00e7\u00f5es de trabalho e crescimento pessoal&nbsp;<\/span><\/p>\n\n\n\n<ul class=\"wp-block-list\">\n<li>Proporcionar um ambiente de trabalho seguro e alinhar-se com todas as leis trabalhistas nacionais aplic\u00e1veis.<\/li>\n\n\n\n<li>Garantir uma remunera\u00e7\u00e3o justa baseada no mercado que esteja no mesmo n\u00edvel ou exceda os padr\u00f5es locais.<\/li>\n\n\n\n<li>Ofere\u00e7a arranjos de trabalho flex\u00edveis para apoiar o equil\u00edbrio entre a vida pessoal e profissional e a sa\u00fade mental.<\/li>\n\n\n\n<li>Proibir qualquer discrimina\u00e7\u00e3o com base em g\u00eanero, ra\u00e7a, idade, condi\u00e7\u00e3o f\u00edsica, etnia, religi\u00e3o\/cren\u00e7as ou orienta\u00e7\u00e3o sexual.<\/li>\n\n\n\n<li>Promover a diversidade e a inclus\u00e3o no local de trabalho, fomentando uma cultura de respeito e compreens\u00e3o.<\/li>\n\n\n\n<li>Incentive o feedback e o envolvimento dos funcion\u00e1rios por meio de avalia\u00e7\u00f5es regulares de desempenho e canais de comunica\u00e7\u00e3o abertos.<\/li>\n\n\n\n<li>Promover uma cultura positiva no local de trabalho por meio de atividades de forma\u00e7\u00e3o de equipes, programas de reconhecimento e um ambiente de trabalho favor\u00e1vel.<\/li>\n\n\n\n<li>Oferecer oportunidades de avan\u00e7o na carreira e crescimento profissional por meio de programas de orienta\u00e7\u00e3o, treinamento e desenvolvimento.<\/li>\n<\/ul>\n\n\n\n<p><br><span style=\"text-decoration: underline;\">(b) Gerenciamento ambiental:<\/span><\/p>\n\n\n\n<ul class=\"wp-block-list\">\n<li>Trabalhar ativamente para reduzir o uso de bens descart\u00e1veis e de consumo para reduzir o desperd\u00edcio.<\/li>\n\n\n\n<li>Reduzir o uso de papel implementando pr\u00e1ticas sem papel e digitalizando documentos sempre que poss\u00edvel.<\/li>\n\n\n\n<li>Reduzir o impacto ambiental do transporte promovendo o teletrabalho, tele\/reuni\u00f5es, pol\u00edticas de trabalho em casa ou outras alternativas adequadas.<\/li>\n\n\n\n<li>Pratique a conserva\u00e7\u00e3o de energia desligando as luzes e os equipamentos quando n\u00e3o estiverem em uso.<\/li>\n\n\n\n<li>Priorize a compra de equipamentos de baixo consumo de energia ao adquirir novos itens.<\/li>\n\n\n\n<li>Incentive os funcion\u00e1rios a usar m\u00e9todos de deslocamento ecologicamente corretos, como caminhar, andar de bicicleta ou usar o transporte p\u00fablico.<\/li>\n\n\n\n<li>Fornecer treinamento e orienta\u00e7\u00e3o ambiental a todos os funcion\u00e1rios e incentivar seu envolvimento ativo em pr\u00e1ticas sustent\u00e1veis.<\/li>\n<\/ul>\n\n\n\n<h3 class=\"wp-block-heading\" id=\"h-2-partners\"><strong>2. Parceiros<\/strong><\/h3>\n\n\n\n<p>O Vibe Adventures tamb\u00e9m se esfor\u00e7a para melhorar a sustentabilidade de nossos parceiros, implementando um modelo de comunidade a ser seguido pelos organizadores de turismo parceiros. Ele se baseia em tr\u00eas pilares com iniciativas que est\u00e3o alinhadas com<a href=\"https:\/\/www.un.org\/sustainabledevelopment\/sustainable-development-goals\/\"> <\/a><span style=\"text-decoration: underline;\"><a href=\"https:\/\/www.un.org\/sustainabledevelopment\/sustainable-development-goals\/\" target=\"_blank\" rel=\"noreferrer noopener\">Objetivos de Desenvolvimento Sustent\u00e1vel (SDGs) das Na\u00e7\u00f5es Unidas<\/a>:<\/span><\/p>\n\n\n\n<ol class=\"wp-block-list\">\n<li><strong>Capacitar as comunidades locais:<\/strong>\n<ul class=\"wp-block-list\">\n<li>(ODS <em>1: Sem pobreza<\/em>) Empregar membros da comunidade local e integr\u00e1-los \u00e0 cadeia de valor do turismo (a maioria dos nossos passeios \u00e9 conduzida por guias locais).<\/li>\n\n\n\n<li>(ODS <em>2: Fome Zero<\/em>) Em passeios relacionados a alimentos, coopere e desenvolva parcerias com pequenos agricultores locais, comunidades agr\u00edcolas e cooperativas.&nbsp;<\/li>\n\n\n\n<li>(ODS <em>3: Boa sa\u00fade e bem-estar<\/em>) Ao organizar excurs\u00f5es, aplique as pr\u00e1ticas recomendadas dos recursos j\u00e1 existentes sobre sa\u00fade para obter orienta\u00e7\u00e3o (por exemplo, os da OMS e do WTTC).<\/li>\n\n\n\n<li>(ODS <em>4: Educa\u00e7\u00e3o de qualidade<\/em>) Crie programas (est\u00e1gios, programas de trabalho-estudo) que ofere\u00e7am aos alunos acesso antecipado ao ambiente corporativo e demonstrem oportunidades de emprego no turismo, al\u00e9m de oferecer aos funcion\u00e1rios oportunidades cont\u00ednuas de aprimoramento de suas habilidades (profissionais).<\/li>\n\n\n\n<li>(ODS <em>5: Igualdade de g\u00eanero<\/em>) Garantir a participa\u00e7\u00e3o suficiente de mulheres (mais de 40% de nossos funcion\u00e1rios, tanto da equipe do escrit\u00f3rio quanto dos guias e motoristas, s\u00e3o mulheres) e pagar remunera\u00e7\u00e3o igual, incluindo benef\u00edcios.<\/li>\n\n\n\n<li>(ODS <em>8: Trabalho decente e crescimento econ\u00f4mico)<\/em> Dar acesso a oportunidades de trabalho decente no setor de turismo para grupos sub-representados, especialmente jovens e mulheres.&nbsp;<\/li>\n\n\n\n<li>(ODS 10: <em>Redu\u00e7\u00e3o das desigualdades<\/em>) Reduzir as desigualdades e os desequil\u00edbrios regionais, dando \u00e0s comunidades a oportunidade de prosperar em seu local de origem.&nbsp;<\/li>\n<\/ul>\n<\/li>\n\n\n\n<li><strong>Proteger o patrim\u00f4nio cultural e natural:<\/strong>\n<ul class=\"wp-block-list\">\n<li>(ODS 11: <em>Cidades e comunidades sustent\u00e1veis<\/em>) Promover um comportamento respeitoso em rela\u00e7\u00e3o ao patrim\u00f4nio cultural e natural, educando os viajantes sobre os costumes, tradi\u00e7\u00f5es e valores locais.<\/li>\n\n\n\n<li>(ODS 16: <em>Paz, justi\u00e7a e institui\u00e7\u00f5es s\u00f3lidas<\/em>) Promover o interc\u00e2mbio cultural e incentivar os viajantes a interagir com as comunidades locais e aprender sobre suas tradi\u00e7\u00f5es e valores fundamentais, promovendo assim a compreens\u00e3o intercultural, o respeito, a toler\u00e2ncia e a paz.<\/li>\n\n\n\n<li>(ODS 17: <em>Parcerias para as metas<\/em>) Promover e incentivar a implementa\u00e7\u00e3o do C\u00f3digo Global de \u00c9tica para o Turismo entre os viajantes, as comunidades locais e os organizadores de excurs\u00f5es.<\/li>\n<\/ul>\n<\/li>\n\n\n\n<li><strong>Beneficiar o planeta:<\/strong>\n<ul class=\"wp-block-list\">\n<li>(ODS <em>6: \u00c1gua limpa e saneamento<\/em>) Educar os viajantes sobre comportamentos respons\u00e1veis em rela\u00e7\u00e3o ao consumo de \u00e1gua, explicando as quest\u00f5es globais e locais de qualidade e escassez de \u00e1gua, especialmente aquelas nas \u00e1reas onde os passeios s\u00e3o realizados.<\/li>\n\n\n\n<li>(ODS 12: <em>Consumo e produ\u00e7\u00e3o respons\u00e1veis<\/em>) Desenvolver e administrar produtos de turismo sustent\u00e1vel que promovam pr\u00e1ticas respons\u00e1veis de consumo e produ\u00e7\u00e3o, como atividades de ecoturismo, passeios culturais sustent\u00e1veis e turismo respons\u00e1vel pela vida selvagem.<\/li>\n\n\n\n<li>(ODS 13: <em>A\u00e7\u00e3o clim\u00e1tica<\/em>)\n<ul class=\"wp-block-list\">\n<li>Use ilumina\u00e7\u00e3o com efici\u00eancia energ\u00e9tica e d\u00ea prefer\u00eancia a op\u00e7\u00f5es de acomoda\u00e7\u00e3o sustent\u00e1veis, como hot\u00e9is, pousadas e casas de fam\u00edlia ecologicamente corretas que usem fontes de energia renov\u00e1veis, reduzam o consumo de \u00e1gua e minimizem a gera\u00e7\u00e3o de res\u00edduos.<\/li>\n\n\n\n<li>Educar os viajantes sobre os impactos das mudan\u00e7as clim\u00e1ticas no turismo e a import\u00e2ncia de tomar medidas para mitigar seus efeitos.&nbsp;<\/li>\n<\/ul>\n<\/li>\n\n\n\n<li>(ODS 14: <em>Life Below Water)<\/em> Durante as excurs\u00f5es nas \u00e1reas costeiras, conscientize os viajantes sobre maneiras eficazes de descartar adequadamente seus res\u00edduos para desencorajar o lixo e promover um comportamento respons\u00e1vel, al\u00e9m de chamar a aten\u00e7\u00e3o deles sobre pr\u00e1ticas il\u00edcitas que colocam as esp\u00e9cies e os recursos marinhos em maior risco de danos, explora\u00e7\u00e3o ou esgotamento.<\/li>\n\n\n\n<li>(ODS 15: <em>Vida na terra<\/em>)\n<ul class=\"wp-block-list\">\n<li>Educar os viajantes sobre comportamentos adequados ao visitar florestas ou \u00e1reas naturais, incluindo a intera\u00e7\u00e3o com a vida selvagem local.<\/li>\n\n\n\n<li>Promover <a href=\"https:\/\/www.worldanimalprotection.org\/responsible-travel\/real-responsible-traveller?gclid=CjwKCAjwpayjBhAnEiwA-7ena2xl-xfy1ctKzZ7UGn7MYVQ4QcuCEwbFoEkTDPAf01Z40EuWmBTEtBoCpnYQAvD_BwE\" target=\"_blank\" rel=\"noreferrer noopener\">turismo respons\u00e1vel pela vida selvagem<\/a> apoiando os esfor\u00e7os de conserva\u00e7\u00e3o e evitando atividades que explorem ou prejudiquem a vida selvagem.<\/li>\n<\/ul>\n<\/li>\n<\/ul>\n<\/li>\n<\/ol>\n\n\n\n<p>Para serem considerados parceiros locais, os organizadores de turismo devem participar de pelo menos duas das iniciativas acima e comprovar a integra\u00e7\u00e3o dessas iniciativas em suas opera\u00e7\u00f5es. Exceto por isso,<br>Os parceiros do Vibe Adventures devem:<\/p>\n\n\n\n<ul class=\"wp-block-list\">\n<li>Cumprir todas as leis nacionais de emprego e de organiza\u00e7\u00e3o de turn\u00eas.&nbsp;<\/li>\n\n\n\n<li>Possuir toda a documenta\u00e7\u00e3o legal necess\u00e1ria, incluindo registro comercial, licenciamento e seguro, exigida pelas leis nacionais para oferecer os servi\u00e7os anunciados.<\/li>\n\n\n\n<li>Demonstrar experi\u00eancia em organiza\u00e7\u00e3o de turismo por meio de um m\u00ednimo de 20 avalia\u00e7\u00f5es p\u00fablicas positivas (por exemplo, no Tripadvisor, Yelp ou Google).<\/li>\n<\/ul>\n\n\n\n<h3 class=\"wp-block-heading\" id=\"h-3-destinations-and-tours\"><strong>3. Destinos e passeios<\/strong><\/h3>\n\n\n\n<p>A Vibe Adventures tem o compromisso de proteger a integridade das comunidades locais e, ao mesmo tempo, opor-se a a\u00e7\u00f5es que prejudiquem a vida selvagem ou poluam o meio ambiente. A empresa se esfor\u00e7a para maximizar os impactos positivos e minimizar os efeitos negativos nos destinos para garantir seu desenvolvimento sustent\u00e1vel. Para atingir esse objetivo, a Vibe Adventures delineou um conjunto de a\u00e7\u00f5es que se compromete a realizar:&nbsp;<\/p>\n\n\n\n<ul class=\"wp-block-list\">\n<li>N\u00e3o oferecer atividades que possam causar danos aos seres humanos, \u00e0 vida selvagem ou ao meio ambiente, ou que sejam consideradas social e culturalmente inaceit\u00e1veis.<\/li>\n\n\n\n<li>Oponha-se a atividades que envolvam vida selvagem em cativeiro, exceto aquelas que sejam devidamente regulamentadas e estejam em conformidade com as leis locais, nacionais e internacionais.<\/li>\n\n\n\n<li>Promover passeios e atividades que apoiem financeiramente as comunidades locais por meio do consumo de seus servi\u00e7os e produtos.<\/li>\n\n\n\n<li>Incentivar os viajantes a participar de passeios e atividades que apoiem o meio ambiente e a biodiversidade locais.<\/li>\n\n\n\n<li>Limite o n\u00famero de atividades oferecidas em destinos que tenham impactos ambientais e sociais negativos e priorize destinos alternativos e menos comuns.<\/li>\n<\/ul>\n\n\n\n<p><\/p>\n\n\n\n<h4 class=\"wp-block-heading has-text-align-center\" id=\"h-check-our-local-tours\"><a href=\"https:\/\/vibeadventures.com\/pt\/passeios\/\" target=\"_blank\" rel=\"noreferrer noopener\" class=\"ek-link\"><span style=\"text-decoration: underline;\"><strong>Confira nossos passeios locais<\/strong><\/span><\/a> \ud83d\udccd\ud83c\udf0e<\/h4>\n<\/div>\n<\/div>","protected":false},"excerpt":{"rendered":"<p>Na Vibe Adventures, acreditamos que nossa responsabilidade para com o planeta vai al\u00e9m de nossas opera\u00e7\u00f5es imediatas. \u00c9 por isso que criamos uma Pol\u00edtica Sustent\u00e1vel (alinhada com os Princ\u00edpios Orientadores da Coaliz\u00e3o do Futuro do Turismo) que nos orienta na identifica\u00e7\u00e3o, monitoramento e aprimoramento dos aspectos ambientais e sociais de nossa empresa. Nosso objetivo \u00e9 criar... <a class=\"more-link\" href=\"https:\/\/vibeadventures.com\/pt\/turismo-sustentavel\/\">Continuar lendo <span class=\"screen-reader-text\">Pol\u00edtica de Sustentabilidade<\/span><\/a><\/p>","protected":false},"author":1,"featured_media":17513,"parent":0,"menu_order":0,"comment_status":"closed","ping_status":"closed","template":"","meta":{"_acf_changed":false,"footnotes":""},"class_list":["post-14077","page","type-page","status-publish","has-post-thumbnail","hentry","entry"],"acf":[],"yoast_head":"<!-- This site is optimized with the Yoast SEO Premium plugin v24.7 (Yoast SEO v24.7) - https:\/\/yoast.com\/wordpress\/plugins\/seo\/ -->\n<title>Sustainability Policy &#8226; Vibe Adventures<\/title>\n<meta name=\"description\" content=\"At Vibe Adventures, we believe that our responsibility to the planet extends beyond our immediate operations. That&#039;s why we have created a Sustainable\" \/>\n<meta name=\"robots\" content=\"noindex, nofollow\" \/>\n<meta property=\"og:locale\" content=\"pt_BR\" \/>\n<meta property=\"og:type\" content=\"article\" \/>\n<meta property=\"og:title\" content=\"Sustainability Policy\" \/>\n<meta property=\"og:description\" content=\"At Vibe Adventures, we believe that our responsibility to the planet extends beyond our immediate operations. That&#039;s why we have created a Sustainable\" \/>\n<meta property=\"og:url\" content=\"https:\/\/vibeadventures.com\/pt\/turismo-sustentavel\/\" \/>\n<meta property=\"og:site_name\" content=\"Vibe Adventures\" \/>\n<meta property=\"article:publisher\" content=\"https:\/\/www.facebook.com\/VibeAdventures\/\" \/>\n<meta property=\"article:modified_time\" content=\"2025-05-23T13:26:17+00:00\" \/>\n<meta property=\"og:image\" content=\"https:\/\/vibeadventures.com\/wp-content\/uploads\/2022\/11\/images.png\" \/>\n\t<meta property=\"og:image:width\" content=\"676\" \/>\n\t<meta property=\"og:image:height\" content=\"454\" \/>\n\t<meta property=\"og:image:type\" content=\"image\/png\" \/>\n<meta name=\"twitter:card\" content=\"summary_large_image\" \/>\n<meta name=\"twitter:site\" content=\"@vibe_adventures\" \/>\n<meta name=\"twitter:label1\" content=\"Est. tempo de leitura\" \/>\n\t<meta name=\"twitter:data1\" content=\"5 minutos\" \/>\n<script type=\"application\/ld+json\" class=\"yoast-schema-graph\">{\"@context\":\"https:\/\/schema.org\",\"@graph\":[{\"@type\":\"WebPage\",\"@id\":\"https:\/\/vibeadventures.com\/sustainable-tourism\/\",\"url\":\"https:\/\/vibeadventures.com\/sustainable-tourism\/\",\"name\":\"Sustainability Policy &#8226; Vibe Adventures\",\"isPartOf\":{\"@id\":\"https:\/\/vibeadventures.com\/#website\"},\"primaryImageOfPage\":{\"@id\":\"https:\/\/vibeadventures.com\/sustainable-tourism\/#primaryimage\"},\"image\":{\"@id\":\"https:\/\/vibeadventures.com\/sustainable-tourism\/#primaryimage\"},\"thumbnailUrl\":\"https:\/\/vibeadventures.com\/wp-content\/uploads\/2022\/11\/images.avif\",\"datePublished\":\"2022-08-04T21:19:59+00:00\",\"dateModified\":\"2025-05-23T13:26:17+00:00\",\"description\":\"At Vibe Adventures, we believe that our responsibility to the planet extends beyond our immediate operations. That's why we have created a Sustainable\",\"breadcrumb\":{\"@id\":\"https:\/\/vibeadventures.com\/sustainable-tourism\/#breadcrumb\"},\"inLanguage\":\"pt-BR\",\"potentialAction\":[{\"@type\":\"ReadAction\",\"target\":[\"https:\/\/vibeadventures.com\/sustainable-tourism\/\"]}]},{\"@type\":\"ImageObject\",\"inLanguage\":\"pt-BR\",\"@id\":\"https:\/\/vibeadventures.com\/sustainable-tourism\/#primaryimage\",\"url\":\"https:\/\/vibeadventures.com\/wp-content\/uploads\/2022\/11\/images.avif\",\"contentUrl\":\"https:\/\/vibeadventures.com\/wp-content\/uploads\/2022\/11\/images.avif\",\"width\":676,\"height\":454,\"caption\":\"wace\"},{\"@type\":\"BreadcrumbList\",\"@id\":\"https:\/\/vibeadventures.com\/sustainable-tourism\/#breadcrumb\",\"itemListElement\":[{\"@type\":\"ListItem\",\"position\":1,\"name\":\"Home\",\"item\":\"https:\/\/vibeadventures.com\/\"},{\"@type\":\"ListItem\",\"position\":2,\"name\":\"Sustainability Policy\"}]},{\"@type\":\"WebSite\",\"@id\":\"https:\/\/vibeadventures.com\/#website\",\"url\":\"https:\/\/vibeadventures.com\/\",\"name\":\"Vibe Adventures\",\"description\":\"Authentic Local Adventures &amp; Tours\",\"publisher\":{\"@id\":\"https:\/\/vibeadventures.com\/#organization\"},\"potentialAction\":[{\"@type\":\"SearchAction\",\"target\":{\"@type\":\"EntryPoint\",\"urlTemplate\":\"https:\/\/vibeadventures.com\/?s={search_term_string}\"},\"query-input\":{\"@type\":\"PropertyValueSpecification\",\"valueRequired\":true,\"valueName\":\"search_term_string\"}}],\"inLanguage\":\"pt-BR\"},{\"@type\":\"Organization\",\"@id\":\"https:\/\/vibeadventures.com\/#organization\",\"name\":\"Vibe Adventures\",\"url\":\"https:\/\/vibeadventures.com\/\",\"logo\":{\"@type\":\"ImageObject\",\"inLanguage\":\"pt-BR\",\"@id\":\"https:\/\/vibeadventures.com\/#\/schema\/logo\/image\/\",\"url\":\"https:\/\/vibeadventures.com\/wp-content\/uploads\/2022\/01\/vibe-adventures-logo-green-TRANSPARENT-481-x-152-1-e1587500448458-2.avif\",\"contentUrl\":\"https:\/\/vibeadventures.com\/wp-content\/uploads\/2022\/01\/vibe-adventures-logo-green-TRANSPARENT-481-x-152-1-e1587500448458-2.avif\",\"width\":490,\"height\":100,\"caption\":\"Vibe Adventures\"},\"image\":{\"@id\":\"https:\/\/vibeadventures.com\/#\/schema\/logo\/image\/\"},\"sameAs\":[\"https:\/\/www.facebook.com\/VibeAdventures\/\",\"https:\/\/x.com\/vibe_adventures\",\"https:\/\/instagram.com\/vibe.adventures\",\"https:\/\/www.linkedin.com\/company\/vibe-adventures\/?viewAsMember=true\",\"https:\/\/www.pinterest.com\/Vibe_Adventures\/\",\"https:\/\/www.youtube.com\/channel\/UCQ9qyA-fVkdXarHBlzDCUBA?view_as=subscriber\",\"https:\/\/www.tiktok.com\/@vibeadventures\"]}]}<\/script>\n<!-- \/ Yoast SEO Premium plugin. -->","yoast_head_json":{"title":"Pol\u00edtica de sustentabilidade - Vibe Adventures","description":"Na Vibe Adventures, acreditamos que nossa responsabilidade para com o planeta vai al\u00e9m de nossas opera\u00e7\u00f5es imediatas. \u00c9 por isso que criamos uma Pol\u00edtica de Sustentabilidade","robots":{"index":"noindex","follow":"nofollow"},"og_locale":"pt_BR","og_type":"article","og_title":"Sustainability Policy","og_description":"At Vibe Adventures, we believe that our responsibility to the planet extends beyond our immediate operations. That's why we have created a Sustainable","og_url":"https:\/\/vibeadventures.com\/pt\/turismo-sustentavel\/","og_site_name":"Vibe Adventures","article_publisher":"https:\/\/www.facebook.com\/VibeAdventures\/","article_modified_time":"2025-05-23T13:26:17+00:00","og_image":[{"width":676,"height":454,"url":"https:\/\/vibeadventures.com\/wp-content\/uploads\/2022\/11\/images.png","type":"image\/png"}],"twitter_card":"summary_large_image","twitter_site":"@vibe_adventures","twitter_misc":{"Est. tempo de leitura":"5 minutos"},"schema":{"@context":"https:\/\/schema.org","@graph":[{"@type":"WebPage","@id":"https:\/\/vibeadventures.com\/sustainable-tourism\/","url":"https:\/\/vibeadventures.com\/sustainable-tourism\/","name":"Pol\u00edtica de sustentabilidade - Vibe Adventures","isPartOf":{"@id":"https:\/\/vibeadventures.com\/#website"},"primaryImageOfPage":{"@id":"https:\/\/vibeadventures.com\/sustainable-tourism\/#primaryimage"},"image":{"@id":"https:\/\/vibeadventures.com\/sustainable-tourism\/#primaryimage"},"thumbnailUrl":"https:\/\/vibeadventures.com\/wp-content\/uploads\/2022\/11\/images.avif","datePublished":"2022-08-04T21:19:59+00:00","dateModified":"2025-05-23T13:26:17+00:00","description":"Na Vibe Adventures, acreditamos que nossa responsabilidade para com o planeta vai al\u00e9m de nossas opera\u00e7\u00f5es imediatas. \u00c9 por isso que criamos uma Pol\u00edtica de Sustentabilidade","breadcrumb":{"@id":"https:\/\/vibeadventures.com\/sustainable-tourism\/#breadcrumb"},"inLanguage":"pt-BR","potentialAction":[{"@type":"ReadAction","target":["https:\/\/vibeadventures.com\/sustainable-tourism\/"]}]},{"@type":"ImageObject","inLanguage":"pt-BR","@id":"https:\/\/vibeadventures.com\/sustainable-tourism\/#primaryimage","url":"https:\/\/vibeadventures.com\/wp-content\/uploads\/2022\/11\/images.avif","contentUrl":"https:\/\/vibeadventures.com\/wp-content\/uploads\/2022\/11\/images.avif","width":676,"height":454,"caption":"wace"},{"@type":"BreadcrumbList","@id":"https:\/\/vibeadventures.com\/sustainable-tourism\/#breadcrumb","itemListElement":[{"@type":"ListItem","position":1,"name":"Home","item":"https:\/\/vibeadventures.com\/"},{"@type":"ListItem","position":2,"name":"Sustainability Policy"}]},{"@type":"WebSite","@id":"https:\/\/vibeadventures.com\/#website","url":"https:\/\/vibeadventures.com\/","name":"Vibe Adventures","description":"Aventuras e passeios locais aut\u00eanticos","publisher":{"@id":"https:\/\/vibeadventures.com\/#organization"},"potentialAction":[{"@type":"SearchAction","target":{"@type":"EntryPoint","urlTemplate":"https:\/\/vibeadventures.com\/?s={search_term_string}"},"query-input":{"@type":"PropertyValueSpecification","valueRequired":true,"valueName":"search_term_string"}}],"inLanguage":"pt-BR"},{"@type":"Organization","@id":"https:\/\/vibeadventures.com\/#organization","name":"Vibe Adventures","url":"https:\/\/vibeadventures.com\/","logo":{"@type":"ImageObject","inLanguage":"pt-BR","@id":"https:\/\/vibeadventures.com\/#\/schema\/logo\/image\/","url":"https:\/\/vibeadventures.com\/wp-content\/uploads\/2022\/01\/vibe-adventures-logo-green-TRANSPARENT-481-x-152-1-e1587500448458-2.avif","contentUrl":"https:\/\/vibeadventures.com\/wp-content\/uploads\/2022\/01\/vibe-adventures-logo-green-TRANSPARENT-481-x-152-1-e1587500448458-2.avif","width":490,"height":100,"caption":"Vibe Adventures"},"image":{"@id":"https:\/\/vibeadventures.com\/#\/schema\/logo\/image\/"},"sameAs":["https:\/\/www.facebook.com\/VibeAdventures\/","https:\/\/x.com\/vibe_adventures","https:\/\/instagram.com\/vibe.adventures","https:\/\/www.linkedin.com\/company\/vibe-adventures\/?viewAsMember=true","https:\/\/www.pinterest.com\/Vibe_Adventures\/","https:\/\/www.youtube.com\/channel\/UCQ9qyA-fVkdXarHBlzDCUBA?view_as=subscriber","https:\/\/www.tiktok.com\/@vibeadventures"]}]}},"_links":{"self":[{"href":"https:\/\/vibeadventures.com\/pt\/wp-json\/wp\/v2\/pages\/14077","targetHints":{"allow":["GET"]}}],"collection":[{"href":"https:\/\/vibeadventures.com\/pt\/wp-json\/wp\/v2\/pages"}],"about":[{"href":"https:\/\/vibeadventures.com\/pt\/wp-json\/wp\/v2\/types\/page"}],"author":[{"embeddable":true,"href":"https:\/\/vibeadventures.com\/pt\/wp-json\/wp\/v2\/users\/1"}],"replies":[{"embeddable":true,"href":"https:\/\/vibeadventures.com\/pt\/wp-json\/wp\/v2\/comments?post=14077"}],"version-history":[{"count":1,"href":"https:\/\/vibeadventures.com\/pt\/wp-json\/wp\/v2\/pages\/14077\/revisions"}],"predecessor-version":[{"id":30255,"href":"https:\/\/vibeadventures.com\/pt\/wp-json\/wp\/v2\/pages\/14077\/revisions\/30255"}],"wp:featuredmedia":[{"embeddable":true,"href":"https:\/\/vibeadventures.com\/pt\/wp-json\/wp\/v2\/media\/17513"}],"wp:attachment":[{"href":"https:\/\/vibeadventures.com\/pt\/wp-json\/wp\/v2\/media?parent=14077"}],"curies":[{"name":"wp","href":"https:\/\/api.w.org\/{rel}","templated":true}]}}