{"id":19997,"date":"2023-03-17T18:24:59","date_gmt":"2023-03-17T18:24:59","guid":{"rendered":"https:\/\/vibeadventures.com\/?post_type=product&#038;p=19997"},"modified":"2024-02-20T22:01:45","modified_gmt":"2024-02-21T04:01:45","slug":"tour-oaxaca-gruppo-mitla","status":"publish","type":"product","link":"https:\/\/vibeadventures.com\/it\/tour\/tour-oaxaca-gruppo-mitla\/","title":{"rendered":"Tour di Oaxaca: Scoprire l'antico albero di Tule e l'incredibile Teotitlan (Gruppo \/ 8h)"},"content":{"rendered":"","protected":false},"excerpt":{"rendered":"","protected":false},"featured_media":20006,"comment_status":"open","ping_status":"closed","template":"","meta":{"_acf_changed":false},"adventures_type":[202],"destination":[559],"operator":[],"physical_ranking":[209],"season":[192],"suitability":[138,136,139,140,141,137,142],"sustainable-goals":[613,614,617,610],"travel_vibe":[150],"product_cat":[154],"product_tag":[312,94],"class_list":{"0":"post-19997","1":"product","2":"type-product","3":"status-publish","4":"has-post-thumbnail","6":"adventures_type-group","7":"destination-oaxaca","8":"physical_ranking-moderate","9":"season-all-year","10":"suitability-couples","11":"suitability-kid-friendly","12":"suitability-lgbt","13":"suitability-senior","14":"suitability-solo","15":"suitability-women-only","16":"suitability-youth","17":"sustainable-goals-goal-11-sustainable-cities-and-communities","18":"sustainable-goals-goal-12-responsible-consumption-and-production","19":"sustainable-goals-goal-15-life-on-land","20":"sustainable-goals-goal-8-decent-work-and-economic-growth","21":"travel_vibe-nature-and-outdoors-tours","22":"product_cat-1-day-tours","23":"product_tag-culture-landmarks","24":"product_tag-photo-tours","25":"entry","27":"first","28":"instock","29":"shipping-taxable","30":"purchasable","31":"product-type-simple"},"acf":{"type_of_tour":"1-Day","duration_days":"","duration_hours":8,"mood":"Private","logisticsc":"10:00 AM","toogle_time":"","logisticsa":"1","logisticsa_toggle":false,"pick_up_location":null,"pick_up_location_toggle":null,"private_pickup":"Pickup included: your accommodation or another convenient place of your choice.","private_pickup_toggle":"Pickup included: your accommodation or another convenient place of your choice.","both_pickup":"","both_pickup_copy":"Exact time and location to be specified in the trip notes that are sent 1-2 weeks before the tour.","customization_group":"","customization_private":"","confirmation_select_private":"Automatic","confirmation_text_private":"Automatic confirmation (your departure is automatically confirmed and 100% guaranteed).","confirmation_select_group":"Manual","confirmation_text_group":"Manual confirmation (if a minimum number of participants is not met, we may cancel and fully refund your booking).","transfers":"","customize":"no","customizable_details":"We can do the following customizations on your request (subject to availability and needs to be confirmed before the tour):\r\n- Adjust the starting time of the tour.\r\n- Adjust the time you spend at each destination of the tour.\r\n- Add extra places of your choice (e.g. attractions, restaurants, etc.) to the itinerary on a complimentary basis if those visits (1) fit the default duration of the tour, (2) don\u2019t involve a significant change of the route and extra fees (e.g. entrance tickets, tolls, parking, etc.). \r\nChanges other than those will involve an extra fee and must be communicated to the tour organizer at least 72h before the tour (e.g. in the \u201cSpecial Requirements\u201d field during the booking or via email).","what_take":[{"take":"Comfortable light clothes and shoes; sunscreen and sunglasses; hat or cap; some cash. "}],"extra_notes":"","cancellations":"","discount-tour":null,"tour_operator":false,"maxage":100,"minage":3,"group_size":30,"location":559,"language":["English","Spanish"],"tags":[312,94],"theme":[150],"adventure_type":[202],"accessibility":"\ud83d\uded1 Not wheelchair accessible.","pets":"\ud83d\uded1 Not permitted.","difficulty":209,"suitability":[138,136,139,140,141,137,142],"seasonall":[192],"included":{"guides":"yes","guidese":"Service of a local guide.","accommodation":"no","accommodatione":"","accommodations":[],"transportation":"yes","transportatione":"Transportation in an air-conditioned vehicle.","flights":"no","flightse":"","insurance":"yes","insurancee":"","tips":"no","tipse":"","meals":"yes","mealse":"Mezcal tasting.","expenses":"no","expensese":"","activities":"yes","activitiese":"Walking tours of Mitla, Santa Mar\u00eda del Tule, and Teotitl\u00e1n del Valle; entrance tickets to all attractions mentioned above."},"overview":"Come to the <em>Tour Oaxaca<\/em> and discover its incredible natural and cultural wonders: <em>Santa Maria el Tule<\/em> to witness the <em>Tule Tree<\/em>, the oldest tree in the world. Also, in <em>Teotitlan del Valle<\/em> you can marvel at handmade textiles and visit the ceremonial center of <em>Mitla<\/em> with its unique mosaic decorations. Finally, you can't miss the petrified waterfalls of <em>Hierve el Agua<\/em> and mineral baths!","itinerary":"Get ready for the <em>Tour Oaxaca<\/em> to discover some of the best places in <em>Mexico<\/em>. Start with a visit to <em>Santa Maria el Tule<\/em>, home of one of the most extraordinary natural beauties including the giant tree (The <em>Tule Tree<\/em>), with a height of 40 meters and a diameter of more than 50 meters. It is said it's more than 2000 years old, which makes it perhaps one of the biggest and oldest living things in the world. You'll then make a little stop in the small town of <em>Teotitlan del Valle<\/em>, famous for its homemade textiles.\r\n\r\nOne of the day's highlights will be a visit to <em>Mitla<\/em>, which in <em>Nahuatl<\/em> means \"Place of the Dead\". Mitla used to be a ceremonial center of\u00a0the <em>Zapotecs<\/em> and it\u00b4s now famed for its outstanding mosaics on its walls, a unique style of decorating in <em>Mesoamerica<\/em>.\r\n\r\nContinue the <em>Tour Oaxaca<\/em> with an adventurous visit to <em>Hierve el Agua<\/em>, where you'll have the chance to see the petrified waterfalls and take a refreshing dip into the mineral baths while enjoying the breathtaking landscape.\r\n\r\nConclude the day in the most typical way: At a <em>mezcal<\/em> distillery. Learn about the traditional production process and you won't leave before you have tasted <em>Oaxaca's<\/em> sacred liquor.","repeater":null,"destinations":[{"destination":"Santa Mar\u00eda del Tule","location":{"address":"Santa Mar\u00eda del Tule, Oax., M\u00e9xico","lat":17.0447413,"lng":-96.6330819,"zoom":14,"place_id":"ChIJhU1roVkkx4URfOPtnluNMaM","name":"Santa Mar\u00eda del Tule","city":"Santa Mar\u00eda del Tule","state":"Oaxaca","state_short":"Oax.","country":"M\u00e9xico","country_short":"MX"}},{"destination":"Teotitlan del Valle","location":{"address":"Teotitl\u00e1n del Valle, Oax., M\u00e9xico","lat":17.0301555,"lng":-96.520726,"zoom":14,"place_id":"ChIJE0mNZUQux4URActFKySLiG4","name":"Teotitl\u00e1n del Valle","city":"Teotitl\u00e1n del Valle","state":"Oaxaca","state_short":"Oax.","post_code":70420,"country":"M\u00e9xico","country_short":"MX"}},{"destination":"Mitla","location":{"address":"Mitla, Oax., M\u00e9xico","lat":16.9146182,"lng":-96.301011,"zoom":14,"place_id":"ChIJ8W80DMrOwIURvVQ6ruoS5HA","name":"Mitla","city":"Mitla","state":"Oaxaca","state_short":"Oax.","country":"M\u00e9xico","country_short":"MX"}},{"destination":"Hierve El Agua","location":{"address":"Hierve el Agua, Hierve el Agua, Oaxaca de Ju\u00e1rez, Oax., M\u00e9xico","lat":16.8656531,"lng":-96.27600650000001,"zoom":14,"place_id":"ChIJ45FElP7IwIUR_Y671emlmy0","name":"Hierve el Agua","street_name":"Hierve el Agua","city":"Oaxaca de Ju\u00e1rez","state":"Oaxaca","state_short":"Oax.","country":"M\u00e9xico","country_short":"MX"}}],"highlights":[{"highlight":"Discover Santa Maria el Tule and its famous long-lived tree."},{"highlight":"Stop in Teotitlan del Valle to see beautiful homemade textiles."},{"highlight":"Get acquainted with Mitla and see outstanding mosaics on its walls."},{"highlight":"Stop at Hierve el Agua to see unique petrified waterfalls and take a mineral bath."},{"highlight":"Visit a mezcal distillery to learn about traditional production and tasting."}],"galleryes":"no","gallery":[20006,20007,20000,20005,20002,20004,20001,20003],"video":"","pdf":"","tourradar":null,"sustainability_tax":[613,614,617,610],"goals_description":"The tour aligns with Sustainable Development Goals (SDGs) by promoting cultural preservation and responsible tourism. The visit to Santa Maria el Tule, with its ancient Tule Tree, emphasizes the importance of preserving natural wonders, contributing to SDG 15 (Life on Land) by recognizing and protecting biodiversity.\r\n\r\nAdditionally, the stop in Teotitlan del Valle, known for its homemade textiles, supports SDG 8 (Decent Work and Economic Growth) by contributing to the local economy through sustainable tourism practices.\r\n\r\nThe exploration of Mitla, a Zapotec ceremonial center, further contributes to cultural preservation, aligning with SDG 11 (Sustainable Cities and Communities). The tour's conclusion at a mezcal distillery not only promotes cultural understanding but also aligns with SDG 12 (Responsible Consumption and Production) by showcasing traditional production methods.","authenticity":"We do our best to make our trips educative and fulfilling, in which travelers can interact with local populations, learn about their traditions, and culture, and connect with their core values.","impact":"This tour is organized by or involves significant participation of local communities and service providers thus creating employment, increasing consumption, and benefitting the socio-economic development of the region.","why":"Just sightseeing and fun: no visits to tourist shops and restaurants.\r\nIdeal for small groups: the price is fixed and varies just slightly based on the number of participants.\r\nFlexibility: adjust the program and route to your interests or extend the duration for an extra fee.","calendar":"Bokun","calendar_group":false,"rezdy":"","toggle_calendar":"","bokun":"<script type=\"text\/javascript\" src=\"https:\/\/widgets.bokun.io\/assets\/javascripts\/apps\/build\/BokunWidgetsLoader.js?bookingChannelUUID=c3e63399-5f41-478b-a05b-43d7b91f2bba\" async><\/script>\r\n    <div class=\"bokunWidget\" data-src=\"https:\/\/widgets.bokun.io\/online-sales\/c3e63399-5f41-478b-a05b-43d7b91f2bba\/experience-calendar\/154659\"><\/div>\r\n    <noscript>Please enable javascript in your browser to book<\/noscript>","bokun_toggle":"","display_price":137,"toggle_price":"","display_price_m":"","map_price":137,"price_multi_private":null,"price_multi_group":null,"dates_multi_private":null,"departures_multi_private":null,"dates_multi_group":null,"departures_multi_group":null,"pricing_one_private":null,"prices_group_private":null,"repeat_season":null,"departures_one_private":null,"repeat_season_group":null,"departures_one_group":null},"yoast_head":"<!-- This site is optimized with the Yoast SEO Premium plugin v24.7 (Yoast SEO v24.7) - https:\/\/yoast.com\/wordpress\/plugins\/seo\/ -->\n<title>Tour Oaxaca: Discover Tule Ancient Tree and Amazing Teotitlan (Group \/ 8h)<\/title>\n<meta name=\"description\" content=\"Come to the Tour Oaxaca to discover the amazing giant Tule Tree, Zapotec ceremonial center of Mitla, petrified waterfalls, and mezcal distillery.\" \/>\n<meta name=\"robots\" content=\"index, follow, max-snippet:-1, max-image-preview:large, max-video-preview:-1\" \/>\n<link rel=\"canonical\" href=\"https:\/\/vibeadventures.com\/it\/tour\/tour-oaxaca-gruppo-mitla\/\" \/>\n<meta property=\"og:locale\" content=\"it_IT\" \/>\n<meta property=\"og:type\" content=\"article\" \/>\n<meta property=\"og:title\" content=\"Tour Oaxaca: Discover Tule Ancient Tree and Amazing Teotitlan (Group \/ 8h)\" \/>\n<meta property=\"og:url\" content=\"https:\/\/vibeadventures.com\/it\/tour\/tour-oaxaca-gruppo-mitla\/\" \/>\n<meta property=\"og:site_name\" content=\"Vibe Adventures\" \/>\n<meta property=\"article:publisher\" content=\"https:\/\/www.facebook.com\/VibeAdventures\/\" \/>\n<meta property=\"article:modified_time\" content=\"2024-02-21T04:01:45+00:00\" \/>\n<meta property=\"og:image\" content=\"https:\/\/vibeadventures.com\/wp-content\/uploads\/2023\/03\/Amazing-Waterfalls.avif\" \/>\n\t<meta property=\"og:image:width\" content=\"622\" \/>\n\t<meta property=\"og:image:height\" content=\"375\" \/>\n\t<meta property=\"og:image:type\" content=\"image\/png\" \/>\n<meta name=\"twitter:card\" content=\"summary_large_image\" \/>\n<meta name=\"twitter:site\" content=\"@vibe_adventures\" \/>\n<meta name=\"twitter:label1\" content=\"Tempo di lettura stimato\" \/>\n\t<meta name=\"twitter:data1\" content=\"1 minuto\" \/>\n<script type=\"application\/ld+json\" class=\"yoast-schema-graph\">{\"@context\":\"https:\/\/schema.org\",\"@graph\":[{\"@type\":\"WebPage\",\"@id\":\"https:\/\/vibeadventures.com\/tour\/tour-oaxaca-mitla-group\/\",\"url\":\"https:\/\/vibeadventures.com\/tour\/tour-oaxaca-mitla-group\/\",\"name\":\"Tour Oaxaca: Discover Tule Ancient Tree and Amazing Teotitlan (Group \/ 8h)\",\"isPartOf\":{\"@id\":\"https:\/\/vibeadventures.com\/#website\"},\"primaryImageOfPage\":{\"@id\":\"https:\/\/vibeadventures.com\/tour\/tour-oaxaca-mitla-group\/#primaryimage\"},\"image\":{\"@id\":\"https:\/\/vibeadventures.com\/tour\/tour-oaxaca-mitla-group\/#primaryimage\"},\"thumbnailUrl\":\"https:\/\/vibeadventures.com\/wp-content\/uploads\/2023\/03\/Amazing-Waterfalls.avif\",\"datePublished\":\"2023-03-17T18:24:59+00:00\",\"dateModified\":\"2024-02-21T04:01:45+00:00\",\"description\":\"Come to the Tour Oaxaca to discover the amazing giant Tule Tree, Zapotec ceremonial center of Mitla, petrified waterfalls, and mezcal distillery.\",\"breadcrumb\":{\"@id\":\"https:\/\/vibeadventures.com\/tour\/tour-oaxaca-mitla-group\/#breadcrumb\"},\"inLanguage\":\"it-IT\",\"potentialAction\":[{\"@type\":\"ReadAction\",\"target\":[\"https:\/\/vibeadventures.com\/tour\/tour-oaxaca-mitla-group\/\"]}]},{\"@type\":\"ImageObject\",\"inLanguage\":\"it-IT\",\"@id\":\"https:\/\/vibeadventures.com\/tour\/tour-oaxaca-mitla-group\/#primaryimage\",\"url\":\"https:\/\/vibeadventures.com\/wp-content\/uploads\/2023\/03\/Amazing-Waterfalls.avif\",\"contentUrl\":\"https:\/\/vibeadventures.com\/wp-content\/uploads\/2023\/03\/Amazing-Waterfalls.avif\",\"width\":622,\"height\":375,\"caption\":\"See unique petrified waterfalls in Hierve el Agua\"},{\"@type\":\"BreadcrumbList\",\"@id\":\"https:\/\/vibeadventures.com\/tour\/tour-oaxaca-mitla-group\/#breadcrumb\",\"itemListElement\":[{\"@type\":\"ListItem\",\"position\":1,\"name\":\"Home\",\"item\":\"https:\/\/vibeadventures.com\/\"},{\"@type\":\"ListItem\",\"position\":2,\"name\":\"Latin America\",\"item\":\"https:\/\/vibeadventures.com\/latin-america-tours\/\"},{\"@type\":\"ListItem\",\"position\":3,\"name\":\"Mexico\",\"item\":\"https:\/\/vibeadventures.com\/destination\/mexico\/\"},{\"@type\":\"ListItem\",\"position\":4,\"name\":\"Oaxaca\",\"item\":\"https:\/\/vibeadventures.com\/destination\/mexico\/oaxaca\/\"},{\"@type\":\"ListItem\",\"position\":5,\"name\":\"Tour Oaxaca: Discover Tule Ancient Tree and Amazing Teotitlan (Group \/ 8h)\"}]},{\"@type\":\"WebSite\",\"@id\":\"https:\/\/vibeadventures.com\/#website\",\"url\":\"https:\/\/vibeadventures.com\/\",\"name\":\"Vibe Adventures\",\"description\":\"Authentic Local Adventures &amp; Tours\",\"publisher\":{\"@id\":\"https:\/\/vibeadventures.com\/#organization\"},\"potentialAction\":[{\"@type\":\"SearchAction\",\"target\":{\"@type\":\"EntryPoint\",\"urlTemplate\":\"https:\/\/vibeadventures.com\/?s={search_term_string}\"},\"query-input\":{\"@type\":\"PropertyValueSpecification\",\"valueRequired\":true,\"valueName\":\"search_term_string\"}}],\"inLanguage\":\"it-IT\"},{\"@type\":\"Organization\",\"@id\":\"https:\/\/vibeadventures.com\/#organization\",\"name\":\"Vibe Adventures\",\"url\":\"https:\/\/vibeadventures.com\/\",\"logo\":{\"@type\":\"ImageObject\",\"inLanguage\":\"it-IT\",\"@id\":\"https:\/\/vibeadventures.com\/#\/schema\/logo\/image\/\",\"url\":\"https:\/\/vibeadventures.com\/wp-content\/uploads\/2022\/01\/vibe-adventures-logo-green-TRANSPARENT-481-x-152-1-e1587500448458-2.avif\",\"contentUrl\":\"https:\/\/vibeadventures.com\/wp-content\/uploads\/2022\/01\/vibe-adventures-logo-green-TRANSPARENT-481-x-152-1-e1587500448458-2.avif\",\"width\":490,\"height\":100,\"caption\":\"Vibe Adventures\"},\"image\":{\"@id\":\"https:\/\/vibeadventures.com\/#\/schema\/logo\/image\/\"},\"sameAs\":[\"https:\/\/www.facebook.com\/VibeAdventures\/\",\"https:\/\/x.com\/vibe_adventures\",\"https:\/\/instagram.com\/vibe.adventures\",\"https:\/\/www.linkedin.com\/company\/vibe-adventures\/?viewAsMember=true\",\"https:\/\/www.pinterest.com\/Vibe_Adventures\/\",\"https:\/\/www.youtube.com\/channel\/UCQ9qyA-fVkdXarHBlzDCUBA?view_as=subscriber\",\"https:\/\/www.tiktok.com\/@vibeadventures\"]}]}<\/script>\n<!-- \/ Yoast SEO Premium plugin. -->","yoast_head_json":{"title":"Tour di Oaxaca: Scoprire l'antico albero di Tule e l'incredibile Teotitlan (Gruppo \/ 8h)","description":"Venite al Tour Oaxaca per scoprire l'incredibile Albero di Tule gigante, il centro cerimoniale zapoteco di Mitla, le cascate pietrificate e la distilleria di mezcal.","robots":{"index":"index","follow":"follow","max-snippet":"max-snippet:-1","max-image-preview":"max-image-preview:large","max-video-preview":"max-video-preview:-1"},"canonical":"https:\/\/vibeadventures.com\/it\/tour\/tour-oaxaca-gruppo-mitla\/","og_locale":"it_IT","og_type":"article","og_title":"Tour Oaxaca: Discover Tule Ancient Tree and Amazing Teotitlan (Group \/ 8h)","og_url":"https:\/\/vibeadventures.com\/it\/tour\/tour-oaxaca-gruppo-mitla\/","og_site_name":"Vibe Adventures","article_publisher":"https:\/\/www.facebook.com\/VibeAdventures\/","article_modified_time":"2024-02-21T04:01:45+00:00","og_image":[{"width":622,"height":375,"url":"https:\/\/vibeadventures.com\/wp-content\/uploads\/2023\/03\/Amazing-Waterfalls.avif","type":"image\/png"}],"twitter_card":"summary_large_image","twitter_site":"@vibe_adventures","twitter_misc":{"Tempo di lettura stimato":"1 minuto"},"schema":{"@context":"https:\/\/schema.org","@graph":[{"@type":"WebPage","@id":"https:\/\/vibeadventures.com\/tour\/tour-oaxaca-mitla-group\/","url":"https:\/\/vibeadventures.com\/tour\/tour-oaxaca-mitla-group\/","name":"Tour di Oaxaca: Scoprire l'antico albero di Tule e l'incredibile Teotitlan (Gruppo \/ 8h)","isPartOf":{"@id":"https:\/\/vibeadventures.com\/#website"},"primaryImageOfPage":{"@id":"https:\/\/vibeadventures.com\/tour\/tour-oaxaca-mitla-group\/#primaryimage"},"image":{"@id":"https:\/\/vibeadventures.com\/tour\/tour-oaxaca-mitla-group\/#primaryimage"},"thumbnailUrl":"https:\/\/vibeadventures.com\/wp-content\/uploads\/2023\/03\/Amazing-Waterfalls.avif","datePublished":"2023-03-17T18:24:59+00:00","dateModified":"2024-02-21T04:01:45+00:00","description":"Venite al Tour Oaxaca per scoprire l'incredibile Albero di Tule gigante, il centro cerimoniale zapoteco di Mitla, le cascate pietrificate e la distilleria di mezcal.","breadcrumb":{"@id":"https:\/\/vibeadventures.com\/tour\/tour-oaxaca-mitla-group\/#breadcrumb"},"inLanguage":"it-IT","potentialAction":[{"@type":"ReadAction","target":["https:\/\/vibeadventures.com\/tour\/tour-oaxaca-mitla-group\/"]}]},{"@type":"ImageObject","inLanguage":"it-IT","@id":"https:\/\/vibeadventures.com\/tour\/tour-oaxaca-mitla-group\/#primaryimage","url":"https:\/\/vibeadventures.com\/wp-content\/uploads\/2023\/03\/Amazing-Waterfalls.avif","contentUrl":"https:\/\/vibeadventures.com\/wp-content\/uploads\/2023\/03\/Amazing-Waterfalls.avif","width":622,"height":375,"caption":"See unique petrified waterfalls in Hierve el Agua"},{"@type":"BreadcrumbList","@id":"https:\/\/vibeadventures.com\/tour\/tour-oaxaca-mitla-group\/#breadcrumb","itemListElement":[{"@type":"ListItem","position":1,"name":"Home","item":"https:\/\/vibeadventures.com\/"},{"@type":"ListItem","position":2,"name":"Latin America","item":"https:\/\/vibeadventures.com\/latin-america-tours\/"},{"@type":"ListItem","position":3,"name":"Mexico","item":"https:\/\/vibeadventures.com\/destination\/mexico\/"},{"@type":"ListItem","position":4,"name":"Oaxaca","item":"https:\/\/vibeadventures.com\/destination\/mexico\/oaxaca\/"},{"@type":"ListItem","position":5,"name":"Tour Oaxaca: Discover Tule Ancient Tree and Amazing Teotitlan (Group \/ 8h)"}]},{"@type":"WebSite","@id":"https:\/\/vibeadventures.com\/#website","url":"https:\/\/vibeadventures.com\/","name":"Vibe Adventures","description":"Avventure e tour locali autentici","publisher":{"@id":"https:\/\/vibeadventures.com\/#organization"},"potentialAction":[{"@type":"SearchAction","target":{"@type":"EntryPoint","urlTemplate":"https:\/\/vibeadventures.com\/?s={search_term_string}"},"query-input":{"@type":"PropertyValueSpecification","valueRequired":true,"valueName":"search_term_string"}}],"inLanguage":"it-IT"},{"@type":"Organization","@id":"https:\/\/vibeadventures.com\/#organization","name":"Vibe Adventures","url":"https:\/\/vibeadventures.com\/","logo":{"@type":"ImageObject","inLanguage":"it-IT","@id":"https:\/\/vibeadventures.com\/#\/schema\/logo\/image\/","url":"https:\/\/vibeadventures.com\/wp-content\/uploads\/2022\/01\/vibe-adventures-logo-green-TRANSPARENT-481-x-152-1-e1587500448458-2.avif","contentUrl":"https:\/\/vibeadventures.com\/wp-content\/uploads\/2022\/01\/vibe-adventures-logo-green-TRANSPARENT-481-x-152-1-e1587500448458-2.avif","width":490,"height":100,"caption":"Vibe Adventures"},"image":{"@id":"https:\/\/vibeadventures.com\/#\/schema\/logo\/image\/"},"sameAs":["https:\/\/www.facebook.com\/VibeAdventures\/","https:\/\/x.com\/vibe_adventures","https:\/\/instagram.com\/vibe.adventures","https:\/\/www.linkedin.com\/company\/vibe-adventures\/?viewAsMember=true","https:\/\/www.pinterest.com\/Vibe_Adventures\/","https:\/\/www.youtube.com\/channel\/UCQ9qyA-fVkdXarHBlzDCUBA?view_as=subscriber","https:\/\/www.tiktok.com\/@vibeadventures"]}]}},"_links":{"self":[{"href":"https:\/\/vibeadventures.com\/it\/wp-json\/wp\/v2\/product\/19997","targetHints":{"allow":["GET"]}}],"collection":[{"href":"https:\/\/vibeadventures.com\/it\/wp-json\/wp\/v2\/product"}],"about":[{"href":"https:\/\/vibeadventures.com\/it\/wp-json\/wp\/v2\/types\/product"}],"replies":[{"embeddable":true,"href":"https:\/\/vibeadventures.com\/it\/wp-json\/wp\/v2\/comments?post=19997"}],"acf:term":[{"embeddable":true,"taxonomy":"sustainable-goals","href":"https:\/\/vibeadventures.com\/it\/wp-json\/wp\/v2\/sustainable-goals\/610"},{"embeddable":true,"taxonomy":"sustainable-goals","href":"https:\/\/vibeadventures.com\/it\/wp-json\/wp\/v2\/sustainable-goals\/617"},{"embeddable":true,"taxonomy":"sustainable-goals","href":"https:\/\/vibeadventures.com\/it\/wp-json\/wp\/v2\/sustainable-goals\/614"},{"embeddable":true,"taxonomy":"sustainable-goals","href":"https:\/\/vibeadventures.com\/it\/wp-json\/wp\/v2\/sustainable-goals\/613"},{"embeddable":true,"taxonomy":"season","href":"https:\/\/vibeadventures.com\/it\/wp-json\/wp\/v2\/season\/192"},{"embeddable":true,"taxonomy":"suitability","href":"https:\/\/vibeadventures.com\/it\/wp-json\/wp\/v2\/suitability\/142"},{"embeddable":true,"taxonomy":"suitability","href":"https:\/\/vibeadventures.com\/it\/wp-json\/wp\/v2\/suitability\/137"},{"embeddable":true,"taxonomy":"suitability","href":"https:\/\/vibeadventures.com\/it\/wp-json\/wp\/v2\/suitability\/141"},{"embeddable":true,"taxonomy":"suitability","href":"https:\/\/vibeadventures.com\/it\/wp-json\/wp\/v2\/suitability\/140"},{"embeddable":true,"taxonomy":"suitability","href":"https:\/\/vibeadventures.com\/it\/wp-json\/wp\/v2\/suitability\/139"},{"embeddable":true,"taxonomy":"suitability","href":"https:\/\/vibeadventures.com\/it\/wp-json\/wp\/v2\/suitability\/136"},{"embeddable":true,"taxonomy":"suitability","href":"https:\/\/vibeadventures.com\/it\/wp-json\/wp\/v2\/suitability\/138"},{"embeddable":true,"taxonomy":"physical_ranking","href":"https:\/\/vibeadventures.com\/it\/wp-json\/wp\/v2\/physical_ranking\/209"},{"embeddable":true,"taxonomy":"adventures_type","href":"https:\/\/vibeadventures.com\/it\/wp-json\/wp\/v2\/adventures_type\/202"},{"embeddable":true,"taxonomy":"travel_vibe","href":"https:\/\/vibeadventures.com\/it\/wp-json\/wp\/v2\/travel_vibe\/150"},{"embeddable":true,"taxonomy":"product_tag","href":"https:\/\/vibeadventures.com\/it\/wp-json\/wp\/v2\/product_tag\/94"},{"embeddable":true,"taxonomy":"product_tag","href":"https:\/\/vibeadventures.com\/it\/wp-json\/wp\/v2\/product_tag\/312"},{"embeddable":true,"taxonomy":"destination","href":"https:\/\/vibeadventures.com\/it\/wp-json\/wp\/v2\/destination\/559"}],"acf:attachment":[{"embeddable":true,"href":"https:\/\/vibeadventures.com\/it\/wp-json\/wp\/v2\/media\/20003"},{"embeddable":true,"href":"https:\/\/vibeadventures.com\/it\/wp-json\/wp\/v2\/media\/20001"},{"embeddable":true,"href":"https:\/\/vibeadventures.com\/it\/wp-json\/wp\/v2\/media\/20004"},{"embeddable":true,"href":"https:\/\/vibeadventures.com\/it\/wp-json\/wp\/v2\/media\/20002"},{"embeddable":true,"href":"https:\/\/vibeadventures.com\/it\/wp-json\/wp\/v2\/media\/20005"},{"embeddable":true,"href":"https:\/\/vibeadventures.com\/it\/wp-json\/wp\/v2\/media\/20000"},{"embeddable":true,"href":"https:\/\/vibeadventures.com\/it\/wp-json\/wp\/v2\/media\/20007"},{"embeddable":true,"href":"https:\/\/vibeadventures.com\/it\/wp-json\/wp\/v2\/media\/20006"}],"wp:featuredmedia":[{"embeddable":true,"href":"https:\/\/vibeadventures.com\/it\/wp-json\/wp\/v2\/media\/20006"}],"wp:attachment":[{"href":"https:\/\/vibeadventures.com\/it\/wp-json\/wp\/v2\/media?parent=19997"}],"wp:term":[{"taxonomy":"adventures_type","embeddable":true,"href":"https:\/\/vibeadventures.com\/it\/wp-json\/wp\/v2\/adventures_type?post=19997"},{"taxonomy":"destination","embeddable":true,"href":"https:\/\/vibeadventures.com\/it\/wp-json\/wp\/v2\/destination?post=19997"},{"taxonomy":"operator","embeddable":true,"href":"https:\/\/vibeadventures.com\/it\/wp-json\/wp\/v2\/operator?post=19997"},{"taxonomy":"physical_ranking","embeddable":true,"href":"https:\/\/vibeadventures.com\/it\/wp-json\/wp\/v2\/physical_ranking?post=19997"},{"taxonomy":"season","embeddable":true,"href":"https:\/\/vibeadventures.com\/it\/wp-json\/wp\/v2\/season?post=19997"},{"taxonomy":"suitability","embeddable":true,"href":"https:\/\/vibeadventures.com\/it\/wp-json\/wp\/v2\/suitability?post=19997"},{"taxonomy":"sustainable-goals","embeddable":true,"href":"https:\/\/vibeadventures.com\/it\/wp-json\/wp\/v2\/sustainable-goals?post=19997"},{"taxonomy":"travel_vibe","embeddable":true,"href":"https:\/\/vibeadventures.com\/it\/wp-json\/wp\/v2\/travel_vibe?post=19997"},{"taxonomy":"product_cat","embeddable":true,"href":"https:\/\/vibeadventures.com\/it\/wp-json\/wp\/v2\/product_cat?post=19997"},{"taxonomy":"product_tag","embeddable":true,"href":"https:\/\/vibeadventures.com\/it\/wp-json\/wp\/v2\/product_tag?post=19997"}],"curies":[{"name":"wp","href":"https:\/\/api.w.org\/{rel}","templated":true}]}}