{"id":18535,"date":"2023-01-13T22:18:31","date_gmt":"2023-01-13T22:18:31","guid":{"rendered":"https:\/\/vibeadventures.com\/?post_type=product&#038;p=18535"},"modified":"2024-09-17T14:35:05","modified_gmt":"2024-09-17T20:35:05","slug":"tour-privato-in-mongolfiera-da-citta-del-messico","status":"publish","type":"product","link":"https:\/\/vibeadventures.com\/it\/tour\/tour-privato-in-mongolfiera-da-citta-del-messico\/","title":{"rendered":"Mongolfiera a Teotihuacan: Godetevi un tour privato totale con colazione (5h)"},"content":{"rendered":"","protected":false},"excerpt":{"rendered":"","protected":false},"featured_media":242,"comment_status":"closed","ping_status":"closed","template":"","meta":{"_acf_changed":false},"adventures_type":[201],"destination":[425],"operator":[],"physical_ranking":[207],"season":[192],"suitability":[138,136,139,140,141,137,142],"sustainable-goals":[614,610],"travel_vibe":[193],"product_cat":[154],"product_tag":[78,94],"class_list":{"0":"post-18535","1":"product","2":"type-product","3":"status-publish","4":"has-post-thumbnail","6":"adventures_type-private","7":"destination-teotihuacan","8":"physical_ranking-relaxing","9":"season-all-year","10":"suitability-couples","11":"suitability-kid-friendly","12":"suitability-lgbt","13":"suitability-senior","14":"suitability-solo","15":"suitability-women-only","16":"suitability-youth","17":"sustainable-goals-goal-12-responsible-consumption-and-production","18":"sustainable-goals-goal-8-decent-work-and-economic-growth","19":"travel_vibe-adrenaline-extreme-tours","20":"product_cat-1-day-tours","21":"product_tag-hot-air-balloon","22":"product_tag-photo-tours","23":"entry","25":"first","26":"instock","27":"shipping-taxable","28":"purchasable","29":"product-type-simple"},"acf":{"type_of_tour":"1-Day","duration_days":"","duration_hours":5,"mood":"Private","logisticsc":"05:30 AM","toogle_time":"","logisticsa":"1","logisticsa_toggle":false,"pick_up_location":null,"pick_up_location_toggle":null,"private_pickup":"Pickup included: your accommodation or another convenient place of your choice.","private_pickup_toggle":"Pickup included: your accommodation or another convenient place of your choice.","both_pickup":"","both_pickup_copy":"Exact time and location to be specified in the trip notes that are sent 1-2 weeks before the tour.","customization_group":"","customization_private":"","confirmation_select_private":"Automatic","confirmation_text_private":"Automatic confirmation (your departure is automatically confirmed and 100% guaranteed).","confirmation_select_group":"Manual","confirmation_text_group":"Manual confirmation (if a minimum number of participants is not met, we may cancel and fully refund your booking).","transfers":"","customize":"yes","customizable_details":"<ul>\r\n \t<li style=\"text-align: left;\">Adjust the starting time of the tour.<\/li>\r\n \t<li style=\"text-align: left;\">Adjust the time you spend at each destination of the tour.<\/li>\r\n \t<li style=\"text-align: left;\">Add extra places of your choice (e.g. attractions, restaurants, etc.) to the itinerary on a complimentary basis if those visits (1) fit the default duration of the tour, (2) don\u2019t involve a significant change of the route and extra fees (e.g. entrance tickets, tolls, parking, etc.). Changes other than those will involve an extra fee and must be communicated to the tour organizer at least 72 h before the tour (e.g. in the \u201cSpecial Requirements\u201d field during the booking or via email).<\/li>\r\n<\/ul>","what_take":[{"take":"Comfortable clothes and shoes; hat or cap; coat or jacket; sunglasses, and sunscreen; travel insurance; IDs or passports of each participant (original or a copy; digital or physical) - needed for a hot air balloon flight; good mood and curiosity."}],"extra_notes":"<ul>\r\n \t<li>Except for the hot air balloon flight, hotel pick-up and drop-off are completely private.<\/li>\r\n \t<li><strong>The hot air balloon flight is shared with other participants (up to 15 people\/flight); an upgrade to a completely private flight is available for an extra fee. Please contact us for more info.<\/strong><\/li>\r\n \t<li>Transportation: the type of vehicle depends on the size of your group and may include a car, 7-seater, or minivan.<\/li>\r\n \t<li>Age: to fly in a hot air balloon you must be at least 5 years old or 3 ft 11 in (or 1.20 m) tall.<\/li>\r\n \t<li>Booking info: please provide the full names, dates of birth, and approximate weights of all participants in the booking.<\/li>\r\n \t<li>Pick-up time: can be slightly modified by the tour organizer due to logistical circumstances such as weather conditions and availability at the time of the booking.<\/li>\r\n \t<li>Duration of the tour: counts from the moment of a meetup till the end of the tour.<\/li>\r\n<\/ul>","cancellations":"","discount-tour":null,"tour_operator":"Vibe Adventures originals","maxage":100,"minage":5,"group_size":15,"location":425,"language":["English","Spanish"],"tags":[78,94],"theme":[193],"adventure_type":[201],"accessibility":"\ud83d\uded1 Not wheelchair accessible.","pets":"\ud83d\uded1 Not permitted.","difficulty":207,"suitability":[138,136,139,140,141,137,142],"seasonall":[192],"included":{"guides":"no","guidese":"","accommodation":"no","accommodatione":"","accommodations":[],"transportation":"yes","transportatione":"Hotel pick-up and drop-off in a private vehicle.","flights":"no","flightse":"","insurance":"yes","insurancee":"Flight accident insurance; flight certificate.","tips":"no","tipse":"","meals":"yes","mealse":"Mexican-style buffet breakfast and coffee break.","expenses":"no","expensese":"","activities":"yes","activitiese":"~45-60 min shared hot air balloon flight (depending on weather conditions)."},"overview":"Experience the breathtaking Hot Air Balloon <a href=\"https:\/\/en.wikipedia.org\/wiki\/Teotihuacan\">Teotihuacan<\/a> and take off from Mexico City, glide over the UNESCO-listed Pyramids of the Sun and the Moon, Temple of Quetzalpapalotl, and Avenue of the Dead for an hour. Savor a typical Mexican breakfast, toast with a glass of wine, and receive a flight certificate to remember the experience forever.","itinerary":"Venture on the Hot Air Balloon Teotihuacan, we'll pick you up from your accommodation in Mexico City. Upon arrival at the destination, savor a delicious coffee while you receive safety instructions before hopping on a vibrant hot-air balloon. Marvel at the UNESCO-listed Pyramids of the Sun and the Moon, the Temple of Quetzalpapalotl, and the Avenue of the Dead during your one-hour flight over the mystical City of Gods.\r\n\r\nAfterward, delight in a delectable Mexican-style breakfast, raise a toast with a glass of wine, and receive a flight certificate to commemorate your experience. As your journey comes to a close, relish in the memories as we whisk you back to Mexico City in comfort, reflecting on this unforgettable adventure above the clouds.","repeater":null,"destinations":[{"destination":"Teotihuacan","location":{"address":"Teotihuacan, M\u00e9x., M\u00e9xico","lat":19.6860799,"lng":-98.87163609999999,"zoom":14,"place_id":"ChIJyd0BTvnq0YUR2mRxFCPVfsc","name":"San Juan Teotihuacan de Arista","city":"San Juan Teotihuacan de Arista","state":"Estado de M\u00e9xico","state_short":"M\u00e9x.","country":"M\u00e9xico","country_short":"MX"}}],"highlights":[{"highlight":"The tour is customizable."},{"highlight":"Take a breathtaking hot air balloon flight over the impressive Teotihuacan Pyramids."},{"highlight":"All-inclusive: transportation with pick-up and drop-off, coffee break, breakfast, flight, etc."},{"highlight":"Get back early to Mexico City and enjoy the rest of the day. "},{"highlight":"Customize your flight if you're celebrating an important event in your life. "}],"galleryes":"no","gallery":[244,1307,245,1309,17190,242,1311,15566,1330],"video":"","pdf":"","tourradar":null,"sustainability_tax":[614,610],"goals_description":"This tour aligns with the UN's Sustainable Development Goals 8 and 12 by empowering local communities and promoting sustainable consumption and production practices. We take tourists to underdeveloped regions, creating opportunities for economic growth while respecting local traditions and educating communities on sustainable approaches.","authenticity":"We do our best to make our trips educative and fulfilling, in which travelers can interact with local populations, learn about their traditions, and culture, and connect with their core values.","impact":"This tour is organized by or involves significant participation of local communities and service providers thus creating employment, increasing consumption, and benefitting the socio-economic development of the region.","why":"Just sightseeing and fun: no visits to tourist shops and restaurants.\r\nIdeal for small groups: the price is fixed and varies just slightly based on the number of participants.\r\nFlexibility: adjust the program and route to your interests or extend the duration for an extra fee.","calendar":"Rezdy","calendar_group":false,"rezdy":"https:\/\/vibeadventures.rezdy.com\/calendarWidget\/542419?_gl=1*20ajd*_ga*MTA5NTIzMzAzOS4xNjY0Mzk0MDQ4*_ga_J7SXS0R0D6*MTY3MzYyODE1My4xNjcuMS4xNjczNjQ4MTY2LjU4LjAuMA..","toggle_calendar":"","bokun":"","bokun_toggle":"","display_price":211,"toggle_price":"","display_price_m":579,"map_price":211,"price_multi_private":null,"price_multi_group":null,"dates_multi_private":null,"departures_multi_private":null,"dates_multi_group":null,"departures_multi_group":null,"pricing_one_private":null,"prices_group_private":null,"repeat_season":null,"departures_one_private":null,"repeat_season_group":null,"departures_one_group":null},"yoast_head":"<!-- This site is optimized with the Yoast SEO Premium plugin v24.7 (Yoast SEO v24.7) - https:\/\/yoast.com\/wordpress\/plugins\/seo\/ -->\n<title>Hot Air Balloon Teotihuacan: Enjoy a Total Private Tour with Breakfast (5h)<\/title>\n<meta name=\"description\" content=\"With the Hot Air Balloon Teotihuacan, explore the City of Gods. Witness the Pyramids, enjoy a Mexican breakfast, and get a flight certificate!\" \/>\n<meta name=\"robots\" content=\"index, follow, max-snippet:-1, max-image-preview:large, max-video-preview:-1\" \/>\n<link rel=\"canonical\" href=\"https:\/\/vibeadventures.com\/it\/tour\/tour-privato-in-mongolfiera-da-citta-del-messico\/\" \/>\n<meta property=\"og:locale\" content=\"it_IT\" \/>\n<meta property=\"og:type\" content=\"article\" \/>\n<meta property=\"og:title\" content=\"Hot Air Balloon Teotihuacan: Enjoy a Total Private Tour with Breakfast (5h)\" \/>\n<meta property=\"og:url\" content=\"https:\/\/vibeadventures.com\/it\/tour\/tour-privato-in-mongolfiera-da-citta-del-messico\/\" \/>\n<meta property=\"og:site_name\" content=\"Vibe Adventures\" \/>\n<meta property=\"article:publisher\" content=\"https:\/\/www.facebook.com\/VibeAdventures\/\" \/>\n<meta property=\"article:modified_time\" content=\"2024-09-17T20:35:05+00:00\" \/>\n<meta property=\"og:image\" content=\"https:\/\/vibeadventures.com\/wp-content\/uploads\/2022\/01\/teotihuacan3.avif\" \/>\n\t<meta property=\"og:image:width\" content=\"1024\" \/>\n\t<meta property=\"og:image:height\" content=\"768\" \/>\n\t<meta property=\"og:image:type\" content=\"image\/jpeg\" \/>\n<meta name=\"twitter:card\" content=\"summary_large_image\" \/>\n<meta name=\"twitter:site\" content=\"@vibe_adventures\" \/>\n<meta name=\"twitter:label1\" content=\"Tempo di lettura stimato\" \/>\n\t<meta name=\"twitter:data1\" content=\"1 minuto\" \/>\n<script type=\"application\/ld+json\" class=\"yoast-schema-graph\">{\"@context\":\"https:\/\/schema.org\",\"@graph\":[{\"@type\":\"WebPage\",\"@id\":\"https:\/\/vibeadventures.com\/tour\/private-hot-air-balloon-from-mexico-city-tour\/\",\"url\":\"https:\/\/vibeadventures.com\/tour\/private-hot-air-balloon-from-mexico-city-tour\/\",\"name\":\"Hot Air Balloon Teotihuacan: Enjoy a Total Private Tour with Breakfast (5h)\",\"isPartOf\":{\"@id\":\"https:\/\/vibeadventures.com\/#website\"},\"primaryImageOfPage\":{\"@id\":\"https:\/\/vibeadventures.com\/tour\/private-hot-air-balloon-from-mexico-city-tour\/#primaryimage\"},\"image\":{\"@id\":\"https:\/\/vibeadventures.com\/tour\/private-hot-air-balloon-from-mexico-city-tour\/#primaryimage\"},\"thumbnailUrl\":\"https:\/\/vibeadventures.com\/wp-content\/uploads\/2022\/01\/teotihuacan3.avif\",\"datePublished\":\"2023-01-13T22:18:31+00:00\",\"dateModified\":\"2024-09-17T20:35:05+00:00\",\"description\":\"With the Hot Air Balloon Teotihuacan, explore the City of Gods. Witness the Pyramids, enjoy a Mexican breakfast, and get a flight certificate!\",\"breadcrumb\":{\"@id\":\"https:\/\/vibeadventures.com\/tour\/private-hot-air-balloon-from-mexico-city-tour\/#breadcrumb\"},\"inLanguage\":\"it-IT\",\"potentialAction\":[{\"@type\":\"ReadAction\",\"target\":[\"https:\/\/vibeadventures.com\/tour\/private-hot-air-balloon-from-mexico-city-tour\/\"]}]},{\"@type\":\"ImageObject\",\"inLanguage\":\"it-IT\",\"@id\":\"https:\/\/vibeadventures.com\/tour\/private-hot-air-balloon-from-mexico-city-tour\/#primaryimage\",\"url\":\"https:\/\/vibeadventures.com\/wp-content\/uploads\/2022\/01\/teotihuacan3.avif\",\"contentUrl\":\"https:\/\/vibeadventures.com\/wp-content\/uploads\/2022\/01\/teotihuacan3.avif\",\"width\":1024,\"height\":768,\"caption\":\"Panoramic View from Hot Air Balloon\"},{\"@type\":\"BreadcrumbList\",\"@id\":\"https:\/\/vibeadventures.com\/tour\/private-hot-air-balloon-from-mexico-city-tour\/#breadcrumb\",\"itemListElement\":[{\"@type\":\"ListItem\",\"position\":1,\"name\":\"Home\",\"item\":\"https:\/\/vibeadventures.com\/\"},{\"@type\":\"ListItem\",\"position\":2,\"name\":\"Latin America\",\"item\":\"https:\/\/vibeadventures.com\/latin-america-tours\/\"},{\"@type\":\"ListItem\",\"position\":3,\"name\":\"Mexico\",\"item\":\"https:\/\/vibeadventures.com\/destination\/mexico\/\"},{\"@type\":\"ListItem\",\"position\":4,\"name\":\"Mexico City &amp; around\",\"item\":\"https:\/\/vibeadventures.com\/destination\/mexico\/mexico-city\/\"},{\"@type\":\"ListItem\",\"position\":5,\"name\":\"Teotihuacan\",\"item\":\"https:\/\/vibeadventures.com\/destination\/mexico\/mexico-city\/teotihuacan\/\"},{\"@type\":\"ListItem\",\"position\":6,\"name\":\"Hot Air Balloon Teotihuacan: Enjoy a Total Private Tour with Breakfast (5h)\"}]},{\"@type\":\"WebSite\",\"@id\":\"https:\/\/vibeadventures.com\/#website\",\"url\":\"https:\/\/vibeadventures.com\/\",\"name\":\"Vibe Adventures\",\"description\":\"Authentic Local Adventures &amp; Tours\",\"publisher\":{\"@id\":\"https:\/\/vibeadventures.com\/#organization\"},\"potentialAction\":[{\"@type\":\"SearchAction\",\"target\":{\"@type\":\"EntryPoint\",\"urlTemplate\":\"https:\/\/vibeadventures.com\/?s={search_term_string}\"},\"query-input\":{\"@type\":\"PropertyValueSpecification\",\"valueRequired\":true,\"valueName\":\"search_term_string\"}}],\"inLanguage\":\"it-IT\"},{\"@type\":\"Organization\",\"@id\":\"https:\/\/vibeadventures.com\/#organization\",\"name\":\"Vibe Adventures\",\"url\":\"https:\/\/vibeadventures.com\/\",\"logo\":{\"@type\":\"ImageObject\",\"inLanguage\":\"it-IT\",\"@id\":\"https:\/\/vibeadventures.com\/#\/schema\/logo\/image\/\",\"url\":\"https:\/\/vibeadventures.com\/wp-content\/uploads\/2022\/01\/vibe-adventures-logo-green-TRANSPARENT-481-x-152-1-e1587500448458-2.avif\",\"contentUrl\":\"https:\/\/vibeadventures.com\/wp-content\/uploads\/2022\/01\/vibe-adventures-logo-green-TRANSPARENT-481-x-152-1-e1587500448458-2.avif\",\"width\":490,\"height\":100,\"caption\":\"Vibe Adventures\"},\"image\":{\"@id\":\"https:\/\/vibeadventures.com\/#\/schema\/logo\/image\/\"},\"sameAs\":[\"https:\/\/www.facebook.com\/VibeAdventures\/\",\"https:\/\/x.com\/vibe_adventures\",\"https:\/\/instagram.com\/vibe.adventures\",\"https:\/\/www.linkedin.com\/company\/vibe-adventures\/?viewAsMember=true\",\"https:\/\/www.pinterest.com\/Vibe_Adventures\/\",\"https:\/\/www.youtube.com\/channel\/UCQ9qyA-fVkdXarHBlzDCUBA?view_as=subscriber\",\"https:\/\/www.tiktok.com\/@vibeadventures\"]}]}<\/script>\n<!-- \/ Yoast SEO Premium plugin. -->","yoast_head_json":{"title":"Mongolfiera a Teotihuacan: Godetevi un tour privato totale con colazione (5h)","description":"Con la Mongolfiera Teotihuacan, esplorate la Citt\u00e0 degli Dei. Ammirate le piramidi, gustate una colazione messicana e ottenete un certificato di volo!","robots":{"index":"index","follow":"follow","max-snippet":"max-snippet:-1","max-image-preview":"max-image-preview:large","max-video-preview":"max-video-preview:-1"},"canonical":"https:\/\/vibeadventures.com\/it\/tour\/tour-privato-in-mongolfiera-da-citta-del-messico\/","og_locale":"it_IT","og_type":"article","og_title":"Hot Air Balloon Teotihuacan: Enjoy a Total Private Tour with Breakfast (5h)","og_url":"https:\/\/vibeadventures.com\/it\/tour\/tour-privato-in-mongolfiera-da-citta-del-messico\/","og_site_name":"Vibe Adventures","article_publisher":"https:\/\/www.facebook.com\/VibeAdventures\/","article_modified_time":"2024-09-17T20:35:05+00:00","og_image":[{"width":1024,"height":768,"url":"https:\/\/vibeadventures.com\/wp-content\/uploads\/2022\/01\/teotihuacan3.avif","type":"image\/jpeg"}],"twitter_card":"summary_large_image","twitter_site":"@vibe_adventures","twitter_misc":{"Tempo di lettura stimato":"1 minuto"},"schema":{"@context":"https:\/\/schema.org","@graph":[{"@type":"WebPage","@id":"https:\/\/vibeadventures.com\/tour\/private-hot-air-balloon-from-mexico-city-tour\/","url":"https:\/\/vibeadventures.com\/tour\/private-hot-air-balloon-from-mexico-city-tour\/","name":"Mongolfiera a Teotihuacan: Godetevi un tour privato totale con colazione (5h)","isPartOf":{"@id":"https:\/\/vibeadventures.com\/#website"},"primaryImageOfPage":{"@id":"https:\/\/vibeadventures.com\/tour\/private-hot-air-balloon-from-mexico-city-tour\/#primaryimage"},"image":{"@id":"https:\/\/vibeadventures.com\/tour\/private-hot-air-balloon-from-mexico-city-tour\/#primaryimage"},"thumbnailUrl":"https:\/\/vibeadventures.com\/wp-content\/uploads\/2022\/01\/teotihuacan3.avif","datePublished":"2023-01-13T22:18:31+00:00","dateModified":"2024-09-17T20:35:05+00:00","description":"Con la Mongolfiera Teotihuacan, esplorate la Citt\u00e0 degli Dei. Ammirate le piramidi, gustate una colazione messicana e ottenete un certificato di volo!","breadcrumb":{"@id":"https:\/\/vibeadventures.com\/tour\/private-hot-air-balloon-from-mexico-city-tour\/#breadcrumb"},"inLanguage":"it-IT","potentialAction":[{"@type":"ReadAction","target":["https:\/\/vibeadventures.com\/tour\/private-hot-air-balloon-from-mexico-city-tour\/"]}]},{"@type":"ImageObject","inLanguage":"it-IT","@id":"https:\/\/vibeadventures.com\/tour\/private-hot-air-balloon-from-mexico-city-tour\/#primaryimage","url":"https:\/\/vibeadventures.com\/wp-content\/uploads\/2022\/01\/teotihuacan3.avif","contentUrl":"https:\/\/vibeadventures.com\/wp-content\/uploads\/2022\/01\/teotihuacan3.avif","width":1024,"height":768,"caption":"Panoramic View from Hot Air Balloon"},{"@type":"BreadcrumbList","@id":"https:\/\/vibeadventures.com\/tour\/private-hot-air-balloon-from-mexico-city-tour\/#breadcrumb","itemListElement":[{"@type":"ListItem","position":1,"name":"Home","item":"https:\/\/vibeadventures.com\/"},{"@type":"ListItem","position":2,"name":"Latin America","item":"https:\/\/vibeadventures.com\/latin-america-tours\/"},{"@type":"ListItem","position":3,"name":"Mexico","item":"https:\/\/vibeadventures.com\/destination\/mexico\/"},{"@type":"ListItem","position":4,"name":"Mexico City &amp; around","item":"https:\/\/vibeadventures.com\/destination\/mexico\/mexico-city\/"},{"@type":"ListItem","position":5,"name":"Teotihuacan","item":"https:\/\/vibeadventures.com\/destination\/mexico\/mexico-city\/teotihuacan\/"},{"@type":"ListItem","position":6,"name":"Hot Air Balloon Teotihuacan: Enjoy a Total Private Tour with Breakfast (5h)"}]},{"@type":"WebSite","@id":"https:\/\/vibeadventures.com\/#website","url":"https:\/\/vibeadventures.com\/","name":"Vibe Adventures","description":"Avventure e tour locali autentici","publisher":{"@id":"https:\/\/vibeadventures.com\/#organization"},"potentialAction":[{"@type":"SearchAction","target":{"@type":"EntryPoint","urlTemplate":"https:\/\/vibeadventures.com\/?s={search_term_string}"},"query-input":{"@type":"PropertyValueSpecification","valueRequired":true,"valueName":"search_term_string"}}],"inLanguage":"it-IT"},{"@type":"Organization","@id":"https:\/\/vibeadventures.com\/#organization","name":"Vibe Adventures","url":"https:\/\/vibeadventures.com\/","logo":{"@type":"ImageObject","inLanguage":"it-IT","@id":"https:\/\/vibeadventures.com\/#\/schema\/logo\/image\/","url":"https:\/\/vibeadventures.com\/wp-content\/uploads\/2022\/01\/vibe-adventures-logo-green-TRANSPARENT-481-x-152-1-e1587500448458-2.avif","contentUrl":"https:\/\/vibeadventures.com\/wp-content\/uploads\/2022\/01\/vibe-adventures-logo-green-TRANSPARENT-481-x-152-1-e1587500448458-2.avif","width":490,"height":100,"caption":"Vibe Adventures"},"image":{"@id":"https:\/\/vibeadventures.com\/#\/schema\/logo\/image\/"},"sameAs":["https:\/\/www.facebook.com\/VibeAdventures\/","https:\/\/x.com\/vibe_adventures","https:\/\/instagram.com\/vibe.adventures","https:\/\/www.linkedin.com\/company\/vibe-adventures\/?viewAsMember=true","https:\/\/www.pinterest.com\/Vibe_Adventures\/","https:\/\/www.youtube.com\/channel\/UCQ9qyA-fVkdXarHBlzDCUBA?view_as=subscriber","https:\/\/www.tiktok.com\/@vibeadventures"]}]}},"_links":{"self":[{"href":"https:\/\/vibeadventures.com\/it\/wp-json\/wp\/v2\/product\/18535","targetHints":{"allow":["GET"]}}],"collection":[{"href":"https:\/\/vibeadventures.com\/it\/wp-json\/wp\/v2\/product"}],"about":[{"href":"https:\/\/vibeadventures.com\/it\/wp-json\/wp\/v2\/types\/product"}],"replies":[{"embeddable":true,"href":"https:\/\/vibeadventures.com\/it\/wp-json\/wp\/v2\/comments?post=18535"}],"acf:term":[{"embeddable":true,"taxonomy":"sustainable-goals","href":"https:\/\/vibeadventures.com\/it\/wp-json\/wp\/v2\/sustainable-goals\/610"},{"embeddable":true,"taxonomy":"sustainable-goals","href":"https:\/\/vibeadventures.com\/it\/wp-json\/wp\/v2\/sustainable-goals\/614"},{"embeddable":true,"taxonomy":"season","href":"https:\/\/vibeadventures.com\/it\/wp-json\/wp\/v2\/season\/192"},{"embeddable":true,"taxonomy":"suitability","href":"https:\/\/vibeadventures.com\/it\/wp-json\/wp\/v2\/suitability\/142"},{"embeddable":true,"taxonomy":"suitability","href":"https:\/\/vibeadventures.com\/it\/wp-json\/wp\/v2\/suitability\/137"},{"embeddable":true,"taxonomy":"suitability","href":"https:\/\/vibeadventures.com\/it\/wp-json\/wp\/v2\/suitability\/141"},{"embeddable":true,"taxonomy":"suitability","href":"https:\/\/vibeadventures.com\/it\/wp-json\/wp\/v2\/suitability\/140"},{"embeddable":true,"taxonomy":"suitability","href":"https:\/\/vibeadventures.com\/it\/wp-json\/wp\/v2\/suitability\/139"},{"embeddable":true,"taxonomy":"suitability","href":"https:\/\/vibeadventures.com\/it\/wp-json\/wp\/v2\/suitability\/136"},{"embeddable":true,"taxonomy":"suitability","href":"https:\/\/vibeadventures.com\/it\/wp-json\/wp\/v2\/suitability\/138"},{"embeddable":true,"taxonomy":"physical_ranking","href":"https:\/\/vibeadventures.com\/it\/wp-json\/wp\/v2\/physical_ranking\/207"},{"embeddable":true,"taxonomy":"adventures_type","href":"https:\/\/vibeadventures.com\/it\/wp-json\/wp\/v2\/adventures_type\/201"},{"embeddable":true,"taxonomy":"travel_vibe","href":"https:\/\/vibeadventures.com\/it\/wp-json\/wp\/v2\/travel_vibe\/193"},{"embeddable":true,"taxonomy":"product_tag","href":"https:\/\/vibeadventures.com\/it\/wp-json\/wp\/v2\/product_tag\/94"},{"embeddable":true,"taxonomy":"product_tag","href":"https:\/\/vibeadventures.com\/it\/wp-json\/wp\/v2\/product_tag\/78"},{"embeddable":true,"taxonomy":"destination","href":"https:\/\/vibeadventures.com\/it\/wp-json\/wp\/v2\/destination\/425"}],"acf:attachment":[{"embeddable":true,"href":"https:\/\/vibeadventures.com\/it\/wp-json\/wp\/v2\/media\/1330"},{"embeddable":true,"href":"https:\/\/vibeadventures.com\/it\/wp-json\/wp\/v2\/media\/15566"},{"embeddable":true,"href":"https:\/\/vibeadventures.com\/it\/wp-json\/wp\/v2\/media\/1311"},{"embeddable":true,"href":"https:\/\/vibeadventures.com\/it\/wp-json\/wp\/v2\/media\/242"},{"embeddable":true,"href":"https:\/\/vibeadventures.com\/it\/wp-json\/wp\/v2\/media\/17190"},{"embeddable":true,"href":"https:\/\/vibeadventures.com\/it\/wp-json\/wp\/v2\/media\/1309"},{"embeddable":true,"href":"https:\/\/vibeadventures.com\/it\/wp-json\/wp\/v2\/media\/245"},{"embeddable":true,"href":"https:\/\/vibeadventures.com\/it\/wp-json\/wp\/v2\/media\/1307"},{"embeddable":true,"href":"https:\/\/vibeadventures.com\/it\/wp-json\/wp\/v2\/media\/244"}],"wp:featuredmedia":[{"embeddable":true,"href":"https:\/\/vibeadventures.com\/it\/wp-json\/wp\/v2\/media\/242"}],"wp:attachment":[{"href":"https:\/\/vibeadventures.com\/it\/wp-json\/wp\/v2\/media?parent=18535"}],"wp:term":[{"taxonomy":"adventures_type","embeddable":true,"href":"https:\/\/vibeadventures.com\/it\/wp-json\/wp\/v2\/adventures_type?post=18535"},{"taxonomy":"destination","embeddable":true,"href":"https:\/\/vibeadventures.com\/it\/wp-json\/wp\/v2\/destination?post=18535"},{"taxonomy":"operator","embeddable":true,"href":"https:\/\/vibeadventures.com\/it\/wp-json\/wp\/v2\/operator?post=18535"},{"taxonomy":"physical_ranking","embeddable":true,"href":"https:\/\/vibeadventures.com\/it\/wp-json\/wp\/v2\/physical_ranking?post=18535"},{"taxonomy":"season","embeddable":true,"href":"https:\/\/vibeadventures.com\/it\/wp-json\/wp\/v2\/season?post=18535"},{"taxonomy":"suitability","embeddable":true,"href":"https:\/\/vibeadventures.com\/it\/wp-json\/wp\/v2\/suitability?post=18535"},{"taxonomy":"sustainable-goals","embeddable":true,"href":"https:\/\/vibeadventures.com\/it\/wp-json\/wp\/v2\/sustainable-goals?post=18535"},{"taxonomy":"travel_vibe","embeddable":true,"href":"https:\/\/vibeadventures.com\/it\/wp-json\/wp\/v2\/travel_vibe?post=18535"},{"taxonomy":"product_cat","embeddable":true,"href":"https:\/\/vibeadventures.com\/it\/wp-json\/wp\/v2\/product_cat?post=18535"},{"taxonomy":"product_tag","embeddable":true,"href":"https:\/\/vibeadventures.com\/it\/wp-json\/wp\/v2\/product_tag?post=18535"}],"curies":[{"name":"wp","href":"https:\/\/api.w.org\/{rel}","templated":true}]}}