{"id":17824,"date":"2022-12-01T22:52:59","date_gmt":"2022-12-01T22:52:59","guid":{"rendered":"https:\/\/vibeadventures.com\/?post_type=product&#038;p=17824"},"modified":"2024-06-24T13:27:20","modified_gmt":"2024-06-24T19:27:20","slug":"gruppo-turistico-sian-kaan","status":"publish","type":"product","link":"https:\/\/vibeadventures.com\/it\/tour\/gruppo-turistico-sian-kaan\/","title":{"rendered":"Tour di Sian Kaan: Esplorare la biosfera naturale e l'incredibile laguna (6 ore)"},"content":{"rendered":"","protected":false},"excerpt":{"rendered":"","protected":false},"featured_media":17856,"comment_status":"open","ping_status":"closed","template":"","meta":{"_acf_changed":false},"adventures_type":[202],"destination":[561],"operator":[657],"physical_ranking":[209],"season":[192],"suitability":[138,136,139,140,141,137,142],"sustainable-goals":[616,617],"travel_vibe":[150],"product_cat":[154],"product_tag":[66,106,563],"class_list":{"0":"post-17824","1":"product","2":"type-product","3":"status-publish","4":"has-post-thumbnail","6":"adventures_type-group","7":"destination-tulum","8":"operator-johan-team","9":"physical_ranking-moderate","10":"season-all-year","11":"suitability-couples","12":"suitability-kid-friendly","13":"suitability-lgbt","14":"suitability-senior","15":"suitability-solo","16":"suitability-women-only","17":"suitability-youth","18":"sustainable-goals-goal-14-life-below-water","19":"sustainable-goals-goal-15-life-on-land","20":"travel_vibe-nature-and-outdoors-tours","21":"product_cat-1-day-tours","22":"product_tag-boat-rides","23":"product_tag-snorkeling","24":"product_tag-swimming","25":"entry","27":"first","28":"instock","29":"shipping-taxable","30":"purchasable","31":"product-type-simple"},"acf":{"type_of_tour":"1-Day","duration_days":"","duration_hours":6,"mood":"Private","logisticsc":"7:00 AM","toogle_time":"","logisticsa":"3","logisticsa_toggle":"1","pick_up_location":null,"pick_up_location_toggle":null,"private_pickup":"Pickup included: your accommodation or another convenient place of your choice.","private_pickup_toggle":"Pickup included: your accommodation or another convenient place of your choice.","both_pickup":"Please be aware that we will communicate your pick-up time via a personalized email and it will vary from the automatic pick-up time sent by the booking platform as we have to calculate it manually depending on your hotel\/Airbnb location.\r\n\r\nDuring the booking, you can see available pick-up fees according to your accommodation. Pick-up\/drop-off outside of Tulum involves an extra fee depending on the zone.","both_pickup_copy":"Exact time and location to be specified in the trip notes that are sent 1-2 weeks before the tour.","customization_group":"","customization_private":"","confirmation_select_private":"Automatic","confirmation_text_private":"Automatic confirmation (your departure is automatically confirmed and 100% guaranteed).","confirmation_select_group":"Manual","confirmation_text_group":"Manual confirmation (if a minimum number of participants is not met, we may cancel and fully refund your booking).","transfers":"","customize":"no","customizable_details":"We can do the following customizations on your request (subject to availability and needs to be confirmed before the tour):\r\n- Adjust the starting time of the tour.\r\n- Adjust the time you spend at each destination of the tour.\r\n- Add extra places of your choice (e.g. attractions, restaurants, etc.) to the itinerary on a complimentary basis if those visits (1) fit the default duration of the tour, (2) don\u2019t involve a significant change of the route and extra fees (e.g. entrance tickets, tolls, parking, etc.). \r\nChanges other than those will involve an extra fee and must be communicated to the tour organizer at least 72h before the tour (e.g. in the \u201cSpecial Requirements\u201d field during the booking or via email).","what_take":[{"take":"Comfortable clothes and shoes; bathing suit, towel, and sun glasses; camera (water protected), binoculars; sun protection and mosquito repellent (biodegradable, but preferably clothes to aid with sun protection); some cash. "}],"extra_notes":"<ul>\r\n \t<li><strong><span class=\"color_19\">Please note:<\/span><\/strong>\r\n<ul>\r\n \t<li><span class=\"color_19\">There are no ATMs in the area, nor do any of the vendors accept credit cards.<\/span><\/li>\r\n<\/ul>\r\n<\/li>\r\n<\/ul>","cancellations":"","discount-tour":null,"tour_operator":"Johan & team","maxage":100,"minage":4,"group_size":20,"location":561,"language":["English","Spanish"],"tags":[106,66,563],"theme":[150],"adventure_type":[202],"accessibility":"\ud83d\uded1 Not wheelchair accessible.","pets":"\ud83d\uded1 Not permitted.","difficulty":209,"suitability":[138,136,139,140,141,137,142],"seasonall":[192],"included":{"guides":"yes","guidese":"English\/Spanish bilingual guide service","accommodation":"no","accommodatione":"","accommodations":[],"transportation":"yes","transportatione":"Pick-up and drop-off in an air-conditioned VAN.","flights":"no","flightse":"","insurance":"no","insurancee":"","tips":"no","tipse":"","meals":"yes","mealse":"Lunch, non-alcoholic drinks and snacks.","expenses":"no","expensese":"","activities":"yes","activitiese":"3-h boat ride in Sian Ka'an; entrance and guided visit to Boca Paila; snorkel in the reef or swim in an open cenote."},"overview":"Imagine the <em><a href=\"https:\/\/en.wikipedia.org\/wiki\/Sian_Ka%CA%BCan_Biosphere_Reserve\">Sian Kaan<\/a> tour<\/em> journeying through the tropical paradise of a nature reserve. Discover the harmonious fusion of underground rivers and the azure <em>Caribbean Sea<\/em>, unveiling an incredible array of ecosystems. Then, admire majestic birds, elusive crocodiles, and the occasional playful manatee. Finally, dive deep into the wonders of the <em>Mesoamerican Barrier Reef<\/em> or explore an unreal <em>cenote<\/em> and relax in the peaceful oasis of <em>Punta Allen<\/em>.","itinerary":"Wake up for the <em>Sian Kaan tour<\/em>, a once-in-a-lifetime adventure through the captivating wonders and magical expedition in the vibrant nature reserve south of <em>Tulum<\/em>. Prepare for an experience like no other as we explore this <em>UNESCO World Heritage Site<\/em>, where underground rivers twist their way to meet the sky-blue embrace of the <em><a href=\"https:\/\/en.wikipedia.org\/wiki\/Caribbean_Sea\">Caribbean Sea<\/a><\/em>, creating a mesmerizing mosaic of diverse ecosystems.\r\n\r\nThe beautiful <em>Boca Paila lagoon<\/em> is our first destination, a sanctuary to spot magnificent birdlife, mysterious crocodiles, and even the elusive manatee roaming freely. If Mother Nature smiles upon us, put on your snorkeling equipment to dive into the <em>Mesoamerican Barrier Reef<\/em> or venture into an unreal underwater world of an open cenote.\r\n\r\nAfter an exciting day, savor a tasty beachfront lunch, relax among the lush coconut groves, and dip in the sparkling blue sea. The <em>Sian Kaan Tour<\/em> unveils the natural wonders of the wetlands, leading to the peaceful <em><a href=\"https:\/\/en.wikipedia.org\/wiki\/Punta_Allen\">Punta Allen<\/a><\/em>, a hidden oasis of tranquility.\r\n\r\n<strong>PROGRAM<\/strong>\r\n<ul>\r\n \t<li class=\"font_8\"><span class=\"color_19\">7 - 8 AM: Pick-up<\/span><\/li>\r\n \t<li class=\"font_8\">Once we enter the reserve, we drive for approximately 40 minutes along the coastal jungle until we reach the boat dock. Please be aware that the road is unpaved and bumpy!<\/li>\r\n \t<li class=\"font_8\">Boatride in the Reserve.<\/li>\r\n \t<li class=\"font_8\">Boca Paila.<\/li>\r\n \t<li class=\"font_8\">Snorkel in the reef or swim in an open cenote.<\/li>\r\n \t<li class=\"font_8\">Home-made lunch.<\/li>\r\n \t<li class=\"font_8\">1:30 PM - 2:30 PM: Drop-off.<\/li>\r\n<\/ul>","repeater":null,"destinations":[{"destination":"Sian Ka'an ","location":{"address":"Sian Ka'an, Q.R., M\u00e9xico","lat":19.4980112,"lng":-87.7158124,"zoom":14,"place_id":"ChIJVYkLSzamWo8RTU0JIOxWFy4","name":"Sian Ka'an","city":"Sian Ka'an","state":"Quintana Roo","state_short":"Q.R.","post_code":77187,"country":"M\u00e9xico","country_short":"MX"}},{"destination":"Boca Paila","location":{"address":"Boca Paila, Q.R., M\u00e9xico","lat":20.0316666,"lng":-87.47777769999999,"zoom":14,"place_id":"ChIJRWR6gM_eT48Rcr8i5EaNiYg","name":"Boca Paila","city":"Boca Paila","state":"Quintana Roo","state_short":"Q.R.","post_code":77766,"country":"M\u00e9xico","country_short":"MX"}},{"destination":"Punta Allen","location":{"address":"Punta Allen, Q.R., M\u00e9xico","lat":19.8002388,"lng":-87.47711210000001,"zoom":14,"place_id":"ChIJGacOipnjT48RZDvDSh64ln4","name":"Javier Rojo G\u00f3mez","city":"Javier Rojo G\u00f3mez","state":"Quintana Roo","state_short":"Q.R.","country":"M\u00e9xico","country_short":"MX"}}],"highlights":[{"highlight":"Discover a wonderful lagoon on a boat ride."},{"highlight":"Explore tropical wetlands with manatees, crocodiles, fish and birdlife."},{"highlight":"Appreciate the stunning powder-white sand beaches of the Mexican Caribbean."},{"highlight":"Swim in gorgeous turquoise waters and see multiple magnificent species in a reef snorkel or a cenote."},{"highlight":"Have a home-made lunch on the beach."}],"galleryes":"no","gallery":[22847,22852,22851,17856,22848,17853,17848,1377,22845],"video":"https:\/\/www.youtube.com\/watch?v=h_1csWRqFmc","pdf":"","tourradar":null,"sustainability_tax":[616,617],"goals_description":"Through the exploration of the UNESCO World Heritage Site, the tour promotes marine and terrestrial biodiversity conservation. The emphasis on the Mesoamerican Barrier Reef and Boca Paila lagoon showcases the rich marine life, contributing to SDG 14's objectives of protecting and restoring ocean ecosystems.\r\n\r\nSimultaneously, the tour respects the delicate terrestrial ecosystems of the Sian Kaan reserve, fostering awareness and sustainable practices in alignment with SDG 15. By offering an immersive experience in nature, the Sian Kaan tour encourages responsible tourism, making strides toward preserving the delicate balance of ecosystems in this unique region.","authenticity":"We do our best to make our trips educative and fulfilling, in which travelers can interact with local populations, learn about their traditions, and culture, and connect with their core values.","impact":"This tour is organized by or involves significant participation of local communities and service providers thus creating employment, increasing consumption, and benefitting the socio-economic development of the region.","why":"<ul>\r\n \t<li>Small groups of up to 13 travelers: closer communication, easier coordination, more adventures, and fun!<\/li>\r\n \t<li>Off-the-beaten-track tours with maximum immersion in local nature, culture, and traditions.<\/li>\r\n \t<li>The easygoing atmosphere of our tours is perfect for informal travel and making new friends among co-travelers and locals.<\/li>\r\n<\/ul>","calendar":"Rezdy","calendar_group":false,"rezdy":"https:\/\/vibeadventures.rezdy.com\/calendarWidget\/269561?iframe=true","toggle_calendar":"","bokun":"","bokun_toggle":"","display_price":155,"toggle_price":"","display_price_m":"","map_price":"","price_multi_private":null,"price_multi_group":null,"dates_multi_private":null,"departures_multi_private":null,"dates_multi_group":null,"departures_multi_group":null,"pricing_one_private":null,"prices_group_private":null,"repeat_season":null,"departures_one_private":null,"repeat_season_group":null,"departures_one_group":null},"yoast_head":"<!-- This site is optimized with the Yoast SEO Premium plugin v24.7 (Yoast SEO v24.7) - https:\/\/yoast.com\/wordpress\/plugins\/seo\/ -->\n<title>Sian Kaan tour: Explore a Natural Biosphere and Incredible Lagoon (6h)<\/title>\n<meta name=\"description\" content=\"Sian Kaan Tour: relax among palm trees, beaches, and lagoons while exploring Sian Ka&#039;an&#039;s beauty, also take a magical boat ride to Boca Paila.\" \/>\n<meta name=\"robots\" content=\"index, follow, max-snippet:-1, max-image-preview:large, max-video-preview:-1\" \/>\n<link rel=\"canonical\" href=\"https:\/\/vibeadventures.com\/it\/tour\/gruppo-turistico-sian-kaan\/\" \/>\n<meta property=\"og:locale\" content=\"it_IT\" \/>\n<meta property=\"og:type\" content=\"article\" \/>\n<meta property=\"og:title\" content=\"Sian Kaan tour: Explore a Natural Biosphere and Incredible Lagoon (6h)\" \/>\n<meta property=\"og:url\" content=\"https:\/\/vibeadventures.com\/it\/tour\/gruppo-turistico-sian-kaan\/\" \/>\n<meta property=\"og:site_name\" content=\"Vibe Adventures\" \/>\n<meta property=\"article:publisher\" content=\"https:\/\/www.facebook.com\/VibeAdventures\/\" \/>\n<meta property=\"article:modified_time\" content=\"2024-06-24T19:27:20+00:00\" \/>\n<meta property=\"og:image\" content=\"https:\/\/vibeadventures.com\/wp-content\/uploads\/2022\/12\/SKD-1.avif\" \/>\n\t<meta property=\"og:image:width\" content=\"1280\" \/>\n\t<meta property=\"og:image:height\" content=\"853\" \/>\n\t<meta property=\"og:image:type\" content=\"image\/jpeg\" \/>\n<meta name=\"twitter:card\" content=\"summary_large_image\" \/>\n<meta name=\"twitter:site\" content=\"@vibe_adventures\" \/>\n<meta name=\"twitter:label1\" content=\"Tempo di lettura stimato\" \/>\n\t<meta name=\"twitter:data1\" content=\"1 minuto\" \/>\n<script type=\"application\/ld+json\" class=\"yoast-schema-graph\">{\"@context\":\"https:\/\/schema.org\",\"@graph\":[{\"@type\":\"WebPage\",\"@id\":\"https:\/\/vibeadventures.com\/tour\/sian-kaan-tour-group\/\",\"url\":\"https:\/\/vibeadventures.com\/tour\/sian-kaan-tour-group\/\",\"name\":\"Sian Kaan tour: Explore a Natural Biosphere and Incredible Lagoon (6h)\",\"isPartOf\":{\"@id\":\"https:\/\/vibeadventures.com\/#website\"},\"primaryImageOfPage\":{\"@id\":\"https:\/\/vibeadventures.com\/tour\/sian-kaan-tour-group\/#primaryimage\"},\"image\":{\"@id\":\"https:\/\/vibeadventures.com\/tour\/sian-kaan-tour-group\/#primaryimage\"},\"thumbnailUrl\":\"https:\/\/vibeadventures.com\/wp-content\/uploads\/2022\/12\/SKD-1.avif\",\"datePublished\":\"2022-12-01T22:52:59+00:00\",\"dateModified\":\"2024-06-24T19:27:20+00:00\",\"description\":\"Sian Kaan Tour: relax among palm trees, beaches, and lagoons while exploring Sian Ka'an's beauty, also take a magical boat ride to Boca Paila.\",\"breadcrumb\":{\"@id\":\"https:\/\/vibeadventures.com\/tour\/sian-kaan-tour-group\/#breadcrumb\"},\"inLanguage\":\"it-IT\",\"potentialAction\":[{\"@type\":\"ReadAction\",\"target\":[\"https:\/\/vibeadventures.com\/tour\/sian-kaan-tour-group\/\"]}]},{\"@type\":\"ImageObject\",\"inLanguage\":\"it-IT\",\"@id\":\"https:\/\/vibeadventures.com\/tour\/sian-kaan-tour-group\/#primaryimage\",\"url\":\"https:\/\/vibeadventures.com\/wp-content\/uploads\/2022\/12\/SKD-1.avif\",\"contentUrl\":\"https:\/\/vibeadventures.com\/wp-content\/uploads\/2022\/12\/SKD-1.avif\",\"width\":1280,\"height\":853,\"caption\":\"Sian Kaan Tour (Boat Ride)\"},{\"@type\":\"BreadcrumbList\",\"@id\":\"https:\/\/vibeadventures.com\/tour\/sian-kaan-tour-group\/#breadcrumb\",\"itemListElement\":[{\"@type\":\"ListItem\",\"position\":1,\"name\":\"Home\",\"item\":\"https:\/\/vibeadventures.com\/\"},{\"@type\":\"ListItem\",\"position\":2,\"name\":\"Latin America\",\"item\":\"https:\/\/vibeadventures.com\/latin-america-tours\/\"},{\"@type\":\"ListItem\",\"position\":3,\"name\":\"Mexico\",\"item\":\"https:\/\/vibeadventures.com\/destination\/mexico\/\"},{\"@type\":\"ListItem\",\"position\":4,\"name\":\"Riviera Maya\",\"item\":\"https:\/\/vibeadventures.com\/destination\/mexico\/cancun-and-riviera-maya\/\"},{\"@type\":\"ListItem\",\"position\":5,\"name\":\"Tulum\",\"item\":\"https:\/\/vibeadventures.com\/destination\/mexico\/cancun-and-riviera-maya\/tulum\/\"},{\"@type\":\"ListItem\",\"position\":6,\"name\":\"Sian Kaan tour: Explore a Natural Biosphere and Incredible Lagoon (6h)\"}]},{\"@type\":\"WebSite\",\"@id\":\"https:\/\/vibeadventures.com\/#website\",\"url\":\"https:\/\/vibeadventures.com\/\",\"name\":\"Vibe Adventures\",\"description\":\"Authentic Local Adventures &amp; Tours\",\"publisher\":{\"@id\":\"https:\/\/vibeadventures.com\/#organization\"},\"potentialAction\":[{\"@type\":\"SearchAction\",\"target\":{\"@type\":\"EntryPoint\",\"urlTemplate\":\"https:\/\/vibeadventures.com\/?s={search_term_string}\"},\"query-input\":{\"@type\":\"PropertyValueSpecification\",\"valueRequired\":true,\"valueName\":\"search_term_string\"}}],\"inLanguage\":\"it-IT\"},{\"@type\":\"Organization\",\"@id\":\"https:\/\/vibeadventures.com\/#organization\",\"name\":\"Vibe Adventures\",\"url\":\"https:\/\/vibeadventures.com\/\",\"logo\":{\"@type\":\"ImageObject\",\"inLanguage\":\"it-IT\",\"@id\":\"https:\/\/vibeadventures.com\/#\/schema\/logo\/image\/\",\"url\":\"https:\/\/vibeadventures.com\/wp-content\/uploads\/2022\/01\/vibe-adventures-logo-green-TRANSPARENT-481-x-152-1-e1587500448458-2.avif\",\"contentUrl\":\"https:\/\/vibeadventures.com\/wp-content\/uploads\/2022\/01\/vibe-adventures-logo-green-TRANSPARENT-481-x-152-1-e1587500448458-2.avif\",\"width\":490,\"height\":100,\"caption\":\"Vibe Adventures\"},\"image\":{\"@id\":\"https:\/\/vibeadventures.com\/#\/schema\/logo\/image\/\"},\"sameAs\":[\"https:\/\/www.facebook.com\/VibeAdventures\/\",\"https:\/\/x.com\/vibe_adventures\",\"https:\/\/instagram.com\/vibe.adventures\",\"https:\/\/www.linkedin.com\/company\/vibe-adventures\/?viewAsMember=true\",\"https:\/\/www.pinterest.com\/Vibe_Adventures\/\",\"https:\/\/www.youtube.com\/channel\/UCQ9qyA-fVkdXarHBlzDCUBA?view_as=subscriber\",\"https:\/\/www.tiktok.com\/@vibeadventures\"]}]}<\/script>\n<!-- \/ Yoast SEO Premium plugin. -->","yoast_head_json":{"title":"Tour di Sian Kaan: Esplorare la biosfera naturale e l'incredibile laguna (6 ore)","description":"Tour di Sian Kaan: rilassatevi tra palme, spiagge e lagune mentre esplorate la bellezza di Sian Ka'an, facendo anche un magico giro in barca a Boca Paila.","robots":{"index":"index","follow":"follow","max-snippet":"max-snippet:-1","max-image-preview":"max-image-preview:large","max-video-preview":"max-video-preview:-1"},"canonical":"https:\/\/vibeadventures.com\/it\/tour\/gruppo-turistico-sian-kaan\/","og_locale":"it_IT","og_type":"article","og_title":"Sian Kaan tour: Explore a Natural Biosphere and Incredible Lagoon (6h)","og_url":"https:\/\/vibeadventures.com\/it\/tour\/gruppo-turistico-sian-kaan\/","og_site_name":"Vibe Adventures","article_publisher":"https:\/\/www.facebook.com\/VibeAdventures\/","article_modified_time":"2024-06-24T19:27:20+00:00","og_image":[{"width":1280,"height":853,"url":"https:\/\/vibeadventures.com\/wp-content\/uploads\/2022\/12\/SKD-1.avif","type":"image\/jpeg"}],"twitter_card":"summary_large_image","twitter_site":"@vibe_adventures","twitter_misc":{"Tempo di lettura stimato":"1 minuto"},"schema":{"@context":"https:\/\/schema.org","@graph":[{"@type":"WebPage","@id":"https:\/\/vibeadventures.com\/tour\/sian-kaan-tour-group\/","url":"https:\/\/vibeadventures.com\/tour\/sian-kaan-tour-group\/","name":"Tour di Sian Kaan: Esplorare la biosfera naturale e l'incredibile laguna (6 ore)","isPartOf":{"@id":"https:\/\/vibeadventures.com\/#website"},"primaryImageOfPage":{"@id":"https:\/\/vibeadventures.com\/tour\/sian-kaan-tour-group\/#primaryimage"},"image":{"@id":"https:\/\/vibeadventures.com\/tour\/sian-kaan-tour-group\/#primaryimage"},"thumbnailUrl":"https:\/\/vibeadventures.com\/wp-content\/uploads\/2022\/12\/SKD-1.avif","datePublished":"2022-12-01T22:52:59+00:00","dateModified":"2024-06-24T19:27:20+00:00","description":"Tour di Sian Kaan: rilassatevi tra palme, spiagge e lagune mentre esplorate la bellezza di Sian Ka'an, facendo anche un magico giro in barca a Boca Paila.","breadcrumb":{"@id":"https:\/\/vibeadventures.com\/tour\/sian-kaan-tour-group\/#breadcrumb"},"inLanguage":"it-IT","potentialAction":[{"@type":"ReadAction","target":["https:\/\/vibeadventures.com\/tour\/sian-kaan-tour-group\/"]}]},{"@type":"ImageObject","inLanguage":"it-IT","@id":"https:\/\/vibeadventures.com\/tour\/sian-kaan-tour-group\/#primaryimage","url":"https:\/\/vibeadventures.com\/wp-content\/uploads\/2022\/12\/SKD-1.avif","contentUrl":"https:\/\/vibeadventures.com\/wp-content\/uploads\/2022\/12\/SKD-1.avif","width":1280,"height":853,"caption":"Sian Kaan Tour (Boat Ride)"},{"@type":"BreadcrumbList","@id":"https:\/\/vibeadventures.com\/tour\/sian-kaan-tour-group\/#breadcrumb","itemListElement":[{"@type":"ListItem","position":1,"name":"Home","item":"https:\/\/vibeadventures.com\/"},{"@type":"ListItem","position":2,"name":"Latin America","item":"https:\/\/vibeadventures.com\/latin-america-tours\/"},{"@type":"ListItem","position":3,"name":"Mexico","item":"https:\/\/vibeadventures.com\/destination\/mexico\/"},{"@type":"ListItem","position":4,"name":"Riviera Maya","item":"https:\/\/vibeadventures.com\/destination\/mexico\/cancun-and-riviera-maya\/"},{"@type":"ListItem","position":5,"name":"Tulum","item":"https:\/\/vibeadventures.com\/destination\/mexico\/cancun-and-riviera-maya\/tulum\/"},{"@type":"ListItem","position":6,"name":"Sian Kaan tour: Explore a Natural Biosphere and Incredible Lagoon (6h)"}]},{"@type":"WebSite","@id":"https:\/\/vibeadventures.com\/#website","url":"https:\/\/vibeadventures.com\/","name":"Vibe Adventures","description":"Avventure e tour locali autentici","publisher":{"@id":"https:\/\/vibeadventures.com\/#organization"},"potentialAction":[{"@type":"SearchAction","target":{"@type":"EntryPoint","urlTemplate":"https:\/\/vibeadventures.com\/?s={search_term_string}"},"query-input":{"@type":"PropertyValueSpecification","valueRequired":true,"valueName":"search_term_string"}}],"inLanguage":"it-IT"},{"@type":"Organization","@id":"https:\/\/vibeadventures.com\/#organization","name":"Vibe Adventures","url":"https:\/\/vibeadventures.com\/","logo":{"@type":"ImageObject","inLanguage":"it-IT","@id":"https:\/\/vibeadventures.com\/#\/schema\/logo\/image\/","url":"https:\/\/vibeadventures.com\/wp-content\/uploads\/2022\/01\/vibe-adventures-logo-green-TRANSPARENT-481-x-152-1-e1587500448458-2.avif","contentUrl":"https:\/\/vibeadventures.com\/wp-content\/uploads\/2022\/01\/vibe-adventures-logo-green-TRANSPARENT-481-x-152-1-e1587500448458-2.avif","width":490,"height":100,"caption":"Vibe Adventures"},"image":{"@id":"https:\/\/vibeadventures.com\/#\/schema\/logo\/image\/"},"sameAs":["https:\/\/www.facebook.com\/VibeAdventures\/","https:\/\/x.com\/vibe_adventures","https:\/\/instagram.com\/vibe.adventures","https:\/\/www.linkedin.com\/company\/vibe-adventures\/?viewAsMember=true","https:\/\/www.pinterest.com\/Vibe_Adventures\/","https:\/\/www.youtube.com\/channel\/UCQ9qyA-fVkdXarHBlzDCUBA?view_as=subscriber","https:\/\/www.tiktok.com\/@vibeadventures"]}]}},"_links":{"self":[{"href":"https:\/\/vibeadventures.com\/it\/wp-json\/wp\/v2\/product\/17824","targetHints":{"allow":["GET"]}}],"collection":[{"href":"https:\/\/vibeadventures.com\/it\/wp-json\/wp\/v2\/product"}],"about":[{"href":"https:\/\/vibeadventures.com\/it\/wp-json\/wp\/v2\/types\/product"}],"replies":[{"embeddable":true,"href":"https:\/\/vibeadventures.com\/it\/wp-json\/wp\/v2\/comments?post=17824"}],"acf:term":[{"embeddable":true,"taxonomy":"sustainable-goals","href":"https:\/\/vibeadventures.com\/it\/wp-json\/wp\/v2\/sustainable-goals\/617"},{"embeddable":true,"taxonomy":"sustainable-goals","href":"https:\/\/vibeadventures.com\/it\/wp-json\/wp\/v2\/sustainable-goals\/616"},{"embeddable":true,"taxonomy":"season","href":"https:\/\/vibeadventures.com\/it\/wp-json\/wp\/v2\/season\/192"},{"embeddable":true,"taxonomy":"suitability","href":"https:\/\/vibeadventures.com\/it\/wp-json\/wp\/v2\/suitability\/142"},{"embeddable":true,"taxonomy":"suitability","href":"https:\/\/vibeadventures.com\/it\/wp-json\/wp\/v2\/suitability\/137"},{"embeddable":true,"taxonomy":"suitability","href":"https:\/\/vibeadventures.com\/it\/wp-json\/wp\/v2\/suitability\/141"},{"embeddable":true,"taxonomy":"suitability","href":"https:\/\/vibeadventures.com\/it\/wp-json\/wp\/v2\/suitability\/140"},{"embeddable":true,"taxonomy":"suitability","href":"https:\/\/vibeadventures.com\/it\/wp-json\/wp\/v2\/suitability\/139"},{"embeddable":true,"taxonomy":"suitability","href":"https:\/\/vibeadventures.com\/it\/wp-json\/wp\/v2\/suitability\/136"},{"embeddable":true,"taxonomy":"suitability","href":"https:\/\/vibeadventures.com\/it\/wp-json\/wp\/v2\/suitability\/138"},{"embeddable":true,"taxonomy":"physical_ranking","href":"https:\/\/vibeadventures.com\/it\/wp-json\/wp\/v2\/physical_ranking\/209"},{"embeddable":true,"taxonomy":"adventures_type","href":"https:\/\/vibeadventures.com\/it\/wp-json\/wp\/v2\/adventures_type\/202"},{"embeddable":true,"taxonomy":"travel_vibe","href":"https:\/\/vibeadventures.com\/it\/wp-json\/wp\/v2\/travel_vibe\/150"},{"embeddable":true,"taxonomy":"product_tag","href":"https:\/\/vibeadventures.com\/it\/wp-json\/wp\/v2\/product_tag\/563"},{"embeddable":true,"taxonomy":"product_tag","href":"https:\/\/vibeadventures.com\/it\/wp-json\/wp\/v2\/product_tag\/66"},{"embeddable":true,"taxonomy":"product_tag","href":"https:\/\/vibeadventures.com\/it\/wp-json\/wp\/v2\/product_tag\/106"},{"embeddable":true,"taxonomy":"destination","href":"https:\/\/vibeadventures.com\/it\/wp-json\/wp\/v2\/destination\/561"}],"acf:attachment":[{"embeddable":true,"href":"https:\/\/vibeadventures.com\/it\/wp-json\/wp\/v2\/media\/22845"},{"embeddable":true,"href":"https:\/\/vibeadventures.com\/it\/wp-json\/wp\/v2\/media\/1377"},{"embeddable":true,"href":"https:\/\/vibeadventures.com\/it\/wp-json\/wp\/v2\/media\/17848"},{"embeddable":true,"href":"https:\/\/vibeadventures.com\/it\/wp-json\/wp\/v2\/media\/17853"},{"embeddable":true,"href":"https:\/\/vibeadventures.com\/it\/wp-json\/wp\/v2\/media\/22848"},{"embeddable":true,"href":"https:\/\/vibeadventures.com\/it\/wp-json\/wp\/v2\/media\/17856"},{"embeddable":true,"href":"https:\/\/vibeadventures.com\/it\/wp-json\/wp\/v2\/media\/22851"},{"embeddable":true,"href":"https:\/\/vibeadventures.com\/it\/wp-json\/wp\/v2\/media\/22852"},{"embeddable":true,"href":"https:\/\/vibeadventures.com\/it\/wp-json\/wp\/v2\/media\/22847"}],"wp:featuredmedia":[{"embeddable":true,"href":"https:\/\/vibeadventures.com\/it\/wp-json\/wp\/v2\/media\/17856"}],"wp:attachment":[{"href":"https:\/\/vibeadventures.com\/it\/wp-json\/wp\/v2\/media?parent=17824"}],"wp:term":[{"taxonomy":"adventures_type","embeddable":true,"href":"https:\/\/vibeadventures.com\/it\/wp-json\/wp\/v2\/adventures_type?post=17824"},{"taxonomy":"destination","embeddable":true,"href":"https:\/\/vibeadventures.com\/it\/wp-json\/wp\/v2\/destination?post=17824"},{"taxonomy":"operator","embeddable":true,"href":"https:\/\/vibeadventures.com\/it\/wp-json\/wp\/v2\/operator?post=17824"},{"taxonomy":"physical_ranking","embeddable":true,"href":"https:\/\/vibeadventures.com\/it\/wp-json\/wp\/v2\/physical_ranking?post=17824"},{"taxonomy":"season","embeddable":true,"href":"https:\/\/vibeadventures.com\/it\/wp-json\/wp\/v2\/season?post=17824"},{"taxonomy":"suitability","embeddable":true,"href":"https:\/\/vibeadventures.com\/it\/wp-json\/wp\/v2\/suitability?post=17824"},{"taxonomy":"sustainable-goals","embeddable":true,"href":"https:\/\/vibeadventures.com\/it\/wp-json\/wp\/v2\/sustainable-goals?post=17824"},{"taxonomy":"travel_vibe","embeddable":true,"href":"https:\/\/vibeadventures.com\/it\/wp-json\/wp\/v2\/travel_vibe?post=17824"},{"taxonomy":"product_cat","embeddable":true,"href":"https:\/\/vibeadventures.com\/it\/wp-json\/wp\/v2\/product_cat?post=17824"},{"taxonomy":"product_tag","embeddable":true,"href":"https:\/\/vibeadventures.com\/it\/wp-json\/wp\/v2\/product_tag?post=17824"}],"curies":[{"name":"wp","href":"https:\/\/api.w.org\/{rel}","templated":true}]}}