{"id":17817,"date":"2022-12-01T19:56:06","date_gmt":"2022-12-01T19:56:06","guid":{"rendered":"https:\/\/vibeadventures.com\/?post_type=product&#038;p=17817"},"modified":"2024-08-06T14:48:32","modified_gmt":"2024-08-06T20:48:32","slug":"gruppo-muyil-tour-bird","status":"publish","type":"product","link":"https:\/\/vibeadventures.com\/it\/tour\/gruppo-muyil-tour-bird\/","title":{"rendered":"Tour di Muyil: Ammirate gli uccelli colorati nella natura (Piccolo gruppo \/ 6h)"},"content":{"rendered":"","protected":false},"excerpt":{"rendered":"","protected":false},"featured_media":17827,"comment_status":"open","ping_status":"closed","template":"","meta":{"_acf_changed":false},"adventures_type":[202],"destination":[561],"operator":[657],"physical_ranking":[208],"season":[192],"suitability":[138,136,139,140,141,137,142],"sustainable-goals":[617,606,610],"travel_vibe":[150],"product_cat":[154],"product_tag":[58,94,57],"class_list":{"0":"post-17817","1":"product","2":"type-product","3":"status-publish","4":"has-post-thumbnail","6":"adventures_type-group","7":"destination-tulum","8":"operator-johan-team","9":"physical_ranking-easy","10":"season-all-year","11":"suitability-couples","12":"suitability-kid-friendly","13":"suitability-lgbt","14":"suitability-senior","15":"suitability-solo","16":"suitability-women-only","17":"suitability-youth","18":"sustainable-goals-goal-15-life-on-land","19":"sustainable-goals-goal-4-quality-education","20":"sustainable-goals-goal-8-decent-work-and-economic-growth","21":"travel_vibe-nature-and-outdoors-tours","22":"product_cat-1-day-tours","23":"product_tag-archeology","24":"product_tag-photo-tours","25":"product_tag-animals","26":"entry","28":"first","29":"instock","30":"shipping-taxable","31":"purchasable","32":"product-type-simple"},"acf":{"type_of_tour":"1-Day","duration_days":"","duration_hours":6,"mood":"Private","logisticsc":"06:30 AM","toogle_time":"","logisticsa":"3","logisticsa_toggle":"1","pick_up_location":null,"pick_up_location_toggle":null,"private_pickup":"Pickup included: your accommodation or another convenient place of your choice.","private_pickup_toggle":"Pickup included: your accommodation or another convenient place of your choice.","both_pickup":"Please be aware that we will communicate your pick up time via a personalized email and it will vary from the automatic pick up time sent by the booking platform as we have to calculate it manually depending on your hotel\/airbnb location.","both_pickup_copy":"Exact time and location to be specified in the trip notes that are sent 1-2 weeks before the tour.","customization_group":"","customization_private":"","confirmation_select_private":"Automatic","confirmation_text_private":"Automatic confirmation (your departure is automatically confirmed and 100% guaranteed).","confirmation_select_group":"Manual","confirmation_text_group":"Manual confirmation (if a minimum number of participants is not met, we may cancel and fully refund your booking).","transfers":"","customize":"no","customizable_details":"We can do the following customizations on your request (subject to availability and needs to be confirmed before the tour):\r\n- Adjust the starting time of the tour.\r\n- Adjust the time you spend at each destination of the tour.\r\n- Add extra places of your choice (e.g. attractions, restaurants, etc.) to the itinerary on a complimentary basis if those visits (1) fit the default duration of the tour, (2) don\u2019t involve a significant change of the route and extra fees (e.g. entrance tickets, tolls, parking, etc.). \r\nChanges other than those will involve an extra fee and must be communicated to the tour organizer at least 72h before the tour (e.g. in the \u201cSpecial Requirements\u201d field during the booking or via email).","what_take":[{"take":"Comfortable clothes and shoes, sun glasses; camera and binoculars; eco-friendly sun and mosquito protection (preferably clothes to aid with sun and mosquito); some cash."}],"extra_notes":"<ul>\r\n \t<li><span class=\"color_34\">Please note that there are no ATM machines in the area, nor do any of the vendors accept credit cards.<\/span><\/li>\r\n \t<li><span class=\"color_34\">It is customary to tip the guides and staff for their excellent service.<\/span><\/li>\r\n \t<li>Pick-up and drop-off outside of Tulum involve an extra fee depending on the zone.<\/li>\r\n<\/ul>","cancellations":"","discount-tour":null,"tour_operator":"Johan & team","maxage":100,"minage":0,"group_size":20,"location":561,"language":["English","Spanish"],"tags":[57,58,94],"theme":[150],"adventure_type":[202],"accessibility":"\ud83d\uded1 Not wheelchair accessible.","pets":"\ud83d\uded1 Not permitted.","difficulty":208,"suitability":[138,136,139,140,141,137,142],"seasonall":[192],"included":{"guides":"yes","guidese":"English\/Spanish bilingual guide service","accommodation":"no","accommodatione":"","accommodations":[],"transportation":"yes","transportatione":"Hotel pick-up and drop-off.","flights":"no","flightse":"","insurance":"yes","insurancee":"","tips":"no","tipse":"","meals":"yes","mealse":"Light breakfast (coffee, energy bar, and fruit), non-alcoholic drinks, and snacks.","expenses":"no","expensese":"","activities":"yes","activitiese":"Entrance and guided visit to Muyil Archaeological Site."},"overview":"Come with us on our <em><a href=\"https:\/\/en.wikipedia.org\/wiki\/Muyil\">Muyil<\/a><\/em><em>\u00a0Tour<\/em> for a delightful adventure on a half-day small-group trip. Immerse yourself in the captivating world of birds and be enchanted by the breathtaking landscape. Discover the hidden treasures of <em>Muyil<\/em> as you explore with our knowledgeable guide. Come and experience the beauty of nature like never before!","itinerary":"Start the <em>Muyil Tour<\/em> by meeting your guide in the early morning and then drive to <em>Muyil<\/em>, just 20 minutes from <em>Tulum<\/em>. Immerse yourself in incredible bird diversity while learning about ancient and current Mayan culture on a village and ancient city tour.\r\n\r\nExplore diverse habitats in <em>Muyil<\/em> village with semi-deciduous jungle and freshwater wetlands. Walk through a flooded jungle on a boardwalk to reach a stunning freshwater lagoon.\r\n\r\nOn this tour, it is possible to identify from 40 to 80 species of birds, depending on the time of the year.\r\n\r\nDepending on the availability of boats, there is also the chance to add a boat trip across two lagoons and a floating experience among nature's tranquility. Listen to the soothing sounds of mangroves, orchids, and bromeliads\u2014a truly unique and calming experience.\r\n\r\nPROGRAM\r\n<ul>\r\n \t<li class=\"font_8\"><span class=\"color_34\">6:00 a.m. Pick-up at your accommodation (Earlier if farther from Tulum).<\/span><\/li>\r\n \t<li class=\"font_8\"><span class=\"color_34\">6:30 a.m. Briefing with coffee, fruit, and energy bar.<\/span><\/li>\r\n \t<li class=\"font_8\"><span class=\"color_34\">7:00 a.m\u00a0 Begin briding Mayan community.<\/span><\/li>\r\n \t<li class=\"font_8\"><span class=\"color_34\">9:00 a.m. Breakfast (Fruit cocktail or eggs, coffee or tea).<\/span><\/li>\r\n \t<li class=\"font_8\"><span class=\"color_34\">9:30 a.m. Continue birding at the Muyil Archaeological Site<\/span><\/li>\r\n \t<li class=\"font_8\"><span class=\"color_34\">10:30 a.m. Walk on boardwalk to get across the flooded jungle and come out onto a lagoon.<\/span><\/li>\r\n \t<li class=\"font_8\"><span class=\"color_34\">11:00 a.m. Option to take a boat across two lagoons and float in lazy river. (Finish the tour at 2:00 pm with lunch included).<\/span><\/li>\r\n \t<li class=\"font_8\"><span class=\"color_34\">12:00 p.m. End of the excursion.<\/span><\/li>\r\n<\/ul>","repeater":null,"destinations":[{"destination":"Muyil","location":{"address":"Muyil, Q.R., M\u00e9xico","lat":20.0768375,"lng":-87.6151505,"zoom":14,"place_id":"ChIJ4WltD4ImUI8RQNIksZwg42E","name":"Chunyaxch\u00e9","city":"Chunyaxch\u00e9","state":"Quintana Roo","state_short":"Q.R.","post_code":77134,"country":"M\u00e9xico","country_short":"MX"}}],"highlights":[{"highlight":"Learn about the ancient and current Maya culture while walking and looking for birds in Muyil. "},{"highlight":"Explore different habitats in the village with diverse types of vegetation and also at Muyil ruins. "},{"highlight":"Identify from 40 to 80 species of birds, depending on the time of the year."}],"galleryes":"no","gallery":[17831,17828,17827,17830,17829,17826,18346,17836],"video":"","pdf":"","tourradar":null,"sustainability_tax":[617,606,610],"goals_description":"The Muyil Tour elegantly aligns with Sustainable Development Goals (SDGs) by promoting biodiversity awareness and supporting local communities. The tour contributes to SDG 15: Life on Land by showcasing the incredible diversity of bird species in the Muyil village and archaeological site, fostering an appreciation for local ecosystems.\r\n\r\nAdditionally, the emphasis on a village tour provides cultural insights, contributing to SDG 4: Quality Education, as it educates participants about ancient and current Mayan culture.\r\n\r\nThe tour's engagement with local communities and nature, along with the option for a boat trip, reflects a sustainable and responsible approach to tourism, supporting SDG 8: Decent Work and Economic Growth.","authenticity":"We do our best to make our trips educative and fulfilling, in which travelers can interact with local populations, learn about their traditions, and culture, and connect with their core values.","impact":"This tour is organized by or involves significant participation of local communities and service providers thus creating employment, increasing consumption, and benefitting the socio-economic development of the region.","why":"<ul>\r\n \t<li class=\"font_8\"><span class=\"color_34\">This is an excellent excursion for all the enthusiastic bird-watchers who are also interested in the nature, culture and history of the area.<\/span><\/li>\r\n \t<li class=\"font_8\"><span class=\"color_34\">For those that want to spend the least time possible in a car to get to a great birding location.<\/span><\/li>\r\n \t<li class=\"font_8\"><span class=\"color_34\">For those interested in giving bird-watching a try to enjoy the fantastic world of birds and the incredible places they can take us to.\u00a0<\/span><\/li>\r\n<\/ul>","calendar":"Rezdy","calendar_group":false,"rezdy":"https:\/\/vibeadventures.rezdy.com\/calendarWidget\/277590?iframe=true","toggle_calendar":"","bokun":"","bokun_toggle":"","display_price":135,"toggle_price":"","display_price_m":"","map_price":"","price_multi_private":null,"price_multi_group":null,"dates_multi_private":null,"departures_multi_private":null,"dates_multi_group":null,"departures_multi_group":null,"pricing_one_private":null,"prices_group_private":null,"repeat_season":null,"departures_one_private":null,"repeat_season_group":null,"departures_one_group":null},"yoast_head":"<!-- This site is optimized with the Yoast SEO Premium plugin v24.7 (Yoast SEO v24.7) - https:\/\/yoast.com\/wordpress\/plugins\/seo\/ -->\n<title>Muyil Tour: Admire Colorful Birds in the Nature (Small-Group \/ 6h)<\/title>\n<meta name=\"description\" content=\"Get on our Muyil Tour and discover Muyil through the fascinating world of birds and get enticed by its beautiful environment!\" \/>\n<meta name=\"robots\" content=\"noindex, nofollow\" \/>\n<meta property=\"og:locale\" content=\"it_IT\" \/>\n<meta property=\"og:type\" content=\"article\" \/>\n<meta property=\"og:title\" content=\"Muyil Tour: Admire Colorful Birds in the Nature (Small-Group \/ 6h)\" \/>\n<meta property=\"og:url\" content=\"https:\/\/vibeadventures.com\/it\/tour\/gruppo-muyil-tour-bird\/\" \/>\n<meta property=\"og:site_name\" content=\"Vibe Adventures\" \/>\n<meta property=\"article:publisher\" content=\"https:\/\/www.facebook.com\/VibeAdventures\/\" \/>\n<meta property=\"article:modified_time\" content=\"2024-08-06T20:48:32+00:00\" \/>\n<meta property=\"og:image\" content=\"https:\/\/vibeadventures.com\/wp-content\/uploads\/2022\/12\/Copie_de_Kingfisher_grande_lg.avif\" \/>\n\t<meta property=\"og:image:width\" content=\"857\" \/>\n\t<meta property=\"og:image:height\" content=\"581\" \/>\n\t<meta property=\"og:image:type\" content=\"image\/jpeg\" \/>\n<meta name=\"twitter:card\" content=\"summary_large_image\" \/>\n<meta name=\"twitter:site\" content=\"@vibe_adventures\" \/>\n<meta name=\"twitter:label1\" content=\"Tempo di lettura stimato\" \/>\n\t<meta name=\"twitter:data1\" content=\"1 minuto\" \/>\n<script type=\"application\/ld+json\" class=\"yoast-schema-graph\">{\"@context\":\"https:\/\/schema.org\",\"@graph\":[{\"@type\":\"WebPage\",\"@id\":\"https:\/\/vibeadventures.com\/tour\/muyil-tour-bird-group\/\",\"url\":\"https:\/\/vibeadventures.com\/tour\/muyil-tour-bird-group\/\",\"name\":\"Muyil Tour: Admire Colorful Birds in the Nature (Small-Group \/ 6h)\",\"isPartOf\":{\"@id\":\"https:\/\/vibeadventures.com\/#website\"},\"primaryImageOfPage\":{\"@id\":\"https:\/\/vibeadventures.com\/tour\/muyil-tour-bird-group\/#primaryimage\"},\"image\":{\"@id\":\"https:\/\/vibeadventures.com\/tour\/muyil-tour-bird-group\/#primaryimage\"},\"thumbnailUrl\":\"https:\/\/vibeadventures.com\/wp-content\/uploads\/2022\/12\/Copie_de_Kingfisher_grande_lg.avif\",\"datePublished\":\"2022-12-01T19:56:06+00:00\",\"dateModified\":\"2024-08-06T20:48:32+00:00\",\"description\":\"Get on our Muyil Tour and discover Muyil through the fascinating world of birds and get enticed by its beautiful environment!\",\"breadcrumb\":{\"@id\":\"https:\/\/vibeadventures.com\/tour\/muyil-tour-bird-group\/#breadcrumb\"},\"inLanguage\":\"it-IT\",\"potentialAction\":[{\"@type\":\"ReadAction\",\"target\":[\"https:\/\/vibeadventures.com\/tour\/muyil-tour-bird-group\/\"]}]},{\"@type\":\"ImageObject\",\"inLanguage\":\"it-IT\",\"@id\":\"https:\/\/vibeadventures.com\/tour\/muyil-tour-bird-group\/#primaryimage\",\"url\":\"https:\/\/vibeadventures.com\/wp-content\/uploads\/2022\/12\/Copie_de_Kingfisher_grande_lg.avif\",\"contentUrl\":\"https:\/\/vibeadventures.com\/wp-content\/uploads\/2022\/12\/Copie_de_Kingfisher_grande_lg.avif\",\"width\":857,\"height\":581,\"caption\":\"Marvel with the beautiful colors of the birds\"},{\"@type\":\"BreadcrumbList\",\"@id\":\"https:\/\/vibeadventures.com\/tour\/muyil-tour-bird-group\/#breadcrumb\",\"itemListElement\":[{\"@type\":\"ListItem\",\"position\":1,\"name\":\"Home\",\"item\":\"https:\/\/vibeadventures.com\/\"},{\"@type\":\"ListItem\",\"position\":2,\"name\":\"Latin America\",\"item\":\"https:\/\/vibeadventures.com\/latin-america-tours\/\"},{\"@type\":\"ListItem\",\"position\":3,\"name\":\"Mexico\",\"item\":\"https:\/\/vibeadventures.com\/destination\/mexico\/\"},{\"@type\":\"ListItem\",\"position\":4,\"name\":\"Riviera Maya\",\"item\":\"https:\/\/vibeadventures.com\/destination\/mexico\/cancun-and-riviera-maya\/\"},{\"@type\":\"ListItem\",\"position\":5,\"name\":\"Tulum\",\"item\":\"https:\/\/vibeadventures.com\/destination\/mexico\/cancun-and-riviera-maya\/tulum\/\"},{\"@type\":\"ListItem\",\"position\":6,\"name\":\"Muyil Tour: Admire Colorful Birds in the Nature (Small-Group \/ 6h)\"}]},{\"@type\":\"WebSite\",\"@id\":\"https:\/\/vibeadventures.com\/#website\",\"url\":\"https:\/\/vibeadventures.com\/\",\"name\":\"Vibe Adventures\",\"description\":\"Authentic Local Adventures &amp; Tours\",\"publisher\":{\"@id\":\"https:\/\/vibeadventures.com\/#organization\"},\"potentialAction\":[{\"@type\":\"SearchAction\",\"target\":{\"@type\":\"EntryPoint\",\"urlTemplate\":\"https:\/\/vibeadventures.com\/?s={search_term_string}\"},\"query-input\":{\"@type\":\"PropertyValueSpecification\",\"valueRequired\":true,\"valueName\":\"search_term_string\"}}],\"inLanguage\":\"it-IT\"},{\"@type\":\"Organization\",\"@id\":\"https:\/\/vibeadventures.com\/#organization\",\"name\":\"Vibe Adventures\",\"url\":\"https:\/\/vibeadventures.com\/\",\"logo\":{\"@type\":\"ImageObject\",\"inLanguage\":\"it-IT\",\"@id\":\"https:\/\/vibeadventures.com\/#\/schema\/logo\/image\/\",\"url\":\"https:\/\/vibeadventures.com\/wp-content\/uploads\/2022\/01\/vibe-adventures-logo-green-TRANSPARENT-481-x-152-1-e1587500448458-2.avif\",\"contentUrl\":\"https:\/\/vibeadventures.com\/wp-content\/uploads\/2022\/01\/vibe-adventures-logo-green-TRANSPARENT-481-x-152-1-e1587500448458-2.avif\",\"width\":490,\"height\":100,\"caption\":\"Vibe Adventures\"},\"image\":{\"@id\":\"https:\/\/vibeadventures.com\/#\/schema\/logo\/image\/\"},\"sameAs\":[\"https:\/\/www.facebook.com\/VibeAdventures\/\",\"https:\/\/x.com\/vibe_adventures\",\"https:\/\/instagram.com\/vibe.adventures\",\"https:\/\/www.linkedin.com\/company\/vibe-adventures\/?viewAsMember=true\",\"https:\/\/www.pinterest.com\/Vibe_Adventures\/\",\"https:\/\/www.youtube.com\/channel\/UCQ9qyA-fVkdXarHBlzDCUBA?view_as=subscriber\",\"https:\/\/www.tiktok.com\/@vibeadventures\"]}]}<\/script>\n<!-- \/ Yoast SEO Premium plugin. -->","yoast_head_json":{"title":"Tour di Muyil: Ammirate gli uccelli colorati nella natura (Piccolo gruppo \/ 6h)","description":"Partecipate al nostro tour di Muyil e scoprite Muyil attraverso l'affascinante mondo degli uccelli e lasciatevi sedurre dal suo splendido ambiente!","robots":{"index":"noindex","follow":"nofollow"},"og_locale":"it_IT","og_type":"article","og_title":"Muyil Tour: Admire Colorful Birds in the Nature (Small-Group \/ 6h)","og_url":"https:\/\/vibeadventures.com\/it\/tour\/gruppo-muyil-tour-bird\/","og_site_name":"Vibe Adventures","article_publisher":"https:\/\/www.facebook.com\/VibeAdventures\/","article_modified_time":"2024-08-06T20:48:32+00:00","og_image":[{"width":857,"height":581,"url":"https:\/\/vibeadventures.com\/wp-content\/uploads\/2022\/12\/Copie_de_Kingfisher_grande_lg.avif","type":"image\/jpeg"}],"twitter_card":"summary_large_image","twitter_site":"@vibe_adventures","twitter_misc":{"Tempo di lettura stimato":"1 minuto"},"schema":{"@context":"https:\/\/schema.org","@graph":[{"@type":"WebPage","@id":"https:\/\/vibeadventures.com\/tour\/muyil-tour-bird-group\/","url":"https:\/\/vibeadventures.com\/tour\/muyil-tour-bird-group\/","name":"Tour di Muyil: Ammirate gli uccelli colorati nella natura (Piccolo gruppo \/ 6h)","isPartOf":{"@id":"https:\/\/vibeadventures.com\/#website"},"primaryImageOfPage":{"@id":"https:\/\/vibeadventures.com\/tour\/muyil-tour-bird-group\/#primaryimage"},"image":{"@id":"https:\/\/vibeadventures.com\/tour\/muyil-tour-bird-group\/#primaryimage"},"thumbnailUrl":"https:\/\/vibeadventures.com\/wp-content\/uploads\/2022\/12\/Copie_de_Kingfisher_grande_lg.avif","datePublished":"2022-12-01T19:56:06+00:00","dateModified":"2024-08-06T20:48:32+00:00","description":"Partecipate al nostro tour di Muyil e scoprite Muyil attraverso l'affascinante mondo degli uccelli e lasciatevi sedurre dal suo splendido ambiente!","breadcrumb":{"@id":"https:\/\/vibeadventures.com\/tour\/muyil-tour-bird-group\/#breadcrumb"},"inLanguage":"it-IT","potentialAction":[{"@type":"ReadAction","target":["https:\/\/vibeadventures.com\/tour\/muyil-tour-bird-group\/"]}]},{"@type":"ImageObject","inLanguage":"it-IT","@id":"https:\/\/vibeadventures.com\/tour\/muyil-tour-bird-group\/#primaryimage","url":"https:\/\/vibeadventures.com\/wp-content\/uploads\/2022\/12\/Copie_de_Kingfisher_grande_lg.avif","contentUrl":"https:\/\/vibeadventures.com\/wp-content\/uploads\/2022\/12\/Copie_de_Kingfisher_grande_lg.avif","width":857,"height":581,"caption":"Marvel with the beautiful colors of the birds"},{"@type":"BreadcrumbList","@id":"https:\/\/vibeadventures.com\/tour\/muyil-tour-bird-group\/#breadcrumb","itemListElement":[{"@type":"ListItem","position":1,"name":"Home","item":"https:\/\/vibeadventures.com\/"},{"@type":"ListItem","position":2,"name":"Latin America","item":"https:\/\/vibeadventures.com\/latin-america-tours\/"},{"@type":"ListItem","position":3,"name":"Mexico","item":"https:\/\/vibeadventures.com\/destination\/mexico\/"},{"@type":"ListItem","position":4,"name":"Riviera Maya","item":"https:\/\/vibeadventures.com\/destination\/mexico\/cancun-and-riviera-maya\/"},{"@type":"ListItem","position":5,"name":"Tulum","item":"https:\/\/vibeadventures.com\/destination\/mexico\/cancun-and-riviera-maya\/tulum\/"},{"@type":"ListItem","position":6,"name":"Muyil Tour: Admire Colorful Birds in the Nature (Small-Group \/ 6h)"}]},{"@type":"WebSite","@id":"https:\/\/vibeadventures.com\/#website","url":"https:\/\/vibeadventures.com\/","name":"Vibe Adventures","description":"Avventure e tour locali autentici","publisher":{"@id":"https:\/\/vibeadventures.com\/#organization"},"potentialAction":[{"@type":"SearchAction","target":{"@type":"EntryPoint","urlTemplate":"https:\/\/vibeadventures.com\/?s={search_term_string}"},"query-input":{"@type":"PropertyValueSpecification","valueRequired":true,"valueName":"search_term_string"}}],"inLanguage":"it-IT"},{"@type":"Organization","@id":"https:\/\/vibeadventures.com\/#organization","name":"Vibe Adventures","url":"https:\/\/vibeadventures.com\/","logo":{"@type":"ImageObject","inLanguage":"it-IT","@id":"https:\/\/vibeadventures.com\/#\/schema\/logo\/image\/","url":"https:\/\/vibeadventures.com\/wp-content\/uploads\/2022\/01\/vibe-adventures-logo-green-TRANSPARENT-481-x-152-1-e1587500448458-2.avif","contentUrl":"https:\/\/vibeadventures.com\/wp-content\/uploads\/2022\/01\/vibe-adventures-logo-green-TRANSPARENT-481-x-152-1-e1587500448458-2.avif","width":490,"height":100,"caption":"Vibe Adventures"},"image":{"@id":"https:\/\/vibeadventures.com\/#\/schema\/logo\/image\/"},"sameAs":["https:\/\/www.facebook.com\/VibeAdventures\/","https:\/\/x.com\/vibe_adventures","https:\/\/instagram.com\/vibe.adventures","https:\/\/www.linkedin.com\/company\/vibe-adventures\/?viewAsMember=true","https:\/\/www.pinterest.com\/Vibe_Adventures\/","https:\/\/www.youtube.com\/channel\/UCQ9qyA-fVkdXarHBlzDCUBA?view_as=subscriber","https:\/\/www.tiktok.com\/@vibeadventures"]}]}},"_links":{"self":[{"href":"https:\/\/vibeadventures.com\/it\/wp-json\/wp\/v2\/product\/17817","targetHints":{"allow":["GET"]}}],"collection":[{"href":"https:\/\/vibeadventures.com\/it\/wp-json\/wp\/v2\/product"}],"about":[{"href":"https:\/\/vibeadventures.com\/it\/wp-json\/wp\/v2\/types\/product"}],"replies":[{"embeddable":true,"href":"https:\/\/vibeadventures.com\/it\/wp-json\/wp\/v2\/comments?post=17817"}],"acf:term":[{"embeddable":true,"taxonomy":"sustainable-goals","href":"https:\/\/vibeadventures.com\/it\/wp-json\/wp\/v2\/sustainable-goals\/610"},{"embeddable":true,"taxonomy":"sustainable-goals","href":"https:\/\/vibeadventures.com\/it\/wp-json\/wp\/v2\/sustainable-goals\/606"},{"embeddable":true,"taxonomy":"sustainable-goals","href":"https:\/\/vibeadventures.com\/it\/wp-json\/wp\/v2\/sustainable-goals\/617"},{"embeddable":true,"taxonomy":"season","href":"https:\/\/vibeadventures.com\/it\/wp-json\/wp\/v2\/season\/192"},{"embeddable":true,"taxonomy":"suitability","href":"https:\/\/vibeadventures.com\/it\/wp-json\/wp\/v2\/suitability\/142"},{"embeddable":true,"taxonomy":"suitability","href":"https:\/\/vibeadventures.com\/it\/wp-json\/wp\/v2\/suitability\/137"},{"embeddable":true,"taxonomy":"suitability","href":"https:\/\/vibeadventures.com\/it\/wp-json\/wp\/v2\/suitability\/141"},{"embeddable":true,"taxonomy":"suitability","href":"https:\/\/vibeadventures.com\/it\/wp-json\/wp\/v2\/suitability\/140"},{"embeddable":true,"taxonomy":"suitability","href":"https:\/\/vibeadventures.com\/it\/wp-json\/wp\/v2\/suitability\/139"},{"embeddable":true,"taxonomy":"suitability","href":"https:\/\/vibeadventures.com\/it\/wp-json\/wp\/v2\/suitability\/136"},{"embeddable":true,"taxonomy":"suitability","href":"https:\/\/vibeadventures.com\/it\/wp-json\/wp\/v2\/suitability\/138"},{"embeddable":true,"taxonomy":"physical_ranking","href":"https:\/\/vibeadventures.com\/it\/wp-json\/wp\/v2\/physical_ranking\/208"},{"embeddable":true,"taxonomy":"adventures_type","href":"https:\/\/vibeadventures.com\/it\/wp-json\/wp\/v2\/adventures_type\/202"},{"embeddable":true,"taxonomy":"travel_vibe","href":"https:\/\/vibeadventures.com\/it\/wp-json\/wp\/v2\/travel_vibe\/150"},{"embeddable":true,"taxonomy":"product_tag","href":"https:\/\/vibeadventures.com\/it\/wp-json\/wp\/v2\/product_tag\/94"},{"embeddable":true,"taxonomy":"product_tag","href":"https:\/\/vibeadventures.com\/it\/wp-json\/wp\/v2\/product_tag\/58"},{"embeddable":true,"taxonomy":"product_tag","href":"https:\/\/vibeadventures.com\/it\/wp-json\/wp\/v2\/product_tag\/57"},{"embeddable":true,"taxonomy":"destination","href":"https:\/\/vibeadventures.com\/it\/wp-json\/wp\/v2\/destination\/561"}],"acf:attachment":[{"embeddable":true,"href":"https:\/\/vibeadventures.com\/it\/wp-json\/wp\/v2\/media\/17836"},{"embeddable":true,"href":"https:\/\/vibeadventures.com\/it\/wp-json\/wp\/v2\/media\/18346"},{"embeddable":true,"href":"https:\/\/vibeadventures.com\/it\/wp-json\/wp\/v2\/media\/17826"},{"embeddable":true,"href":"https:\/\/vibeadventures.com\/it\/wp-json\/wp\/v2\/media\/17829"},{"embeddable":true,"href":"https:\/\/vibeadventures.com\/it\/wp-json\/wp\/v2\/media\/17830"},{"embeddable":true,"href":"https:\/\/vibeadventures.com\/it\/wp-json\/wp\/v2\/media\/17827"},{"embeddable":true,"href":"https:\/\/vibeadventures.com\/it\/wp-json\/wp\/v2\/media\/17828"},{"embeddable":true,"href":"https:\/\/vibeadventures.com\/it\/wp-json\/wp\/v2\/media\/17831"}],"wp:featuredmedia":[{"embeddable":true,"href":"https:\/\/vibeadventures.com\/it\/wp-json\/wp\/v2\/media\/17827"}],"wp:attachment":[{"href":"https:\/\/vibeadventures.com\/it\/wp-json\/wp\/v2\/media?parent=17817"}],"wp:term":[{"taxonomy":"adventures_type","embeddable":true,"href":"https:\/\/vibeadventures.com\/it\/wp-json\/wp\/v2\/adventures_type?post=17817"},{"taxonomy":"destination","embeddable":true,"href":"https:\/\/vibeadventures.com\/it\/wp-json\/wp\/v2\/destination?post=17817"},{"taxonomy":"operator","embeddable":true,"href":"https:\/\/vibeadventures.com\/it\/wp-json\/wp\/v2\/operator?post=17817"},{"taxonomy":"physical_ranking","embeddable":true,"href":"https:\/\/vibeadventures.com\/it\/wp-json\/wp\/v2\/physical_ranking?post=17817"},{"taxonomy":"season","embeddable":true,"href":"https:\/\/vibeadventures.com\/it\/wp-json\/wp\/v2\/season?post=17817"},{"taxonomy":"suitability","embeddable":true,"href":"https:\/\/vibeadventures.com\/it\/wp-json\/wp\/v2\/suitability?post=17817"},{"taxonomy":"sustainable-goals","embeddable":true,"href":"https:\/\/vibeadventures.com\/it\/wp-json\/wp\/v2\/sustainable-goals?post=17817"},{"taxonomy":"travel_vibe","embeddable":true,"href":"https:\/\/vibeadventures.com\/it\/wp-json\/wp\/v2\/travel_vibe?post=17817"},{"taxonomy":"product_cat","embeddable":true,"href":"https:\/\/vibeadventures.com\/it\/wp-json\/wp\/v2\/product_cat?post=17817"},{"taxonomy":"product_tag","embeddable":true,"href":"https:\/\/vibeadventures.com\/it\/wp-json\/wp\/v2\/product_tag?post=17817"}],"curies":[{"name":"wp","href":"https:\/\/api.w.org\/{rel}","templated":true}]}}