{"id":17786,"date":"2022-11-30T23:44:36","date_gmt":"2022-11-30T23:44:36","guid":{"rendered":"https:\/\/vibeadventures.com\/?post_type=product&#038;p=17786"},"modified":"2024-08-20T23:47:10","modified_gmt":"2024-08-21T05:47:10","slug":"gruppo-birdwatch-di-coba","status":"publish","type":"product","link":"https:\/\/vibeadventures.com\/it\/tour\/gruppo-birdwatch-di-coba\/","title":{"rendered":"Tour di Coba: Ammirate gli uccelli maestosi e immergetevi in un cenote (per piccoli gruppi \/ 6 ore)"},"content":{"rendered":"","protected":false},"excerpt":{"rendered":"","protected":false},"featured_media":17777,"comment_status":"open","ping_status":"closed","template":"","meta":{"_acf_changed":false},"adventures_type":[202],"destination":[561],"operator":[657],"physical_ranking":[208],"season":[192],"suitability":[138,136,139,140,141,137,142],"sustainable-goals":[617,608,610],"travel_vibe":[150],"product_cat":[154],"product_tag":[58,94,57],"class_list":{"0":"post-17786","1":"product","2":"type-product","3":"status-publish","4":"has-post-thumbnail","6":"adventures_type-group","7":"destination-tulum","8":"operator-johan-team","9":"physical_ranking-easy","10":"season-all-year","11":"suitability-couples","12":"suitability-kid-friendly","13":"suitability-lgbt","14":"suitability-senior","15":"suitability-solo","16":"suitability-women-only","17":"suitability-youth","18":"sustainable-goals-goal-15-life-on-land","19":"sustainable-goals-goal-6-clean-water-and-sanitation","20":"sustainable-goals-goal-8-decent-work-and-economic-growth","21":"travel_vibe-nature-and-outdoors-tours","22":"product_cat-1-day-tours","23":"product_tag-archeology","24":"product_tag-photo-tours","25":"product_tag-animals","26":"entry","28":"first","29":"instock","30":"shipping-taxable","31":"purchasable","32":"product-type-simple"},"acf":{"type_of_tour":"1-Day","duration_days":"","duration_hours":6,"mood":"Private","logisticsc":"06:00 AM","toogle_time":"","logisticsa":"3","logisticsa_toggle":"1","pick_up_location":null,"pick_up_location_toggle":null,"private_pickup":"Pickup included: your accommodation or another convenient place of your choice.","private_pickup_toggle":"Pickup included: your accommodation or another convenient place of your choice.","both_pickup":"Please be aware that we will communicate your pick-up time via a personalized email and it will vary from the automatic pick-up time sent by the booking platform as we have to calculate it manually depending on your hotel\/Airbnb location.\r\n\r\nDuring the booking, you can see available pick-up fees according to your accommodation. \r\n\r\nPick-up\/drop-off outside of Tulum involve an extra fee depending on the zone.","both_pickup_copy":"Exact time and location to be specified in the trip notes that are sent 1-2 weeks before the tour.","customization_group":"","customization_private":"","confirmation_select_private":"Automatic","confirmation_text_private":"Automatic confirmation (your departure is automatically confirmed and 100% guaranteed).","confirmation_select_group":"Manual","confirmation_text_group":"Manual confirmation (if a minimum number of participants is not met, we may cancel and fully refund your booking).","transfers":"","customize":"no","customizable_details":"We can do the following customizations on your request (subject to availability and needs to be confirmed before the tour):\r\n- Adjust the starting time of the tour.\r\n- Adjust the time you spend at each destination of the tour.\r\n- Add extra places of your choice (e.g. attractions, restaurants, etc.) to the itinerary on a complimentary basis if those visits (1) fit the default duration of the tour, (2) don\u2019t involve a significant change of the route and extra fees (e.g. entrance tickets, tolls, parking, etc.). \r\nChanges other than those will involve an extra fee and must be communicated to the tour organizer at least 72h before the tour (e.g. in the \u201cSpecial Requirements\u201d field during the booking or via email).","what_take":[{"take":"Comfortable clothes and shoes, sunglasses, camera and binoculars; eco-friendly sun and mosquito protection (preferably clothes to aid with sun and mosquito); some cash."}],"extra_notes":"<ul>\r\n \t<li><span class=\"color_34\">Please note that there are no ATM machines in the area, nor do any of the vendors accept credit cards.<\/span><\/li>\r\n<\/ul>","cancellations":"","discount-tour":null,"tour_operator":"Johan & team","maxage":100,"minage":0,"group_size":10,"location":561,"language":["English","Spanish"],"tags":[58,57,94],"theme":[150],"adventure_type":[202],"accessibility":"\ud83d\uded1 Not wheelchair accessible.","pets":"\ud83d\uded1 Not permitted.","difficulty":208,"suitability":[138,136,139,140,141,137,142],"seasonall":[192],"included":{"guides":"yes","guidese":"English\/Spanish bilingual guide service","accommodation":"no","accommodatione":"","accommodations":[],"transportation":"yes","transportatione":"Hotel pick-up and drop-off.","flights":"no","flightse":"","insurance":"no","insurancee":"","tips":"no","tipse":"","meals":"yes","mealse":"Light breakfast (coffee, energy bar, and fruit); brunch, non-alcoholic drinks, and snacks.","expenses":"no","expensese":"","activities":"yes","activitiese":""},"overview":"In the <em><a href=\"https:\/\/en.m.wikipedia.org\/wiki\/Coba\">Coba<\/a> Tour<\/em>, stroll around the lake searching for amazing water birds, including the Spotted Rail and Least Grebe. Then, delve into the lush jungle to spot an array of colorful birds, from Ocellated Turkey to Yucatan Parrot. With the chance to identify up to 80 bird species, this place is the spot #1 for <a href=\"https:\/\/en.wikipedia.org\/wiki\/EBird\">eBird<\/a>. Be in nature on a trip like no other!","itinerary":"<p class=\"font_8\">Start the <em>Coba Tour<\/em> by meeting your guide and heading to <em>Coba<\/em>. Once there, begin with a walk around the lake nearby to search for water birds such as Spotted Rail, Least Grebe, Ruddy Crake, Limpkin, Snail Kite, and Purple Gallinule, among others. Also, see other birds around such as Gray-crowned Yellowthroat, Blue-gray, and Yellow-winged Tanagers, Orange, Hooded, and other species of Orioles, Yellow-faced Grassquit, Morelet\u00b4s Seedeater, and many more!<\/p>\r\nLater, visit the Coba ruins and be one of the first people to get in to start birding in the primary jungle, and search for birds such as Ocellated Turkey, Lesson\u00b4s and Turquoise-browed Motmot, Black-headed, Gartered, and Collared Trogons, Masked and Black-crowned Tityras, Yucatan, Green and Brown Jays, Yucatan Parrot\u2026 And the list goes on. On this tour, it is possible to identify from 40 to 80 species of birds, depending on the time of the year.\r\n\r\nMoreover, enjoy a delicious meal to replenish your energy before heading back to your accommodation.\r\n\r\nFinally, there is also an optional visit to a nearby cenote on this tour to cool off and end a morning of birding.\r\n\r\nPROGRAM\r\n\r\n&nbsp;\r\n<ul>\r\n \t<li>6:00 a.m. Pick-up at your accommodation (earlier if farther from Tulum).<\/li>\r\n \t<li>7:00 a.m. Birding in a Mayan community around the lake of Cob\u00e1.<\/li>\r\n \t<li>9:00 a.m. Birding in the archaeological site of Coba.<\/li>\r\n \t<li>11:45 a.m. Brunch.<\/li>\r\n \t<li>12:30 p.m. End of the excursion\/option to visit a cenote nearby.<\/li>\r\n<\/ul>","repeater":null,"destinations":[{"destination":"Cob\u00e1 ","location":{"address":"Cob\u00e1, Q.R., M\u00e9xico","lat":20.4947222,"lng":-87.7361111,"zoom":14,"place_id":"ChIJxdblxHraUY8RtUiS2Ma9FFE","name":"Cob\u00e0","city":"Cob\u00e1","state":"Quintana Roo","state_short":"Q.R.","post_code":77793,"country":"M\u00e9xico","country_short":"MX"}}],"highlights":[{"highlight":"Visit Cob\u00e1 and enjoy its great bird diversity as it is also the 1 hotspot on eBird.\u00a0"},{"highlight":"Walk around the Cob\u00e1 ruins and be one of the first people to get in to start birding in the primary jungle."},{"highlight":"Identify from 40 to 80 species of birds, depending on the time of the year."},{"highlight":"Enjoy a delicious meal to replenish your energy before heading back to your accommodation."}],"galleryes":"no","gallery":[17777,1474,14141,17799,17800,17836,17831,17827],"video":"","pdf":"","tourradar":null,"sustainability_tax":[617,608,610],"goals_description":"The Coba Tour exemplifies a commitment to Sustainable Development Goals (SDGs) by promoting biodiversity conservation and community engagement. As a nature-centric experience, the tour significantly contributes to SDG 15: Life on Land by providing a platform for birdwatching, emphasizing the diverse avian species in the Cob\u00e1 region.\r\n\r\nBy incorporating the Mayan community in the birding excursion, the tour supports SDG 8: Decent Work and Economic Growth, fostering local economic development and promoting sustainable tourism practices.\r\n\r\nThe optional visit to a nearby cenote not only adds a refreshing element to the tour but also aligns with SDG 6: Clean Water and Sanitation, showcasing the significance of natural water sources in the region.","authenticity":"We do our best to make our trips educative and fulfilling, in which travelers can interact with local populations, learn about their traditions, and culture, and connect with their core values.","impact":"This tour is organized by or involves significant participation of local communities and service providers thus creating employment, increasing consumption, and benefitting the socio-economic development of the region.","why":"<ul>\r\n \t<li class=\"font_8\"><span class=\"color_34\">This is an excellent excursion for the enthusiastic bird watcher who is also interested in the nature, culture, and history of the area.<\/span><\/li>\r\n \t<li class=\"font_8\"><span class=\"color_34\">Great for those who love to hike in the deep jungle and have the chance to spot uncommon birds and possibly other wildlife<\/span><\/li>\r\n \t<li class=\"font_8\"><span class=\"color_34\">If you are passionate about birds, but also want to experience the local Mayan culture, this is the tour for you!<\/span><\/li>\r\n \t<li class=\"font_8\"><span class=\"color_34\">For those interested in giving bird watching a try to enjoy the amazing world of birds and the incredible places they can take us to.<\/span><\/li>\r\n<\/ul>","calendar":"Rezdy","calendar_group":false,"rezdy":"https:\/\/vibeadventures.rezdy.com\/calendarWidget\/277801?iframe=true","toggle_calendar":"","bokun":"","bokun_toggle":"","display_price":145,"toggle_price":"","display_price_m":"","map_price":"","price_multi_private":null,"price_multi_group":null,"dates_multi_private":null,"departures_multi_private":null,"dates_multi_group":null,"departures_multi_group":null,"pricing_one_private":null,"prices_group_private":null,"repeat_season":null,"departures_one_private":null,"repeat_season_group":null,"departures_one_group":null},"yoast_head":"<!-- This site is optimized with the Yoast SEO Premium plugin v24.7 (Yoast SEO v24.7) - https:\/\/yoast.com\/wordpress\/plugins\/seo\/ -->\n<title>Coba Tour: Admire Majestic Birds and Dive in a Cenote (Small-Group \/ 6h)<\/title>\n<meta name=\"description\" content=\"With our Coba Tour, enjoy a half-day small-group tour to discover Cob\u00e1, an ancient Mayan city buried in the jungle and the #1 hotspot on eBird.\" \/>\n<meta name=\"robots\" content=\"noindex, nofollow\" \/>\n<meta property=\"og:locale\" content=\"it_IT\" \/>\n<meta property=\"og:type\" content=\"article\" \/>\n<meta property=\"og:title\" content=\"Coba Tour: Admire Majestic Birds and Dive in a Cenote (Small-Group \/ 6h)\" \/>\n<meta property=\"og:url\" content=\"https:\/\/vibeadventures.com\/it\/tour\/gruppo-birdwatch-di-coba\/\" \/>\n<meta property=\"og:site_name\" content=\"Vibe Adventures\" \/>\n<meta property=\"article:publisher\" content=\"https:\/\/www.facebook.com\/VibeAdventures\/\" \/>\n<meta property=\"article:modified_time\" content=\"2024-08-21T05:47:10+00:00\" \/>\n<meta property=\"og:image\" content=\"https:\/\/vibeadventures.com\/wp-content\/uploads\/2022\/11\/05_ECOPATH_BIRD.web_lg.avif\" \/>\n\t<meta property=\"og:image:width\" content=\"1024\" \/>\n\t<meta property=\"og:image:height\" content=\"768\" \/>\n\t<meta property=\"og:image:type\" content=\"image\/jpeg\" \/>\n<meta name=\"twitter:card\" content=\"summary_large_image\" \/>\n<meta name=\"twitter:site\" content=\"@vibe_adventures\" \/>\n<meta name=\"twitter:label1\" content=\"Tempo di lettura stimato\" \/>\n\t<meta name=\"twitter:data1\" content=\"1 minuto\" \/>\n<script type=\"application\/ld+json\" class=\"yoast-schema-graph\">{\"@context\":\"https:\/\/schema.org\",\"@graph\":[{\"@type\":\"WebPage\",\"@id\":\"https:\/\/vibeadventures.com\/tour\/coba-tour-birdwatch-group\/\",\"url\":\"https:\/\/vibeadventures.com\/tour\/coba-tour-birdwatch-group\/\",\"name\":\"Coba Tour: Admire Majestic Birds and Dive in a Cenote (Small-Group \/ 6h)\",\"isPartOf\":{\"@id\":\"https:\/\/vibeadventures.com\/#website\"},\"primaryImageOfPage\":{\"@id\":\"https:\/\/vibeadventures.com\/tour\/coba-tour-birdwatch-group\/#primaryimage\"},\"image\":{\"@id\":\"https:\/\/vibeadventures.com\/tour\/coba-tour-birdwatch-group\/#primaryimage\"},\"thumbnailUrl\":\"https:\/\/vibeadventures.com\/wp-content\/uploads\/2022\/11\/05_ECOPATH_BIRD.web_lg.avif\",\"datePublished\":\"2022-11-30T23:44:36+00:00\",\"dateModified\":\"2024-08-21T05:47:10+00:00\",\"description\":\"With our Coba Tour, enjoy a half-day small-group tour to discover Cob\u00e1, an ancient Mayan city buried in the jungle and the #1 hotspot on eBird.\",\"breadcrumb\":{\"@id\":\"https:\/\/vibeadventures.com\/tour\/coba-tour-birdwatch-group\/#breadcrumb\"},\"inLanguage\":\"it-IT\",\"potentialAction\":[{\"@type\":\"ReadAction\",\"target\":[\"https:\/\/vibeadventures.com\/tour\/coba-tour-birdwatch-group\/\"]}]},{\"@type\":\"ImageObject\",\"inLanguage\":\"it-IT\",\"@id\":\"https:\/\/vibeadventures.com\/tour\/coba-tour-birdwatch-group\/#primaryimage\",\"url\":\"https:\/\/vibeadventures.com\/wp-content\/uploads\/2022\/11\/05_ECOPATH_BIRD.web_lg.avif\",\"contentUrl\":\"https:\/\/vibeadventures.com\/wp-content\/uploads\/2022\/11\/05_ECOPATH_BIRD.web_lg.avif\",\"width\":1024,\"height\":768,\"caption\":\"Venture into the Lush Tropical Jungle\"},{\"@type\":\"BreadcrumbList\",\"@id\":\"https:\/\/vibeadventures.com\/tour\/coba-tour-birdwatch-group\/#breadcrumb\",\"itemListElement\":[{\"@type\":\"ListItem\",\"position\":1,\"name\":\"Home\",\"item\":\"https:\/\/vibeadventures.com\/\"},{\"@type\":\"ListItem\",\"position\":2,\"name\":\"Latin America\",\"item\":\"https:\/\/vibeadventures.com\/latin-america-tours\/\"},{\"@type\":\"ListItem\",\"position\":3,\"name\":\"Mexico\",\"item\":\"https:\/\/vibeadventures.com\/destination\/mexico\/\"},{\"@type\":\"ListItem\",\"position\":4,\"name\":\"Riviera Maya\",\"item\":\"https:\/\/vibeadventures.com\/destination\/mexico\/cancun-and-riviera-maya\/\"},{\"@type\":\"ListItem\",\"position\":5,\"name\":\"Tulum\",\"item\":\"https:\/\/vibeadventures.com\/destination\/mexico\/cancun-and-riviera-maya\/tulum\/\"},{\"@type\":\"ListItem\",\"position\":6,\"name\":\"Coba Tour: Admire Majestic Birds and Dive in a Cenote (Small-Group \/ 6h)\"}]},{\"@type\":\"WebSite\",\"@id\":\"https:\/\/vibeadventures.com\/#website\",\"url\":\"https:\/\/vibeadventures.com\/\",\"name\":\"Vibe Adventures\",\"description\":\"Authentic Local Adventures &amp; Tours\",\"publisher\":{\"@id\":\"https:\/\/vibeadventures.com\/#organization\"},\"potentialAction\":[{\"@type\":\"SearchAction\",\"target\":{\"@type\":\"EntryPoint\",\"urlTemplate\":\"https:\/\/vibeadventures.com\/?s={search_term_string}\"},\"query-input\":{\"@type\":\"PropertyValueSpecification\",\"valueRequired\":true,\"valueName\":\"search_term_string\"}}],\"inLanguage\":\"it-IT\"},{\"@type\":\"Organization\",\"@id\":\"https:\/\/vibeadventures.com\/#organization\",\"name\":\"Vibe Adventures\",\"url\":\"https:\/\/vibeadventures.com\/\",\"logo\":{\"@type\":\"ImageObject\",\"inLanguage\":\"it-IT\",\"@id\":\"https:\/\/vibeadventures.com\/#\/schema\/logo\/image\/\",\"url\":\"https:\/\/vibeadventures.com\/wp-content\/uploads\/2022\/01\/vibe-adventures-logo-green-TRANSPARENT-481-x-152-1-e1587500448458-2.avif\",\"contentUrl\":\"https:\/\/vibeadventures.com\/wp-content\/uploads\/2022\/01\/vibe-adventures-logo-green-TRANSPARENT-481-x-152-1-e1587500448458-2.avif\",\"width\":490,\"height\":100,\"caption\":\"Vibe Adventures\"},\"image\":{\"@id\":\"https:\/\/vibeadventures.com\/#\/schema\/logo\/image\/\"},\"sameAs\":[\"https:\/\/www.facebook.com\/VibeAdventures\/\",\"https:\/\/x.com\/vibe_adventures\",\"https:\/\/instagram.com\/vibe.adventures\",\"https:\/\/www.linkedin.com\/company\/vibe-adventures\/?viewAsMember=true\",\"https:\/\/www.pinterest.com\/Vibe_Adventures\/\",\"https:\/\/www.youtube.com\/channel\/UCQ9qyA-fVkdXarHBlzDCUBA?view_as=subscriber\",\"https:\/\/www.tiktok.com\/@vibeadventures\"]}]}<\/script>\n<!-- \/ Yoast SEO Premium plugin. -->","yoast_head_json":{"title":"Tour di Coba: Ammirate gli uccelli maestosi e immergetevi in un cenote (per piccoli gruppi \/ 6 ore)","description":"Con il nostro tour di Coba, godetevi un tour di mezza giornata in piccolo gruppo alla scoperta di Cob\u00e1, un'antica citt\u00e0 maya sepolta nella giungla e hotspot #1 su eBird.","robots":{"index":"noindex","follow":"nofollow"},"og_locale":"it_IT","og_type":"article","og_title":"Coba Tour: Admire Majestic Birds and Dive in a Cenote (Small-Group \/ 6h)","og_url":"https:\/\/vibeadventures.com\/it\/tour\/gruppo-birdwatch-di-coba\/","og_site_name":"Vibe Adventures","article_publisher":"https:\/\/www.facebook.com\/VibeAdventures\/","article_modified_time":"2024-08-21T05:47:10+00:00","og_image":[{"width":1024,"height":768,"url":"https:\/\/vibeadventures.com\/wp-content\/uploads\/2022\/11\/05_ECOPATH_BIRD.web_lg.avif","type":"image\/jpeg"}],"twitter_card":"summary_large_image","twitter_site":"@vibe_adventures","twitter_misc":{"Tempo di lettura stimato":"1 minuto"},"schema":{"@context":"https:\/\/schema.org","@graph":[{"@type":"WebPage","@id":"https:\/\/vibeadventures.com\/tour\/coba-tour-birdwatch-group\/","url":"https:\/\/vibeadventures.com\/tour\/coba-tour-birdwatch-group\/","name":"Tour di Coba: Ammirate gli uccelli maestosi e immergetevi in un cenote (per piccoli gruppi \/ 6 ore)","isPartOf":{"@id":"https:\/\/vibeadventures.com\/#website"},"primaryImageOfPage":{"@id":"https:\/\/vibeadventures.com\/tour\/coba-tour-birdwatch-group\/#primaryimage"},"image":{"@id":"https:\/\/vibeadventures.com\/tour\/coba-tour-birdwatch-group\/#primaryimage"},"thumbnailUrl":"https:\/\/vibeadventures.com\/wp-content\/uploads\/2022\/11\/05_ECOPATH_BIRD.web_lg.avif","datePublished":"2022-11-30T23:44:36+00:00","dateModified":"2024-08-21T05:47:10+00:00","description":"Con il nostro tour di Coba, godetevi un tour di mezza giornata in piccolo gruppo alla scoperta di Cob\u00e1, un'antica citt\u00e0 maya sepolta nella giungla e hotspot #1 su eBird.","breadcrumb":{"@id":"https:\/\/vibeadventures.com\/tour\/coba-tour-birdwatch-group\/#breadcrumb"},"inLanguage":"it-IT","potentialAction":[{"@type":"ReadAction","target":["https:\/\/vibeadventures.com\/tour\/coba-tour-birdwatch-group\/"]}]},{"@type":"ImageObject","inLanguage":"it-IT","@id":"https:\/\/vibeadventures.com\/tour\/coba-tour-birdwatch-group\/#primaryimage","url":"https:\/\/vibeadventures.com\/wp-content\/uploads\/2022\/11\/05_ECOPATH_BIRD.web_lg.avif","contentUrl":"https:\/\/vibeadventures.com\/wp-content\/uploads\/2022\/11\/05_ECOPATH_BIRD.web_lg.avif","width":1024,"height":768,"caption":"Venture into the Lush Tropical Jungle"},{"@type":"BreadcrumbList","@id":"https:\/\/vibeadventures.com\/tour\/coba-tour-birdwatch-group\/#breadcrumb","itemListElement":[{"@type":"ListItem","position":1,"name":"Home","item":"https:\/\/vibeadventures.com\/"},{"@type":"ListItem","position":2,"name":"Latin America","item":"https:\/\/vibeadventures.com\/latin-america-tours\/"},{"@type":"ListItem","position":3,"name":"Mexico","item":"https:\/\/vibeadventures.com\/destination\/mexico\/"},{"@type":"ListItem","position":4,"name":"Riviera Maya","item":"https:\/\/vibeadventures.com\/destination\/mexico\/cancun-and-riviera-maya\/"},{"@type":"ListItem","position":5,"name":"Tulum","item":"https:\/\/vibeadventures.com\/destination\/mexico\/cancun-and-riviera-maya\/tulum\/"},{"@type":"ListItem","position":6,"name":"Coba Tour: Admire Majestic Birds and Dive in a Cenote (Small-Group \/ 6h)"}]},{"@type":"WebSite","@id":"https:\/\/vibeadventures.com\/#website","url":"https:\/\/vibeadventures.com\/","name":"Vibe Adventures","description":"Avventure e tour locali autentici","publisher":{"@id":"https:\/\/vibeadventures.com\/#organization"},"potentialAction":[{"@type":"SearchAction","target":{"@type":"EntryPoint","urlTemplate":"https:\/\/vibeadventures.com\/?s={search_term_string}"},"query-input":{"@type":"PropertyValueSpecification","valueRequired":true,"valueName":"search_term_string"}}],"inLanguage":"it-IT"},{"@type":"Organization","@id":"https:\/\/vibeadventures.com\/#organization","name":"Vibe Adventures","url":"https:\/\/vibeadventures.com\/","logo":{"@type":"ImageObject","inLanguage":"it-IT","@id":"https:\/\/vibeadventures.com\/#\/schema\/logo\/image\/","url":"https:\/\/vibeadventures.com\/wp-content\/uploads\/2022\/01\/vibe-adventures-logo-green-TRANSPARENT-481-x-152-1-e1587500448458-2.avif","contentUrl":"https:\/\/vibeadventures.com\/wp-content\/uploads\/2022\/01\/vibe-adventures-logo-green-TRANSPARENT-481-x-152-1-e1587500448458-2.avif","width":490,"height":100,"caption":"Vibe Adventures"},"image":{"@id":"https:\/\/vibeadventures.com\/#\/schema\/logo\/image\/"},"sameAs":["https:\/\/www.facebook.com\/VibeAdventures\/","https:\/\/x.com\/vibe_adventures","https:\/\/instagram.com\/vibe.adventures","https:\/\/www.linkedin.com\/company\/vibe-adventures\/?viewAsMember=true","https:\/\/www.pinterest.com\/Vibe_Adventures\/","https:\/\/www.youtube.com\/channel\/UCQ9qyA-fVkdXarHBlzDCUBA?view_as=subscriber","https:\/\/www.tiktok.com\/@vibeadventures"]}]}},"_links":{"self":[{"href":"https:\/\/vibeadventures.com\/it\/wp-json\/wp\/v2\/product\/17786","targetHints":{"allow":["GET"]}}],"collection":[{"href":"https:\/\/vibeadventures.com\/it\/wp-json\/wp\/v2\/product"}],"about":[{"href":"https:\/\/vibeadventures.com\/it\/wp-json\/wp\/v2\/types\/product"}],"replies":[{"embeddable":true,"href":"https:\/\/vibeadventures.com\/it\/wp-json\/wp\/v2\/comments?post=17786"}],"acf:term":[{"embeddable":true,"taxonomy":"sustainable-goals","href":"https:\/\/vibeadventures.com\/it\/wp-json\/wp\/v2\/sustainable-goals\/610"},{"embeddable":true,"taxonomy":"sustainable-goals","href":"https:\/\/vibeadventures.com\/it\/wp-json\/wp\/v2\/sustainable-goals\/608"},{"embeddable":true,"taxonomy":"sustainable-goals","href":"https:\/\/vibeadventures.com\/it\/wp-json\/wp\/v2\/sustainable-goals\/617"},{"embeddable":true,"taxonomy":"season","href":"https:\/\/vibeadventures.com\/it\/wp-json\/wp\/v2\/season\/192"},{"embeddable":true,"taxonomy":"suitability","href":"https:\/\/vibeadventures.com\/it\/wp-json\/wp\/v2\/suitability\/142"},{"embeddable":true,"taxonomy":"suitability","href":"https:\/\/vibeadventures.com\/it\/wp-json\/wp\/v2\/suitability\/137"},{"embeddable":true,"taxonomy":"suitability","href":"https:\/\/vibeadventures.com\/it\/wp-json\/wp\/v2\/suitability\/141"},{"embeddable":true,"taxonomy":"suitability","href":"https:\/\/vibeadventures.com\/it\/wp-json\/wp\/v2\/suitability\/140"},{"embeddable":true,"taxonomy":"suitability","href":"https:\/\/vibeadventures.com\/it\/wp-json\/wp\/v2\/suitability\/139"},{"embeddable":true,"taxonomy":"suitability","href":"https:\/\/vibeadventures.com\/it\/wp-json\/wp\/v2\/suitability\/136"},{"embeddable":true,"taxonomy":"suitability","href":"https:\/\/vibeadventures.com\/it\/wp-json\/wp\/v2\/suitability\/138"},{"embeddable":true,"taxonomy":"physical_ranking","href":"https:\/\/vibeadventures.com\/it\/wp-json\/wp\/v2\/physical_ranking\/208"},{"embeddable":true,"taxonomy":"adventures_type","href":"https:\/\/vibeadventures.com\/it\/wp-json\/wp\/v2\/adventures_type\/202"},{"embeddable":true,"taxonomy":"travel_vibe","href":"https:\/\/vibeadventures.com\/it\/wp-json\/wp\/v2\/travel_vibe\/150"},{"embeddable":true,"taxonomy":"product_tag","href":"https:\/\/vibeadventures.com\/it\/wp-json\/wp\/v2\/product_tag\/94"},{"embeddable":true,"taxonomy":"product_tag","href":"https:\/\/vibeadventures.com\/it\/wp-json\/wp\/v2\/product_tag\/57"},{"embeddable":true,"taxonomy":"product_tag","href":"https:\/\/vibeadventures.com\/it\/wp-json\/wp\/v2\/product_tag\/58"},{"embeddable":true,"taxonomy":"destination","href":"https:\/\/vibeadventures.com\/it\/wp-json\/wp\/v2\/destination\/561"}],"acf:attachment":[{"embeddable":true,"href":"https:\/\/vibeadventures.com\/it\/wp-json\/wp\/v2\/media\/17827"},{"embeddable":true,"href":"https:\/\/vibeadventures.com\/it\/wp-json\/wp\/v2\/media\/17831"},{"embeddable":true,"href":"https:\/\/vibeadventures.com\/it\/wp-json\/wp\/v2\/media\/17836"},{"embeddable":true,"href":"https:\/\/vibeadventures.com\/it\/wp-json\/wp\/v2\/media\/17800"},{"embeddable":true,"href":"https:\/\/vibeadventures.com\/it\/wp-json\/wp\/v2\/media\/17799"},{"embeddable":true,"href":"https:\/\/vibeadventures.com\/it\/wp-json\/wp\/v2\/media\/14141"},{"embeddable":true,"href":"https:\/\/vibeadventures.com\/it\/wp-json\/wp\/v2\/media\/1474"},{"embeddable":true,"href":"https:\/\/vibeadventures.com\/it\/wp-json\/wp\/v2\/media\/17777"}],"wp:featuredmedia":[{"embeddable":true,"href":"https:\/\/vibeadventures.com\/it\/wp-json\/wp\/v2\/media\/17777"}],"wp:attachment":[{"href":"https:\/\/vibeadventures.com\/it\/wp-json\/wp\/v2\/media?parent=17786"}],"wp:term":[{"taxonomy":"adventures_type","embeddable":true,"href":"https:\/\/vibeadventures.com\/it\/wp-json\/wp\/v2\/adventures_type?post=17786"},{"taxonomy":"destination","embeddable":true,"href":"https:\/\/vibeadventures.com\/it\/wp-json\/wp\/v2\/destination?post=17786"},{"taxonomy":"operator","embeddable":true,"href":"https:\/\/vibeadventures.com\/it\/wp-json\/wp\/v2\/operator?post=17786"},{"taxonomy":"physical_ranking","embeddable":true,"href":"https:\/\/vibeadventures.com\/it\/wp-json\/wp\/v2\/physical_ranking?post=17786"},{"taxonomy":"season","embeddable":true,"href":"https:\/\/vibeadventures.com\/it\/wp-json\/wp\/v2\/season?post=17786"},{"taxonomy":"suitability","embeddable":true,"href":"https:\/\/vibeadventures.com\/it\/wp-json\/wp\/v2\/suitability?post=17786"},{"taxonomy":"sustainable-goals","embeddable":true,"href":"https:\/\/vibeadventures.com\/it\/wp-json\/wp\/v2\/sustainable-goals?post=17786"},{"taxonomy":"travel_vibe","embeddable":true,"href":"https:\/\/vibeadventures.com\/it\/wp-json\/wp\/v2\/travel_vibe?post=17786"},{"taxonomy":"product_cat","embeddable":true,"href":"https:\/\/vibeadventures.com\/it\/wp-json\/wp\/v2\/product_cat?post=17786"},{"taxonomy":"product_tag","embeddable":true,"href":"https:\/\/vibeadventures.com\/it\/wp-json\/wp\/v2\/product_tag?post=17786"}],"curies":[{"name":"wp","href":"https:\/\/api.w.org\/{rel}","templated":true}]}}