{"id":17738,"date":"2022-11-30T22:52:42","date_gmt":"2022-11-30T22:52:42","guid":{"rendered":"https:\/\/vibeadventures.com\/?post_type=product&#038;p=17738"},"modified":"2024-08-06T14:50:50","modified_gmt":"2024-08-06T20:50:50","slug":"tour-delle-rovine-di-muyil","status":"publish","type":"product","link":"https:\/\/vibeadventures.com\/it\/tour\/tour-delle-rovine-di-muyil\/","title":{"rendered":"Tour delle rovine di Muyil: Esplorate l'antica Muyil e una biosfera intatta (per piccoli gruppi \/ 6 ore)"},"content":{"rendered":"","protected":false},"excerpt":{"rendered":"","protected":false},"featured_media":17779,"comment_status":"open","ping_status":"closed","template":"","meta":{"_acf_changed":false},"adventures_type":[202],"destination":[561],"operator":[657],"physical_ranking":[208],"season":[192],"suitability":[138,136,139,140,141,137,142],"sustainable-goals":[614,616,617],"travel_vibe":[149],"product_cat":[154],"product_tag":[58,66,76],"class_list":{"0":"post-17738","1":"product","2":"type-product","3":"status-publish","4":"has-post-thumbnail","6":"adventures_type-group","7":"destination-tulum","8":"operator-johan-team","9":"physical_ranking-easy","10":"season-all-year","11":"suitability-couples","12":"suitability-kid-friendly","13":"suitability-lgbt","14":"suitability-senior","15":"suitability-solo","16":"suitability-women-only","17":"suitability-youth","18":"sustainable-goals-goal-12-responsible-consumption-and-production","19":"sustainable-goals-goal-14-life-below-water","20":"sustainable-goals-goal-15-life-on-land","21":"travel_vibe-history-and-heritage-tours","22":"product_cat-1-day-tours","23":"product_tag-archeology","24":"product_tag-boat-rides","25":"product_tag-hiking-trekking","26":"entry","28":"first","29":"instock","30":"shipping-taxable","31":"purchasable","32":"product-type-simple"},"acf":{"type_of_tour":"1-Day","duration_days":"","duration_hours":6,"mood":"Private","logisticsc":"12:00 PM","toogle_time":"","logisticsa":"3","logisticsa_toggle":"1","pick_up_location":null,"pick_up_location_toggle":null,"private_pickup":"Pickup included: your accommodation or another convenient place of your choice.","private_pickup_toggle":"Pickup included: your accommodation or another convenient place of your choice.","both_pickup":"Please be aware that we will communicate your pick-up time via a personalized email and it will vary from the automatic pick-up time sent by the booking platform as we have to calculate it manually depending on your hotel\/Airbnb location.\r\n\r\nDuring the booking, you can see available pick-up fees according to your accommodation","both_pickup_copy":"Exact time and location to be specified in the trip notes that are sent 1-2 weeks before the tour.","customization_group":"","customization_private":"","confirmation_select_private":"Automatic","confirmation_text_private":"Automatic confirmation (your departure is automatically confirmed and 100% guaranteed).","confirmation_select_group":"Manual","confirmation_text_group":"Manual confirmation (if a minimum number of participants is not met, we may cancel and fully refund your booking).","transfers":"","customize":"no","customizable_details":"We can do the following customizations on your request (subject to availability and needs to be confirmed before the tour):\r\n- Adjust the starting time of the tour.\r\n- Adjust the time you spend at each destination of the tour.\r\n- Add extra places of your choice (e.g. attractions, restaurants, etc.) to the itinerary on a complimentary basis if those visits (1) fit the default duration of the tour, (2) don\u2019t involve a significant change of the route and extra fees (e.g. entrance tickets, tolls, parking, etc.). \r\nChanges other than those will involve an extra fee and must be communicated to the tour organizer at least 72h before the tour (e.g. in the \u201cSpecial Requirements\u201d field during the booking or via email).","what_take":[{"take":"Comfortable clothes and shoes (sandals are OK), bathing suit, sun glasses, towel, camera, binoculars; sun protection (bio degradable, but preferably clothes to aid with sun protection), some cash. "}],"extra_notes":"<ul>\r\n \t<li class=\"font_8\">Please note that there are no ATM machines in the area, nor do any of the vendors accept credit cards.<\/li>\r\n \t<li class=\"font_8\">The guides appreciate tips for a great service, and you are sure to leave with many great memories!<\/li>\r\n \t<li>Pick-up and drop-off outside of Tulum involve an extra fee depending on the zone.<\/li>\r\n<\/ul>","cancellations":"","discount-tour":null,"tour_operator":"Johan & team","maxage":100,"minage":0,"group_size":15,"location":561,"language":["English","Spanish"],"tags":[58,66,76],"theme":[149],"adventure_type":[202],"accessibility":"\ud83d\uded1 Not wheelchair accessible.","pets":"\ud83d\uded1 Not permitted.","difficulty":208,"suitability":[138,136,139,140,141,137,142],"seasonall":[192],"included":{"guides":"yes","guidese":"English\/Spanish bilingual guide service","accommodation":"no","accommodatione":"","accommodations":[],"transportation":"yes","transportatione":"Hotel pick-up and drop-off","flights":"no","flightse":"","insurance":"no","insurancee":"","tips":"no","tipse":"","meals":"yes","mealse":"Vegetarian lunch, non-alcoholic drinks and snacks.","expenses":"no","expensese":"","activities":"yes","activitiese":"Entrance and guided visit to Sian Ka'an and Muyil Archaeological Site; picnic in the forest, boat ride in a lagoon with life jacket, and floating in lazy river."},"overview":"With the <em>Muyil Ruins Tour<\/em>, explore the ancient Maya site of <em>Muyil<\/em> with your guide at noon in the <em><a href=\"https:\/\/en.wikipedia.org\/wiki\/Sian_Ka%CA%BCan_Biosphere_Reserve\">Sian Ka\u2019an Biosphere Reserve<\/a><\/em>. Discover picturesque temples, and changing ecosystems, and enjoy a delicious picnic. Venture on a breathtaking boat ride across the lagoons, flooded savannahs, and intricate mangrove canals. A perfect trip to learn about the Mayan history and culture in <a href=\"https:\/\/en.wikipedia.org\/wiki\/Muyil\">Muyil<\/a>!","itinerary":"On the <em>Muyil Ruins Tour<\/em>, explore the ancient Maya site of <em>Muyil<\/em>, nestled on the edge of freshwater lagoon systems and tropical forests, and learn about Mayan history and ecology from your guide.\r\n\r\nNext, marvel at undisturbed temples among trees, stroll through changing ecosystems, pass seasonal pools, exuberant vegetation, and a lookout tower with a biosphere view. Enjoy a picnic of seasonal fruits and local snacks at the walk's end.\r\n\r\nAfter, go on a mesmerizing boat ride through lagoons, flooded savannahs, and mangrove canals. Discover a secret route through winding channels leading to the open ocean. Observe small temples and abundant birdlife along the way.\r\n\r\nFloat on a 'lazy river' amid nature's orchestra, surrounded by orchids and bromeliads, and hear the gentle rustling of the wind and birdsong. A truly calming and unique experience.\r\n\r\nPROGRAM\r\n<ul>\r\n \t<li class=\"font_8\">12:30 p.m. \u2013 1:00 p.m. Pick-up<\/li>\r\n \t<li class=\"font_8\">Explore the Muyil Archaeological Site.<\/li>\r\n \t<li class=\"font_8\">Climb the tallest viewpoint in the reserve (watchtower).<\/li>\r\n \t<li class=\"font_8\">Vegetarian lunch.<\/li>\r\n \t<li class=\"font_8\">Boat trip across two freshwater lagoons.<\/li>\r\n \t<li class=\"font_8\">Floating activity in lazy river (ancient canal).<\/li>\r\n \t<li class=\"font_8\">5:30 p.m. \u2013 6:00 p.m. Drop-off and end of Cenotes Tour.<\/li>\r\n<\/ul>","repeater":null,"destinations":[{"destination":"Sian Ka'an Biosphere Reserve","location":{"address":"Sian Ka'an, Q.R., M\u00e9xico","lat":19.4980112,"lng":-87.7158124,"zoom":14,"place_id":"ChIJVYkLSzamWo8RTU0JIOxWFy4","name":"Sian Ka'an","city":"Sian Ka'an","state":"Quintana Roo","state_short":"Q.R.","post_code":77187,"country":"M\u00e9xico","country_short":"MX"}},{"destination":"Muyil Archaeological Site","location":{"address":"Muyil, Q.R., M\u00e9xico","lat":20.0768375,"lng":-87.6151505,"zoom":14,"place_id":"ChIJ4WltD4ImUI8RQNIksZwg42E","name":"Chunyaxch\u00e9","city":"Chunyaxch\u00e9","state":"Quintana Roo","state_short":"Q.R.","post_code":77134,"country":"M\u00e9xico","country_short":"MX"}}],"highlights":[{"highlight":"Enjoy the Mayan history and ecology from your guide at the Muyil Archaeological Site. "},{"highlight":"Get immersed into the amazing Sian Ka'an Biosphere Reserve and get an impressive view of it from a tower. "},{"highlight":"Take a boat ride across the lagoons to see tones of green in the still blue water and the open ocean. "},{"highlight":"Get enticed by the clearest of water on a \u2018lazy river\u2019 adventure surrounded by a wonferdul natural environment. "}],"galleryes":"no","gallery":[17783,17777,17776,17779,17778,17784,17782,17780,17781],"video":"","pdf":"","tourradar":null,"sustainability_tax":[614,616,617],"goals_description":"The Cenotes Tour not only provides an immersive experience of the Muyil Archaeological Site but also aligns with Sustainable Development Goals (SGDP) by promoting environmental awareness and cultural preservation. The exploration of Muyil supports SDG 15: Life on Land, showcasing the beauty of undisturbed temples amid lush ecosystems and emphasizing the need for biodiversity conservation.\r\n\r\nThe boat ride through lagoons and mangrove canals contributes to SDG 14: Life Below Water, drawing attention to the importance of protecting marine ecosystems.\r\n\r\nAdditionally, the tour engages in eco-friendly practices by offering a vegetarian lunch, aligning with SDG 12: Responsible Consumption and Production. Through these initiatives, the Cenotes Tour actively supports sustainable tourism, biodiversity conservation, and cultural education.","authenticity":"We do our best to make our trips educative and fulfilling, in which travelers can interact with local populations, learn about their traditions, and culture, and connect with their core values.","impact":"This tour is organized by or involves significant participation of local communities and service providers thus creating employment, increasing consumption, and benefitting the socio-economic development of the region.","why":"<ul>\r\n \t<li class=\"font_8\">An excellent excursion for those who want a relaxing and inspiring afternoon while learning about the environment of the area and the Mayan civilization in half a day.<\/li>\r\n \t<li class=\"font_8\">This tour has a great mix of activities at a nice easy pace, apt for all ages, and only a short distance from Tulum.<\/li>\r\n<\/ul>","calendar":"Rezdy","calendar_group":false,"rezdy":"https:\/\/vibeadventures.rezdy.com\/calendarWidget\/258773?iframe=true","toggle_calendar":"","bokun":"","bokun_toggle":"","display_price":135,"toggle_price":"","display_price_m":"","map_price":"","price_multi_private":null,"price_multi_group":null,"dates_multi_private":null,"departures_multi_private":null,"dates_multi_group":null,"departures_multi_group":null,"pricing_one_private":null,"prices_group_private":null,"repeat_season":null,"departures_one_private":null,"repeat_season_group":null,"departures_one_group":null},"yoast_head":"<!-- This site is optimized with the Yoast SEO Premium plugin v24.7 (Yoast SEO v24.7) - https:\/\/yoast.com\/wordpress\/plugins\/seo\/ -->\n<title>Muyil Ruins Tour: Explore Ancient Muyil and an Undisturbed Biosphere (Small-Group \/ 6h)<\/title>\n<meta name=\"description\" content=\"With our Muyil Ruins Tour immerse in the Sian Ka&#039;an Biosphere Reserve, enjoy nature, swim in crystal waters, and learn about the Mayan culture in Muyil.\" \/>\n<meta name=\"robots\" content=\"index, follow, max-snippet:-1, max-image-preview:large, max-video-preview:-1\" \/>\n<link rel=\"canonical\" href=\"https:\/\/vibeadventures.com\/it\/tour\/tour-delle-rovine-di-muyil\/\" \/>\n<meta property=\"og:locale\" content=\"it_IT\" \/>\n<meta property=\"og:type\" content=\"article\" \/>\n<meta property=\"og:title\" content=\"Muyil Ruins Tour: Explore Ancient Muyil and an Undisturbed Biosphere (Small-Group \/ 6h)\" \/>\n<meta property=\"og:url\" content=\"https:\/\/vibeadventures.com\/it\/tour\/tour-delle-rovine-di-muyil\/\" \/>\n<meta property=\"og:site_name\" content=\"Vibe Adventures\" \/>\n<meta property=\"article:publisher\" content=\"https:\/\/www.facebook.com\/VibeAdventures\/\" \/>\n<meta property=\"article:modified_time\" content=\"2024-08-06T20:50:50+00:00\" \/>\n<meta property=\"og:image\" content=\"https:\/\/vibeadventures.com\/wp-content\/uploads\/2022\/11\/01_MUYIL_lg.avif\" \/>\n\t<meta property=\"og:image:width\" content=\"1000\" \/>\n\t<meta property=\"og:image:height\" content=\"664\" \/>\n\t<meta property=\"og:image:type\" content=\"image\/jpeg\" \/>\n<meta name=\"twitter:card\" content=\"summary_large_image\" \/>\n<meta name=\"twitter:site\" content=\"@vibe_adventures\" \/>\n<meta name=\"twitter:label1\" content=\"Tempo di lettura stimato\" \/>\n\t<meta name=\"twitter:data1\" content=\"1 minuto\" \/>\n<script type=\"application\/ld+json\" class=\"yoast-schema-graph\">{\"@context\":\"https:\/\/schema.org\",\"@graph\":[{\"@type\":\"WebPage\",\"@id\":\"https:\/\/vibeadventures.com\/tour\/muyil-ruins-tour\/\",\"url\":\"https:\/\/vibeadventures.com\/tour\/muyil-ruins-tour\/\",\"name\":\"Muyil Ruins Tour: Explore Ancient Muyil and an Undisturbed Biosphere (Small-Group \/ 6h)\",\"isPartOf\":{\"@id\":\"https:\/\/vibeadventures.com\/#website\"},\"primaryImageOfPage\":{\"@id\":\"https:\/\/vibeadventures.com\/tour\/muyil-ruins-tour\/#primaryimage\"},\"image\":{\"@id\":\"https:\/\/vibeadventures.com\/tour\/muyil-ruins-tour\/#primaryimage\"},\"thumbnailUrl\":\"https:\/\/vibeadventures.com\/wp-content\/uploads\/2022\/11\/01_MUYIL_lg.avif\",\"datePublished\":\"2022-11-30T22:52:42+00:00\",\"dateModified\":\"2024-08-06T20:50:50+00:00\",\"description\":\"With our Muyil Ruins Tour immerse in the Sian Ka'an Biosphere Reserve, enjoy nature, swim in crystal waters, and learn about the Mayan culture in Muyil.\",\"breadcrumb\":{\"@id\":\"https:\/\/vibeadventures.com\/tour\/muyil-ruins-tour\/#breadcrumb\"},\"inLanguage\":\"it-IT\",\"potentialAction\":[{\"@type\":\"ReadAction\",\"target\":[\"https:\/\/vibeadventures.com\/tour\/muyil-ruins-tour\/\"]}]},{\"@type\":\"ImageObject\",\"inLanguage\":\"it-IT\",\"@id\":\"https:\/\/vibeadventures.com\/tour\/muyil-ruins-tour\/#primaryimage\",\"url\":\"https:\/\/vibeadventures.com\/wp-content\/uploads\/2022\/11\/01_MUYIL_lg.avif\",\"contentUrl\":\"https:\/\/vibeadventures.com\/wp-content\/uploads\/2022\/11\/01_MUYIL_lg.avif\",\"width\":1000,\"height\":664,\"caption\":\"Enjoy the Maya history\"},{\"@type\":\"BreadcrumbList\",\"@id\":\"https:\/\/vibeadventures.com\/tour\/muyil-ruins-tour\/#breadcrumb\",\"itemListElement\":[{\"@type\":\"ListItem\",\"position\":1,\"name\":\"Home\",\"item\":\"https:\/\/vibeadventures.com\/\"},{\"@type\":\"ListItem\",\"position\":2,\"name\":\"Latin America\",\"item\":\"https:\/\/vibeadventures.com\/latin-america-tours\/\"},{\"@type\":\"ListItem\",\"position\":3,\"name\":\"Mexico\",\"item\":\"https:\/\/vibeadventures.com\/destination\/mexico\/\"},{\"@type\":\"ListItem\",\"position\":4,\"name\":\"Riviera Maya\",\"item\":\"https:\/\/vibeadventures.com\/destination\/mexico\/cancun-and-riviera-maya\/\"},{\"@type\":\"ListItem\",\"position\":5,\"name\":\"Tulum\",\"item\":\"https:\/\/vibeadventures.com\/destination\/mexico\/cancun-and-riviera-maya\/tulum\/\"},{\"@type\":\"ListItem\",\"position\":6,\"name\":\"Muyil Ruins Tour: Explore Ancient Muyil and an Undisturbed Biosphere (Small-Group \/ 6h)\"}]},{\"@type\":\"WebSite\",\"@id\":\"https:\/\/vibeadventures.com\/#website\",\"url\":\"https:\/\/vibeadventures.com\/\",\"name\":\"Vibe Adventures\",\"description\":\"Authentic Local Adventures &amp; Tours\",\"publisher\":{\"@id\":\"https:\/\/vibeadventures.com\/#organization\"},\"potentialAction\":[{\"@type\":\"SearchAction\",\"target\":{\"@type\":\"EntryPoint\",\"urlTemplate\":\"https:\/\/vibeadventures.com\/?s={search_term_string}\"},\"query-input\":{\"@type\":\"PropertyValueSpecification\",\"valueRequired\":true,\"valueName\":\"search_term_string\"}}],\"inLanguage\":\"it-IT\"},{\"@type\":\"Organization\",\"@id\":\"https:\/\/vibeadventures.com\/#organization\",\"name\":\"Vibe Adventures\",\"url\":\"https:\/\/vibeadventures.com\/\",\"logo\":{\"@type\":\"ImageObject\",\"inLanguage\":\"it-IT\",\"@id\":\"https:\/\/vibeadventures.com\/#\/schema\/logo\/image\/\",\"url\":\"https:\/\/vibeadventures.com\/wp-content\/uploads\/2022\/01\/vibe-adventures-logo-green-TRANSPARENT-481-x-152-1-e1587500448458-2.avif\",\"contentUrl\":\"https:\/\/vibeadventures.com\/wp-content\/uploads\/2022\/01\/vibe-adventures-logo-green-TRANSPARENT-481-x-152-1-e1587500448458-2.avif\",\"width\":490,\"height\":100,\"caption\":\"Vibe Adventures\"},\"image\":{\"@id\":\"https:\/\/vibeadventures.com\/#\/schema\/logo\/image\/\"},\"sameAs\":[\"https:\/\/www.facebook.com\/VibeAdventures\/\",\"https:\/\/x.com\/vibe_adventures\",\"https:\/\/instagram.com\/vibe.adventures\",\"https:\/\/www.linkedin.com\/company\/vibe-adventures\/?viewAsMember=true\",\"https:\/\/www.pinterest.com\/Vibe_Adventures\/\",\"https:\/\/www.youtube.com\/channel\/UCQ9qyA-fVkdXarHBlzDCUBA?view_as=subscriber\",\"https:\/\/www.tiktok.com\/@vibeadventures\"]}]}<\/script>\n<!-- \/ Yoast SEO Premium plugin. -->","yoast_head_json":{"title":"Tour delle rovine di Muyil: Esplorate l'antica Muyil e una biosfera intatta (per piccoli gruppi \/ 6 ore)","description":"Con il nostro tour delle rovine di Muyil immergetevi nella Riserva della Biosfera di Sian Ka'an, godetevi la natura, nuotate in acque cristalline e imparate a conoscere la cultura Maya di Muyil.","robots":{"index":"index","follow":"follow","max-snippet":"max-snippet:-1","max-image-preview":"max-image-preview:large","max-video-preview":"max-video-preview:-1"},"canonical":"https:\/\/vibeadventures.com\/it\/tour\/tour-delle-rovine-di-muyil\/","og_locale":"it_IT","og_type":"article","og_title":"Muyil Ruins Tour: Explore Ancient Muyil and an Undisturbed Biosphere (Small-Group \/ 6h)","og_url":"https:\/\/vibeadventures.com\/it\/tour\/tour-delle-rovine-di-muyil\/","og_site_name":"Vibe Adventures","article_publisher":"https:\/\/www.facebook.com\/VibeAdventures\/","article_modified_time":"2024-08-06T20:50:50+00:00","og_image":[{"width":1000,"height":664,"url":"https:\/\/vibeadventures.com\/wp-content\/uploads\/2022\/11\/01_MUYIL_lg.avif","type":"image\/jpeg"}],"twitter_card":"summary_large_image","twitter_site":"@vibe_adventures","twitter_misc":{"Tempo di lettura stimato":"1 minuto"},"schema":{"@context":"https:\/\/schema.org","@graph":[{"@type":"WebPage","@id":"https:\/\/vibeadventures.com\/tour\/muyil-ruins-tour\/","url":"https:\/\/vibeadventures.com\/tour\/muyil-ruins-tour\/","name":"Tour delle rovine di Muyil: Esplorate l'antica Muyil e una biosfera intatta (per piccoli gruppi \/ 6 ore)","isPartOf":{"@id":"https:\/\/vibeadventures.com\/#website"},"primaryImageOfPage":{"@id":"https:\/\/vibeadventures.com\/tour\/muyil-ruins-tour\/#primaryimage"},"image":{"@id":"https:\/\/vibeadventures.com\/tour\/muyil-ruins-tour\/#primaryimage"},"thumbnailUrl":"https:\/\/vibeadventures.com\/wp-content\/uploads\/2022\/11\/01_MUYIL_lg.avif","datePublished":"2022-11-30T22:52:42+00:00","dateModified":"2024-08-06T20:50:50+00:00","description":"Con il nostro tour delle rovine di Muyil immergetevi nella Riserva della Biosfera di Sian Ka'an, godetevi la natura, nuotate in acque cristalline e imparate a conoscere la cultura Maya di Muyil.","breadcrumb":{"@id":"https:\/\/vibeadventures.com\/tour\/muyil-ruins-tour\/#breadcrumb"},"inLanguage":"it-IT","potentialAction":[{"@type":"ReadAction","target":["https:\/\/vibeadventures.com\/tour\/muyil-ruins-tour\/"]}]},{"@type":"ImageObject","inLanguage":"it-IT","@id":"https:\/\/vibeadventures.com\/tour\/muyil-ruins-tour\/#primaryimage","url":"https:\/\/vibeadventures.com\/wp-content\/uploads\/2022\/11\/01_MUYIL_lg.avif","contentUrl":"https:\/\/vibeadventures.com\/wp-content\/uploads\/2022\/11\/01_MUYIL_lg.avif","width":1000,"height":664,"caption":"Enjoy the Maya history"},{"@type":"BreadcrumbList","@id":"https:\/\/vibeadventures.com\/tour\/muyil-ruins-tour\/#breadcrumb","itemListElement":[{"@type":"ListItem","position":1,"name":"Home","item":"https:\/\/vibeadventures.com\/"},{"@type":"ListItem","position":2,"name":"Latin America","item":"https:\/\/vibeadventures.com\/latin-america-tours\/"},{"@type":"ListItem","position":3,"name":"Mexico","item":"https:\/\/vibeadventures.com\/destination\/mexico\/"},{"@type":"ListItem","position":4,"name":"Riviera Maya","item":"https:\/\/vibeadventures.com\/destination\/mexico\/cancun-and-riviera-maya\/"},{"@type":"ListItem","position":5,"name":"Tulum","item":"https:\/\/vibeadventures.com\/destination\/mexico\/cancun-and-riviera-maya\/tulum\/"},{"@type":"ListItem","position":6,"name":"Muyil Ruins Tour: Explore Ancient Muyil and an Undisturbed Biosphere (Small-Group \/ 6h)"}]},{"@type":"WebSite","@id":"https:\/\/vibeadventures.com\/#website","url":"https:\/\/vibeadventures.com\/","name":"Vibe Adventures","description":"Avventure e tour locali autentici","publisher":{"@id":"https:\/\/vibeadventures.com\/#organization"},"potentialAction":[{"@type":"SearchAction","target":{"@type":"EntryPoint","urlTemplate":"https:\/\/vibeadventures.com\/?s={search_term_string}"},"query-input":{"@type":"PropertyValueSpecification","valueRequired":true,"valueName":"search_term_string"}}],"inLanguage":"it-IT"},{"@type":"Organization","@id":"https:\/\/vibeadventures.com\/#organization","name":"Vibe Adventures","url":"https:\/\/vibeadventures.com\/","logo":{"@type":"ImageObject","inLanguage":"it-IT","@id":"https:\/\/vibeadventures.com\/#\/schema\/logo\/image\/","url":"https:\/\/vibeadventures.com\/wp-content\/uploads\/2022\/01\/vibe-adventures-logo-green-TRANSPARENT-481-x-152-1-e1587500448458-2.avif","contentUrl":"https:\/\/vibeadventures.com\/wp-content\/uploads\/2022\/01\/vibe-adventures-logo-green-TRANSPARENT-481-x-152-1-e1587500448458-2.avif","width":490,"height":100,"caption":"Vibe Adventures"},"image":{"@id":"https:\/\/vibeadventures.com\/#\/schema\/logo\/image\/"},"sameAs":["https:\/\/www.facebook.com\/VibeAdventures\/","https:\/\/x.com\/vibe_adventures","https:\/\/instagram.com\/vibe.adventures","https:\/\/www.linkedin.com\/company\/vibe-adventures\/?viewAsMember=true","https:\/\/www.pinterest.com\/Vibe_Adventures\/","https:\/\/www.youtube.com\/channel\/UCQ9qyA-fVkdXarHBlzDCUBA?view_as=subscriber","https:\/\/www.tiktok.com\/@vibeadventures"]}]}},"_links":{"self":[{"href":"https:\/\/vibeadventures.com\/it\/wp-json\/wp\/v2\/product\/17738","targetHints":{"allow":["GET"]}}],"collection":[{"href":"https:\/\/vibeadventures.com\/it\/wp-json\/wp\/v2\/product"}],"about":[{"href":"https:\/\/vibeadventures.com\/it\/wp-json\/wp\/v2\/types\/product"}],"replies":[{"embeddable":true,"href":"https:\/\/vibeadventures.com\/it\/wp-json\/wp\/v2\/comments?post=17738"}],"acf:term":[{"embeddable":true,"taxonomy":"sustainable-goals","href":"https:\/\/vibeadventures.com\/it\/wp-json\/wp\/v2\/sustainable-goals\/617"},{"embeddable":true,"taxonomy":"sustainable-goals","href":"https:\/\/vibeadventures.com\/it\/wp-json\/wp\/v2\/sustainable-goals\/616"},{"embeddable":true,"taxonomy":"sustainable-goals","href":"https:\/\/vibeadventures.com\/it\/wp-json\/wp\/v2\/sustainable-goals\/614"},{"embeddable":true,"taxonomy":"season","href":"https:\/\/vibeadventures.com\/it\/wp-json\/wp\/v2\/season\/192"},{"embeddable":true,"taxonomy":"suitability","href":"https:\/\/vibeadventures.com\/it\/wp-json\/wp\/v2\/suitability\/142"},{"embeddable":true,"taxonomy":"suitability","href":"https:\/\/vibeadventures.com\/it\/wp-json\/wp\/v2\/suitability\/137"},{"embeddable":true,"taxonomy":"suitability","href":"https:\/\/vibeadventures.com\/it\/wp-json\/wp\/v2\/suitability\/141"},{"embeddable":true,"taxonomy":"suitability","href":"https:\/\/vibeadventures.com\/it\/wp-json\/wp\/v2\/suitability\/140"},{"embeddable":true,"taxonomy":"suitability","href":"https:\/\/vibeadventures.com\/it\/wp-json\/wp\/v2\/suitability\/139"},{"embeddable":true,"taxonomy":"suitability","href":"https:\/\/vibeadventures.com\/it\/wp-json\/wp\/v2\/suitability\/136"},{"embeddable":true,"taxonomy":"suitability","href":"https:\/\/vibeadventures.com\/it\/wp-json\/wp\/v2\/suitability\/138"},{"embeddable":true,"taxonomy":"physical_ranking","href":"https:\/\/vibeadventures.com\/it\/wp-json\/wp\/v2\/physical_ranking\/208"},{"embeddable":true,"taxonomy":"adventures_type","href":"https:\/\/vibeadventures.com\/it\/wp-json\/wp\/v2\/adventures_type\/202"},{"embeddable":true,"taxonomy":"travel_vibe","href":"https:\/\/vibeadventures.com\/it\/wp-json\/wp\/v2\/travel_vibe\/149"},{"embeddable":true,"taxonomy":"product_tag","href":"https:\/\/vibeadventures.com\/it\/wp-json\/wp\/v2\/product_tag\/76"},{"embeddable":true,"taxonomy":"product_tag","href":"https:\/\/vibeadventures.com\/it\/wp-json\/wp\/v2\/product_tag\/66"},{"embeddable":true,"taxonomy":"product_tag","href":"https:\/\/vibeadventures.com\/it\/wp-json\/wp\/v2\/product_tag\/58"},{"embeddable":true,"taxonomy":"destination","href":"https:\/\/vibeadventures.com\/it\/wp-json\/wp\/v2\/destination\/561"}],"acf:attachment":[{"embeddable":true,"href":"https:\/\/vibeadventures.com\/it\/wp-json\/wp\/v2\/media\/17781"},{"embeddable":true,"href":"https:\/\/vibeadventures.com\/it\/wp-json\/wp\/v2\/media\/17780"},{"embeddable":true,"href":"https:\/\/vibeadventures.com\/it\/wp-json\/wp\/v2\/media\/17782"},{"embeddable":true,"href":"https:\/\/vibeadventures.com\/it\/wp-json\/wp\/v2\/media\/17784"},{"embeddable":true,"href":"https:\/\/vibeadventures.com\/it\/wp-json\/wp\/v2\/media\/17778"},{"embeddable":true,"href":"https:\/\/vibeadventures.com\/it\/wp-json\/wp\/v2\/media\/17779"},{"embeddable":true,"href":"https:\/\/vibeadventures.com\/it\/wp-json\/wp\/v2\/media\/17776"},{"embeddable":true,"href":"https:\/\/vibeadventures.com\/it\/wp-json\/wp\/v2\/media\/17777"},{"embeddable":true,"href":"https:\/\/vibeadventures.com\/it\/wp-json\/wp\/v2\/media\/17783"}],"wp:featuredmedia":[{"embeddable":true,"href":"https:\/\/vibeadventures.com\/it\/wp-json\/wp\/v2\/media\/17779"}],"wp:attachment":[{"href":"https:\/\/vibeadventures.com\/it\/wp-json\/wp\/v2\/media?parent=17738"}],"wp:term":[{"taxonomy":"adventures_type","embeddable":true,"href":"https:\/\/vibeadventures.com\/it\/wp-json\/wp\/v2\/adventures_type?post=17738"},{"taxonomy":"destination","embeddable":true,"href":"https:\/\/vibeadventures.com\/it\/wp-json\/wp\/v2\/destination?post=17738"},{"taxonomy":"operator","embeddable":true,"href":"https:\/\/vibeadventures.com\/it\/wp-json\/wp\/v2\/operator?post=17738"},{"taxonomy":"physical_ranking","embeddable":true,"href":"https:\/\/vibeadventures.com\/it\/wp-json\/wp\/v2\/physical_ranking?post=17738"},{"taxonomy":"season","embeddable":true,"href":"https:\/\/vibeadventures.com\/it\/wp-json\/wp\/v2\/season?post=17738"},{"taxonomy":"suitability","embeddable":true,"href":"https:\/\/vibeadventures.com\/it\/wp-json\/wp\/v2\/suitability?post=17738"},{"taxonomy":"sustainable-goals","embeddable":true,"href":"https:\/\/vibeadventures.com\/it\/wp-json\/wp\/v2\/sustainable-goals?post=17738"},{"taxonomy":"travel_vibe","embeddable":true,"href":"https:\/\/vibeadventures.com\/it\/wp-json\/wp\/v2\/travel_vibe?post=17738"},{"taxonomy":"product_cat","embeddable":true,"href":"https:\/\/vibeadventures.com\/it\/wp-json\/wp\/v2\/product_cat?post=17738"},{"taxonomy":"product_tag","embeddable":true,"href":"https:\/\/vibeadventures.com\/it\/wp-json\/wp\/v2\/product_tag?post=17738"}],"curies":[{"name":"wp","href":"https:\/\/api.w.org\/{rel}","templated":true}]}}