{"id":15677,"date":"2022-09-27T19:28:58","date_gmt":"2022-09-27T19:28:58","guid":{"rendered":"https:\/\/vibeadventures.com\/?post_type=product&#038;p=15677"},"modified":"2025-09-10T11:09:22","modified_gmt":"2025-09-10T17:09:22","slug":"tour-virtuale-delle-leggende-metropolitane","status":"publish","type":"product","link":"https:\/\/vibeadventures.com\/it\/tour\/tour-virtuale-delle-leggende-metropolitane\/","title":{"rendered":"Tour delle leggende metropolitane: Lasciate andare la vostra immaginazione con racconti terrificanti"},"content":{"rendered":"","protected":false},"excerpt":{"rendered":"","protected":false},"featured_media":15696,"comment_status":"open","ping_status":"closed","template":"","meta":{"_acf_changed":false},"adventures_type":[201],"destination":[318],"operator":[658],"physical_ranking":[],"season":[192],"suitability":[138,136,139,140,141,137,142],"sustainable-goals":[613,615,606,610],"travel_vibe":[149],"product_cat":[156],"product_tag":[313,86,94,421],"class_list":{"0":"post-15677","1":"product","2":"type-product","3":"status-publish","4":"has-post-thumbnail","6":"adventures_type-private","7":"destination-mexico-city","8":"operator-vibe-adventures-originals","9":"season-all-year","10":"suitability-couples","11":"suitability-kid-friendly","12":"suitability-lgbt","13":"suitability-senior","14":"suitability-solo","15":"suitability-women-only","16":"suitability-youth","17":"sustainable-goals-goal-11-sustainable-cities-and-communities","18":"sustainable-goals-goal-13-climate-action","19":"sustainable-goals-goal-4-quality-education","20":"sustainable-goals-goal-8-decent-work-and-economic-growth","21":"travel_vibe-history-and-heritage-tours","22":"product_cat-virtual-tours","23":"product_tag-architecture","24":"product_tag-local-communities","25":"product_tag-photo-tours","26":"product_tag-virtual-tour","27":"entry","29":"first","30":"instock","31":"shipping-taxable","32":"purchasable","33":"product-type-simple"},"acf":{"type_of_tour":"Virtual","duration_days":"","duration_hours":1,"mood":"Private","logisticsc":"","toogle_time":"","logisticsa":false,"logisticsa_toggle":false,"pick_up_location":null,"pick_up_location_toggle":null,"private_pickup":"Pickup included: your accommodation or another convenient place of your choice.","private_pickup_toggle":"Pickup included: your accommodation or another convenient place of your choice.","both_pickup":"","both_pickup_copy":"Exact time and location to be specified in the trip notes that are sent 1-2 weeks before the tour.","customization_group":"","customization_private":"","confirmation_select_private":"Automatic","confirmation_text_private":"Automatic confirmation (your departure is automatically confirmed and 100% guaranteed).","confirmation_select_group":"Manual","confirmation_text_group":"Manual confirmation (if a minimum number of participants is not met, we may cancel and fully refund your booking).","transfers":"","customize":"no","customizable_details":"We can do the following customizations on your request (subject to availability and needs to be confirmed before the tour):\r\n- Adjust the starting time of the tour.\r\n- Adjust the time you spend at each destination of the tour.\r\n- Add extra places of your choice (e.g. attractions, restaurants, etc.) to the itinerary on a complimentary basis if those visits (1) fit the default duration of the tour, (2) don\u2019t involve a significant change of the route and extra fees (e.g. entrance tickets, tolls, parking, etc.). \r\nChanges other than those will involve an extra fee and must be communicated to the tour organizer at least 72h before the tour (e.g. in the \u201cSpecial Requirements\u201d field during the booking or via email).","what_take":null,"extra_notes":"<ol>\r\n \t<li>Book your date and time;<\/li>\r\n \t<li>Receive a Zoom link from us;<\/li>\r\n \t<li>Connect at the agreed time and enjoy the tour.<\/li>\r\n<\/ol>\r\nEquipment needed:\u00a0<a href=\"https:\/\/zoom.us\/download\" target=\"_blank\" rel=\"external noopener noreferrer\" data-wpel-link=\"external\">Zoom app<\/a>\u00a0(free version is enough); PC, tablet, or smartphone with a mic and speaker (most devices have this built-in); high-speed internet connection (&gt;3 Mbps).\r\n<ul>\r\n \t<li>Interactive: each experience is a real-time conversation with a local host.<\/li>\r\n \t<li>Authentic: learn about and discover unique places via live-streaming.<\/li>\r\n \t<li>Convenient: travel without leaving home over a high-speed internet connection.<\/li>\r\n \t<li>Personalized: share your interests with us to customize the experience.<\/li>\r\n<\/ul>\r\nFor FAQs and more info about virtual tours click\u00a0<strong><a href=\"https:\/\/vibeadventures.com\/tour-category\/virtual-tours\/\">here<\/a><\/strong>.","cancellations":"","discount-tour":null,"tour_operator":"Vibe Adventures originals","maxage":100,"minage":10,"group_size":40,"location":318,"language":["English","Spanish"],"tags":[313,421,94,86],"theme":[149],"adventure_type":[201],"accessibility":"\ud83d\uded1 Not wheelchair accessible.","pets":"\ud83d\uded1 Not permitted.","difficulty":null,"suitability":[138,136,139,140,141,137,142],"seasonall":[192],"included":{"guides":"yes","guidese":"","accommodation":"no","accommodatione":"","accommodations":[],"transportation":"yes","transportatione":"","flights":"no","flightse":"","insurance":"no","insurancee":"","tips":"no","tipse":"","meals":"yes","mealse":"","expenses":"no","expensese":"","activities":"yes","activitiese":""},"overview":"In the <em>Urban Legends Tour<\/em>, hear Mexican horror stories that have been passed down through oral storytelling. Our knowledgeable host will share some of the creepy history of the city's downtown. Join the live-streaming tour and delve into the mysterious world of Mexican folklore. Are you ready to be spooked?","itinerary":"In the <em>Urban Legends Tour<\/em> discover the spine-tingling world of Mexican Legends from the comfort of your own home. Let our knowledgeable host take you on a virtual tour through the city's historic center and share the creepiest tales passed down through generations of locals. Book now for an unforgettable live-streaming experience","repeater":null,"destinations":[{"destination":"Mexico City","location":{"address":"Historic center of Mexico City, Centro, Ciudad de M\u00e9xico, CDMX, M\u00e9xico","lat":19.4357068,"lng":-99.131757,"zoom":14,"place_id":"ChIJvU0OLi350YURPYnEQKd0VZA","name":"Centro Hist\u00f3rico de la Ciudad de M\u00e9xico","city":"Ciudad de M\u00e9xico","city_short":"M\u00e9xico D.F.","state":"Ciudad de M\u00e9xico","state_short":"CDMX","country":"M\u00e9xico","country_short":"MX"}}],"highlights":[{"highlight":"Have fun listening to well-known local legends"},{"highlight":"Look at the real locations where some of the shocking stories allegedly took place"},{"highlight":"Discover beautiful well-preserved mansions that were built between the 17th and 19th centuries. -Hear the stories about important local characters who lived in the area"},{"highlight":"Immerse yourself in local history with insights from your host."}],"galleryes":"no","gallery":[15688,15687,15685,15684,15683,15686,15681],"video":"","pdf":"","tourradar":null,"sustainability_tax":[613,615,606,610],"goals_description":"Embark on a virtual journey to hera <em>Urban Horror Legends in Mexico City<\/em> and witness the positive impact it brings. This immersive tour aligns with the UN's Sustainable Development Goal 8: Decent Work and Economic Growth, as it supports local guides and artisans, stimulating the economy and creating employment opportunities. Additionally, it promotes cultural exchange and understanding, aligning with Goal 4: Quality Education and Goal 11: Sustainable Cities and Communities. By opting for a virtual experience, you also contribute to Goal 13: Climate Action, reducing carbon emissions and supporting environmental sustainability.","authenticity":"We do our best to make our trips educative and fulfilling, in which travelers can interact with local populations, learn about their traditions, and culture, and connect with their core values.","impact":"This tour is organized by or involves significant participation of local communities and service providers thus creating employment, increasing consumption, and benefitting the socio-economic development of the region.","why":"<section id=\"why\" class=\"sectionacc\">\r\n<div class=\"accordion-container\">\r\n<div id=\"whyaccordion\" class=\"panel\">\r\n<ul>\r\n \t<li>Interactive: each experience is a real-time conversation with a local guide.<\/li>\r\n \t<li>Authentic: learn about and discover unique places via live-streaming.<\/li>\r\n \t<li>Convenient: travel without leaving home over a high-speed internet connection.<\/li>\r\n \t<li>Personalized: share your interests with us to customize the experience.<\/li>\r\n<\/ul>\r\n&nbsp;\r\n\r\n<\/div>\r\n<\/div>\r\n<\/section><section id=\"reviews\" class=\"sectionacc\">\r\n<div class=\"accordion-container\">\r\n<div class=\"accordion\">\r\n<h3 class=\"accordion-title\">Reviews<\/h3>\r\n<\/div>\r\n<\/div>\r\n<\/section>","calendar":"Rezdy","calendar_group":false,"rezdy":"https:\/\/vibeadventures.rezdy.com\/calendarWidget\/523220?iframe=tru","toggle_calendar":"","bokun":"","bokun_toggle":"","display_price":65,"toggle_price":"","display_price_m":65,"map_price":65,"price_multi_private":null,"price_multi_group":null,"dates_multi_private":null,"departures_multi_private":null,"dates_multi_group":null,"departures_multi_group":null,"pricing_one_private":null,"prices_group_private":null,"repeat_season":null,"departures_one_private":null,"repeat_season_group":null,"departures_one_group":null},"yoast_head":"<!-- This site is optimized with the Yoast SEO Premium plugin v24.7 (Yoast SEO v24.7) - https:\/\/yoast.com\/wordpress\/plugins\/seo\/ -->\n<title>Urban Legends Tour: Let Go Your Imagination with Terrific Tales<\/title>\n<meta name=\"description\" content=\"With the Urban Legends Tour, listen to the scariest Mexican stories. Join our live-streaming private tour. Do you dare to get some heebie-jeebies?\" \/>\n<meta name=\"robots\" content=\"noindex, nofollow\" \/>\n<meta property=\"og:locale\" content=\"it_IT\" \/>\n<meta property=\"og:type\" content=\"article\" \/>\n<meta property=\"og:title\" content=\"Urban Legends Tour: Let Go Your Imagination with Terrific Tales\" \/>\n<meta property=\"og:url\" content=\"https:\/\/vibeadventures.com\/it\/tour\/tour-virtuale-delle-leggende-metropolitane\/\" \/>\n<meta property=\"og:site_name\" content=\"Vibe Adventures\" \/>\n<meta property=\"article:publisher\" content=\"https:\/\/www.facebook.com\/VibeAdventures\/\" \/>\n<meta property=\"article:modified_time\" content=\"2025-09-10T17:09:22+00:00\" \/>\n<meta property=\"og:image\" content=\"https:\/\/vibeadventures.com\/wp-content\/uploads\/2022\/09\/miguel-gonzalez-oe8ysSDB79Y-unsplash-1.avif\" \/>\n\t<meta property=\"og:image:width\" content=\"1080\" \/>\n\t<meta property=\"og:image:height\" content=\"928\" \/>\n\t<meta property=\"og:image:type\" content=\"image\/jpeg\" \/>\n<meta name=\"twitter:card\" content=\"summary_large_image\" \/>\n<meta name=\"twitter:site\" content=\"@vibe_adventures\" \/>\n<meta name=\"twitter:label1\" content=\"Tempo di lettura stimato\" \/>\n\t<meta name=\"twitter:data1\" content=\"1 minuto\" \/>\n<script type=\"application\/ld+json\" class=\"yoast-schema-graph\">{\"@context\":\"https:\/\/schema.org\",\"@graph\":[{\"@type\":\"WebPage\",\"@id\":\"https:\/\/vibeadventures.com\/tour\/urban-legend-tour-virtual\/\",\"url\":\"https:\/\/vibeadventures.com\/tour\/urban-legend-tour-virtual\/\",\"name\":\"Urban Legends Tour: Let Go Your Imagination with Terrific Tales\",\"isPartOf\":{\"@id\":\"https:\/\/vibeadventures.com\/#website\"},\"primaryImageOfPage\":{\"@id\":\"https:\/\/vibeadventures.com\/tour\/urban-legend-tour-virtual\/#primaryimage\"},\"image\":{\"@id\":\"https:\/\/vibeadventures.com\/tour\/urban-legend-tour-virtual\/#primaryimage\"},\"thumbnailUrl\":\"https:\/\/vibeadventures.com\/wp-content\/uploads\/2022\/09\/miguel-gonzalez-oe8ysSDB79Y-unsplash-1.avif\",\"datePublished\":\"2022-09-27T19:28:58+00:00\",\"dateModified\":\"2025-09-10T17:09:22+00:00\",\"description\":\"With the Urban Legends Tour, listen to the scariest Mexican stories. Join our live-streaming private tour. Do you dare to get some heebie-jeebies?\",\"breadcrumb\":{\"@id\":\"https:\/\/vibeadventures.com\/tour\/urban-legend-tour-virtual\/#breadcrumb\"},\"inLanguage\":\"it-IT\",\"potentialAction\":[{\"@type\":\"ReadAction\",\"target\":[\"https:\/\/vibeadventures.com\/tour\/urban-legend-tour-virtual\/\"]}]},{\"@type\":\"ImageObject\",\"inLanguage\":\"it-IT\",\"@id\":\"https:\/\/vibeadventures.com\/tour\/urban-legend-tour-virtual\/#primaryimage\",\"url\":\"https:\/\/vibeadventures.com\/wp-content\/uploads\/2022\/09\/miguel-gonzalez-oe8ysSDB79Y-unsplash-1.avif\",\"contentUrl\":\"https:\/\/vibeadventures.com\/wp-content\/uploads\/2022\/09\/miguel-gonzalez-oe8ysSDB79Y-unsplash-1.avif\",\"width\":1080,\"height\":928,\"caption\":\"day of the dead mexico\"},{\"@type\":\"BreadcrumbList\",\"@id\":\"https:\/\/vibeadventures.com\/tour\/urban-legend-tour-virtual\/#breadcrumb\",\"itemListElement\":[{\"@type\":\"ListItem\",\"position\":1,\"name\":\"Home\",\"item\":\"https:\/\/vibeadventures.com\/\"},{\"@type\":\"ListItem\",\"position\":2,\"name\":\"Latin America\",\"item\":\"https:\/\/vibeadventures.com\/latin-america-tours\/\"},{\"@type\":\"ListItem\",\"position\":3,\"name\":\"Mexico\",\"item\":\"https:\/\/vibeadventures.com\/destination\/mexico\/\"},{\"@type\":\"ListItem\",\"position\":4,\"name\":\"Mexico City &amp; around\",\"item\":\"https:\/\/vibeadventures.com\/destination\/mexico\/mexico-city\/\"},{\"@type\":\"ListItem\",\"position\":5,\"name\":\"Urban Legends Tour: Let Go Your Imagination with Terrific Tales\"}]},{\"@type\":\"WebSite\",\"@id\":\"https:\/\/vibeadventures.com\/#website\",\"url\":\"https:\/\/vibeadventures.com\/\",\"name\":\"Vibe Adventures\",\"description\":\"Authentic Local Adventures &amp; Tours\",\"publisher\":{\"@id\":\"https:\/\/vibeadventures.com\/#organization\"},\"potentialAction\":[{\"@type\":\"SearchAction\",\"target\":{\"@type\":\"EntryPoint\",\"urlTemplate\":\"https:\/\/vibeadventures.com\/?s={search_term_string}\"},\"query-input\":{\"@type\":\"PropertyValueSpecification\",\"valueRequired\":true,\"valueName\":\"search_term_string\"}}],\"inLanguage\":\"it-IT\"},{\"@type\":\"Organization\",\"@id\":\"https:\/\/vibeadventures.com\/#organization\",\"name\":\"Vibe Adventures\",\"url\":\"https:\/\/vibeadventures.com\/\",\"logo\":{\"@type\":\"ImageObject\",\"inLanguage\":\"it-IT\",\"@id\":\"https:\/\/vibeadventures.com\/#\/schema\/logo\/image\/\",\"url\":\"https:\/\/vibeadventures.com\/wp-content\/uploads\/2022\/01\/vibe-adventures-logo-green-TRANSPARENT-481-x-152-1-e1587500448458-2.avif\",\"contentUrl\":\"https:\/\/vibeadventures.com\/wp-content\/uploads\/2022\/01\/vibe-adventures-logo-green-TRANSPARENT-481-x-152-1-e1587500448458-2.avif\",\"width\":490,\"height\":100,\"caption\":\"Vibe Adventures\"},\"image\":{\"@id\":\"https:\/\/vibeadventures.com\/#\/schema\/logo\/image\/\"},\"sameAs\":[\"https:\/\/www.facebook.com\/VibeAdventures\/\",\"https:\/\/x.com\/vibe_adventures\",\"https:\/\/instagram.com\/vibe.adventures\",\"https:\/\/www.linkedin.com\/company\/vibe-adventures\/?viewAsMember=true\",\"https:\/\/www.pinterest.com\/Vibe_Adventures\/\",\"https:\/\/www.youtube.com\/channel\/UCQ9qyA-fVkdXarHBlzDCUBA?view_as=subscriber\",\"https:\/\/www.tiktok.com\/@vibeadventures\"]}]}<\/script>\n<!-- \/ Yoast SEO Premium plugin. -->","yoast_head_json":{"title":"Tour delle leggende metropolitane: Lasciate andare la vostra immaginazione con racconti terrificanti","description":"Con l'Urban Legends Tour, ascoltate le storie messicane pi\u00f9 spaventose. Partecipate al nostro tour privato in live-streaming. Avete il coraggio di avere un po' di brividi?","robots":{"index":"noindex","follow":"nofollow"},"og_locale":"it_IT","og_type":"article","og_title":"Urban Legends Tour: Let Go Your Imagination with Terrific Tales","og_url":"https:\/\/vibeadventures.com\/it\/tour\/tour-virtuale-delle-leggende-metropolitane\/","og_site_name":"Vibe Adventures","article_publisher":"https:\/\/www.facebook.com\/VibeAdventures\/","article_modified_time":"2025-09-10T17:09:22+00:00","og_image":[{"width":1080,"height":928,"url":"https:\/\/vibeadventures.com\/wp-content\/uploads\/2022\/09\/miguel-gonzalez-oe8ysSDB79Y-unsplash-1.avif","type":"image\/jpeg"}],"twitter_card":"summary_large_image","twitter_site":"@vibe_adventures","twitter_misc":{"Tempo di lettura stimato":"1 minuto"},"schema":{"@context":"https:\/\/schema.org","@graph":[{"@type":"WebPage","@id":"https:\/\/vibeadventures.com\/tour\/urban-legend-tour-virtual\/","url":"https:\/\/vibeadventures.com\/tour\/urban-legend-tour-virtual\/","name":"Tour delle leggende metropolitane: Lasciate andare la vostra immaginazione con racconti terrificanti","isPartOf":{"@id":"https:\/\/vibeadventures.com\/#website"},"primaryImageOfPage":{"@id":"https:\/\/vibeadventures.com\/tour\/urban-legend-tour-virtual\/#primaryimage"},"image":{"@id":"https:\/\/vibeadventures.com\/tour\/urban-legend-tour-virtual\/#primaryimage"},"thumbnailUrl":"https:\/\/vibeadventures.com\/wp-content\/uploads\/2022\/09\/miguel-gonzalez-oe8ysSDB79Y-unsplash-1.avif","datePublished":"2022-09-27T19:28:58+00:00","dateModified":"2025-09-10T17:09:22+00:00","description":"Con l'Urban Legends Tour, ascoltate le storie messicane pi\u00f9 spaventose. Partecipate al nostro tour privato in live-streaming. Avete il coraggio di avere un po' di brividi?","breadcrumb":{"@id":"https:\/\/vibeadventures.com\/tour\/urban-legend-tour-virtual\/#breadcrumb"},"inLanguage":"it-IT","potentialAction":[{"@type":"ReadAction","target":["https:\/\/vibeadventures.com\/tour\/urban-legend-tour-virtual\/"]}]},{"@type":"ImageObject","inLanguage":"it-IT","@id":"https:\/\/vibeadventures.com\/tour\/urban-legend-tour-virtual\/#primaryimage","url":"https:\/\/vibeadventures.com\/wp-content\/uploads\/2022\/09\/miguel-gonzalez-oe8ysSDB79Y-unsplash-1.avif","contentUrl":"https:\/\/vibeadventures.com\/wp-content\/uploads\/2022\/09\/miguel-gonzalez-oe8ysSDB79Y-unsplash-1.avif","width":1080,"height":928,"caption":"day of the dead mexico"},{"@type":"BreadcrumbList","@id":"https:\/\/vibeadventures.com\/tour\/urban-legend-tour-virtual\/#breadcrumb","itemListElement":[{"@type":"ListItem","position":1,"name":"Home","item":"https:\/\/vibeadventures.com\/"},{"@type":"ListItem","position":2,"name":"Latin America","item":"https:\/\/vibeadventures.com\/latin-america-tours\/"},{"@type":"ListItem","position":3,"name":"Mexico","item":"https:\/\/vibeadventures.com\/destination\/mexico\/"},{"@type":"ListItem","position":4,"name":"Mexico City &amp; around","item":"https:\/\/vibeadventures.com\/destination\/mexico\/mexico-city\/"},{"@type":"ListItem","position":5,"name":"Urban Legends Tour: Let Go Your Imagination with Terrific Tales"}]},{"@type":"WebSite","@id":"https:\/\/vibeadventures.com\/#website","url":"https:\/\/vibeadventures.com\/","name":"Vibe Adventures","description":"Avventure e tour locali autentici","publisher":{"@id":"https:\/\/vibeadventures.com\/#organization"},"potentialAction":[{"@type":"SearchAction","target":{"@type":"EntryPoint","urlTemplate":"https:\/\/vibeadventures.com\/?s={search_term_string}"},"query-input":{"@type":"PropertyValueSpecification","valueRequired":true,"valueName":"search_term_string"}}],"inLanguage":"it-IT"},{"@type":"Organization","@id":"https:\/\/vibeadventures.com\/#organization","name":"Vibe Adventures","url":"https:\/\/vibeadventures.com\/","logo":{"@type":"ImageObject","inLanguage":"it-IT","@id":"https:\/\/vibeadventures.com\/#\/schema\/logo\/image\/","url":"https:\/\/vibeadventures.com\/wp-content\/uploads\/2022\/01\/vibe-adventures-logo-green-TRANSPARENT-481-x-152-1-e1587500448458-2.avif","contentUrl":"https:\/\/vibeadventures.com\/wp-content\/uploads\/2022\/01\/vibe-adventures-logo-green-TRANSPARENT-481-x-152-1-e1587500448458-2.avif","width":490,"height":100,"caption":"Vibe Adventures"},"image":{"@id":"https:\/\/vibeadventures.com\/#\/schema\/logo\/image\/"},"sameAs":["https:\/\/www.facebook.com\/VibeAdventures\/","https:\/\/x.com\/vibe_adventures","https:\/\/instagram.com\/vibe.adventures","https:\/\/www.linkedin.com\/company\/vibe-adventures\/?viewAsMember=true","https:\/\/www.pinterest.com\/Vibe_Adventures\/","https:\/\/www.youtube.com\/channel\/UCQ9qyA-fVkdXarHBlzDCUBA?view_as=subscriber","https:\/\/www.tiktok.com\/@vibeadventures"]}]}},"_links":{"self":[{"href":"https:\/\/vibeadventures.com\/it\/wp-json\/wp\/v2\/product\/15677","targetHints":{"allow":["GET"]}}],"collection":[{"href":"https:\/\/vibeadventures.com\/it\/wp-json\/wp\/v2\/product"}],"about":[{"href":"https:\/\/vibeadventures.com\/it\/wp-json\/wp\/v2\/types\/product"}],"replies":[{"embeddable":true,"href":"https:\/\/vibeadventures.com\/it\/wp-json\/wp\/v2\/comments?post=15677"}],"acf:term":[{"embeddable":true,"taxonomy":"sustainable-goals","href":"https:\/\/vibeadventures.com\/it\/wp-json\/wp\/v2\/sustainable-goals\/610"},{"embeddable":true,"taxonomy":"sustainable-goals","href":"https:\/\/vibeadventures.com\/it\/wp-json\/wp\/v2\/sustainable-goals\/606"},{"embeddable":true,"taxonomy":"sustainable-goals","href":"https:\/\/vibeadventures.com\/it\/wp-json\/wp\/v2\/sustainable-goals\/615"},{"embeddable":true,"taxonomy":"sustainable-goals","href":"https:\/\/vibeadventures.com\/it\/wp-json\/wp\/v2\/sustainable-goals\/613"},{"embeddable":true,"taxonomy":"season","href":"https:\/\/vibeadventures.com\/it\/wp-json\/wp\/v2\/season\/192"},{"embeddable":true,"taxonomy":"suitability","href":"https:\/\/vibeadventures.com\/it\/wp-json\/wp\/v2\/suitability\/142"},{"embeddable":true,"taxonomy":"suitability","href":"https:\/\/vibeadventures.com\/it\/wp-json\/wp\/v2\/suitability\/137"},{"embeddable":true,"taxonomy":"suitability","href":"https:\/\/vibeadventures.com\/it\/wp-json\/wp\/v2\/suitability\/141"},{"embeddable":true,"taxonomy":"suitability","href":"https:\/\/vibeadventures.com\/it\/wp-json\/wp\/v2\/suitability\/140"},{"embeddable":true,"taxonomy":"suitability","href":"https:\/\/vibeadventures.com\/it\/wp-json\/wp\/v2\/suitability\/139"},{"embeddable":true,"taxonomy":"suitability","href":"https:\/\/vibeadventures.com\/it\/wp-json\/wp\/v2\/suitability\/136"},{"embeddable":true,"taxonomy":"suitability","href":"https:\/\/vibeadventures.com\/it\/wp-json\/wp\/v2\/suitability\/138"},{"embeddable":true,"taxonomy":"adventures_type","href":"https:\/\/vibeadventures.com\/it\/wp-json\/wp\/v2\/adventures_type\/201"},{"embeddable":true,"taxonomy":"travel_vibe","href":"https:\/\/vibeadventures.com\/it\/wp-json\/wp\/v2\/travel_vibe\/149"},{"embeddable":true,"taxonomy":"product_tag","href":"https:\/\/vibeadventures.com\/it\/wp-json\/wp\/v2\/product_tag\/86"},{"embeddable":true,"taxonomy":"product_tag","href":"https:\/\/vibeadventures.com\/it\/wp-json\/wp\/v2\/product_tag\/94"},{"embeddable":true,"taxonomy":"product_tag","href":"https:\/\/vibeadventures.com\/it\/wp-json\/wp\/v2\/product_tag\/421"},{"embeddable":true,"taxonomy":"product_tag","href":"https:\/\/vibeadventures.com\/it\/wp-json\/wp\/v2\/product_tag\/313"},{"embeddable":true,"taxonomy":"destination","href":"https:\/\/vibeadventures.com\/it\/wp-json\/wp\/v2\/destination\/318"}],"acf:attachment":[{"embeddable":true,"href":"https:\/\/vibeadventures.com\/it\/wp-json\/wp\/v2\/media\/15681"},{"embeddable":true,"href":"https:\/\/vibeadventures.com\/it\/wp-json\/wp\/v2\/media\/15686"},{"embeddable":true,"href":"https:\/\/vibeadventures.com\/it\/wp-json\/wp\/v2\/media\/15683"},{"embeddable":true,"href":"https:\/\/vibeadventures.com\/it\/wp-json\/wp\/v2\/media\/15684"},{"embeddable":true,"href":"https:\/\/vibeadventures.com\/it\/wp-json\/wp\/v2\/media\/15685"},{"embeddable":true,"href":"https:\/\/vibeadventures.com\/it\/wp-json\/wp\/v2\/media\/15687"},{"embeddable":true,"href":"https:\/\/vibeadventures.com\/it\/wp-json\/wp\/v2\/media\/15688"}],"wp:featuredmedia":[{"embeddable":true,"href":"https:\/\/vibeadventures.com\/it\/wp-json\/wp\/v2\/media\/15696"}],"wp:attachment":[{"href":"https:\/\/vibeadventures.com\/it\/wp-json\/wp\/v2\/media?parent=15677"}],"wp:term":[{"taxonomy":"adventures_type","embeddable":true,"href":"https:\/\/vibeadventures.com\/it\/wp-json\/wp\/v2\/adventures_type?post=15677"},{"taxonomy":"destination","embeddable":true,"href":"https:\/\/vibeadventures.com\/it\/wp-json\/wp\/v2\/destination?post=15677"},{"taxonomy":"operator","embeddable":true,"href":"https:\/\/vibeadventures.com\/it\/wp-json\/wp\/v2\/operator?post=15677"},{"taxonomy":"physical_ranking","embeddable":true,"href":"https:\/\/vibeadventures.com\/it\/wp-json\/wp\/v2\/physical_ranking?post=15677"},{"taxonomy":"season","embeddable":true,"href":"https:\/\/vibeadventures.com\/it\/wp-json\/wp\/v2\/season?post=15677"},{"taxonomy":"suitability","embeddable":true,"href":"https:\/\/vibeadventures.com\/it\/wp-json\/wp\/v2\/suitability?post=15677"},{"taxonomy":"sustainable-goals","embeddable":true,"href":"https:\/\/vibeadventures.com\/it\/wp-json\/wp\/v2\/sustainable-goals?post=15677"},{"taxonomy":"travel_vibe","embeddable":true,"href":"https:\/\/vibeadventures.com\/it\/wp-json\/wp\/v2\/travel_vibe?post=15677"},{"taxonomy":"product_cat","embeddable":true,"href":"https:\/\/vibeadventures.com\/it\/wp-json\/wp\/v2\/product_cat?post=15677"},{"taxonomy":"product_tag","embeddable":true,"href":"https:\/\/vibeadventures.com\/it\/wp-json\/wp\/v2\/product_tag?post=15677"}],"curies":[{"name":"wp","href":"https:\/\/api.w.org\/{rel}","templated":true}]}}