{"id":15527,"date":"2022-09-20T21:28:22","date_gmt":"2022-09-20T21:28:22","guid":{"rendered":"https:\/\/vibeadventures.com\/?post_type=product&#038;p=15527"},"modified":"2025-10-07T12:59:07","modified_gmt":"2025-10-07T18:59:07","slug":"mercato-darte-messicano-allaperto","status":"publish","type":"product","link":"https:\/\/vibeadventures.com\/it\/tour\/mercato-darte-messicano-allaperto\/","title":{"rendered":"Arte messicana all'aperto: Mercato colorato di Citt\u00e0 del Messico Tour virtuale (1 h)"},"content":{"rendered":"","protected":false},"excerpt":{"rendered":"","protected":false},"featured_media":15529,"comment_status":"closed","ping_status":"closed","template":"","meta":{"_acf_changed":false},"adventures_type":[201],"destination":[318],"operator":[658],"physical_ranking":[],"season":[192],"suitability":[138,136,139,140,141,137,142],"sustainable-goals":[613,615,606,610],"travel_vibe":[194,149],"product_cat":[156],"product_tag":[422,420,94,421],"class_list":{"0":"post-15527","1":"product","2":"type-product","3":"status-publish","4":"has-post-thumbnail","6":"adventures_type-private","7":"destination-mexico-city","8":"operator-vibe-adventures-originals","9":"season-all-year","10":"suitability-couples","11":"suitability-kid-friendly","12":"suitability-lgbt","13":"suitability-senior","14":"suitability-solo","15":"suitability-women-only","16":"suitability-youth","17":"sustainable-goals-goal-11-sustainable-cities-and-communities","18":"sustainable-goals-goal-13-climate-action","19":"sustainable-goals-goal-4-quality-education","20":"sustainable-goals-goal-8-decent-work-and-economic-growth","21":"travel_vibe-arts-culture-tours","22":"travel_vibe-history-and-heritage-tours","23":"product_cat-virtual-tours","24":"product_tag-market","25":"product_tag-murals","26":"product_tag-photo-tours","27":"product_tag-virtual-tour","28":"entry","30":"first","31":"instock","32":"shipping-taxable","33":"purchasable","34":"product-type-simple"},"acf":{"type_of_tour":"Virtual","duration_days":"","duration_hours":1,"mood":"Private","logisticsc":"","toogle_time":"","logisticsa":false,"logisticsa_toggle":false,"pick_up_location":null,"pick_up_location_toggle":null,"private_pickup":"Pickup included: your accommodation or another convenient place of your choice.","private_pickup_toggle":"Pickup included: your accommodation or another convenient place of your choice.","both_pickup":"","both_pickup_copy":"Exact time and location to be specified in the trip notes that are sent 1-2 weeks before the tour.","customization_group":"","customization_private":"","confirmation_select_private":"Automatic","confirmation_text_private":"Automatic confirmation (your departure is automatically confirmed and 100% guaranteed).","confirmation_select_group":"Manual","confirmation_text_group":"Manual confirmation (if a minimum number of participants is not met, we may cancel and fully refund your booking).","transfers":"","customize":"no","customizable_details":"We can do the following customizations on your request (subject to availability and needs to be confirmed before the tour):\r\n- Adjust the starting time of the tour.\r\n- Adjust the time you spend at each destination of the tour.\r\n- Add extra places of your choice (e.g. attractions, restaurants, etc.) to the itinerary on a complimentary basis if those visits (1) fit the default duration of the tour, (2) don\u2019t involve a significant change of the route and extra fees (e.g. entrance tickets, tolls, parking, etc.). \r\nChanges other than those will involve an extra fee and must be communicated to the tour organizer at least 72h before the tour (e.g. in the \u201cSpecial Requirements\u201d field during the booking or via email).","what_take":null,"extra_notes":"<ol>\r\n \t<li>Book your date and time;<\/li>\r\n \t<li>Receive a Zoom link from us;<\/li>\r\n \t<li>Connect at the agreed time and enjoy the tour.<\/li>\r\n<\/ol>\r\nEquipment needed:\u00a0<a href=\"https:\/\/zoom.us\/download\" target=\"_blank\" rel=\"external noopener noreferrer\" data-wpel-link=\"external\">Zoom app<\/a>\u00a0(free version is enough); PC, tablet, or smartphone with a mic and speaker (most devices have this built-in); high-speed internet connection (&gt;3 Mbps).\r\n<ul>\r\n \t<li>Interactive: each experience is a real-time conversation with a local host.<\/li>\r\n \t<li>Authentic: learn about and discover unique places via live-streaming.<\/li>\r\n \t<li>Convenient: travel without leaving home over a high-speed internet connection.<\/li>\r\n \t<li>Personalized: share your interests with us to customize the experience.<\/li>\r\n<\/ul>\r\nFor FAQs and more info about virtual tours click\u00a0<strong><a href=\"https:\/\/vibeadventures.com\/tour-category\/virtual-tours\/\">here<\/a><\/strong>.","cancellations":"<span style=\"font-weight: 400;\">Cancellations are free up to <\/span><b>24 hours<\/b><span style=\"font-weight: 400;\"> before the tour. See full text of the cancellation policy <\/span><a href=\"https:\/\/vibeadventures.com\/terms-and-conditions\/\"><span style=\"font-weight: 400;\">here<\/span><\/a><span style=\"font-weight: 400;\">.<\/span>","discount-tour":null,"tour_operator":"Vibe Adventures originals","maxage":100,"minage":0,"group_size":40,"location":318,"language":["English","Spanish"],"tags":[420,421,422,94],"theme":[194,149],"adventure_type":[201],"accessibility":"\ud83d\uded1 Not wheelchair accessible.","pets":"\ud83d\uded1 Not permitted.","difficulty":null,"suitability":[138,136,139,140,141,137,142],"seasonall":[192],"included":{"guides":"yes","guidese":"","accommodation":"no","accommodatione":"","accommodations":[],"transportation":"yes","transportatione":"","flights":"no","flightse":"","insurance":"no","insurancee":"","tips":"no","tipse":"","meals":"yes","mealse":"","expenses":"no","expensese":"","activities":"yes","activitiese":""},"overview":"Take part in our <em>Mexican Outdoor Art<\/em>\u00a0and discover the hidden gems nestled in a local market in Mexico City, where art and history intertwine. Explore an iconic venue that boasts an impressive collection of Mexican muralism from the <a href=\"https:\/\/en.wikipedia.org\/wiki\/20th_century\">20th century<\/a>, featuring visionary artists many of whom studied under the legendary Diego Rivera. Discover captivating works by Isamu Noguchi and Marion Greenwood, and delight in this virtual feast for the senses.","itinerary":"In the <em>Mexican Outdoor Art<\/em>, come and explore a magnificent gem nestled in the heart of Mexico City, where art and history come alive! This iconic venue boasts an impressive collection of Mexican muralism from the 20th century.\r\n\r\nImmerse yourself in the breathtaking murals that capture the essence of Mexico's past, present, and future. Witness the evolution of Mexican society through the eyes of visionary artists who have left their mark on this historic space. Many of the artists who contributed to this remarkable collection were students of the legendary Diego Rivera.\r\n\r\nBeyond Mexican muralism, this treasure trove also features captivating works by international artists like Isamu Noguchi and Marion Greenwood. So whether you're an art enthusiast or simply looking to discover something new, this tour promises to be a feast for the senses","repeater":null,"destinations":[{"destination":"Mexico City","location":{"address":"Mercado Abelardo L. Rodr\u00edguez, Gir\u00f3n, Historic center of Mexico City, Centro, Mexico City, CDMX, Mexico","lat":19.4370532,"lng":-99.1274554,"zoom":14,"place_id":"ChIJS9IEcDT50YURiI8P5v3pj0o","name":"Mercado Presidente Abelardo L. Rodriguez","street_name":"Gir\u00f3n","city":"Ciudad de M\u00e9xico","city_short":"M\u00e9xico D.F.","state":"Ciudad de M\u00e9xico","state_short":"CDMX","post_code":6020,"country":"Mexico","country_short":"MX"}}],"highlights":[{"highlight":"Discover one of the hidden gems in Mexico City"},{"highlight":"Get to know an authentic Mexican Market"},{"highlight":"Spot stunning murals made by Mexican artists."},{"highlight":"Learn the historical background of each mural. "}],"galleryes":"no","gallery":[15529,15534,15532,15536,15531,15535,15533,15530],"video":"","pdf":"","tourradar":null,"sustainability_tax":[613,615,606,610],"goals_description":"Embark on a virtual journey to<em> Art Virtual Tour: Inside a Market in Mexico City<\/em> and witness the positive impact it brings. This immersive tour aligns with the UN's Sustainable Development Goal 8: Decent Work and Economic Growth, as it supports local guides and artisans, stimulating the economy and creating employment opportunities. Additionally, it promotes cultural exchange and understanding, aligning with Goal 4: Quality Education and Goal 11: Sustainable Cities and Communities. By opting for a virtual experience, you also contribute to Goal 13: Climate Action, reducing carbon emissions and supporting environmental sustainability.","authenticity":"We do our best to make our trips educative and fulfilling, in which travelers can interact with local populations, learn about their traditions, and culture, and connect with their core values.","impact":"This tour is organized by or involves significant participation of local communities and service providers thus creating employment, increasing consumption, and benefitting the socio-economic development of the region.","why":"<ul>\r\n \t<li>Interactive: each experience is a real-time conversation with a local guide.<\/li>\r\n \t<li>Authentic: learn about and discover unique places via live-streaming.<\/li>\r\n \t<li>Convenient: travel without leaving home over a high-speed internet connection.<\/li>\r\n \t<li>Personalized: share your interests with us to <a href=\"https:\/\/vibeadventures.com\/customizable-tours\/\">customize<\/a> the experience.<\/li>\r\n<\/ul>","calendar":"Rezdy","calendar_group":false,"rezdy":"https:\/\/vibeadventures.rezdy.com\/calendarWidget\/522066","toggle_calendar":"","bokun":"","bokun_toggle":"","display_price":65,"toggle_price":"","display_price_m":"","map_price":65,"price_multi_private":null,"price_multi_group":null,"dates_multi_private":null,"departures_multi_private":null,"dates_multi_group":null,"departures_multi_group":null,"pricing_one_private":null,"prices_group_private":null,"repeat_season":null,"departures_one_private":null,"repeat_season_group":null,"departures_one_group":null},"yoast_head":"<!-- This site is optimized with the Yoast SEO Premium plugin v24.7 (Yoast SEO v24.7) - https:\/\/yoast.com\/wordpress\/plugins\/seo\/ -->\n<title>Mexican Outdoor Art: Colorful Market in Mexico City Virtual Tour (1 h)<\/title>\n<meta name=\"description\" content=\"Mexican Outdoor Art: immerse yourself in a market and witness the magic of art in an impressive collection of Mexican muralism made by famous artists!\" \/>\n<meta name=\"robots\" content=\"noindex, nofollow\" \/>\n<meta property=\"og:locale\" content=\"it_IT\" \/>\n<meta property=\"og:type\" content=\"article\" \/>\n<meta property=\"og:title\" content=\"Mexican Outdoor Art: Colorful Market in Mexico City Virtual Tour (1 h)\" \/>\n<meta property=\"og:url\" content=\"https:\/\/vibeadventures.com\/it\/tour\/mercato-darte-messicano-allaperto\/\" \/>\n<meta property=\"og:site_name\" content=\"Vibe Adventures\" \/>\n<meta property=\"article:publisher\" content=\"https:\/\/www.facebook.com\/VibeAdventures\/\" \/>\n<meta property=\"article:modified_time\" content=\"2025-10-07T18:59:07+00:00\" \/>\n<meta property=\"og:image\" content=\"https:\/\/vibeadventures.com\/wp-content\/uploads\/2022\/09\/IMG_20220831_113745.avif\" \/>\n\t<meta property=\"og:image:width\" content=\"2500\" \/>\n\t<meta property=\"og:image:height\" content=\"1406\" \/>\n\t<meta property=\"og:image:type\" content=\"image\/jpeg\" \/>\n<meta name=\"twitter:card\" content=\"summary_large_image\" \/>\n<meta name=\"twitter:site\" content=\"@vibe_adventures\" \/>\n<meta name=\"twitter:label1\" content=\"Tempo di lettura stimato\" \/>\n\t<meta name=\"twitter:data1\" content=\"1 minuto\" \/>\n<script type=\"application\/ld+json\" class=\"yoast-schema-graph\">{\"@context\":\"https:\/\/schema.org\",\"@graph\":[{\"@type\":\"WebPage\",\"@id\":\"https:\/\/vibeadventures.com\/tour\/mexican-outdoor-art-market\/\",\"url\":\"https:\/\/vibeadventures.com\/tour\/mexican-outdoor-art-market\/\",\"name\":\"Mexican Outdoor Art: Colorful Market in Mexico City Virtual Tour (1 h)\",\"isPartOf\":{\"@id\":\"https:\/\/vibeadventures.com\/#website\"},\"primaryImageOfPage\":{\"@id\":\"https:\/\/vibeadventures.com\/tour\/mexican-outdoor-art-market\/#primaryimage\"},\"image\":{\"@id\":\"https:\/\/vibeadventures.com\/tour\/mexican-outdoor-art-market\/#primaryimage\"},\"thumbnailUrl\":\"https:\/\/vibeadventures.com\/wp-content\/uploads\/2022\/09\/IMG_20220831_113745.avif\",\"datePublished\":\"2022-09-20T21:28:22+00:00\",\"dateModified\":\"2025-10-07T18:59:07+00:00\",\"description\":\"Mexican Outdoor Art: immerse yourself in a market and witness the magic of art in an impressive collection of Mexican muralism made by famous artists!\",\"breadcrumb\":{\"@id\":\"https:\/\/vibeadventures.com\/tour\/mexican-outdoor-art-market\/#breadcrumb\"},\"inLanguage\":\"it-IT\",\"potentialAction\":[{\"@type\":\"ReadAction\",\"target\":[\"https:\/\/vibeadventures.com\/tour\/mexican-outdoor-art-market\/\"]}]},{\"@type\":\"ImageObject\",\"inLanguage\":\"it-IT\",\"@id\":\"https:\/\/vibeadventures.com\/tour\/mexican-outdoor-art-market\/#primaryimage\",\"url\":\"https:\/\/vibeadventures.com\/wp-content\/uploads\/2022\/09\/IMG_20220831_113745.avif\",\"contentUrl\":\"https:\/\/vibeadventures.com\/wp-content\/uploads\/2022\/09\/IMG_20220831_113745.avif\",\"width\":2500,\"height\":1406,\"caption\":\"Art in Mexico City\"},{\"@type\":\"BreadcrumbList\",\"@id\":\"https:\/\/vibeadventures.com\/tour\/mexican-outdoor-art-market\/#breadcrumb\",\"itemListElement\":[{\"@type\":\"ListItem\",\"position\":1,\"name\":\"Home\",\"item\":\"https:\/\/vibeadventures.com\/\"},{\"@type\":\"ListItem\",\"position\":2,\"name\":\"Latin America\",\"item\":\"https:\/\/vibeadventures.com\/latin-america-tours\/\"},{\"@type\":\"ListItem\",\"position\":3,\"name\":\"Mexico\",\"item\":\"https:\/\/vibeadventures.com\/destination\/mexico\/\"},{\"@type\":\"ListItem\",\"position\":4,\"name\":\"Mexico City &amp; around\",\"item\":\"https:\/\/vibeadventures.com\/destination\/mexico\/mexico-city\/\"},{\"@type\":\"ListItem\",\"position\":5,\"name\":\"Mexican Outdoor Art: Colorful Market in Mexico City Virtual Tour (1 h)\"}]},{\"@type\":\"WebSite\",\"@id\":\"https:\/\/vibeadventures.com\/#website\",\"url\":\"https:\/\/vibeadventures.com\/\",\"name\":\"Vibe Adventures\",\"description\":\"Authentic Local Adventures &amp; Tours\",\"publisher\":{\"@id\":\"https:\/\/vibeadventures.com\/#organization\"},\"potentialAction\":[{\"@type\":\"SearchAction\",\"target\":{\"@type\":\"EntryPoint\",\"urlTemplate\":\"https:\/\/vibeadventures.com\/?s={search_term_string}\"},\"query-input\":{\"@type\":\"PropertyValueSpecification\",\"valueRequired\":true,\"valueName\":\"search_term_string\"}}],\"inLanguage\":\"it-IT\"},{\"@type\":\"Organization\",\"@id\":\"https:\/\/vibeadventures.com\/#organization\",\"name\":\"Vibe Adventures\",\"url\":\"https:\/\/vibeadventures.com\/\",\"logo\":{\"@type\":\"ImageObject\",\"inLanguage\":\"it-IT\",\"@id\":\"https:\/\/vibeadventures.com\/#\/schema\/logo\/image\/\",\"url\":\"https:\/\/vibeadventures.com\/wp-content\/uploads\/2022\/01\/vibe-adventures-logo-green-TRANSPARENT-481-x-152-1-e1587500448458-2.avif\",\"contentUrl\":\"https:\/\/vibeadventures.com\/wp-content\/uploads\/2022\/01\/vibe-adventures-logo-green-TRANSPARENT-481-x-152-1-e1587500448458-2.avif\",\"width\":490,\"height\":100,\"caption\":\"Vibe Adventures\"},\"image\":{\"@id\":\"https:\/\/vibeadventures.com\/#\/schema\/logo\/image\/\"},\"sameAs\":[\"https:\/\/www.facebook.com\/VibeAdventures\/\",\"https:\/\/x.com\/vibe_adventures\",\"https:\/\/instagram.com\/vibe.adventures\",\"https:\/\/www.linkedin.com\/company\/vibe-adventures\/?viewAsMember=true\",\"https:\/\/www.pinterest.com\/Vibe_Adventures\/\",\"https:\/\/www.youtube.com\/channel\/UCQ9qyA-fVkdXarHBlzDCUBA?view_as=subscriber\",\"https:\/\/www.tiktok.com\/@vibeadventures\"]}]}<\/script>\n<!-- \/ Yoast SEO Premium plugin. -->","yoast_head_json":{"title":"Arte messicana all'aperto: Mercato colorato di Citt\u00e0 del Messico Tour virtuale (1 h)","description":"Arte messicana all'aperto: immergetevi in un mercato e assistete alla magia dell'arte in un'impressionante collezione di muralismo messicano realizzato da artisti famosi!","robots":{"index":"noindex","follow":"nofollow"},"og_locale":"it_IT","og_type":"article","og_title":"Mexican Outdoor Art: Colorful Market in Mexico City Virtual Tour (1 h)","og_url":"https:\/\/vibeadventures.com\/it\/tour\/mercato-darte-messicano-allaperto\/","og_site_name":"Vibe Adventures","article_publisher":"https:\/\/www.facebook.com\/VibeAdventures\/","article_modified_time":"2025-10-07T18:59:07+00:00","og_image":[{"width":2500,"height":1406,"url":"https:\/\/vibeadventures.com\/wp-content\/uploads\/2022\/09\/IMG_20220831_113745.avif","type":"image\/jpeg"}],"twitter_card":"summary_large_image","twitter_site":"@vibe_adventures","twitter_misc":{"Tempo di lettura stimato":"1 minuto"},"schema":{"@context":"https:\/\/schema.org","@graph":[{"@type":"WebPage","@id":"https:\/\/vibeadventures.com\/tour\/mexican-outdoor-art-market\/","url":"https:\/\/vibeadventures.com\/tour\/mexican-outdoor-art-market\/","name":"Arte messicana all'aperto: Mercato colorato di Citt\u00e0 del Messico Tour virtuale (1 h)","isPartOf":{"@id":"https:\/\/vibeadventures.com\/#website"},"primaryImageOfPage":{"@id":"https:\/\/vibeadventures.com\/tour\/mexican-outdoor-art-market\/#primaryimage"},"image":{"@id":"https:\/\/vibeadventures.com\/tour\/mexican-outdoor-art-market\/#primaryimage"},"thumbnailUrl":"https:\/\/vibeadventures.com\/wp-content\/uploads\/2022\/09\/IMG_20220831_113745.avif","datePublished":"2022-09-20T21:28:22+00:00","dateModified":"2025-10-07T18:59:07+00:00","description":"Arte messicana all'aperto: immergetevi in un mercato e assistete alla magia dell'arte in un'impressionante collezione di muralismo messicano realizzato da artisti famosi!","breadcrumb":{"@id":"https:\/\/vibeadventures.com\/tour\/mexican-outdoor-art-market\/#breadcrumb"},"inLanguage":"it-IT","potentialAction":[{"@type":"ReadAction","target":["https:\/\/vibeadventures.com\/tour\/mexican-outdoor-art-market\/"]}]},{"@type":"ImageObject","inLanguage":"it-IT","@id":"https:\/\/vibeadventures.com\/tour\/mexican-outdoor-art-market\/#primaryimage","url":"https:\/\/vibeadventures.com\/wp-content\/uploads\/2022\/09\/IMG_20220831_113745.avif","contentUrl":"https:\/\/vibeadventures.com\/wp-content\/uploads\/2022\/09\/IMG_20220831_113745.avif","width":2500,"height":1406,"caption":"Art in Mexico City"},{"@type":"BreadcrumbList","@id":"https:\/\/vibeadventures.com\/tour\/mexican-outdoor-art-market\/#breadcrumb","itemListElement":[{"@type":"ListItem","position":1,"name":"Home","item":"https:\/\/vibeadventures.com\/"},{"@type":"ListItem","position":2,"name":"Latin America","item":"https:\/\/vibeadventures.com\/latin-america-tours\/"},{"@type":"ListItem","position":3,"name":"Mexico","item":"https:\/\/vibeadventures.com\/destination\/mexico\/"},{"@type":"ListItem","position":4,"name":"Mexico City &amp; around","item":"https:\/\/vibeadventures.com\/destination\/mexico\/mexico-city\/"},{"@type":"ListItem","position":5,"name":"Mexican Outdoor Art: Colorful Market in Mexico City Virtual Tour (1 h)"}]},{"@type":"WebSite","@id":"https:\/\/vibeadventures.com\/#website","url":"https:\/\/vibeadventures.com\/","name":"Vibe Adventures","description":"Avventure e tour locali autentici","publisher":{"@id":"https:\/\/vibeadventures.com\/#organization"},"potentialAction":[{"@type":"SearchAction","target":{"@type":"EntryPoint","urlTemplate":"https:\/\/vibeadventures.com\/?s={search_term_string}"},"query-input":{"@type":"PropertyValueSpecification","valueRequired":true,"valueName":"search_term_string"}}],"inLanguage":"it-IT"},{"@type":"Organization","@id":"https:\/\/vibeadventures.com\/#organization","name":"Vibe Adventures","url":"https:\/\/vibeadventures.com\/","logo":{"@type":"ImageObject","inLanguage":"it-IT","@id":"https:\/\/vibeadventures.com\/#\/schema\/logo\/image\/","url":"https:\/\/vibeadventures.com\/wp-content\/uploads\/2022\/01\/vibe-adventures-logo-green-TRANSPARENT-481-x-152-1-e1587500448458-2.avif","contentUrl":"https:\/\/vibeadventures.com\/wp-content\/uploads\/2022\/01\/vibe-adventures-logo-green-TRANSPARENT-481-x-152-1-e1587500448458-2.avif","width":490,"height":100,"caption":"Vibe Adventures"},"image":{"@id":"https:\/\/vibeadventures.com\/#\/schema\/logo\/image\/"},"sameAs":["https:\/\/www.facebook.com\/VibeAdventures\/","https:\/\/x.com\/vibe_adventures","https:\/\/instagram.com\/vibe.adventures","https:\/\/www.linkedin.com\/company\/vibe-adventures\/?viewAsMember=true","https:\/\/www.pinterest.com\/Vibe_Adventures\/","https:\/\/www.youtube.com\/channel\/UCQ9qyA-fVkdXarHBlzDCUBA?view_as=subscriber","https:\/\/www.tiktok.com\/@vibeadventures"]}]}},"_links":{"self":[{"href":"https:\/\/vibeadventures.com\/it\/wp-json\/wp\/v2\/product\/15527","targetHints":{"allow":["GET"]}}],"collection":[{"href":"https:\/\/vibeadventures.com\/it\/wp-json\/wp\/v2\/product"}],"about":[{"href":"https:\/\/vibeadventures.com\/it\/wp-json\/wp\/v2\/types\/product"}],"replies":[{"embeddable":true,"href":"https:\/\/vibeadventures.com\/it\/wp-json\/wp\/v2\/comments?post=15527"}],"acf:term":[{"embeddable":true,"taxonomy":"sustainable-goals","href":"https:\/\/vibeadventures.com\/it\/wp-json\/wp\/v2\/sustainable-goals\/610"},{"embeddable":true,"taxonomy":"sustainable-goals","href":"https:\/\/vibeadventures.com\/it\/wp-json\/wp\/v2\/sustainable-goals\/606"},{"embeddable":true,"taxonomy":"sustainable-goals","href":"https:\/\/vibeadventures.com\/it\/wp-json\/wp\/v2\/sustainable-goals\/615"},{"embeddable":true,"taxonomy":"sustainable-goals","href":"https:\/\/vibeadventures.com\/it\/wp-json\/wp\/v2\/sustainable-goals\/613"},{"embeddable":true,"taxonomy":"season","href":"https:\/\/vibeadventures.com\/it\/wp-json\/wp\/v2\/season\/192"},{"embeddable":true,"taxonomy":"suitability","href":"https:\/\/vibeadventures.com\/it\/wp-json\/wp\/v2\/suitability\/142"},{"embeddable":true,"taxonomy":"suitability","href":"https:\/\/vibeadventures.com\/it\/wp-json\/wp\/v2\/suitability\/137"},{"embeddable":true,"taxonomy":"suitability","href":"https:\/\/vibeadventures.com\/it\/wp-json\/wp\/v2\/suitability\/141"},{"embeddable":true,"taxonomy":"suitability","href":"https:\/\/vibeadventures.com\/it\/wp-json\/wp\/v2\/suitability\/140"},{"embeddable":true,"taxonomy":"suitability","href":"https:\/\/vibeadventures.com\/it\/wp-json\/wp\/v2\/suitability\/139"},{"embeddable":true,"taxonomy":"suitability","href":"https:\/\/vibeadventures.com\/it\/wp-json\/wp\/v2\/suitability\/136"},{"embeddable":true,"taxonomy":"suitability","href":"https:\/\/vibeadventures.com\/it\/wp-json\/wp\/v2\/suitability\/138"},{"embeddable":true,"taxonomy":"adventures_type","href":"https:\/\/vibeadventures.com\/it\/wp-json\/wp\/v2\/adventures_type\/201"},{"embeddable":true,"taxonomy":"travel_vibe","href":"https:\/\/vibeadventures.com\/it\/wp-json\/wp\/v2\/travel_vibe\/149"},{"embeddable":true,"taxonomy":"travel_vibe","href":"https:\/\/vibeadventures.com\/it\/wp-json\/wp\/v2\/travel_vibe\/194"},{"embeddable":true,"taxonomy":"product_tag","href":"https:\/\/vibeadventures.com\/it\/wp-json\/wp\/v2\/product_tag\/94"},{"embeddable":true,"taxonomy":"product_tag","href":"https:\/\/vibeadventures.com\/it\/wp-json\/wp\/v2\/product_tag\/422"},{"embeddable":true,"taxonomy":"product_tag","href":"https:\/\/vibeadventures.com\/it\/wp-json\/wp\/v2\/product_tag\/421"},{"embeddable":true,"taxonomy":"product_tag","href":"https:\/\/vibeadventures.com\/it\/wp-json\/wp\/v2\/product_tag\/420"},{"embeddable":true,"taxonomy":"destination","href":"https:\/\/vibeadventures.com\/it\/wp-json\/wp\/v2\/destination\/318"}],"acf:attachment":[{"embeddable":true,"href":"https:\/\/vibeadventures.com\/it\/wp-json\/wp\/v2\/media\/15530"},{"embeddable":true,"href":"https:\/\/vibeadventures.com\/it\/wp-json\/wp\/v2\/media\/15533"},{"embeddable":true,"href":"https:\/\/vibeadventures.com\/it\/wp-json\/wp\/v2\/media\/15535"},{"embeddable":true,"href":"https:\/\/vibeadventures.com\/it\/wp-json\/wp\/v2\/media\/15531"},{"embeddable":true,"href":"https:\/\/vibeadventures.com\/it\/wp-json\/wp\/v2\/media\/15536"},{"embeddable":true,"href":"https:\/\/vibeadventures.com\/it\/wp-json\/wp\/v2\/media\/15532"},{"embeddable":true,"href":"https:\/\/vibeadventures.com\/it\/wp-json\/wp\/v2\/media\/15534"},{"embeddable":true,"href":"https:\/\/vibeadventures.com\/it\/wp-json\/wp\/v2\/media\/15529"}],"wp:featuredmedia":[{"embeddable":true,"href":"https:\/\/vibeadventures.com\/it\/wp-json\/wp\/v2\/media\/15529"}],"wp:attachment":[{"href":"https:\/\/vibeadventures.com\/it\/wp-json\/wp\/v2\/media?parent=15527"}],"wp:term":[{"taxonomy":"adventures_type","embeddable":true,"href":"https:\/\/vibeadventures.com\/it\/wp-json\/wp\/v2\/adventures_type?post=15527"},{"taxonomy":"destination","embeddable":true,"href":"https:\/\/vibeadventures.com\/it\/wp-json\/wp\/v2\/destination?post=15527"},{"taxonomy":"operator","embeddable":true,"href":"https:\/\/vibeadventures.com\/it\/wp-json\/wp\/v2\/operator?post=15527"},{"taxonomy":"physical_ranking","embeddable":true,"href":"https:\/\/vibeadventures.com\/it\/wp-json\/wp\/v2\/physical_ranking?post=15527"},{"taxonomy":"season","embeddable":true,"href":"https:\/\/vibeadventures.com\/it\/wp-json\/wp\/v2\/season?post=15527"},{"taxonomy":"suitability","embeddable":true,"href":"https:\/\/vibeadventures.com\/it\/wp-json\/wp\/v2\/suitability?post=15527"},{"taxonomy":"sustainable-goals","embeddable":true,"href":"https:\/\/vibeadventures.com\/it\/wp-json\/wp\/v2\/sustainable-goals?post=15527"},{"taxonomy":"travel_vibe","embeddable":true,"href":"https:\/\/vibeadventures.com\/it\/wp-json\/wp\/v2\/travel_vibe?post=15527"},{"taxonomy":"product_cat","embeddable":true,"href":"https:\/\/vibeadventures.com\/it\/wp-json\/wp\/v2\/product_cat?post=15527"},{"taxonomy":"product_tag","embeddable":true,"href":"https:\/\/vibeadventures.com\/it\/wp-json\/wp\/v2\/product_tag?post=15527"}],"curies":[{"name":"wp","href":"https:\/\/api.w.org\/{rel}","templated":true}]}}