{"id":14121,"date":"2022-08-08T21:22:56","date_gmt":"2022-08-08T21:22:56","guid":{"rendered":"https:\/\/agency.vibeadventures.com\/?post_type=product&#038;p=14121"},"modified":"2025-10-07T13:04:45","modified_gmt":"2025-10-07T19:04:45","slug":"tour-virtuale-centro-storico-citta-del-messico","status":"publish","type":"product","link":"https:\/\/vibeadventures.com\/it\/tour\/tour-virtuale-centro-storico-citta-del-messico\/","title":{"rendered":"Centro storico di Citt\u00e0 del Messico: Esplorare virtualmente la grande cultura messicana (1 h)"},"content":{"rendered":"","protected":false},"excerpt":{"rendered":"","protected":false},"featured_media":14129,"comment_status":"open","ping_status":"closed","template":"","meta":{"_acf_changed":false},"adventures_type":[201],"destination":[175],"operator":[658],"physical_ranking":[],"season":[192],"suitability":[138,136,139,140,141,137,142],"sustainable-goals":[613,615,606,610],"travel_vibe":[149],"product_cat":[156],"product_tag":[58,312,94],"class_list":{"0":"post-14121","1":"product","2":"type-product","3":"status-publish","4":"has-post-thumbnail","6":"adventures_type-private","7":"destination-mexico","8":"operator-vibe-adventures-originals","9":"season-all-year","10":"suitability-couples","11":"suitability-kid-friendly","12":"suitability-lgbt","13":"suitability-senior","14":"suitability-solo","15":"suitability-women-only","16":"suitability-youth","17":"sustainable-goals-goal-11-sustainable-cities-and-communities","18":"sustainable-goals-goal-13-climate-action","19":"sustainable-goals-goal-4-quality-education","20":"sustainable-goals-goal-8-decent-work-and-economic-growth","21":"travel_vibe-historical-tours-and-heritage","22":"product_cat-virtual-tours","23":"product_tag-archeology","24":"product_tag-culture-landmarks","25":"product_tag-photo-tours","26":"entry","28":"first","29":"instock","30":"shipping-taxable","31":"purchasable","32":"product-type-simple"},"acf":{"type_of_tour":"Virtual","duration_days":"","duration_hours":1,"mood":"Private","logisticsc":"","toogle_time":"","logisticsa":false,"logisticsa_toggle":false,"pick_up_location":null,"pick_up_location_toggle":null,"private_pickup":"Pickup included: your accommodation or another convenient place of your choice.","private_pickup_toggle":"Pickup included: your accommodation or another convenient place of your choice.","both_pickup":"","both_pickup_copy":"Exact time and location to be specified in the trip notes that are sent 1-2 weeks before the tour.","customization_group":"","customization_private":"","confirmation_select_private":"Automatic","confirmation_text_private":"Automatic confirmation (your departure is automatically confirmed and 100% guaranteed).","confirmation_select_group":"Manual","confirmation_text_group":"Manual confirmation (if a minimum number of participants is not met, we may cancel and fully refund your booking).","transfers":"","customize":"no","customizable_details":"We can do the following customizations on your request (subject to availability and needs to be confirmed before the tour):\r\n- Adjust the starting time of the tour.\r\n- Adjust the time you spend at each destination of the tour.\r\n- Add extra places of your choice (e.g. attractions, restaurants, etc.) to the itinerary on a complimentary basis if those visits (1) fit the default duration of the tour, (2) don\u2019t involve a significant change of the route and extra fees (e.g. entrance tickets, tolls, parking, etc.). \r\nChanges other than those will involve an extra fee and must be communicated to the tour organizer at least 72h before the tour (e.g. in the \u201cSpecial Requirements\u201d field during the booking or via email).","what_take":null,"extra_notes":"<ol>\r\n \t<li>Book your date and time;<\/li>\r\n \t<li>Receive a Zoom link from us;<\/li>\r\n \t<li>Connect at the agreed time and enjoy the tour.<\/li>\r\n<\/ol>\r\nEquipment needed:\u00a0<a href=\"https:\/\/zoom.us\/download\" target=\"_blank\" rel=\"external noopener noreferrer\" data-wpel-link=\"external\">Zoom app<\/a>\u00a0(free version is enough); PC, tablet, or smartphone with a mic and speaker (most devices have this built-in); high-speed internet connection (&gt;3 Mbps).\r\n\r\n<strong><span style=\"text-decoration: underline;\">Interactive<\/span><\/strong>: each experience is a real-time conversation with a local host.\r\n<strong><span style=\"text-decoration: underline;\">Authentic<\/span><\/strong>: learn about and discover unique places via live-streaming.\r\n<strong><span style=\"text-decoration: underline;\">Convenient<\/span><\/strong>: travel without leaving home over a high-speed internet connection.\r\n<strong><span style=\"text-decoration: underline;\">Personalized<\/span><\/strong>: share your interests with us to customize the experience.\r\n\r\nFor FAQs and more info about virtual tours click\u00a0<strong><a href=\"https:\/\/vibeadventures.com\/tour-category\/virtual-tours\/\">here<\/a><\/strong>.","cancellations":"<span style=\"font-weight: 400;\">Cancellations are free up to <\/span><b>24 hours<\/b><span style=\"font-weight: 400;\"> before the tour. See full text of the cancellation policy <\/span><a href=\"https:\/\/vibeadventures.com\/terms-and-conditions\/\"><span style=\"font-weight: 400;\">here<\/span><\/a><span style=\"font-weight: 400;\">.<\/span>","discount-tour":null,"tour_operator":"Vibe Adventures originals","maxage":100,"minage":0,"group_size":40,"location":175,"language":["English","Spanish"],"tags":[58,94,312],"theme":[149],"adventure_type":[201],"accessibility":"\ud83d\uded1 Not wheelchair accessible.","pets":"\ud83d\uded1 Not permitted.","difficulty":null,"suitability":[138,136,139,140,141,137,142],"seasonall":[192],"included":{"guides":"yes","guidese":"","accommodation":"no","accommodatione":"","accommodations":[],"transportation":"yes","transportatione":"","flights":"no","flightse":"","insurance":"no","insurancee":"","tips":"no","tipse":"","meals":"yes","mealse":"","expenses":"no","expensese":"","activities":"yes","activitiese":""},"overview":"The Historic Center Mexico City is a delightful journey recognized by UNESCO! Explore the city's heritage with impressive buildings, some dating back to Aztec times. The monumental Zocalo Square, Latin America's largest, is the heart of it all, hosting museums, iconic monuments, and a lively food scene. Discover history's treasures in this vibrant part of town!","itinerary":"Tour the Historic Center Mexico City, recognized by UNESCO. Home to impressive architectural landmarks dating from as far back as Aztec times, this part of the city is literally the country's political, historical, and cultural heart that carefully preserves over 500 years of Mexican history. Centered around the massive Zocalo square, the largest in Latin America, the area draws both visitors and residents of the city to its numerous museums and iconic monuments, like the elegant Palacio de Bellas Artes, the immense National Palace, or the imposing Metropolitan Cathedral. Street food vendors and simple taquerias coexist harmoniously with high-end restaurants and cafes along the bustling pedestrian-only Madero Avenue and nearby streets.","repeater":null,"destinations":[{"destination":"Historic Center","location":{"address":"Avenida Francisco I. Madero, Historic center of Mexico City, Centro, Mexico City, CDMX, Mexico","lat":19.4337684,"lng":-99.1383259,"zoom":14,"place_id":"Em9BdiBGcmFuY2lzY28gSS4gTWFkZXJvLCBDZW50cm8gSGlzdMOzcmljbyBkZSBsYSBDZGFkLiBkZSBNw6l4aWNvLCBDZW50cm8sIDA2MDAwIENpdWRhZCBkZSBNw6l4aWNvLCBDRE1YLCBNZXhpY28iLiosChQKEglb39XPLPnRhRFrA478QeG26RIUChIJvU0OLi350YURPYnEQKd0VZA","name":"Avenida Francisco I. Madero","street_name":"Avenida Francisco I. Madero","street_name_short":"Av Francisco I. Madero","city":"Ciudad de M\u00e9xico","city_short":"M\u00e9xico D.F.","state":"Ciudad de M\u00e9xico","state_short":"CDMX","post_code":6000,"country":"Mexico","country_short":"MX"}}],"highlights":[{"highlight":"Get impressed by the marvelous UNESCO-listed architecture of Mexico City."},{"highlight":"See the imposing Metropolitan Cathedral, the largest on the continent."},{"highlight":"Spot remnants of stunning Aztec structures hidden among colonial buildings."},{"highlight":"Learn cultural and historical highlights of the Mexican capital."}],"galleryes":"no","gallery":[14124,14128,14125,14126,14129,14127,14151,14130,20062,14131],"video":"","pdf":"","tourradar":null,"sustainability_tax":[613,615,606,610],"goals_description":"<ol>\r\n \t<li>Book your date and time;<\/li>\r\n \t<li>Receive a Zoom link from us;<\/li>\r\n \t<li>Connect at the agreed time and enjoy the tour.<\/li>\r\n<\/ol>\r\nEquipment needed:\u00a0<a href=\"https:\/\/zoom.us\/download\" target=\"_blank\" rel=\"external noopener noreferrer\" data-wpel-link=\"external\">Zoom app<\/a>\u00a0(free version is enough); PC, tablet, or smartphone with a mic and speaker (most devices have this built-in); high-speed internet connection (&gt;3 Mbps).\r\n\r\nFor FAQs and more info about virtual tours click\u00a0<strong><a href=\"https:\/\/vibeadventures.com\/virtual-tours\/\">here<\/a><\/strong>.","authenticity":"We do our best to make our trips educative and fulfilling, in which travelers can interact with local populations, learn about their traditions, and culture, and connect with their core values.","impact":"This tour is organized by or involves significant participation of local communities and service providers thus creating employment, increasing consumption, and benefitting the socio-economic development of the region.","why":"<ul>\r\n \t<li>Interactive: each experience is a real-time conversation with a local host.<\/li>\r\n \t<li>Authentic: learn about and discover unique places via live-streaming.<\/li>\r\n \t<li>Convenient: travel without leaving home over a high-speed internet connection.<\/li>\r\n \t<li>Personalized: share your interests with us to customize the experience.<\/li>\r\n<\/ul>","calendar":"Rezdy","calendar_group":false,"rezdy":"https:\/\/vibeadventures.rezdy.com\/calendarWidget\/484565","toggle_calendar":"","bokun":"","bokun_toggle":"","display_price":65,"toggle_price":"","display_price_m":"","map_price":65,"price_multi_private":null,"price_multi_group":null,"dates_multi_private":null,"departures_multi_private":null,"dates_multi_group":null,"departures_multi_group":null,"pricing_one_private":null,"prices_group_private":null,"repeat_season":null,"departures_one_private":null,"repeat_season_group":null,"departures_one_group":null},"yoast_head":"<!-- This site is optimized with the Yoast SEO Premium plugin v24.7 (Yoast SEO v24.7) - https:\/\/yoast.com\/wordpress\/plugins\/seo\/ -->\n<title>Historic Center Mexico City: Explore the Great Mexican Culture Virtually (1 h)<\/title>\n<meta name=\"description\" content=\"Historic Center Mexico City: Dive into the heart of Mexico City&#039;s heritage, from ancient Aztec structures to the bustling Zocalo Square. Join from home!\" \/>\n<meta name=\"robots\" content=\"index, follow, max-snippet:-1, max-image-preview:large, max-video-preview:-1\" \/>\n<link rel=\"canonical\" href=\"https:\/\/vibeadventures.com\/it\/tour\/tour-virtuale-centro-storico-citta-del-messico\/\" \/>\n<meta property=\"og:locale\" content=\"it_IT\" \/>\n<meta property=\"og:type\" content=\"article\" \/>\n<meta property=\"og:title\" content=\"Historic Center Mexico City: Explore the Great Mexican Culture Virtually (1 h)\" \/>\n<meta property=\"og:url\" content=\"https:\/\/vibeadventures.com\/it\/tour\/tour-virtuale-centro-storico-citta-del-messico\/\" \/>\n<meta property=\"og:site_name\" content=\"Vibe Adventures\" \/>\n<meta property=\"article:publisher\" content=\"https:\/\/www.facebook.com\/VibeAdventures\/\" \/>\n<meta property=\"article:modified_time\" content=\"2025-10-07T19:04:45+00:00\" \/>\n<meta property=\"og:image\" content=\"https:\/\/vibeadventures.com\/wp-content\/uploads\/2022\/08\/Historic-Center-11.avif\" \/>\n\t<meta property=\"og:image:width\" content=\"1080\" \/>\n\t<meta property=\"og:image:height\" content=\"607\" \/>\n\t<meta property=\"og:image:type\" content=\"image\/jpeg\" \/>\n<meta name=\"twitter:card\" content=\"summary_large_image\" \/>\n<meta name=\"twitter:site\" content=\"@vibe_adventures\" \/>\n<meta name=\"twitter:label1\" content=\"Tempo di lettura stimato\" \/>\n\t<meta name=\"twitter:data1\" content=\"1 minuto\" \/>\n<script type=\"application\/ld+json\" class=\"yoast-schema-graph\">{\"@context\":\"https:\/\/schema.org\",\"@graph\":[{\"@type\":\"WebPage\",\"@id\":\"https:\/\/vibeadventures.com\/tour\/virtual-tour-historic-center-mexico-city\/\",\"url\":\"https:\/\/vibeadventures.com\/tour\/virtual-tour-historic-center-mexico-city\/\",\"name\":\"Historic Center Mexico City: Explore the Great Mexican Culture Virtually (1 h)\",\"isPartOf\":{\"@id\":\"https:\/\/vibeadventures.com\/#website\"},\"primaryImageOfPage\":{\"@id\":\"https:\/\/vibeadventures.com\/tour\/virtual-tour-historic-center-mexico-city\/#primaryimage\"},\"image\":{\"@id\":\"https:\/\/vibeadventures.com\/tour\/virtual-tour-historic-center-mexico-city\/#primaryimage\"},\"thumbnailUrl\":\"https:\/\/vibeadventures.com\/wp-content\/uploads\/2022\/08\/Historic-Center-11.avif\",\"datePublished\":\"2022-08-08T21:22:56+00:00\",\"dateModified\":\"2025-10-07T19:04:45+00:00\",\"description\":\"Historic Center Mexico City: Dive into the heart of Mexico City's heritage, from ancient Aztec structures to the bustling Zocalo Square. Join from home!\",\"breadcrumb\":{\"@id\":\"https:\/\/vibeadventures.com\/tour\/virtual-tour-historic-center-mexico-city\/#breadcrumb\"},\"inLanguage\":\"it-IT\",\"potentialAction\":[{\"@type\":\"ReadAction\",\"target\":[\"https:\/\/vibeadventures.com\/tour\/virtual-tour-historic-center-mexico-city\/\"]}]},{\"@type\":\"ImageObject\",\"inLanguage\":\"it-IT\",\"@id\":\"https:\/\/vibeadventures.com\/tour\/virtual-tour-historic-center-mexico-city\/#primaryimage\",\"url\":\"https:\/\/vibeadventures.com\/wp-content\/uploads\/2022\/08\/Historic-Center-11.avif\",\"contentUrl\":\"https:\/\/vibeadventures.com\/wp-content\/uploads\/2022\/08\/Historic-Center-11.avif\",\"width\":1080,\"height\":607,\"caption\":\"Admire impressive architectural landmarks\"},{\"@type\":\"BreadcrumbList\",\"@id\":\"https:\/\/vibeadventures.com\/tour\/virtual-tour-historic-center-mexico-city\/#breadcrumb\",\"itemListElement\":[{\"@type\":\"ListItem\",\"position\":1,\"name\":\"Home\",\"item\":\"https:\/\/vibeadventures.com\/\"},{\"@type\":\"ListItem\",\"position\":2,\"name\":\"Latin America\",\"item\":\"https:\/\/vibeadventures.com\/latin-america-tours\/\"},{\"@type\":\"ListItem\",\"position\":3,\"name\":\"Mexico\",\"item\":\"https:\/\/vibeadventures.com\/destination\/mexico\/\"},{\"@type\":\"ListItem\",\"position\":4,\"name\":\"Historic Center Mexico City: Explore the Great Mexican Culture Virtually (1 h)\"}]},{\"@type\":\"WebSite\",\"@id\":\"https:\/\/vibeadventures.com\/#website\",\"url\":\"https:\/\/vibeadventures.com\/\",\"name\":\"Vibe Adventures\",\"description\":\"Authentic Local Adventures &amp; Tours\",\"publisher\":{\"@id\":\"https:\/\/vibeadventures.com\/#organization\"},\"potentialAction\":[{\"@type\":\"SearchAction\",\"target\":{\"@type\":\"EntryPoint\",\"urlTemplate\":\"https:\/\/vibeadventures.com\/?s={search_term_string}\"},\"query-input\":{\"@type\":\"PropertyValueSpecification\",\"valueRequired\":true,\"valueName\":\"search_term_string\"}}],\"inLanguage\":\"it-IT\"},{\"@type\":\"Organization\",\"@id\":\"https:\/\/vibeadventures.com\/#organization\",\"name\":\"Vibe Adventures\",\"url\":\"https:\/\/vibeadventures.com\/\",\"logo\":{\"@type\":\"ImageObject\",\"inLanguage\":\"it-IT\",\"@id\":\"https:\/\/vibeadventures.com\/#\/schema\/logo\/image\/\",\"url\":\"https:\/\/vibeadventures.com\/wp-content\/uploads\/2022\/01\/vibe-adventures-logo-green-TRANSPARENT-481-x-152-1-e1587500448458-2.avif\",\"contentUrl\":\"https:\/\/vibeadventures.com\/wp-content\/uploads\/2022\/01\/vibe-adventures-logo-green-TRANSPARENT-481-x-152-1-e1587500448458-2.avif\",\"width\":490,\"height\":100,\"caption\":\"Vibe Adventures\"},\"image\":{\"@id\":\"https:\/\/vibeadventures.com\/#\/schema\/logo\/image\/\"},\"sameAs\":[\"https:\/\/www.facebook.com\/VibeAdventures\/\",\"https:\/\/x.com\/vibe_adventures\",\"https:\/\/instagram.com\/vibe.adventures\",\"https:\/\/www.linkedin.com\/company\/vibe-adventures\/?viewAsMember=true\",\"https:\/\/www.pinterest.com\/Vibe_Adventures\/\",\"https:\/\/www.youtube.com\/channel\/UCQ9qyA-fVkdXarHBlzDCUBA?view_as=subscriber\",\"https:\/\/www.tiktok.com\/@vibeadventures\"]}]}<\/script>\n<!-- \/ Yoast SEO Premium plugin. -->","yoast_head_json":{"title":"Centro storico di Citt\u00e0 del Messico: Esplorare virtualmente la grande cultura messicana (1 h)","description":"Centro storico di Citt\u00e0 del Messico: Immergetevi nel cuore del patrimonio di Citt\u00e0 del Messico, dalle antiche strutture azteche alla vivace piazza Zocalo. Partecipate da casa!","robots":{"index":"index","follow":"follow","max-snippet":"max-snippet:-1","max-image-preview":"max-image-preview:large","max-video-preview":"max-video-preview:-1"},"canonical":"https:\/\/vibeadventures.com\/it\/tour\/tour-virtuale-centro-storico-citta-del-messico\/","og_locale":"it_IT","og_type":"article","og_title":"Historic Center Mexico City: Explore the Great Mexican Culture Virtually (1 h)","og_url":"https:\/\/vibeadventures.com\/it\/tour\/tour-virtuale-centro-storico-citta-del-messico\/","og_site_name":"Vibe Adventures","article_publisher":"https:\/\/www.facebook.com\/VibeAdventures\/","article_modified_time":"2025-10-07T19:04:45+00:00","og_image":[{"width":1080,"height":607,"url":"https:\/\/vibeadventures.com\/wp-content\/uploads\/2022\/08\/Historic-Center-11.avif","type":"image\/jpeg"}],"twitter_card":"summary_large_image","twitter_site":"@vibe_adventures","twitter_misc":{"Tempo di lettura stimato":"1 minuto"},"schema":{"@context":"https:\/\/schema.org","@graph":[{"@type":"WebPage","@id":"https:\/\/vibeadventures.com\/tour\/virtual-tour-historic-center-mexico-city\/","url":"https:\/\/vibeadventures.com\/tour\/virtual-tour-historic-center-mexico-city\/","name":"Centro storico di Citt\u00e0 del Messico: Esplorare virtualmente la grande cultura messicana (1 h)","isPartOf":{"@id":"https:\/\/vibeadventures.com\/#website"},"primaryImageOfPage":{"@id":"https:\/\/vibeadventures.com\/tour\/virtual-tour-historic-center-mexico-city\/#primaryimage"},"image":{"@id":"https:\/\/vibeadventures.com\/tour\/virtual-tour-historic-center-mexico-city\/#primaryimage"},"thumbnailUrl":"https:\/\/vibeadventures.com\/wp-content\/uploads\/2022\/08\/Historic-Center-11.avif","datePublished":"2022-08-08T21:22:56+00:00","dateModified":"2025-10-07T19:04:45+00:00","description":"Centro storico di Citt\u00e0 del Messico: Immergetevi nel cuore del patrimonio di Citt\u00e0 del Messico, dalle antiche strutture azteche alla vivace piazza Zocalo. Partecipate da casa!","breadcrumb":{"@id":"https:\/\/vibeadventures.com\/tour\/virtual-tour-historic-center-mexico-city\/#breadcrumb"},"inLanguage":"it-IT","potentialAction":[{"@type":"ReadAction","target":["https:\/\/vibeadventures.com\/tour\/virtual-tour-historic-center-mexico-city\/"]}]},{"@type":"ImageObject","inLanguage":"it-IT","@id":"https:\/\/vibeadventures.com\/tour\/virtual-tour-historic-center-mexico-city\/#primaryimage","url":"https:\/\/vibeadventures.com\/wp-content\/uploads\/2022\/08\/Historic-Center-11.avif","contentUrl":"https:\/\/vibeadventures.com\/wp-content\/uploads\/2022\/08\/Historic-Center-11.avif","width":1080,"height":607,"caption":"Admire impressive architectural landmarks"},{"@type":"BreadcrumbList","@id":"https:\/\/vibeadventures.com\/tour\/virtual-tour-historic-center-mexico-city\/#breadcrumb","itemListElement":[{"@type":"ListItem","position":1,"name":"Home","item":"https:\/\/vibeadventures.com\/"},{"@type":"ListItem","position":2,"name":"Latin America","item":"https:\/\/vibeadventures.com\/latin-america-tours\/"},{"@type":"ListItem","position":3,"name":"Mexico","item":"https:\/\/vibeadventures.com\/destination\/mexico\/"},{"@type":"ListItem","position":4,"name":"Historic Center Mexico City: Explore the Great Mexican Culture Virtually (1 h)"}]},{"@type":"WebSite","@id":"https:\/\/vibeadventures.com\/#website","url":"https:\/\/vibeadventures.com\/","name":"Vibe Adventures","description":"Avventure e tour locali autentici","publisher":{"@id":"https:\/\/vibeadventures.com\/#organization"},"potentialAction":[{"@type":"SearchAction","target":{"@type":"EntryPoint","urlTemplate":"https:\/\/vibeadventures.com\/?s={search_term_string}"},"query-input":{"@type":"PropertyValueSpecification","valueRequired":true,"valueName":"search_term_string"}}],"inLanguage":"it-IT"},{"@type":"Organization","@id":"https:\/\/vibeadventures.com\/#organization","name":"Vibe Adventures","url":"https:\/\/vibeadventures.com\/","logo":{"@type":"ImageObject","inLanguage":"it-IT","@id":"https:\/\/vibeadventures.com\/#\/schema\/logo\/image\/","url":"https:\/\/vibeadventures.com\/wp-content\/uploads\/2022\/01\/vibe-adventures-logo-green-TRANSPARENT-481-x-152-1-e1587500448458-2.avif","contentUrl":"https:\/\/vibeadventures.com\/wp-content\/uploads\/2022\/01\/vibe-adventures-logo-green-TRANSPARENT-481-x-152-1-e1587500448458-2.avif","width":490,"height":100,"caption":"Vibe Adventures"},"image":{"@id":"https:\/\/vibeadventures.com\/#\/schema\/logo\/image\/"},"sameAs":["https:\/\/www.facebook.com\/VibeAdventures\/","https:\/\/x.com\/vibe_adventures","https:\/\/instagram.com\/vibe.adventures","https:\/\/www.linkedin.com\/company\/vibe-adventures\/?viewAsMember=true","https:\/\/www.pinterest.com\/Vibe_Adventures\/","https:\/\/www.youtube.com\/channel\/UCQ9qyA-fVkdXarHBlzDCUBA?view_as=subscriber","https:\/\/www.tiktok.com\/@vibeadventures"]}]}},"_links":{"self":[{"href":"https:\/\/vibeadventures.com\/it\/wp-json\/wp\/v2\/product\/14121","targetHints":{"allow":["GET"]}}],"collection":[{"href":"https:\/\/vibeadventures.com\/it\/wp-json\/wp\/v2\/product"}],"about":[{"href":"https:\/\/vibeadventures.com\/it\/wp-json\/wp\/v2\/types\/product"}],"replies":[{"embeddable":true,"href":"https:\/\/vibeadventures.com\/it\/wp-json\/wp\/v2\/comments?post=14121"}],"acf:term":[{"embeddable":true,"taxonomy":"sustainable-goals","href":"https:\/\/vibeadventures.com\/it\/wp-json\/wp\/v2\/sustainable-goals\/610"},{"embeddable":true,"taxonomy":"sustainable-goals","href":"https:\/\/vibeadventures.com\/it\/wp-json\/wp\/v2\/sustainable-goals\/606"},{"embeddable":true,"taxonomy":"sustainable-goals","href":"https:\/\/vibeadventures.com\/it\/wp-json\/wp\/v2\/sustainable-goals\/615"},{"embeddable":true,"taxonomy":"sustainable-goals","href":"https:\/\/vibeadventures.com\/it\/wp-json\/wp\/v2\/sustainable-goals\/613"},{"embeddable":true,"taxonomy":"season","href":"https:\/\/vibeadventures.com\/it\/wp-json\/wp\/v2\/season\/192"},{"embeddable":true,"taxonomy":"suitability","href":"https:\/\/vibeadventures.com\/it\/wp-json\/wp\/v2\/suitability\/142"},{"embeddable":true,"taxonomy":"suitability","href":"https:\/\/vibeadventures.com\/it\/wp-json\/wp\/v2\/suitability\/137"},{"embeddable":true,"taxonomy":"suitability","href":"https:\/\/vibeadventures.com\/it\/wp-json\/wp\/v2\/suitability\/141"},{"embeddable":true,"taxonomy":"suitability","href":"https:\/\/vibeadventures.com\/it\/wp-json\/wp\/v2\/suitability\/140"},{"embeddable":true,"taxonomy":"suitability","href":"https:\/\/vibeadventures.com\/it\/wp-json\/wp\/v2\/suitability\/139"},{"embeddable":true,"taxonomy":"suitability","href":"https:\/\/vibeadventures.com\/it\/wp-json\/wp\/v2\/suitability\/136"},{"embeddable":true,"taxonomy":"suitability","href":"https:\/\/vibeadventures.com\/it\/wp-json\/wp\/v2\/suitability\/138"},{"embeddable":true,"taxonomy":"adventures_type","href":"https:\/\/vibeadventures.com\/it\/wp-json\/wp\/v2\/adventures_type\/201"},{"embeddable":true,"taxonomy":"travel_vibe","href":"https:\/\/vibeadventures.com\/it\/wp-json\/wp\/v2\/travel_vibe\/149"},{"embeddable":true,"taxonomy":"product_tag","href":"https:\/\/vibeadventures.com\/it\/wp-json\/wp\/v2\/product_tag\/312"},{"embeddable":true,"taxonomy":"product_tag","href":"https:\/\/vibeadventures.com\/it\/wp-json\/wp\/v2\/product_tag\/94"},{"embeddable":true,"taxonomy":"product_tag","href":"https:\/\/vibeadventures.com\/it\/wp-json\/wp\/v2\/product_tag\/58"},{"embeddable":true,"taxonomy":"destination","href":"https:\/\/vibeadventures.com\/it\/wp-json\/wp\/v2\/destination\/175"}],"acf:attachment":[{"embeddable":true,"href":"https:\/\/vibeadventures.com\/it\/wp-json\/wp\/v2\/media\/14131"},{"embeddable":true,"href":"https:\/\/vibeadventures.com\/it\/wp-json\/wp\/v2\/media\/20062"},{"embeddable":true,"href":"https:\/\/vibeadventures.com\/it\/wp-json\/wp\/v2\/media\/14130"},{"embeddable":true,"href":"https:\/\/vibeadventures.com\/it\/wp-json\/wp\/v2\/media\/14151"},{"embeddable":true,"href":"https:\/\/vibeadventures.com\/it\/wp-json\/wp\/v2\/media\/14127"},{"embeddable":true,"href":"https:\/\/vibeadventures.com\/it\/wp-json\/wp\/v2\/media\/14129"},{"embeddable":true,"href":"https:\/\/vibeadventures.com\/it\/wp-json\/wp\/v2\/media\/14126"},{"embeddable":true,"href":"https:\/\/vibeadventures.com\/it\/wp-json\/wp\/v2\/media\/14125"},{"embeddable":true,"href":"https:\/\/vibeadventures.com\/it\/wp-json\/wp\/v2\/media\/14128"},{"embeddable":true,"href":"https:\/\/vibeadventures.com\/it\/wp-json\/wp\/v2\/media\/14124"}],"wp:featuredmedia":[{"embeddable":true,"href":"https:\/\/vibeadventures.com\/it\/wp-json\/wp\/v2\/media\/14129"}],"wp:attachment":[{"href":"https:\/\/vibeadventures.com\/it\/wp-json\/wp\/v2\/media?parent=14121"}],"wp:term":[{"taxonomy":"adventures_type","embeddable":true,"href":"https:\/\/vibeadventures.com\/it\/wp-json\/wp\/v2\/adventures_type?post=14121"},{"taxonomy":"destination","embeddable":true,"href":"https:\/\/vibeadventures.com\/it\/wp-json\/wp\/v2\/destination?post=14121"},{"taxonomy":"operator","embeddable":true,"href":"https:\/\/vibeadventures.com\/it\/wp-json\/wp\/v2\/operator?post=14121"},{"taxonomy":"physical_ranking","embeddable":true,"href":"https:\/\/vibeadventures.com\/it\/wp-json\/wp\/v2\/physical_ranking?post=14121"},{"taxonomy":"season","embeddable":true,"href":"https:\/\/vibeadventures.com\/it\/wp-json\/wp\/v2\/season?post=14121"},{"taxonomy":"suitability","embeddable":true,"href":"https:\/\/vibeadventures.com\/it\/wp-json\/wp\/v2\/suitability?post=14121"},{"taxonomy":"sustainable-goals","embeddable":true,"href":"https:\/\/vibeadventures.com\/it\/wp-json\/wp\/v2\/sustainable-goals?post=14121"},{"taxonomy":"travel_vibe","embeddable":true,"href":"https:\/\/vibeadventures.com\/it\/wp-json\/wp\/v2\/travel_vibe?post=14121"},{"taxonomy":"product_cat","embeddable":true,"href":"https:\/\/vibeadventures.com\/it\/wp-json\/wp\/v2\/product_cat?post=14121"},{"taxonomy":"product_tag","embeddable":true,"href":"https:\/\/vibeadventures.com\/it\/wp-json\/wp\/v2\/product_tag?post=14121"}],"curies":[{"name":"wp","href":"https:\/\/api.w.org\/{rel}","templated":true}]}}