{"id":12176,"date":"2022-09-30T20:42:10","date_gmt":"2022-09-30T20:42:10","guid":{"rendered":"https:\/\/tours.vibeadventures.com\/?page_id=12176"},"modified":"2025-07-22T17:49:13","modified_gmt":"2025-07-22T23:49:13","slug":"la-nostra-guida-paula","status":"publish","type":"page","link":"https:\/\/vibeadventures.com\/it\/la-nostra-guida-paula\/","title":{"rendered":"La nostra guida: Paula"},"content":{"rendered":"<div class=\"wp-block-columns alignwide is-layout-flex wp-container-core-columns-is-layout-9d6595d7 wp-block-columns-is-layout-flex\">\n<div class=\"wp-block-column is-layout-flow wp-block-column-is-layout-flow\" style=\"flex-basis:33.33%\">\n<figure class=\"wp-block-image size-full\"><img decoding=\"async\" src=\"https:\/\/tours.vibeadventures.com\/wp-content\/uploads\/2022\/03\/Screenshot_20220331_161624.jpg\" alt=\"\" class=\"wp-image-12194\"\/><\/figure>\n<\/div>\n\n\n\n<div class=\"wp-block-column is-layout-flow wp-block-column-is-layout-flow\" style=\"flex-basis:66.66%\">\n<h2 class=\"wp-block-heading\" id=\"h-bio\">Bio<\/h2>\n\n\n\n<p class=\"has-large-font-size\">Nata a Hidalgo, Paula \u00e8 laureata in Architettura e Conservazione del Patrimonio Culturale. \u00c8 appassionata di archeologia, natura e storia.  <\/p>\n\n\n\n<ul class=\"wp-block-list\" style=\"font-size:24px\"><li><strong>Tour preferiti:<\/strong> Siti archeologici, centro storico di Citt\u00e0 del Messico e museo antropologico<\/li><li><strong><strong>Lingue: <\/strong><\/strong>Spagnolo (C2), inglese (C1), italiano (B1).\u00a0<\/li><li><strong><strong>Cibo e bevande preferiti:<\/strong> <\/strong>Adoro mangiare... ma se devo scegliere, scelgo salmone e vino rosso.<\/li><li><strong><strong>Citazione preferita:<\/strong> <\/strong>\"Vivere, amare e condividere ora, oggi \u00e8 il giorno\".<\/li><li><strong><strong>Hobby e interessi:<\/strong> <\/strong>imparare e condividere la musica.<\/li><\/ul>\n<\/div>\n<\/div>","protected":false},"excerpt":{"rendered":"<p>Bio Nata a Hidalgo, Paula \u00e8 laureata in Architettura e Conservazione del Patrimonio Culturale. \u00c8 appassionata di archeologia, natura e storia. Visite preferite: Siti archeologici, centro storico di Citt\u00e0 del Messico e museo di antropologia Lingue: Spagnolo (C2), inglese (C1), italiano (B1).  Cibo e bevande preferiti: Adoro mangiare... ma se devo scegliere, \u00e8... <a class=\"more-link\" href=\"https:\/\/vibeadventures.com\/it\/la-nostra-guida-paula\/\">Continua a leggere <span class=\"screen-reader-text\">La nostra guida: Paula<\/span><\/a><\/p>","protected":false},"author":9,"featured_media":0,"parent":0,"menu_order":0,"comment_status":"closed","ping_status":"closed","template":"","meta":{"_acf_changed":false,"footnotes":""},"class_list":["post-12176","page","type-page","status-publish","hentry","entry"],"acf":[],"yoast_head":"<!-- This site is optimized with the Yoast SEO Premium plugin v24.7 (Yoast SEO v24.7) - https:\/\/yoast.com\/wordpress\/plugins\/seo\/ -->\n<title>Our guide: Paula &#8226; Vibe Adventures<\/title>\n<meta name=\"description\" content=\"Bio Born in Hidalgo, Paula is an Architecture and Cultural Patrimony Conservation graduate. She is passionate about archeology, nature, and history.\" \/>\n<meta name=\"robots\" content=\"noindex, nofollow\" \/>\n<meta property=\"og:locale\" content=\"it_IT\" \/>\n<meta property=\"og:type\" content=\"article\" \/>\n<meta property=\"og:title\" content=\"Our guide: Paula\" \/>\n<meta property=\"og:description\" content=\"Bio Born in Hidalgo, Paula is an Architecture and Cultural Patrimony Conservation graduate. She is passionate about archeology, nature, and history.\" \/>\n<meta property=\"og:url\" content=\"https:\/\/vibeadventures.com\/it\/la-nostra-guida-paula\/\" \/>\n<meta property=\"og:site_name\" content=\"Vibe Adventures\" \/>\n<meta property=\"article:publisher\" content=\"https:\/\/www.facebook.com\/VibeAdventures\/\" \/>\n<meta property=\"article:modified_time\" content=\"2025-07-22T23:49:13+00:00\" \/>\n<meta property=\"og:image\" content=\"https:\/\/vibeadventures.com\/wp-content\/uploads\/2021\/12\/vibe-adventures-logo-green-TRANSPARENT-481-x-152-1-e1587500448458-1.avif\" \/>\n\t<meta property=\"og:image:width\" content=\"128\" \/>\n\t<meta property=\"og:image:height\" content=\"126\" \/>\n\t<meta property=\"og:image:type\" content=\"image\/png\" \/>\n<meta name=\"twitter:card\" content=\"summary_large_image\" \/>\n<meta name=\"twitter:site\" content=\"@vibe_adventures\" \/>\n<meta name=\"twitter:label1\" content=\"Tempo di lettura stimato\" \/>\n\t<meta name=\"twitter:data1\" content=\"1 minuto\" \/>\n<script type=\"application\/ld+json\" class=\"yoast-schema-graph\">{\"@context\":\"https:\/\/schema.org\",\"@graph\":[{\"@type\":\"WebPage\",\"@id\":\"https:\/\/vibeadventures.com\/our-guide-paula\/\",\"url\":\"https:\/\/vibeadventures.com\/our-guide-paula\/\",\"name\":\"Our guide: Paula &#8226; Vibe Adventures\",\"isPartOf\":{\"@id\":\"https:\/\/vibeadventures.com\/#website\"},\"primaryImageOfPage\":{\"@id\":\"https:\/\/vibeadventures.com\/our-guide-paula\/#primaryimage\"},\"image\":{\"@id\":\"https:\/\/vibeadventures.com\/our-guide-paula\/#primaryimage\"},\"thumbnailUrl\":\"https:\/\/tours.vibeadventures.com\/wp-content\/uploads\/2022\/03\/Screenshot_20220331_161624.jpg\",\"datePublished\":\"2022-09-30T20:42:10+00:00\",\"dateModified\":\"2025-07-22T23:49:13+00:00\",\"description\":\"Bio Born in Hidalgo, Paula is an Architecture and Cultural Patrimony Conservation graduate. She is passionate about archeology, nature, and history.\",\"breadcrumb\":{\"@id\":\"https:\/\/vibeadventures.com\/our-guide-paula\/#breadcrumb\"},\"inLanguage\":\"it-IT\",\"potentialAction\":[{\"@type\":\"ReadAction\",\"target\":[\"https:\/\/vibeadventures.com\/our-guide-paula\/\"]}]},{\"@type\":\"ImageObject\",\"inLanguage\":\"it-IT\",\"@id\":\"https:\/\/vibeadventures.com\/our-guide-paula\/#primaryimage\",\"url\":\"https:\/\/tours.vibeadventures.com\/wp-content\/uploads\/2022\/03\/Screenshot_20220331_161624.jpg\",\"contentUrl\":\"https:\/\/tours.vibeadventures.com\/wp-content\/uploads\/2022\/03\/Screenshot_20220331_161624.jpg\"},{\"@type\":\"BreadcrumbList\",\"@id\":\"https:\/\/vibeadventures.com\/our-guide-paula\/#breadcrumb\",\"itemListElement\":[{\"@type\":\"ListItem\",\"position\":1,\"name\":\"Home\",\"item\":\"https:\/\/vibeadventures.com\/\"},{\"@type\":\"ListItem\",\"position\":2,\"name\":\"Our guide: Paula\"}]},{\"@type\":\"WebSite\",\"@id\":\"https:\/\/vibeadventures.com\/#website\",\"url\":\"https:\/\/vibeadventures.com\/\",\"name\":\"Vibe Adventures\",\"description\":\"Authentic Local Adventures &amp; Tours\",\"publisher\":{\"@id\":\"https:\/\/vibeadventures.com\/#organization\"},\"potentialAction\":[{\"@type\":\"SearchAction\",\"target\":{\"@type\":\"EntryPoint\",\"urlTemplate\":\"https:\/\/vibeadventures.com\/?s={search_term_string}\"},\"query-input\":{\"@type\":\"PropertyValueSpecification\",\"valueRequired\":true,\"valueName\":\"search_term_string\"}}],\"inLanguage\":\"it-IT\"},{\"@type\":\"Organization\",\"@id\":\"https:\/\/vibeadventures.com\/#organization\",\"name\":\"Vibe Adventures\",\"url\":\"https:\/\/vibeadventures.com\/\",\"logo\":{\"@type\":\"ImageObject\",\"inLanguage\":\"it-IT\",\"@id\":\"https:\/\/vibeadventures.com\/#\/schema\/logo\/image\/\",\"url\":\"https:\/\/vibeadventures.com\/wp-content\/uploads\/2022\/01\/vibe-adventures-logo-green-TRANSPARENT-481-x-152-1-e1587500448458-2.avif\",\"contentUrl\":\"https:\/\/vibeadventures.com\/wp-content\/uploads\/2022\/01\/vibe-adventures-logo-green-TRANSPARENT-481-x-152-1-e1587500448458-2.avif\",\"width\":490,\"height\":100,\"caption\":\"Vibe Adventures\"},\"image\":{\"@id\":\"https:\/\/vibeadventures.com\/#\/schema\/logo\/image\/\"},\"sameAs\":[\"https:\/\/www.facebook.com\/VibeAdventures\/\",\"https:\/\/x.com\/vibe_adventures\",\"https:\/\/instagram.com\/vibe.adventures\",\"https:\/\/www.linkedin.com\/company\/vibe-adventures\/?viewAsMember=true\",\"https:\/\/www.pinterest.com\/Vibe_Adventures\/\",\"https:\/\/www.youtube.com\/channel\/UCQ9qyA-fVkdXarHBlzDCUBA?view_as=subscriber\",\"https:\/\/www.tiktok.com\/@vibeadventures\"]}]}<\/script>\n<!-- \/ Yoast SEO Premium plugin. -->","yoast_head_json":{"title":"La nostra guida: Paula - Vibe Adventures","description":"Bio Nata a Hidalgo, Paula \u00e8 laureata in Architettura e Conservazione del Patrimonio Culturale. \u00c8 appassionata di archeologia, natura e storia.","robots":{"index":"noindex","follow":"nofollow"},"og_locale":"it_IT","og_type":"article","og_title":"Our guide: Paula","og_description":"Bio Born in Hidalgo, Paula is an Architecture and Cultural Patrimony Conservation graduate. She is passionate about archeology, nature, and history.","og_url":"https:\/\/vibeadventures.com\/it\/la-nostra-guida-paula\/","og_site_name":"Vibe Adventures","article_publisher":"https:\/\/www.facebook.com\/VibeAdventures\/","article_modified_time":"2025-07-22T23:49:13+00:00","og_image":[{"width":128,"height":126,"url":"https:\/\/vibeadventures.com\/wp-content\/uploads\/2021\/12\/vibe-adventures-logo-green-TRANSPARENT-481-x-152-1-e1587500448458-1.avif","type":"image\/png"}],"twitter_card":"summary_large_image","twitter_site":"@vibe_adventures","twitter_misc":{"Tempo di lettura stimato":"1 minuto"},"schema":{"@context":"https:\/\/schema.org","@graph":[{"@type":"WebPage","@id":"https:\/\/vibeadventures.com\/our-guide-paula\/","url":"https:\/\/vibeadventures.com\/our-guide-paula\/","name":"La nostra guida: Paula - Vibe Adventures","isPartOf":{"@id":"https:\/\/vibeadventures.com\/#website"},"primaryImageOfPage":{"@id":"https:\/\/vibeadventures.com\/our-guide-paula\/#primaryimage"},"image":{"@id":"https:\/\/vibeadventures.com\/our-guide-paula\/#primaryimage"},"thumbnailUrl":"https:\/\/tours.vibeadventures.com\/wp-content\/uploads\/2022\/03\/Screenshot_20220331_161624.jpg","datePublished":"2022-09-30T20:42:10+00:00","dateModified":"2025-07-22T23:49:13+00:00","description":"Bio Nata a Hidalgo, Paula \u00e8 laureata in Architettura e Conservazione del Patrimonio Culturale. \u00c8 appassionata di archeologia, natura e storia.","breadcrumb":{"@id":"https:\/\/vibeadventures.com\/our-guide-paula\/#breadcrumb"},"inLanguage":"it-IT","potentialAction":[{"@type":"ReadAction","target":["https:\/\/vibeadventures.com\/our-guide-paula\/"]}]},{"@type":"ImageObject","inLanguage":"it-IT","@id":"https:\/\/vibeadventures.com\/our-guide-paula\/#primaryimage","url":"https:\/\/tours.vibeadventures.com\/wp-content\/uploads\/2022\/03\/Screenshot_20220331_161624.jpg","contentUrl":"https:\/\/tours.vibeadventures.com\/wp-content\/uploads\/2022\/03\/Screenshot_20220331_161624.jpg"},{"@type":"BreadcrumbList","@id":"https:\/\/vibeadventures.com\/our-guide-paula\/#breadcrumb","itemListElement":[{"@type":"ListItem","position":1,"name":"Home","item":"https:\/\/vibeadventures.com\/"},{"@type":"ListItem","position":2,"name":"Our guide: Paula"}]},{"@type":"WebSite","@id":"https:\/\/vibeadventures.com\/#website","url":"https:\/\/vibeadventures.com\/","name":"Vibe Adventures","description":"Avventure e tour locali autentici","publisher":{"@id":"https:\/\/vibeadventures.com\/#organization"},"potentialAction":[{"@type":"SearchAction","target":{"@type":"EntryPoint","urlTemplate":"https:\/\/vibeadventures.com\/?s={search_term_string}"},"query-input":{"@type":"PropertyValueSpecification","valueRequired":true,"valueName":"search_term_string"}}],"inLanguage":"it-IT"},{"@type":"Organization","@id":"https:\/\/vibeadventures.com\/#organization","name":"Vibe Adventures","url":"https:\/\/vibeadventures.com\/","logo":{"@type":"ImageObject","inLanguage":"it-IT","@id":"https:\/\/vibeadventures.com\/#\/schema\/logo\/image\/","url":"https:\/\/vibeadventures.com\/wp-content\/uploads\/2022\/01\/vibe-adventures-logo-green-TRANSPARENT-481-x-152-1-e1587500448458-2.avif","contentUrl":"https:\/\/vibeadventures.com\/wp-content\/uploads\/2022\/01\/vibe-adventures-logo-green-TRANSPARENT-481-x-152-1-e1587500448458-2.avif","width":490,"height":100,"caption":"Vibe Adventures"},"image":{"@id":"https:\/\/vibeadventures.com\/#\/schema\/logo\/image\/"},"sameAs":["https:\/\/www.facebook.com\/VibeAdventures\/","https:\/\/x.com\/vibe_adventures","https:\/\/instagram.com\/vibe.adventures","https:\/\/www.linkedin.com\/company\/vibe-adventures\/?viewAsMember=true","https:\/\/www.pinterest.com\/Vibe_Adventures\/","https:\/\/www.youtube.com\/channel\/UCQ9qyA-fVkdXarHBlzDCUBA?view_as=subscriber","https:\/\/www.tiktok.com\/@vibeadventures"]}]}},"_links":{"self":[{"href":"https:\/\/vibeadventures.com\/it\/wp-json\/wp\/v2\/pages\/12176","targetHints":{"allow":["GET"]}}],"collection":[{"href":"https:\/\/vibeadventures.com\/it\/wp-json\/wp\/v2\/pages"}],"about":[{"href":"https:\/\/vibeadventures.com\/it\/wp-json\/wp\/v2\/types\/page"}],"author":[{"embeddable":true,"href":"https:\/\/vibeadventures.com\/it\/wp-json\/wp\/v2\/users\/9"}],"replies":[{"embeddable":true,"href":"https:\/\/vibeadventures.com\/it\/wp-json\/wp\/v2\/comments?post=12176"}],"version-history":[{"count":1,"href":"https:\/\/vibeadventures.com\/it\/wp-json\/wp\/v2\/pages\/12176\/revisions"}],"predecessor-version":[{"id":30416,"href":"https:\/\/vibeadventures.com\/it\/wp-json\/wp\/v2\/pages\/12176\/revisions\/30416"}],"wp:attachment":[{"href":"https:\/\/vibeadventures.com\/it\/wp-json\/wp\/v2\/media?parent=12176"}],"curies":[{"name":"wp","href":"https:\/\/api.w.org\/{rel}","templated":true}]}}