{"id":1185,"date":"2022-06-09T18:52:10","date_gmt":"2022-06-09T18:52:10","guid":{"rendered":"https:\/\/agency.vibeadventures.com\/?post_type=product&#038;p=1185"},"modified":"2024-08-01T15:02:02","modified_gmt":"2024-08-01T21:02:02","slug":"grupo-del-centro-de-la-ciudad-de-mexico","status":"publish","type":"product","link":"https:\/\/vibeadventures.com\/es\/visita\/grupo-del-centro-de-la-ciudad-de-mexico\/","title":{"rendered":"Centro de la Ciudad de M\u00e9xico (Centro Hist\u00f3rico \/ Grupo \/ 3h)"},"content":{"rendered":"","protected":false},"excerpt":{"rendered":"","protected":false},"featured_media":1369,"comment_status":"open","ping_status":"closed","template":"","meta":{"_acf_changed":false},"adventures_type":[202],"destination":[175],"operator":[658],"physical_ranking":[207],"season":[192],"suitability":[138,136,140,142],"sustainable-goals":[614,610],"travel_vibe":[149],"product_cat":[154],"product_tag":[58,90,97],"class_list":{"0":"post-1185","1":"product","2":"type-product","3":"status-publish","4":"has-post-thumbnail","6":"adventures_type-group","7":"destination-mexico","8":"operator-vibe-adventures-originals","9":"physical_ranking-relaxing","10":"season-all-year","11":"suitability-couples","12":"suitability-kid-friendly","13":"suitability-senior","14":"suitability-youth","15":"sustainable-goals-goal-12-responsible-consumption-and-production","16":"sustainable-goals-goal-8-decent-work-and-economic-growth","17":"travel_vibe-historical-tours-and-heritage","18":"product_cat-1-day-tours","19":"product_tag-archeology","20":"product_tag-museums-galleries","21":"product_tag-religious-sites","22":"entry","24":"first","25":"outofstock","26":"shipping-taxable","27":"purchasable","28":"product-type-simple"},"acf":{"type_of_tour":"1-Day","duration_days":"","duration_hours":3,"mood":"Private","logisticsc":"09:00 AM","toogle_time":"","logisticsa":"1","logisticsa_toggle":false,"pick_up_location":null,"pick_up_location_toggle":null,"private_pickup":"Pickup included: your accommodation or another convenient place of your choice.","private_pickup_toggle":"Pickup included: your accommodation or another convenient place of your choice.","both_pickup":"","both_pickup_copy":"Exact time and location to be specified in the trip notes that are sent 1-2 weeks before the tour.","customization_group":"","customization_private":"","confirmation_select_private":"Automatic","confirmation_text_private":"Automatic confirmation (your departure is automatically confirmed and 100% guaranteed).","confirmation_select_group":"Manual","confirmation_text_group":"Manual confirmation (if a minimum number of participants is not met, we may cancel and fully refund your booking).","transfers":"","customize":"no","customizable_details":"We can do the following customizations on your request (subject to availability and needs to be confirmed before the tour):\r\n- Adjust the starting time of the tour.\r\n- Adjust the time you spend at each destination of the tour.\r\n- Add extra places of your choice (e.g. attractions, restaurants, etc.) to the itinerary on a complimentary basis if those visits (1) fit the default duration of the tour, (2) don\u2019t involve a significant change of the route and extra fees (e.g. entrance tickets, tolls, parking, etc.). \r\nChanges other than those will involve an extra fee and must be communicated to the tour organizer at least 72h before the tour (e.g. in the \u201cSpecial Requirements\u201d field during the booking or via email).","what_take":[{"take":"Comfortable clothes and shoes; hat\/cap, sunglasses, and sunscreen; travel insurance, personal ID; good mood and curiosity."}],"extra_notes":"<ul>\r\n \t<li>This tour will have a maximum of 12 travelers.<\/li>\r\n \t<li>Not wheelchair accessible.<\/li>\r\n \t<li>Travelers should have a basic physical fitness condition.<\/li>\r\n<\/ul>\r\nThis tour needs manual confirmation from our side. Once you receive it (normally not later than 12 h after the booking if done during the week, and Monday afternoon if the booking was done during the weekend), your tour is confirmed: just show up in time at the meeting point and be able to present your booking (can be in electronic version on your phone) to your guide upon request.\r\n\r\n&nbsp;\r\n\r\nPlease arrive at least 10 min before the departure time.\u00a0Once there, meet your guide who will be holding a sign with the logo of the company. In case of necessity, our guide might need to contact you by phone, so please provide a valid contact number during your booking.","cancellations":"","discount-tour":null,"tour_operator":false,"maxage":100,"minage":0,"group_size":12,"location":175,"language":["English","Spanish"],"tags":[58,97,90],"theme":[149],"adventure_type":[202],"accessibility":"\ud83d\uded1 Not wheelchair accessible.","pets":"\ud83d\uded1 Not permitted.","difficulty":207,"suitability":[138,136,140,142],"seasonall":[192],"included":{"guides":"yes","guidese":"Private bilingual guide","accommodation":"no","accommodatione":"","accommodations":[],"transportation":"no","transportatione":"","flights":"no","flightse":"","insurance":"no","insurancee":"","tips":"no","tipse":"","meals":"no","mealse":"","expenses":"no","expensese":"","activities":"yes","activitiese":"Walking tour in the Historic Center of Mexico City."},"overview":"Join our small-group walking tour and discover Mexico City\u2019s\u00a0<a href=\"https:\/\/whc.unesco.org\/en\/list\/412\/\">Historic Center<\/a>\u00a0with a local guide. Learn about the area\u2019s most prominent sites and their captivating history.","itinerary":"<span class=\"tlid-translation translation\" lang=\"en\">Meet your guide and<\/span><span class=\"tlid-translation translation\" lang=\"en\">\u00a0learn about the city\u2019s pre-Hispanic past around the ruins of Templo Mayor. Then, visit the imposing Metropolitan Cathedral, and see the huge National Palace, the main square (Zocalo), multiple palaces, and other splendid colonial structures. Also, feel the spirit of the \u201cBelle Epoque\u201d in the imposing buildings of the Main Post Office and Palace of Fine Arts. Throughout the tour, your knowledgeable guide will introduce you to Mexico City\u2019s 700-year history, diverse architecture, rich culture, and traditions.<\/span>","repeater":null,"destinations":[{"destination":"Historic Center","location":{"address":"Z\u00f3calo, Plaza de la Constituci\u00f3n, Historic center of Mexico City, Centro, Mexico City, CDMX, Mexico","lat":19.4326018,"lng":-99.1332049,"zoom":14,"place_id":"ChIJ_6pkSM3-0YURDDaRslwM_0w","name":"Z\u00f3calo","street_number":"S\/N","street_name":"Plaza de la Constituci\u00f3n","street_name_short":"P.za de la Constituci\u00f3n","city":"Ciudad de M\u00e9xico","city_short":"M\u00e9xico D.F.","state":"Ciudad de M\u00e9xico","state_short":"CDMX","post_code":6010,"country":"Mexico","country_short":"MX"}}],"highlights":[{"highlight":"Explore Mexico City\u2019s historic downtown with an experienced local guide."},{"highlight":"Admire the marvelous UNESCO-listed architecture."},{"highlight":"Visit the impressive Metropolitan Cathedral, the largest on the continent."},{"highlight":"Spot remnants of imposing Aztec structures hidden among colonial buildings."},{"highlight":"Discover amazing buildings that date back at least from the 16th century."}],"galleryes":"no","gallery":[14124,1372,14126,1368,15681,14125,1371,14195,1367,1369],"video":"https:\/\/www.youtube.com\/watch?v=zoNiXv1tuac","pdf":"","tourradar":null,"sustainability_tax":[614,610],"goals_description":"This tour aligns with the UN's Sustainable Development Goals 8 and 12 by empowering local communities and promoting sustainable consumption and production practices. We take tourists to underdeveloped regions, creating opportunities for economic growth while respecting local traditions and educating communities on sustainable approaches.","authenticity":"We do our best to make our trips educative and fulfilling, in which travelers can interact with local populations, learn about their traditions, and culture, and connect with their core values.","impact":"This tour is organized by or involves significant participation of local communities and service providers thus creating employment, increasing consumption, and benefitting the socio-economic development of the region.","why":"<ul>\r\n \t<li>The time of the tour is spent purely on sightseeing: no visits to souvenir shops or restaurants.<\/li>\r\n \t<li>An ideal choice for solo travelers: it\u2019s a small-group tour, so you will have enough attention from your guide and a chance to meet fellow co-travelers.<\/li>\r\n \t<li>Convenient timing: early start to avoid crowds and have your day ahead for other activities.<\/li>\r\n<\/ul>","calendar":"Rezdy","calendar_group":false,"rezdy":"https:\/\/vibeadventures.rezdy.com\/calendarWidget\/497718","toggle_calendar":"","bokun":"","bokun_toggle":"","display_price":29,"toggle_price":"","display_price_m":"","map_price":"","price_multi_private":null,"price_multi_group":null,"dates_multi_private":null,"departures_multi_private":null,"dates_multi_group":null,"departures_multi_group":null,"pricing_one_private":null,"prices_group_private":null,"repeat_season":null,"departures_one_private":null,"repeat_season_group":null,"departures_one_group":null},"yoast_head":"<!-- This site is optimized with the Yoast SEO Premium plugin v24.7 (Yoast SEO v24.7) - https:\/\/yoast.com\/wordpress\/plugins\/seo\/ -->\n<title>Downtown of Mexico City (Historic Center \/ Group \/ 3h)<\/title>\n<meta name=\"description\" content=\"Join our small-group walking tour and discover Mexico City\u2019s\u00a0Historic Center\u00a0with a local guide. Learn about the area\u2019s most prominent sites!\" \/>\n<meta name=\"robots\" content=\"noindex, nofollow\" \/>\n<meta property=\"og:locale\" content=\"es_MX\" \/>\n<meta property=\"og:type\" content=\"article\" \/>\n<meta property=\"og:title\" content=\"Downtown of Mexico City (Historic Center \/ Group \/ 3h)\" \/>\n<meta property=\"og:url\" content=\"https:\/\/vibeadventures.com\/es\/visita\/grupo-del-centro-de-la-ciudad-de-mexico\/\" \/>\n<meta property=\"og:site_name\" content=\"Vibe Adventures\" \/>\n<meta property=\"article:publisher\" content=\"https:\/\/www.facebook.com\/VibeAdventures\/\" \/>\n<meta property=\"article:modified_time\" content=\"2024-08-01T21:02:02+00:00\" \/>\n<meta property=\"og:image\" content=\"https:\/\/vibeadventures.com\/wp-content\/uploads\/2022\/07\/zocalo6.avif\" \/>\n\t<meta property=\"og:image:width\" content=\"1024\" \/>\n\t<meta property=\"og:image:height\" content=\"683\" \/>\n\t<meta property=\"og:image:type\" content=\"image\/jpeg\" \/>\n<meta name=\"twitter:card\" content=\"summary_large_image\" \/>\n<meta name=\"twitter:site\" content=\"@vibe_adventures\" \/>\n<meta name=\"twitter:label1\" content=\"Tiempo de lectura\" \/>\n\t<meta name=\"twitter:data1\" content=\"1 minuto\" \/>\n<script type=\"application\/ld+json\" class=\"yoast-schema-graph\">{\"@context\":\"https:\/\/schema.org\",\"@graph\":[{\"@type\":\"WebPage\",\"@id\":\"https:\/\/vibeadventures.com\/tour\/downtown-mexico-city-group\/\",\"url\":\"https:\/\/vibeadventures.com\/tour\/downtown-mexico-city-group\/\",\"name\":\"Downtown of Mexico City (Historic Center \/ Group \/ 3h)\",\"isPartOf\":{\"@id\":\"https:\/\/vibeadventures.com\/#website\"},\"primaryImageOfPage\":{\"@id\":\"https:\/\/vibeadventures.com\/tour\/downtown-mexico-city-group\/#primaryimage\"},\"image\":{\"@id\":\"https:\/\/vibeadventures.com\/tour\/downtown-mexico-city-group\/#primaryimage\"},\"thumbnailUrl\":\"https:\/\/vibeadventures.com\/wp-content\/uploads\/2022\/07\/zocalo6.avif\",\"datePublished\":\"2022-06-09T18:52:10+00:00\",\"dateModified\":\"2024-08-01T21:02:02+00:00\",\"description\":\"Join our small-group walking tour and discover Mexico City\u2019s\u00a0Historic Center\u00a0with a local guide. Learn about the area\u2019s most prominent sites!\",\"breadcrumb\":{\"@id\":\"https:\/\/vibeadventures.com\/tour\/downtown-mexico-city-group\/#breadcrumb\"},\"inLanguage\":\"es\",\"potentialAction\":[{\"@type\":\"ReadAction\",\"target\":[\"https:\/\/vibeadventures.com\/tour\/downtown-mexico-city-group\/\"]}]},{\"@type\":\"ImageObject\",\"inLanguage\":\"es\",\"@id\":\"https:\/\/vibeadventures.com\/tour\/downtown-mexico-city-group\/#primaryimage\",\"url\":\"https:\/\/vibeadventures.com\/wp-content\/uploads\/2022\/07\/zocalo6.avif\",\"contentUrl\":\"https:\/\/vibeadventures.com\/wp-content\/uploads\/2022\/07\/zocalo6.avif\",\"width\":1024,\"height\":683,\"caption\":\"Palace of Fine Arts\"},{\"@type\":\"BreadcrumbList\",\"@id\":\"https:\/\/vibeadventures.com\/tour\/downtown-mexico-city-group\/#breadcrumb\",\"itemListElement\":[{\"@type\":\"ListItem\",\"position\":1,\"name\":\"Home\",\"item\":\"https:\/\/vibeadventures.com\/\"},{\"@type\":\"ListItem\",\"position\":2,\"name\":\"Latin America\",\"item\":\"https:\/\/vibeadventures.com\/latin-america-tours\/\"},{\"@type\":\"ListItem\",\"position\":3,\"name\":\"Mexico\",\"item\":\"https:\/\/vibeadventures.com\/destination\/mexico\/\"},{\"@type\":\"ListItem\",\"position\":4,\"name\":\"Downtown of Mexico City (Historic Center \/ Group \/ 3h)\"}]},{\"@type\":\"WebSite\",\"@id\":\"https:\/\/vibeadventures.com\/#website\",\"url\":\"https:\/\/vibeadventures.com\/\",\"name\":\"Vibe Adventures\",\"description\":\"Authentic Local Adventures &amp; Tours\",\"publisher\":{\"@id\":\"https:\/\/vibeadventures.com\/#organization\"},\"potentialAction\":[{\"@type\":\"SearchAction\",\"target\":{\"@type\":\"EntryPoint\",\"urlTemplate\":\"https:\/\/vibeadventures.com\/?s={search_term_string}\"},\"query-input\":{\"@type\":\"PropertyValueSpecification\",\"valueRequired\":true,\"valueName\":\"search_term_string\"}}],\"inLanguage\":\"es\"},{\"@type\":\"Organization\",\"@id\":\"https:\/\/vibeadventures.com\/#organization\",\"name\":\"Vibe Adventures\",\"url\":\"https:\/\/vibeadventures.com\/\",\"logo\":{\"@type\":\"ImageObject\",\"inLanguage\":\"es\",\"@id\":\"https:\/\/vibeadventures.com\/#\/schema\/logo\/image\/\",\"url\":\"https:\/\/vibeadventures.com\/wp-content\/uploads\/2022\/01\/vibe-adventures-logo-green-TRANSPARENT-481-x-152-1-e1587500448458-2.avif\",\"contentUrl\":\"https:\/\/vibeadventures.com\/wp-content\/uploads\/2022\/01\/vibe-adventures-logo-green-TRANSPARENT-481-x-152-1-e1587500448458-2.avif\",\"width\":490,\"height\":100,\"caption\":\"Vibe Adventures\"},\"image\":{\"@id\":\"https:\/\/vibeadventures.com\/#\/schema\/logo\/image\/\"},\"sameAs\":[\"https:\/\/www.facebook.com\/VibeAdventures\/\",\"https:\/\/x.com\/vibe_adventures\",\"https:\/\/instagram.com\/vibe.adventures\",\"https:\/\/www.linkedin.com\/company\/vibe-adventures\/?viewAsMember=true\",\"https:\/\/www.pinterest.com\/Vibe_Adventures\/\",\"https:\/\/www.youtube.com\/channel\/UCQ9qyA-fVkdXarHBlzDCUBA?view_as=subscriber\",\"https:\/\/www.tiktok.com\/@vibeadventures\"]}]}<\/script>\n<!-- \/ Yoast SEO Premium plugin. -->","yoast_head_json":{"title":"Centro de la Ciudad de M\u00e9xico (Centro Hist\u00f3rico \/ Grupo \/ 3h)","description":"\u00danase a nuestro recorrido a pie en grupo reducido y descubra el Centro Hist\u00f3rico de Ciudad de M\u00e9xico con un gu\u00eda local. \u00a1Conozca los lugares m\u00e1s destacados de la zona!","robots":{"index":"noindex","follow":"nofollow"},"og_locale":"es_MX","og_type":"article","og_title":"Downtown of Mexico City (Historic Center \/ Group \/ 3h)","og_url":"https:\/\/vibeadventures.com\/es\/visita\/grupo-del-centro-de-la-ciudad-de-mexico\/","og_site_name":"Vibe Adventures","article_publisher":"https:\/\/www.facebook.com\/VibeAdventures\/","article_modified_time":"2024-08-01T21:02:02+00:00","og_image":[{"width":1024,"height":683,"url":"https:\/\/vibeadventures.com\/wp-content\/uploads\/2022\/07\/zocalo6.avif","type":"image\/jpeg"}],"twitter_card":"summary_large_image","twitter_site":"@vibe_adventures","twitter_misc":{"Tiempo de lectura":"1 minuto"},"schema":{"@context":"https:\/\/schema.org","@graph":[{"@type":"WebPage","@id":"https:\/\/vibeadventures.com\/tour\/downtown-mexico-city-group\/","url":"https:\/\/vibeadventures.com\/tour\/downtown-mexico-city-group\/","name":"Centro de la Ciudad de M\u00e9xico (Centro Hist\u00f3rico \/ Grupo \/ 3h)","isPartOf":{"@id":"https:\/\/vibeadventures.com\/#website"},"primaryImageOfPage":{"@id":"https:\/\/vibeadventures.com\/tour\/downtown-mexico-city-group\/#primaryimage"},"image":{"@id":"https:\/\/vibeadventures.com\/tour\/downtown-mexico-city-group\/#primaryimage"},"thumbnailUrl":"https:\/\/vibeadventures.com\/wp-content\/uploads\/2022\/07\/zocalo6.avif","datePublished":"2022-06-09T18:52:10+00:00","dateModified":"2024-08-01T21:02:02+00:00","description":"\u00danase a nuestro recorrido a pie en grupo reducido y descubra el Centro Hist\u00f3rico de Ciudad de M\u00e9xico con un gu\u00eda local. \u00a1Conozca los lugares m\u00e1s destacados de la zona!","breadcrumb":{"@id":"https:\/\/vibeadventures.com\/tour\/downtown-mexico-city-group\/#breadcrumb"},"inLanguage":"es","potentialAction":[{"@type":"ReadAction","target":["https:\/\/vibeadventures.com\/tour\/downtown-mexico-city-group\/"]}]},{"@type":"ImageObject","inLanguage":"es","@id":"https:\/\/vibeadventures.com\/tour\/downtown-mexico-city-group\/#primaryimage","url":"https:\/\/vibeadventures.com\/wp-content\/uploads\/2022\/07\/zocalo6.avif","contentUrl":"https:\/\/vibeadventures.com\/wp-content\/uploads\/2022\/07\/zocalo6.avif","width":1024,"height":683,"caption":"Palace of Fine Arts"},{"@type":"BreadcrumbList","@id":"https:\/\/vibeadventures.com\/tour\/downtown-mexico-city-group\/#breadcrumb","itemListElement":[{"@type":"ListItem","position":1,"name":"Home","item":"https:\/\/vibeadventures.com\/"},{"@type":"ListItem","position":2,"name":"Latin America","item":"https:\/\/vibeadventures.com\/latin-america-tours\/"},{"@type":"ListItem","position":3,"name":"Mexico","item":"https:\/\/vibeadventures.com\/destination\/mexico\/"},{"@type":"ListItem","position":4,"name":"Downtown of Mexico City (Historic Center \/ Group \/ 3h)"}]},{"@type":"WebSite","@id":"https:\/\/vibeadventures.com\/#website","url":"https:\/\/vibeadventures.com\/","name":"Vibe Adventures?","description":"Aventuras y visitas locales aut\u00e9nticas","publisher":{"@id":"https:\/\/vibeadventures.com\/#organization"},"potentialAction":[{"@type":"SearchAction","target":{"@type":"EntryPoint","urlTemplate":"https:\/\/vibeadventures.com\/?s={search_term_string}"},"query-input":{"@type":"PropertyValueSpecification","valueRequired":true,"valueName":"search_term_string"}}],"inLanguage":"es"},{"@type":"Organization","@id":"https:\/\/vibeadventures.com\/#organization","name":"Vibe Adventures?","url":"https:\/\/vibeadventures.com\/","logo":{"@type":"ImageObject","inLanguage":"es","@id":"https:\/\/vibeadventures.com\/#\/schema\/logo\/image\/","url":"https:\/\/vibeadventures.com\/wp-content\/uploads\/2022\/01\/vibe-adventures-logo-green-TRANSPARENT-481-x-152-1-e1587500448458-2.avif","contentUrl":"https:\/\/vibeadventures.com\/wp-content\/uploads\/2022\/01\/vibe-adventures-logo-green-TRANSPARENT-481-x-152-1-e1587500448458-2.avif","width":490,"height":100,"caption":"Vibe Adventures"},"image":{"@id":"https:\/\/vibeadventures.com\/#\/schema\/logo\/image\/"},"sameAs":["https:\/\/www.facebook.com\/VibeAdventures\/","https:\/\/x.com\/vibe_adventures","https:\/\/instagram.com\/vibe.adventures","https:\/\/www.linkedin.com\/company\/vibe-adventures\/?viewAsMember=true","https:\/\/www.pinterest.com\/Vibe_Adventures\/","https:\/\/www.youtube.com\/channel\/UCQ9qyA-fVkdXarHBlzDCUBA?view_as=subscriber","https:\/\/www.tiktok.com\/@vibeadventures"]}]}},"_links":{"self":[{"href":"https:\/\/vibeadventures.com\/es\/wp-json\/wp\/v2\/product\/1185","targetHints":{"allow":["GET"]}}],"collection":[{"href":"https:\/\/vibeadventures.com\/es\/wp-json\/wp\/v2\/product"}],"about":[{"href":"https:\/\/vibeadventures.com\/es\/wp-json\/wp\/v2\/types\/product"}],"replies":[{"embeddable":true,"href":"https:\/\/vibeadventures.com\/es\/wp-json\/wp\/v2\/comments?post=1185"}],"acf:term":[{"embeddable":true,"taxonomy":"sustainable-goals","href":"https:\/\/vibeadventures.com\/es\/wp-json\/wp\/v2\/sustainable-goals\/610"},{"embeddable":true,"taxonomy":"sustainable-goals","href":"https:\/\/vibeadventures.com\/es\/wp-json\/wp\/v2\/sustainable-goals\/614"},{"embeddable":true,"taxonomy":"season","href":"https:\/\/vibeadventures.com\/es\/wp-json\/wp\/v2\/season\/192"},{"embeddable":true,"taxonomy":"suitability","href":"https:\/\/vibeadventures.com\/es\/wp-json\/wp\/v2\/suitability\/142"},{"embeddable":true,"taxonomy":"suitability","href":"https:\/\/vibeadventures.com\/es\/wp-json\/wp\/v2\/suitability\/140"},{"embeddable":true,"taxonomy":"suitability","href":"https:\/\/vibeadventures.com\/es\/wp-json\/wp\/v2\/suitability\/136"},{"embeddable":true,"taxonomy":"suitability","href":"https:\/\/vibeadventures.com\/es\/wp-json\/wp\/v2\/suitability\/138"},{"embeddable":true,"taxonomy":"physical_ranking","href":"https:\/\/vibeadventures.com\/es\/wp-json\/wp\/v2\/physical_ranking\/207"},{"embeddable":true,"taxonomy":"adventures_type","href":"https:\/\/vibeadventures.com\/es\/wp-json\/wp\/v2\/adventures_type\/202"},{"embeddable":true,"taxonomy":"travel_vibe","href":"https:\/\/vibeadventures.com\/es\/wp-json\/wp\/v2\/travel_vibe\/149"},{"embeddable":true,"taxonomy":"product_tag","href":"https:\/\/vibeadventures.com\/es\/wp-json\/wp\/v2\/product_tag\/90"},{"embeddable":true,"taxonomy":"product_tag","href":"https:\/\/vibeadventures.com\/es\/wp-json\/wp\/v2\/product_tag\/97"},{"embeddable":true,"taxonomy":"product_tag","href":"https:\/\/vibeadventures.com\/es\/wp-json\/wp\/v2\/product_tag\/58"},{"embeddable":true,"taxonomy":"destination","href":"https:\/\/vibeadventures.com\/es\/wp-json\/wp\/v2\/destination\/175"}],"acf:attachment":[{"embeddable":true,"href":"https:\/\/vibeadventures.com\/es\/wp-json\/wp\/v2\/media\/1369"},{"embeddable":true,"href":"https:\/\/vibeadventures.com\/es\/wp-json\/wp\/v2\/media\/1367"},{"embeddable":true,"href":"https:\/\/vibeadventures.com\/es\/wp-json\/wp\/v2\/media\/14195"},{"embeddable":true,"href":"https:\/\/vibeadventures.com\/es\/wp-json\/wp\/v2\/media\/1371"},{"embeddable":true,"href":"https:\/\/vibeadventures.com\/es\/wp-json\/wp\/v2\/media\/14125"},{"embeddable":true,"href":"https:\/\/vibeadventures.com\/es\/wp-json\/wp\/v2\/media\/15681"},{"embeddable":true,"href":"https:\/\/vibeadventures.com\/es\/wp-json\/wp\/v2\/media\/1368"},{"embeddable":true,"href":"https:\/\/vibeadventures.com\/es\/wp-json\/wp\/v2\/media\/14126"},{"embeddable":true,"href":"https:\/\/vibeadventures.com\/es\/wp-json\/wp\/v2\/media\/1372"},{"embeddable":true,"href":"https:\/\/vibeadventures.com\/es\/wp-json\/wp\/v2\/media\/14124"}],"wp:featuredmedia":[{"embeddable":true,"href":"https:\/\/vibeadventures.com\/es\/wp-json\/wp\/v2\/media\/1369"}],"wp:attachment":[{"href":"https:\/\/vibeadventures.com\/es\/wp-json\/wp\/v2\/media?parent=1185"}],"wp:term":[{"taxonomy":"adventures_type","embeddable":true,"href":"https:\/\/vibeadventures.com\/es\/wp-json\/wp\/v2\/adventures_type?post=1185"},{"taxonomy":"destination","embeddable":true,"href":"https:\/\/vibeadventures.com\/es\/wp-json\/wp\/v2\/destination?post=1185"},{"taxonomy":"operator","embeddable":true,"href":"https:\/\/vibeadventures.com\/es\/wp-json\/wp\/v2\/operator?post=1185"},{"taxonomy":"physical_ranking","embeddable":true,"href":"https:\/\/vibeadventures.com\/es\/wp-json\/wp\/v2\/physical_ranking?post=1185"},{"taxonomy":"season","embeddable":true,"href":"https:\/\/vibeadventures.com\/es\/wp-json\/wp\/v2\/season?post=1185"},{"taxonomy":"suitability","embeddable":true,"href":"https:\/\/vibeadventures.com\/es\/wp-json\/wp\/v2\/suitability?post=1185"},{"taxonomy":"sustainable-goals","embeddable":true,"href":"https:\/\/vibeadventures.com\/es\/wp-json\/wp\/v2\/sustainable-goals?post=1185"},{"taxonomy":"travel_vibe","embeddable":true,"href":"https:\/\/vibeadventures.com\/es\/wp-json\/wp\/v2\/travel_vibe?post=1185"},{"taxonomy":"product_cat","embeddable":true,"href":"https:\/\/vibeadventures.com\/es\/wp-json\/wp\/v2\/product_cat?post=1185"},{"taxonomy":"product_tag","embeddable":true,"href":"https:\/\/vibeadventures.com\/es\/wp-json\/wp\/v2\/product_tag?post=1185"}],"curies":[{"name":"wp","href":"https:\/\/api.w.org\/{rel}","templated":true}]}}