{"id":14176,"date":"2022-08-10T03:29:33","date_gmt":"2022-08-10T03:29:33","guid":{"rendered":"https:\/\/agency.vibeadventures.com\/?page_id=14176"},"modified":"2025-06-30T14:25:41","modified_gmt":"2025-06-30T20:25:41","slug":"visitas-personalizadas","status":"publish","type":"page","link":"https:\/\/vibeadventures.com\/es\/visitas-personalizadas\/","title":{"rendered":"Viajes a medida"},"content":{"rendered":"<div class=\"wp-block-columns alignwide is-layout-flex wp-container-core-columns-is-layout-9d6595d7 wp-block-columns-is-layout-flex\">\n<div class=\"wp-block-column is-layout-flow wp-block-column-is-layout-flow\"><style>\n    .entry-content{margin-top:0px!important;}\n    #main{padding-top: 0px!important;}\n    .entry-header.alignwide{margin:0!important;padding:0!important;border-bottom:0px solid transparent!important}\n\t.entry-title, .post-thumbnail{display:none!important}\n\t.wp-block-columns{margin-top:0px!important;}\n\t.wp-block-media-text.alignfull {\n\t\tmargin-top: 0;\n\t\tmargin-bottom: 20px !important;\n\t}\n<\/style>\n<\/div>\n<\/div>\n\n\n\n<div class=\"wp-block-columns alignfull is-layout-flex wp-container-core-columns-is-layout-9d6595d7 wp-block-columns-is-layout-flex\">\n<div class=\"wp-block-column is-layout-flow wp-block-column-is-layout-flow\">\n<div class=\"wp-block-cover alignfull is-light\" style=\"min-height:1052px;aspect-ratio:unset;\"><img decoding=\"async\" class=\"wp-block-cover__image-background wp-image-1058\" alt=\"visitas personalizadas\" src=\"https:\/\/vibeadventures.com\/wp-content\/uploads\/2022\/05\/mexico-city-to-teotihucan-tour.jpg\" data-object-fit=\"cover\"\/><span aria-hidden=\"true\" class=\"wp-block-cover__background has-black-background-color has-background-dim-30 has-background-dim\"><\/span><div class=\"wp-block-cover__inner-container is-layout-flow wp-block-cover-is-layout-flow\">\n<div class=\"wp-block-columns alignwide is-layout-flex wp-container-core-columns-is-layout-9d6595d7 wp-block-columns-is-layout-flex\">\n<div class=\"wp-block-column is-layout-flow wp-block-column-is-layout-flow\" style=\"flex-basis:60%\">\n<h2 class=\"wp-block-heading\" id=\"h-personalized-tours\"><strong>Viajes a medida<\/strong><\/h2>\n\n\n\n<p><\/p>\n\n\n\n<p class=\"has-large-font-size\">Explora el mundo a tu manera con los viajes personalizados de Vibe Adventures. Adapta cada detalle a tus intereses, ritmo y preferencias mientras nuestros gu\u00edas expertos garantizan un viaje inolvidable. Tanto si buscas una inmersi\u00f3n cultural, aventuras al aire libre o joyas ocultas, creamos experiencias personalizadas que se adaptan a tus sue\u00f1os de viaje.<br><br><\/p>\n\n\n\n<div class=\"wp-block-buttons is-layout-flex wp-block-buttons-is-layout-flex\">\n<div class=\"wp-block-button clickcustomize\"><a class=\"wp-block-button__link has-dark-gray-background-color has-background wp-element-button\" href=\"#form\" style=\"border-radius:30px\">Personaliza tu visita<\/a><\/div>\n<\/div>\n<\/div>\n\n\n\n<div class=\"wp-block-column is-layout-flow wp-block-column-is-layout-flow\"><\/div>\n<\/div>\n<\/div><\/div>\n<\/div>\n<\/div>\n\n\n\n<div class=\"wp-block-columns alignfull is-layout-flex wp-container-core-columns-is-layout-9d6595d7 wp-block-columns-is-layout-flex\">\n<div class=\"wp-block-column is-layout-flow wp-block-column-is-layout-flow\">\n<p><\/p>\n<\/div>\n<\/div>\n\n\n\n<div class=\"wp-block-columns alignwide is-layout-flex wp-container-core-columns-is-layout-9d6595d7 wp-block-columns-is-layout-flex\">\n<div class=\"wp-block-column is-layout-flow wp-block-column-is-layout-flow\" style=\"flex-basis:50%\"><\/div>\n<\/div>\n\n\n\n<div class=\"wp-block-columns alignwide is-layout-flex wp-container-core-columns-is-layout-9d6595d7 wp-block-columns-is-layout-flex\">\n<div class=\"wp-block-column is-layout-flow wp-block-column-is-layout-flow\">\n<h2 class=\"wp-block-heading alignfull\" id=\"h-how-do-personalized-tours-work\">\u00bfC\u00f3mo funcionan los viajes personalizados?<\/h2>\n\n\n\n<ol class=\"wp-block-list\">\n<li>Rellena el siguiente formulario de viajes personalizados y comparte tu visi\u00f3n del viaje ideal.<\/li>\n\n\n\n<li>Nos pondremos en contacto contigo para discutir los detalles y ultimar el itinerario.<\/li>\n\n\n\n<li>Firmamos un contrato con el itinerario y las inclusiones confirmadas y, a continuaci\u00f3n, recibimos un dep\u00f3sito de $99 USD por persona para garantizar tu reserva. El saldo restante debe abonarse 60 d\u00edas antes de la salida (<em>est\u00e1ndar <a href=\"https:\/\/vibeadventures.com\/es\/condiciones-generales\/\" class=\"ek-link\">t\u00e9rminos <\/a>para viajes de varios d\u00edas<\/em>).<\/li>\n\n\n\n<li>Organizamos la log\u00edstica y te enviamos las notas finales del viaje con un itinerario diario detallado.<\/li>\n\n\n\n<li>Llegan las fechas de su viaje, \u00a1y empieza la aventura! Nuestros agentes estar\u00e1n a tu disposici\u00f3n si necesitas algo.<\/li>\n<\/ol>\n\n\n\n<h2 class=\"wp-block-heading alignfull\" id=\"form\">Dinos qu\u00e9 tipo de viaje te gustar\u00eda:<\/h2>\n\n\n<style>\n    .ff_conv_app_3 { background-color: #FFFFFF; }.ff_conv_app_3 .ffc-counter-div span { color: #0445AF; }.ff_conv_app_3 .ffc-counter-div .counter-icon-span svg { fill: #0445AF !important; }.ff_conv_app_3 .f-label-wrap, .ff_conv_app_3 .f-answer { color: #0445AF !important; }.ff_conv_app_3 .f-label-wrap .f-key { border-color: #0445AF !important; }.ff_conv_app_3 .f-label-wrap .f-key-hint { border-color: #0445AF !important; }.ff_conv_app_3 .f-answer .f-radios-wrap ul li { background-color: rgba(4,69,175, 0.1) !important; border: 1px solid #0445AF; }.ff_conv_app_3 .f-answer .f-radios-wrap ul li:focus { background-color: rgba(4,69,175, 0.3) !important }.ff_conv_app_3 .f-answer .f-radios-wrap ul li:hover { background-color: rgba(4,69,175, 0.3) !important }.ff_conv_app_3 .f-answer .f-radios-wrap ul li.f-selected .f-key { background-color: #0445AF !important; color: white; }.ff_conv_app_3 .f-answer .f-radios-wrap ul li.f-selected .f-key-hint { background-color: #0445AF; }.ff_conv_app_3 .f-answer .f-radios-wrap ul li.f-selected svg { fill: #0445AF !important; }.ff_conv_app_3 .f-answer input, .ff_conv_app_3 .f-answer textarea{ color: #0445AF !important; box-shadow: #0445AF  0px 1px; }.ff_conv_app_3 .f-answer input:focus, .ff_conv_app_3 .f-answer textarea:focus { box-shadow: #0445AF  0px 2px !important; }.ff_conv_app_3 .f-answer textarea::placeholder, .ff_conv_app_3 .f-answer input::placeholder { color: #0445AF !important; }.ff_conv_app_3 .text-success { color: #0445AF !important; }.ff_conv_app_3 .f-answer .f-matrix-table tbody td { background-color: rgba(4,69,175, 0.1); }.ff_conv_app_3 .f-answer .f-matrix-table input { border-color: rgba(4,69,175, 0.8); }.ff_conv_app_3 .f-answer .f-matrix-table input.f-radio-control:checked::after { background-color: #0445AF; }.ff_conv_app_3 .f-answer .f-matrix-table input:focus::before { border-color: #0445AF; }.ff_conv_app_3 .f-answer .f-matrix-table input.f-checkbox-control:checked { background-color: #0445AF; }.ff_conv_app_3 .f-answer .f-matrix-table tbody tr::after { border-right-color: #0445AF; }.ff_conv_app_3 .f-answer .f-matrix-table .f-table-cell.f-row-cell { box-shadow: rgba(4,69,175, 0.1) 0px 0px 0px 100vh inset; }.ff_conv_app_3 .f-answer .ff_file_upload_field_wrap { background-color: rgba(4,69,175, 0.1); border-color: rgba(4,69,175, 0.8); }.ff_conv_app_3 .f-answer .ff_file_upload_field_wrap:hover { background-color: rgba(4,69,175, 0.3);}.ff_conv_app_3 .f-answer .ff_file_upload_field_wrap:focus-within { background-color: rgba(4,69,175, 0.3); }.ff_conv_app_3 .f-answer .ff-upload-preview { border-color: rgba(4,69,175, 0.8); }.ff_conv_app_3 .f-answer .ff-upload-preview .ff-upload-thumb { background-color: rgba(4,69,175, 0.3); }.ff_conv_app_3 .f-answer .ff-upload-preview .ff-upload-details { border-left-color: rgba(4,69,175, 0.8); }.ff_conv_app_3 .f-answer .ff-upload-preview .ff-upload-details .ff-el-progress { border-left-color: rgba(4,69,175, 0.8); }.ff_conv_app_3 .f-answer .ff-upload-preview .ff-upload-details .ff-el-progress { background-color: rgba(4,69,175, 0.1); }.ff_conv_app_3 .f-answer .ff-upload-preview .ff-upload-details .ff-el-progress .ff-el-progress-bar { background-color: #0445AF; }.ff_conv_app_3 .f-answer .f-star-wrap .f-star-field-wrap::before { background-color: #0445AF; }.ff_conv_app_3 .f-answer .f-star-wrap .f-star-field-wrap .f-star-field .f-star-field-star .symbolOutline { fill: #0445AF; }.ff_conv_app_3 .f-answer .f-star-wrap .f-star-field-wrap .f-star-field .f-star-field-rating { color: #0445AF; }.ff_conv_app_3 .f-answer .f-star-wrap .f-star-field-wrap.is-hovered .symbolFill { fill: rgba(4,69,175, 0.1); }.ff_conv_app_3 .f-answer .f-star-wrap .f-star-field-wrap.is-selected .symbolFill { fill: #0445AF; }.ff_conv_app_3 .f-answer .f-payment-summary-wrap tbody td { background-color: rgba(4,69,175, 0.1); }.ff_conv_app_3 .f-answer .f-payment-summary-wrap tfoot th { background-color: rgba(4,69,175, 0.1); }.ff_conv_app_3 .f-answer .stripe-inline-holder { border-bottom: 1px solid #0445AF; }.ff_conv_app_3 .f-answer .StripeElement--focus { border-bottom: 2.5px solid #0445AF; }.ff_conv_app_3 .ff_conv_input .f-info { color: #0445AF; }.ff_conv_app_3 .fh2 .f-text { color: #191919; }.ff_conv_app_3 .fh2 .f-tagline, .ff_conv_app_3 .f-sub .f-help { color: rgba(25,25,25, 0.70); }.ff_conv_app_3 .fh2 .stripe-inline-header { color: #191919; }.ff_conv_app_3 .q-inner .o-btn-action, .ff_conv_app_3 .footer-inner-wrap .f-nav { background-color: #0445AF; }.ff_conv_app_3 .q-inner .o-btn-action span, .ff_conv_app_3 .footer-inner-wrap .f-nav a { color: #FFFFFF; } .ff_conv_app_3 .f-enter .f-enter-desc { color: #0445AF; }.ff_conv_app_3 .footer-inner-wrap .f-nav a svg { fill: #FFFFFF; }.ff_conv_app_3 .vff-footer .f-progress-bar { background-color: rgba(4,69,175, 0.3); }.ff_conv_app_3 .vff-footer .f-progress-bar-inner { background-color: #0445AF; }.ff_conv_app_3 .q-inner .o-btn-action:hover { background-color: #0445AFD6; }.ff_conv_app_3 .q-inner .o-btn-action:focus::after { border-radius: 6px; inset: -3px; box-shadow: #0445AF 0px 0px 0px 2px; }.ff_conv_app_3 .f-answer .f-radios-wrap ul li.f-selected .f-key { color: #FFFFFF; } .ff-btn-submit { background-color: #67C23A; color: #ffffff; }<\/style>\n<div class=\"ffc_conv_wrapper ffc_inline_form\">\n    <div class=\"frm-fluent-form ff_conv_app fluent_form_3 ff_conv_app_frame ff_conv_app_3 ffc_media_hide_mob_no\" data-form_id=\"3\">\n        <div data-var_name=\"fluent_forms_global_var_1\" class=\"ffc_conv_form\" style=\"width: 100%\" id=\"ffc_app_instance_1\"><\/div>\n    <\/div>\n<\/div>\n\n\n\n\n<script defer async src='https:\/\/cdn.trustindex.io\/loader.js?d7e15ca2633984384b569471e4c'><\/script>\n<\/div>\n<\/div>","protected":false},"excerpt":{"rendered":"<p>\u00bfC\u00f3mo funcionan los viajes personalizados? D\u00edganos qu\u00e9 tipo de viaje le gustar\u00eda:<\/p>","protected":false},"author":1,"featured_media":1058,"parent":0,"menu_order":0,"comment_status":"closed","ping_status":"closed","template":"","meta":{"_acf_changed":false,"footnotes":""},"class_list":["post-14176","page","type-page","status-publish","has-post-thumbnail","hentry","entry"],"acf":[],"yoast_head":"<!-- This site is optimized with the Yoast SEO Premium plugin v24.7 (Yoast SEO v24.7) - https:\/\/yoast.com\/wordpress\/plugins\/seo\/ -->\n<title>Personalized tours &#8226; Vibe Adventures<\/title>\n<meta name=\"description\" content=\"Personalized tours avoid complicated vacations by getting the best experience in a faster and easier way. Totally private.\" \/>\n<meta name=\"robots\" content=\"index, nofollow, max-snippet:-1, max-image-preview:large, max-video-preview:-1\" \/>\n<link rel=\"canonical\" href=\"https:\/\/vibeadventures.com\/es\/visitas-personalizadas\/\" \/>\n<meta property=\"og:locale\" content=\"es_MX\" \/>\n<meta property=\"og:type\" content=\"article\" \/>\n<meta property=\"og:title\" content=\"Personalized tours\" \/>\n<meta property=\"og:description\" content=\"Personalized tours Explore the world your way with Vibe Adventures&#039; personalized tours. Tailor every detail to your interests, pace, and preferences while\" \/>\n<meta property=\"og:url\" content=\"https:\/\/vibeadventures.com\/es\/visitas-personalizadas\/\" \/>\n<meta property=\"og:site_name\" content=\"Vibe Adventures\" \/>\n<meta property=\"article:publisher\" content=\"https:\/\/www.facebook.com\/VibeAdventures\/\" \/>\n<meta property=\"article:modified_time\" content=\"2025-06-30T20:25:41+00:00\" \/>\n<meta property=\"og:image\" content=\"https:\/\/vibeadventures.com\/wp-content\/uploads\/2022\/05\/mexico-city-to-teotihucan-tour.jpg\" \/>\n\t<meta property=\"og:image:width\" content=\"1080\" \/>\n\t<meta property=\"og:image:height\" content=\"720\" \/>\n\t<meta property=\"og:image:type\" content=\"image\/jpeg\" \/>\n<meta name=\"twitter:card\" content=\"summary_large_image\" \/>\n<meta name=\"twitter:site\" content=\"@vibe_adventures\" \/>\n<meta name=\"twitter:label1\" content=\"Tiempo de lectura\" \/>\n\t<meta name=\"twitter:data1\" content=\"3 minutos\" \/>\n<script type=\"application\/ld+json\" class=\"yoast-schema-graph\">{\"@context\":\"https:\/\/schema.org\",\"@graph\":[{\"@type\":\"WebPage\",\"@id\":\"https:\/\/vibeadventures.com\/personalized-tours\/\",\"url\":\"https:\/\/vibeadventures.com\/personalized-tours\/\",\"name\":\"Personalized tours &#8226; Vibe Adventures\",\"isPartOf\":{\"@id\":\"https:\/\/vibeadventures.com\/#website\"},\"primaryImageOfPage\":{\"@id\":\"https:\/\/vibeadventures.com\/personalized-tours\/#primaryimage\"},\"image\":{\"@id\":\"https:\/\/vibeadventures.com\/personalized-tours\/#primaryimage\"},\"thumbnailUrl\":\"https:\/\/vibeadventures.com\/wp-content\/uploads\/2022\/05\/mexico-city-to-teotihucan-tour.avif\",\"datePublished\":\"2022-08-10T03:29:33+00:00\",\"dateModified\":\"2025-06-30T20:25:41+00:00\",\"description\":\"Personalized tours avoid complicated vacations by getting the best experience in a faster and easier way. Totally private.\",\"breadcrumb\":{\"@id\":\"https:\/\/vibeadventures.com\/personalized-tours\/#breadcrumb\"},\"inLanguage\":\"es\",\"potentialAction\":[{\"@type\":\"ReadAction\",\"target\":[\"https:\/\/vibeadventures.com\/personalized-tours\/\"]}]},{\"@type\":\"ImageObject\",\"inLanguage\":\"es\",\"@id\":\"https:\/\/vibeadventures.com\/personalized-tours\/#primaryimage\",\"url\":\"https:\/\/vibeadventures.com\/wp-content\/uploads\/2022\/05\/mexico-city-to-teotihucan-tour.avif\",\"contentUrl\":\"https:\/\/vibeadventures.com\/wp-content\/uploads\/2022\/05\/mexico-city-to-teotihucan-tour.avif\",\"width\":1080,\"height\":720,\"caption\":\"Explore Mexico\u2019s most visited archaeological site\"},{\"@type\":\"BreadcrumbList\",\"@id\":\"https:\/\/vibeadventures.com\/personalized-tours\/#breadcrumb\",\"itemListElement\":[{\"@type\":\"ListItem\",\"position\":1,\"name\":\"Home\",\"item\":\"https:\/\/vibeadventures.com\/\"},{\"@type\":\"ListItem\",\"position\":2,\"name\":\"Personalized tours\"}]},{\"@type\":\"WebSite\",\"@id\":\"https:\/\/vibeadventures.com\/#website\",\"url\":\"https:\/\/vibeadventures.com\/\",\"name\":\"Vibe Adventures\",\"description\":\"Authentic Local Adventures &amp; Tours\",\"publisher\":{\"@id\":\"https:\/\/vibeadventures.com\/#organization\"},\"potentialAction\":[{\"@type\":\"SearchAction\",\"target\":{\"@type\":\"EntryPoint\",\"urlTemplate\":\"https:\/\/vibeadventures.com\/?s={search_term_string}\"},\"query-input\":{\"@type\":\"PropertyValueSpecification\",\"valueRequired\":true,\"valueName\":\"search_term_string\"}}],\"inLanguage\":\"es\"},{\"@type\":\"Organization\",\"@id\":\"https:\/\/vibeadventures.com\/#organization\",\"name\":\"Vibe Adventures\",\"url\":\"https:\/\/vibeadventures.com\/\",\"logo\":{\"@type\":\"ImageObject\",\"inLanguage\":\"es\",\"@id\":\"https:\/\/vibeadventures.com\/#\/schema\/logo\/image\/\",\"url\":\"https:\/\/vibeadventures.com\/wp-content\/uploads\/2022\/01\/vibe-adventures-logo-green-TRANSPARENT-481-x-152-1-e1587500448458-2.avif\",\"contentUrl\":\"https:\/\/vibeadventures.com\/wp-content\/uploads\/2022\/01\/vibe-adventures-logo-green-TRANSPARENT-481-x-152-1-e1587500448458-2.avif\",\"width\":490,\"height\":100,\"caption\":\"Vibe Adventures\"},\"image\":{\"@id\":\"https:\/\/vibeadventures.com\/#\/schema\/logo\/image\/\"},\"sameAs\":[\"https:\/\/www.facebook.com\/VibeAdventures\/\",\"https:\/\/x.com\/vibe_adventures\",\"https:\/\/instagram.com\/vibe.adventures\",\"https:\/\/www.linkedin.com\/company\/vibe-adventures\/?viewAsMember=true\",\"https:\/\/www.pinterest.com\/Vibe_Adventures\/\",\"https:\/\/www.youtube.com\/channel\/UCQ9qyA-fVkdXarHBlzDCUBA?view_as=subscriber\",\"https:\/\/www.tiktok.com\/@vibeadventures\"]}]}<\/script>\n<!-- \/ Yoast SEO Premium plugin. -->","yoast_head_json":{"title":"Visitas personalizadas - Vibe Adventures","description":"Los tours personalizados evitan las vacaciones complicadas consiguiendo la mejor experiencia de una forma m\u00e1s r\u00e1pida y sencilla. Totalmente privados.","robots":{"index":"index","follow":"nofollow","max-snippet":"max-snippet:-1","max-image-preview":"max-image-preview:large","max-video-preview":"max-video-preview:-1"},"canonical":"https:\/\/vibeadventures.com\/es\/visitas-personalizadas\/","og_locale":"es_MX","og_type":"article","og_title":"Personalized tours","og_description":"Personalized tours Explore the world your way with Vibe Adventures' personalized tours. Tailor every detail to your interests, pace, and preferences while","og_url":"https:\/\/vibeadventures.com\/es\/visitas-personalizadas\/","og_site_name":"Vibe Adventures","article_publisher":"https:\/\/www.facebook.com\/VibeAdventures\/","article_modified_time":"2025-06-30T20:25:41+00:00","og_image":[{"width":1080,"height":720,"url":"https:\/\/vibeadventures.com\/wp-content\/uploads\/2022\/05\/mexico-city-to-teotihucan-tour.jpg","type":"image\/jpeg"}],"twitter_card":"summary_large_image","twitter_site":"@vibe_adventures","twitter_misc":{"Tiempo de lectura":"3 minutos"},"schema":{"@context":"https:\/\/schema.org","@graph":[{"@type":"WebPage","@id":"https:\/\/vibeadventures.com\/personalized-tours\/","url":"https:\/\/vibeadventures.com\/personalized-tours\/","name":"Visitas personalizadas - Vibe Adventures","isPartOf":{"@id":"https:\/\/vibeadventures.com\/#website"},"primaryImageOfPage":{"@id":"https:\/\/vibeadventures.com\/personalized-tours\/#primaryimage"},"image":{"@id":"https:\/\/vibeadventures.com\/personalized-tours\/#primaryimage"},"thumbnailUrl":"https:\/\/vibeadventures.com\/wp-content\/uploads\/2022\/05\/mexico-city-to-teotihucan-tour.avif","datePublished":"2022-08-10T03:29:33+00:00","dateModified":"2025-06-30T20:25:41+00:00","description":"Los tours personalizados evitan las vacaciones complicadas consiguiendo la mejor experiencia de una forma m\u00e1s r\u00e1pida y sencilla. Totalmente privados.","breadcrumb":{"@id":"https:\/\/vibeadventures.com\/personalized-tours\/#breadcrumb"},"inLanguage":"es","potentialAction":[{"@type":"ReadAction","target":["https:\/\/vibeadventures.com\/personalized-tours\/"]}]},{"@type":"ImageObject","inLanguage":"es","@id":"https:\/\/vibeadventures.com\/personalized-tours\/#primaryimage","url":"https:\/\/vibeadventures.com\/wp-content\/uploads\/2022\/05\/mexico-city-to-teotihucan-tour.avif","contentUrl":"https:\/\/vibeadventures.com\/wp-content\/uploads\/2022\/05\/mexico-city-to-teotihucan-tour.avif","width":1080,"height":720,"caption":"Explore Mexico\u2019s most visited archaeological site"},{"@type":"BreadcrumbList","@id":"https:\/\/vibeadventures.com\/personalized-tours\/#breadcrumb","itemListElement":[{"@type":"ListItem","position":1,"name":"Home","item":"https:\/\/vibeadventures.com\/"},{"@type":"ListItem","position":2,"name":"Personalized tours"}]},{"@type":"WebSite","@id":"https:\/\/vibeadventures.com\/#website","url":"https:\/\/vibeadventures.com\/","name":"Vibe Adventures?","description":"Aventuras y visitas locales aut\u00e9nticas","publisher":{"@id":"https:\/\/vibeadventures.com\/#organization"},"potentialAction":[{"@type":"SearchAction","target":{"@type":"EntryPoint","urlTemplate":"https:\/\/vibeadventures.com\/?s={search_term_string}"},"query-input":{"@type":"PropertyValueSpecification","valueRequired":true,"valueName":"search_term_string"}}],"inLanguage":"es"},{"@type":"Organization","@id":"https:\/\/vibeadventures.com\/#organization","name":"Vibe Adventures?","url":"https:\/\/vibeadventures.com\/","logo":{"@type":"ImageObject","inLanguage":"es","@id":"https:\/\/vibeadventures.com\/#\/schema\/logo\/image\/","url":"https:\/\/vibeadventures.com\/wp-content\/uploads\/2022\/01\/vibe-adventures-logo-green-TRANSPARENT-481-x-152-1-e1587500448458-2.avif","contentUrl":"https:\/\/vibeadventures.com\/wp-content\/uploads\/2022\/01\/vibe-adventures-logo-green-TRANSPARENT-481-x-152-1-e1587500448458-2.avif","width":490,"height":100,"caption":"Vibe Adventures"},"image":{"@id":"https:\/\/vibeadventures.com\/#\/schema\/logo\/image\/"},"sameAs":["https:\/\/www.facebook.com\/VibeAdventures\/","https:\/\/x.com\/vibe_adventures","https:\/\/instagram.com\/vibe.adventures","https:\/\/www.linkedin.com\/company\/vibe-adventures\/?viewAsMember=true","https:\/\/www.pinterest.com\/Vibe_Adventures\/","https:\/\/www.youtube.com\/channel\/UCQ9qyA-fVkdXarHBlzDCUBA?view_as=subscriber","https:\/\/www.tiktok.com\/@vibeadventures"]}]}},"_links":{"self":[{"href":"https:\/\/vibeadventures.com\/es\/wp-json\/wp\/v2\/pages\/14176","targetHints":{"allow":["GET"]}}],"collection":[{"href":"https:\/\/vibeadventures.com\/es\/wp-json\/wp\/v2\/pages"}],"about":[{"href":"https:\/\/vibeadventures.com\/es\/wp-json\/wp\/v2\/types\/page"}],"author":[{"embeddable":true,"href":"https:\/\/vibeadventures.com\/es\/wp-json\/wp\/v2\/users\/1"}],"replies":[{"embeddable":true,"href":"https:\/\/vibeadventures.com\/es\/wp-json\/wp\/v2\/comments?post=14176"}],"version-history":[{"count":1,"href":"https:\/\/vibeadventures.com\/es\/wp-json\/wp\/v2\/pages\/14176\/revisions"}],"predecessor-version":[{"id":30332,"href":"https:\/\/vibeadventures.com\/es\/wp-json\/wp\/v2\/pages\/14176\/revisions\/30332"}],"wp:featuredmedia":[{"embeddable":true,"href":"https:\/\/vibeadventures.com\/es\/wp-json\/wp\/v2\/media\/1058"}],"wp:attachment":[{"href":"https:\/\/vibeadventures.com\/es\/wp-json\/wp\/v2\/media?parent=14176"}],"curies":[{"name":"wp","href":"https:\/\/api.w.org\/{rel}","templated":true}]}}