{"id":20749,"date":"2023-05-03T23:54:28","date_gmt":"2023-05-03T23:54:28","guid":{"rendered":"https:\/\/vibeadventures.com\/?post_type=product&#038;p=20749"},"modified":"2024-04-22T15:39:43","modified_gmt":"2024-04-22T21:39:43","slug":"heisluftballon-teotihuacan-kleingruppenreise","status":"publish","type":"product","link":"https:\/\/vibeadventures.com\/de\/tour\/heisluftballon-teotihuacan-kleingruppenreise\/","title":{"rendered":"Hei\u00dfluftballon Teotihuacan: Inklusive Reisef\u00fchrer und Fahrer (Gruppe\/ 9 h)"},"content":{"rendered":"","protected":false},"excerpt":{"rendered":"","protected":false},"featured_media":16390,"comment_status":"open","ping_status":"closed","template":"","meta":{"_acf_changed":false},"adventures_type":[202],"destination":[425],"operator":[],"physical_ranking":[207],"season":[192],"suitability":[138,136,139,140,141,137,142],"sustainable-goals":[614,610],"travel_vibe":[193],"product_cat":[154],"product_tag":[58,78,94],"class_list":{"0":"post-20749","1":"product","2":"type-product","3":"status-publish","4":"has-post-thumbnail","6":"adventures_type-group","7":"destination-teotihuacan","8":"physical_ranking-relaxing","9":"season-all-year","10":"suitability-couples","11":"suitability-kid-friendly","12":"suitability-lgbt","13":"suitability-senior","14":"suitability-solo","15":"suitability-women-only","16":"suitability-youth","17":"sustainable-goals-goal-12-responsible-consumption-and-production","18":"sustainable-goals-goal-8-decent-work-and-economic-growth","19":"travel_vibe-adrenaline-extreme-tours","20":"product_cat-1-day-tours","21":"product_tag-archeology","22":"product_tag-hot-air-balloon","23":"product_tag-photo-tours","24":"entry","26":"first","27":"instock","28":"shipping-taxable","29":"purchasable","30":"product-type-simple"},"acf":{"type_of_tour":"1-Day","duration_days":"","duration_hours":9,"mood":"Small-Group","logisticsc":"","toogle_time":"05:30 AM","logisticsa":false,"logisticsa_toggle":"1","pick_up_location":null,"pick_up_location_toggle":null,"private_pickup":"Pickup included: your accommodation or another convenient place of your choice.","private_pickup_toggle":"Pickup included: your accommodation or another convenient place of your choice.","both_pickup":"","both_pickup_copy":"Exact time and location to be specified in the trip notes that are sent 1-2 weeks before the tour.","customization_group":"","customization_private":"","confirmation_select_private":"Automatic","confirmation_text_private":"Automatic confirmation (your departure is automatically confirmed and 100% guaranteed).","confirmation_select_group":"Manual","confirmation_text_group":"Manual confirmation (if a minimum number of participants is not met, we may cancel and fully refund your booking).","transfers":"","customize":"no","customizable_details":"We can do the following customizations on your request (subject to availability and needs to be confirmed before the tour):\r\n- Adjust the starting time of the tour.\r\n- Adjust the time you spend at each destination of the tour.\r\n- Add extra places of your choice (e.g. attractions, restaurants, etc.) to the itinerary on a complimentary basis if those visits (1) fit the default duration of the tour, (2) don\u2019t involve a significant change of the route and extra fees (e.g. entrance tickets, tolls, parking, etc.). \r\nChanges other than those will involve an extra fee and must be communicated to the tour organizer at least 72h before the tour (e.g. in the \u201cSpecial Requirements\u201d field during the booking or via email).","what_take":[{"take":"Comfortable clothes and shoes, light jacket, hat\/cap: sunscreen and sunglasses; personal ID, travel insurance, some cash; good mood and curiosity. "}],"extra_notes":"<ul>\r\n \t<li>Transportation: the type of vehicle depends on the size of your group and may include a car, 7-seater, or minivan.<\/li>\r\n \t<li>Age: to fly in a hot air balloon you must be at least 4 years old or 3 ft 11 in (or 1.20 m) tall.<\/li>\r\n \t<li>Only children aged 4 to 10 weighing no more than 45 kilos (100 lb) are eligible for the child's rate.<\/li>\r\n \t<li>Not recommended for pregnant women and people with chronic back pains.<\/li>\r\n \t<li>Booking info: please provide the full names, dates of birth, and approximate weights of all participants in the booking. Also, bring a photo ID or passport.<\/li>\r\n \t<li>Pickup time: can be slightly modified by the tour organizer due to logistical circumstances such as weather conditions and availability at the time of the booking.<\/li>\r\n \t<li>Duration of the tour: counts from the moment of a meetup till the end of the tour.<\/li>\r\n<\/ul>","cancellations":"","discount-tour":null,"tour_operator":false,"maxage":100,"minage":4,"group_size":8,"location":425,"language":["\ud83c\uddec\ud83c\udde7 English","\ud83c\uddea\ud83c\udde6 Spanish"],"tags":[78,58,94],"theme":[193],"adventure_type":[202],"accessibility":"\ud83d\uded1 Not wheelchair accessible.","pets":"\ud83d\uded1 Not permitted.","difficulty":207,"suitability":[138,136,139,140,141,137,142],"seasonall":[192],"included":{"guides":"yes","guidese":"Service of a bilingual guide.","accommodation":"no","accommodatione":"","accommodations":[],"transportation":"yes","transportatione":"Pick-up\/drop-off in a shared vehicle.","flights":"no","flightse":"","insurance":"yes","insurancee":"Flight accident insurance; flight certificate.","tips":"no","tipse":"","meals":"yes","mealse":"Mexican-style buffet; coffee break.","expenses":"no","expensese":"","activities":"yes","activitiese":"~45-60 min hot air balloon flight (depending on weather conditions) and guided visit to Teotihuacan Archaeological Zone."},"overview":"Join our breathtaking small-group hot air balloon <a href=\"https:\/\/en.wikipedia.org\/wiki\/Teotihuacan\">Teotihuacan<\/a> tour. Soar high above the ancient pyramids, taking in stunning views of the landscapes below. Also, explore the ruins of Teotihuacan while learning about the fascinating culture and heritage of this ancient city.","itinerary":"After an early pick-up from your hotel, join your group and head to Teotihuacan, a world-renowned archaeological site that holds immense significance in Mexico's rich cultural heritage, where an unforgettable adventure awaits you.\r\n\r\nUpon arrival, you'll embark on a thrilling hot air balloon ride, soaring over the ancient pyramids, breathing in the fresh morning air, and taking in stunning aerial views of the ancient city. After your balloon ride, you'll indulge in a delectable Mexican-style buffet breakfast, complete with a toast to your successful flight.\r\n\r\nNext up is a guided tour of the awe-inspiring pyramids of Teotihuacan. Your expert local guide will take you through the intricate network of pathways that connect the pyramids and share their knowledge and insights into this magnificent civilization that existed at least 2000 years ago.\r\n\r\nAs you explore the ancient ruins, walk down the Road of the Dead, where you'll witness the incredible architecture, the intricate murals, and the grandeur of the Pyramids of the Sun and the Moon. Your visit will be a journey into the past, revealing the fascinating culture, art, and science of the Teotihuacan people.\r\n\r\nYour day will come to an end with a comfortable drive back to Mexico City, where you'll be dropped off at your hotel. This tour is a perfect blend of adventure, culture, and history, and we promise it will be an experience that you'll cherish forever. Come and discover the rich heritage of Teotihuacan with us!","repeater":null,"destinations":[{"destination":"Teotihuacan Archaeological Zone","location":{"address":"Teotihuacan, M\u00e9x., M\u00e9xico","lat":19.6860799,"lng":-98.87163609999999,"zoom":14,"place_id":"ChIJyd0BTvnq0YUR2mRxFCPVfsc","name":"San Juan Teotihuacan de Arista","city":"San Juan Teotihuacan de Arista","state":"Estado de M\u00e9xico","state_short":"M\u00e9x.","country":"M\u00e9xico","country_short":"MX"}}],"highlights":[{"highlight":"Take a breathtaking hot air balloon flight and get stunning aerial views of Teotihuacan as the sun rises. "},{"highlight":"Get a Mexican-style buffet breakfast and try some of the local specialties. "},{"highlight":"Learn about the important cultural heritage of the UNESCO-listed Teotihuacan Pyramids from your guide."}],"galleryes":"no","gallery":[1310,1311,1346,242,17192,1309,15569,17190],"video":"","pdf":"","tourradar":null,"sustainability_tax":[614,610],"goals_description":"This tour aligns with the UN's Sustainable Development Goals 8 and 12 by empowering local communities and promoting sustainable consumption and production practices. We take tourists to underdeveloped regions, creating opportunities for economic growth while respecting local traditions and educating communities on sustainable approaches.","authenticity":"Our trips are designed to offer an authentic and immersive experience, where travelers can engage with local communities, learn about their customs, and connect with their values. We believe in the power of cultural exchange and strive to create opportunities for meaningful interactions.","impact":"We are committed to making a positive impact in the communities we visit. By creating job opportunities for locals, particularly for youth and women, we contribute to reducing inequality and promoting socio-economic development. Our tours also promote responsible consumption and production practices, and we work to educate both travelers and locals on sustainable approaches to tourism.","why":"Just sightseeing and fun: no visits to tourist shops &amp; restaurants, short pickup times.\r\nIdeal for small groups: the costs are fixed and the price\/person varies slightly based on the number of participants in the booking.\r\nFlexibility: adjust the program and route to your interests or extend the duration for an extra fee.","calendar":false,"calendar_group":"Rezdy","rezdy":"","toggle_calendar":"https:\/\/vibeadventures.rezdy.com\/calendarWidget\/562278?_gl=1*gi2830*_ga*MTA5NTIzMzAzOS4xNjY0Mzk0MDQ4*_ga_J7SXS0R0D6*MTY4MzIyMDA3OS4yMjcuMS4xNjgzMjM4NjIzLjU1LjAuMA..","bokun":"","bokun_toggle":"","display_price":"","toggle_price":270,"display_price_m":"","map_price":270,"price_multi_private":null,"price_multi_group":null,"dates_multi_private":null,"departures_multi_private":null,"dates_multi_group":null,"departures_multi_group":null,"pricing_one_private":null,"prices_group_private":null,"repeat_season":null,"departures_one_private":null,"repeat_season_group":null,"departures_one_group":null},"yoast_head":"<!-- This site is optimized with the Yoast SEO Premium plugin v24.7 (Yoast SEO v24.7) - https:\/\/yoast.com\/wordpress\/plugins\/seo\/ -->\n<title>Hot Air Balloon Teotihuacan: Plus Guide and Driver Included (Group\/ 9 h)<\/title>\n<meta name=\"description\" content=\"The Hot Air Balloon Teotihuacan Tour is for adventurers that want to explore this amazing archaeological zone in a totally unique way.\" \/>\n<meta name=\"robots\" content=\"index, follow, max-snippet:-1, max-image-preview:large, max-video-preview:-1\" \/>\n<link rel=\"canonical\" href=\"https:\/\/vibeadventures.com\/de\/tour\/heisluftballon-teotihuacan-kleingruppenreise\/\" \/>\n<meta property=\"og:locale\" content=\"de_DE\" \/>\n<meta property=\"og:type\" content=\"article\" \/>\n<meta property=\"og:title\" content=\"Hot Air Balloon Teotihuacan: Plus Guide and Driver Included (Group\/ 9 h)\" \/>\n<meta property=\"og:url\" content=\"https:\/\/vibeadventures.com\/de\/tour\/heisluftballon-teotihuacan-kleingruppenreise\/\" \/>\n<meta property=\"og:site_name\" content=\"Vibe Adventures\" \/>\n<meta property=\"article:publisher\" content=\"https:\/\/www.facebook.com\/VibeAdventures\/\" \/>\n<meta property=\"article:modified_time\" content=\"2024-04-22T21:39:43+00:00\" \/>\n<meta property=\"og:image\" content=\"https:\/\/vibeadventures.com\/wp-content\/uploads\/2022\/10\/unnamed-file-2.avif\" \/>\n\t<meta property=\"og:image:width\" content=\"840\" \/>\n\t<meta property=\"og:image:height\" content=\"438\" \/>\n\t<meta property=\"og:image:type\" content=\"image\/jpeg\" \/>\n<meta name=\"twitter:card\" content=\"summary_large_image\" \/>\n<meta name=\"twitter:site\" content=\"@vibe_adventures\" \/>\n<meta name=\"twitter:label1\" content=\"Gesch\u00e4tzte Lesezeit\" \/>\n\t<meta name=\"twitter:data1\" content=\"1\u00a0Minute\" \/>\n<script type=\"application\/ld+json\" class=\"yoast-schema-graph\">{\"@context\":\"https:\/\/schema.org\",\"@graph\":[{\"@type\":\"WebPage\",\"@id\":\"https:\/\/vibeadventures.com\/tour\/hot-air-balloon-teotihuacan-small-group-tour\/\",\"url\":\"https:\/\/vibeadventures.com\/tour\/hot-air-balloon-teotihuacan-small-group-tour\/\",\"name\":\"Hot Air Balloon Teotihuacan: Plus Guide and Driver Included (Group\/ 9 h)\",\"isPartOf\":{\"@id\":\"https:\/\/vibeadventures.com\/#website\"},\"primaryImageOfPage\":{\"@id\":\"https:\/\/vibeadventures.com\/tour\/hot-air-balloon-teotihuacan-small-group-tour\/#primaryimage\"},\"image\":{\"@id\":\"https:\/\/vibeadventures.com\/tour\/hot-air-balloon-teotihuacan-small-group-tour\/#primaryimage\"},\"thumbnailUrl\":\"https:\/\/vibeadventures.com\/wp-content\/uploads\/2022\/10\/unnamed-file-2.avif\",\"datePublished\":\"2023-05-03T23:54:28+00:00\",\"dateModified\":\"2024-04-22T21:39:43+00:00\",\"description\":\"The Hot Air Balloon Teotihuacan Tour is for adventurers that want to explore this amazing archaeological zone in a totally unique way.\",\"breadcrumb\":{\"@id\":\"https:\/\/vibeadventures.com\/tour\/hot-air-balloon-teotihuacan-small-group-tour\/#breadcrumb\"},\"inLanguage\":\"de\",\"potentialAction\":[{\"@type\":\"ReadAction\",\"target\":[\"https:\/\/vibeadventures.com\/tour\/hot-air-balloon-teotihuacan-small-group-tour\/\"]}]},{\"@type\":\"ImageObject\",\"inLanguage\":\"de\",\"@id\":\"https:\/\/vibeadventures.com\/tour\/hot-air-balloon-teotihuacan-small-group-tour\/#primaryimage\",\"url\":\"https:\/\/vibeadventures.com\/wp-content\/uploads\/2022\/10\/unnamed-file-2.avif\",\"contentUrl\":\"https:\/\/vibeadventures.com\/wp-content\/uploads\/2022\/10\/unnamed-file-2.avif\",\"width\":840,\"height\":438,\"caption\":\"Hot air balloon is always a nice experience!\"},{\"@type\":\"BreadcrumbList\",\"@id\":\"https:\/\/vibeadventures.com\/tour\/hot-air-balloon-teotihuacan-small-group-tour\/#breadcrumb\",\"itemListElement\":[{\"@type\":\"ListItem\",\"position\":1,\"name\":\"Home\",\"item\":\"https:\/\/vibeadventures.com\/\"},{\"@type\":\"ListItem\",\"position\":2,\"name\":\"Latin America\",\"item\":\"https:\/\/vibeadventures.com\/latin-america-tours\/\"},{\"@type\":\"ListItem\",\"position\":3,\"name\":\"Mexico\",\"item\":\"https:\/\/vibeadventures.com\/destination\/mexico\/\"},{\"@type\":\"ListItem\",\"position\":4,\"name\":\"Mexico City &amp; around\",\"item\":\"https:\/\/vibeadventures.com\/destination\/mexico\/mexico-city\/\"},{\"@type\":\"ListItem\",\"position\":5,\"name\":\"Teotihuacan\",\"item\":\"https:\/\/vibeadventures.com\/destination\/mexico\/mexico-city\/teotihuacan\/\"},{\"@type\":\"ListItem\",\"position\":6,\"name\":\"Hot Air Balloon Teotihuacan: Plus Guide and Driver Included (Group\/ 9 h)\"}]},{\"@type\":\"WebSite\",\"@id\":\"https:\/\/vibeadventures.com\/#website\",\"url\":\"https:\/\/vibeadventures.com\/\",\"name\":\"Vibe Adventures\",\"description\":\"Authentic Local Adventures &amp; Tours\",\"publisher\":{\"@id\":\"https:\/\/vibeadventures.com\/#organization\"},\"potentialAction\":[{\"@type\":\"SearchAction\",\"target\":{\"@type\":\"EntryPoint\",\"urlTemplate\":\"https:\/\/vibeadventures.com\/?s={search_term_string}\"},\"query-input\":{\"@type\":\"PropertyValueSpecification\",\"valueRequired\":true,\"valueName\":\"search_term_string\"}}],\"inLanguage\":\"de\"},{\"@type\":\"Organization\",\"@id\":\"https:\/\/vibeadventures.com\/#organization\",\"name\":\"Vibe Adventures\",\"url\":\"https:\/\/vibeadventures.com\/\",\"logo\":{\"@type\":\"ImageObject\",\"inLanguage\":\"de\",\"@id\":\"https:\/\/vibeadventures.com\/#\/schema\/logo\/image\/\",\"url\":\"https:\/\/vibeadventures.com\/wp-content\/uploads\/2022\/01\/vibe-adventures-logo-green-TRANSPARENT-481-x-152-1-e1587500448458-2.avif\",\"contentUrl\":\"https:\/\/vibeadventures.com\/wp-content\/uploads\/2022\/01\/vibe-adventures-logo-green-TRANSPARENT-481-x-152-1-e1587500448458-2.avif\",\"width\":490,\"height\":100,\"caption\":\"Vibe Adventures\"},\"image\":{\"@id\":\"https:\/\/vibeadventures.com\/#\/schema\/logo\/image\/\"},\"sameAs\":[\"https:\/\/www.facebook.com\/VibeAdventures\/\",\"https:\/\/x.com\/vibe_adventures\",\"https:\/\/instagram.com\/vibe.adventures\",\"https:\/\/www.linkedin.com\/company\/vibe-adventures\/?viewAsMember=true\",\"https:\/\/www.pinterest.com\/Vibe_Adventures\/\",\"https:\/\/www.youtube.com\/channel\/UCQ9qyA-fVkdXarHBlzDCUBA?view_as=subscriber\",\"https:\/\/www.tiktok.com\/@vibeadventures\"]}]}<\/script>\n<!-- \/ Yoast SEO Premium plugin. -->","yoast_head_json":{"title":"Hei\u00dfluftballon Teotihuacan: Inklusive Reisef\u00fchrer und Fahrer (Gruppe\/ 9 h)","description":"Die Tour mit dem Hei\u00dfluftballon durch Teotihuacan ist f\u00fcr Abenteurer gedacht, die diese erstaunliche arch\u00e4ologische Zone auf eine ganz besondere Art erkunden m\u00f6chten.","robots":{"index":"index","follow":"follow","max-snippet":"max-snippet:-1","max-image-preview":"max-image-preview:large","max-video-preview":"max-video-preview:-1"},"canonical":"https:\/\/vibeadventures.com\/de\/tour\/heisluftballon-teotihuacan-kleingruppenreise\/","og_locale":"de_DE","og_type":"article","og_title":"Hot Air Balloon Teotihuacan: Plus Guide and Driver Included (Group\/ 9 h)","og_url":"https:\/\/vibeadventures.com\/de\/tour\/heisluftballon-teotihuacan-kleingruppenreise\/","og_site_name":"Vibe Adventures","article_publisher":"https:\/\/www.facebook.com\/VibeAdventures\/","article_modified_time":"2024-04-22T21:39:43+00:00","og_image":[{"width":840,"height":438,"url":"https:\/\/vibeadventures.com\/wp-content\/uploads\/2022\/10\/unnamed-file-2.avif","type":"image\/jpeg"}],"twitter_card":"summary_large_image","twitter_site":"@vibe_adventures","twitter_misc":{"Gesch\u00e4tzte Lesezeit":"1\u00a0Minute"},"schema":{"@context":"https:\/\/schema.org","@graph":[{"@type":"WebPage","@id":"https:\/\/vibeadventures.com\/tour\/hot-air-balloon-teotihuacan-small-group-tour\/","url":"https:\/\/vibeadventures.com\/tour\/hot-air-balloon-teotihuacan-small-group-tour\/","name":"Hei\u00dfluftballon Teotihuacan: Inklusive Reisef\u00fchrer und Fahrer (Gruppe\/ 9 h)","isPartOf":{"@id":"https:\/\/vibeadventures.com\/#website"},"primaryImageOfPage":{"@id":"https:\/\/vibeadventures.com\/tour\/hot-air-balloon-teotihuacan-small-group-tour\/#primaryimage"},"image":{"@id":"https:\/\/vibeadventures.com\/tour\/hot-air-balloon-teotihuacan-small-group-tour\/#primaryimage"},"thumbnailUrl":"https:\/\/vibeadventures.com\/wp-content\/uploads\/2022\/10\/unnamed-file-2.avif","datePublished":"2023-05-03T23:54:28+00:00","dateModified":"2024-04-22T21:39:43+00:00","description":"Die Tour mit dem Hei\u00dfluftballon durch Teotihuacan ist f\u00fcr Abenteurer gedacht, die diese erstaunliche arch\u00e4ologische Zone auf eine ganz besondere Art erkunden m\u00f6chten.","breadcrumb":{"@id":"https:\/\/vibeadventures.com\/tour\/hot-air-balloon-teotihuacan-small-group-tour\/#breadcrumb"},"inLanguage":"de","potentialAction":[{"@type":"ReadAction","target":["https:\/\/vibeadventures.com\/tour\/hot-air-balloon-teotihuacan-small-group-tour\/"]}]},{"@type":"ImageObject","inLanguage":"de","@id":"https:\/\/vibeadventures.com\/tour\/hot-air-balloon-teotihuacan-small-group-tour\/#primaryimage","url":"https:\/\/vibeadventures.com\/wp-content\/uploads\/2022\/10\/unnamed-file-2.avif","contentUrl":"https:\/\/vibeadventures.com\/wp-content\/uploads\/2022\/10\/unnamed-file-2.avif","width":840,"height":438,"caption":"Hot air balloon is always a nice experience!"},{"@type":"BreadcrumbList","@id":"https:\/\/vibeadventures.com\/tour\/hot-air-balloon-teotihuacan-small-group-tour\/#breadcrumb","itemListElement":[{"@type":"ListItem","position":1,"name":"Home","item":"https:\/\/vibeadventures.com\/"},{"@type":"ListItem","position":2,"name":"Latin America","item":"https:\/\/vibeadventures.com\/latin-america-tours\/"},{"@type":"ListItem","position":3,"name":"Mexico","item":"https:\/\/vibeadventures.com\/destination\/mexico\/"},{"@type":"ListItem","position":4,"name":"Mexico City &amp; around","item":"https:\/\/vibeadventures.com\/destination\/mexico\/mexico-city\/"},{"@type":"ListItem","position":5,"name":"Teotihuacan","item":"https:\/\/vibeadventures.com\/destination\/mexico\/mexico-city\/teotihuacan\/"},{"@type":"ListItem","position":6,"name":"Hot Air Balloon Teotihuacan: Plus Guide and Driver Included (Group\/ 9 h)"}]},{"@type":"WebSite","@id":"https:\/\/vibeadventures.com\/#website","url":"https:\/\/vibeadventures.com\/","name":"Vibe Adventures","description":"Authentische lokale Abenteuer &amp; Touren","publisher":{"@id":"https:\/\/vibeadventures.com\/#organization"},"potentialAction":[{"@type":"SearchAction","target":{"@type":"EntryPoint","urlTemplate":"https:\/\/vibeadventures.com\/?s={search_term_string}"},"query-input":{"@type":"PropertyValueSpecification","valueRequired":true,"valueName":"search_term_string"}}],"inLanguage":"de"},{"@type":"Organization","@id":"https:\/\/vibeadventures.com\/#organization","name":"Vibe Adventures","url":"https:\/\/vibeadventures.com\/","logo":{"@type":"ImageObject","inLanguage":"de","@id":"https:\/\/vibeadventures.com\/#\/schema\/logo\/image\/","url":"https:\/\/vibeadventures.com\/wp-content\/uploads\/2022\/01\/vibe-adventures-logo-green-TRANSPARENT-481-x-152-1-e1587500448458-2.avif","contentUrl":"https:\/\/vibeadventures.com\/wp-content\/uploads\/2022\/01\/vibe-adventures-logo-green-TRANSPARENT-481-x-152-1-e1587500448458-2.avif","width":490,"height":100,"caption":"Vibe Adventures"},"image":{"@id":"https:\/\/vibeadventures.com\/#\/schema\/logo\/image\/"},"sameAs":["https:\/\/www.facebook.com\/VibeAdventures\/","https:\/\/x.com\/vibe_adventures","https:\/\/instagram.com\/vibe.adventures","https:\/\/www.linkedin.com\/company\/vibe-adventures\/?viewAsMember=true","https:\/\/www.pinterest.com\/Vibe_Adventures\/","https:\/\/www.youtube.com\/channel\/UCQ9qyA-fVkdXarHBlzDCUBA?view_as=subscriber","https:\/\/www.tiktok.com\/@vibeadventures"]}]}},"_links":{"self":[{"href":"https:\/\/vibeadventures.com\/de\/wp-json\/wp\/v2\/product\/20749","targetHints":{"allow":["GET"]}}],"collection":[{"href":"https:\/\/vibeadventures.com\/de\/wp-json\/wp\/v2\/product"}],"about":[{"href":"https:\/\/vibeadventures.com\/de\/wp-json\/wp\/v2\/types\/product"}],"replies":[{"embeddable":true,"href":"https:\/\/vibeadventures.com\/de\/wp-json\/wp\/v2\/comments?post=20749"}],"acf:term":[{"embeddable":true,"taxonomy":"sustainable-goals","href":"https:\/\/vibeadventures.com\/de\/wp-json\/wp\/v2\/sustainable-goals\/610"},{"embeddable":true,"taxonomy":"sustainable-goals","href":"https:\/\/vibeadventures.com\/de\/wp-json\/wp\/v2\/sustainable-goals\/614"},{"embeddable":true,"taxonomy":"season","href":"https:\/\/vibeadventures.com\/de\/wp-json\/wp\/v2\/season\/192"},{"embeddable":true,"taxonomy":"suitability","href":"https:\/\/vibeadventures.com\/de\/wp-json\/wp\/v2\/suitability\/142"},{"embeddable":true,"taxonomy":"suitability","href":"https:\/\/vibeadventures.com\/de\/wp-json\/wp\/v2\/suitability\/137"},{"embeddable":true,"taxonomy":"suitability","href":"https:\/\/vibeadventures.com\/de\/wp-json\/wp\/v2\/suitability\/141"},{"embeddable":true,"taxonomy":"suitability","href":"https:\/\/vibeadventures.com\/de\/wp-json\/wp\/v2\/suitability\/140"},{"embeddable":true,"taxonomy":"suitability","href":"https:\/\/vibeadventures.com\/de\/wp-json\/wp\/v2\/suitability\/139"},{"embeddable":true,"taxonomy":"suitability","href":"https:\/\/vibeadventures.com\/de\/wp-json\/wp\/v2\/suitability\/136"},{"embeddable":true,"taxonomy":"suitability","href":"https:\/\/vibeadventures.com\/de\/wp-json\/wp\/v2\/suitability\/138"},{"embeddable":true,"taxonomy":"physical_ranking","href":"https:\/\/vibeadventures.com\/de\/wp-json\/wp\/v2\/physical_ranking\/207"},{"embeddable":true,"taxonomy":"adventures_type","href":"https:\/\/vibeadventures.com\/de\/wp-json\/wp\/v2\/adventures_type\/202"},{"embeddable":true,"taxonomy":"travel_vibe","href":"https:\/\/vibeadventures.com\/de\/wp-json\/wp\/v2\/travel_vibe\/193"},{"embeddable":true,"taxonomy":"product_tag","href":"https:\/\/vibeadventures.com\/de\/wp-json\/wp\/v2\/product_tag\/94"},{"embeddable":true,"taxonomy":"product_tag","href":"https:\/\/vibeadventures.com\/de\/wp-json\/wp\/v2\/product_tag\/58"},{"embeddable":true,"taxonomy":"product_tag","href":"https:\/\/vibeadventures.com\/de\/wp-json\/wp\/v2\/product_tag\/78"},{"embeddable":true,"taxonomy":"destination","href":"https:\/\/vibeadventures.com\/de\/wp-json\/wp\/v2\/destination\/425"}],"acf:attachment":[{"embeddable":true,"href":"https:\/\/vibeadventures.com\/de\/wp-json\/wp\/v2\/media\/17190"},{"embeddable":true,"href":"https:\/\/vibeadventures.com\/de\/wp-json\/wp\/v2\/media\/15569"},{"embeddable":true,"href":"https:\/\/vibeadventures.com\/de\/wp-json\/wp\/v2\/media\/1309"},{"embeddable":true,"href":"https:\/\/vibeadventures.com\/de\/wp-json\/wp\/v2\/media\/17192"},{"embeddable":true,"href":"https:\/\/vibeadventures.com\/de\/wp-json\/wp\/v2\/media\/242"},{"embeddable":true,"href":"https:\/\/vibeadventures.com\/de\/wp-json\/wp\/v2\/media\/1346"},{"embeddable":true,"href":"https:\/\/vibeadventures.com\/de\/wp-json\/wp\/v2\/media\/1311"},{"embeddable":true,"href":"https:\/\/vibeadventures.com\/de\/wp-json\/wp\/v2\/media\/1310"}],"wp:featuredmedia":[{"embeddable":true,"href":"https:\/\/vibeadventures.com\/de\/wp-json\/wp\/v2\/media\/16390"}],"wp:attachment":[{"href":"https:\/\/vibeadventures.com\/de\/wp-json\/wp\/v2\/media?parent=20749"}],"wp:term":[{"taxonomy":"adventures_type","embeddable":true,"href":"https:\/\/vibeadventures.com\/de\/wp-json\/wp\/v2\/adventures_type?post=20749"},{"taxonomy":"destination","embeddable":true,"href":"https:\/\/vibeadventures.com\/de\/wp-json\/wp\/v2\/destination?post=20749"},{"taxonomy":"operator","embeddable":true,"href":"https:\/\/vibeadventures.com\/de\/wp-json\/wp\/v2\/operator?post=20749"},{"taxonomy":"physical_ranking","embeddable":true,"href":"https:\/\/vibeadventures.com\/de\/wp-json\/wp\/v2\/physical_ranking?post=20749"},{"taxonomy":"season","embeddable":true,"href":"https:\/\/vibeadventures.com\/de\/wp-json\/wp\/v2\/season?post=20749"},{"taxonomy":"suitability","embeddable":true,"href":"https:\/\/vibeadventures.com\/de\/wp-json\/wp\/v2\/suitability?post=20749"},{"taxonomy":"sustainable-goals","embeddable":true,"href":"https:\/\/vibeadventures.com\/de\/wp-json\/wp\/v2\/sustainable-goals?post=20749"},{"taxonomy":"travel_vibe","embeddable":true,"href":"https:\/\/vibeadventures.com\/de\/wp-json\/wp\/v2\/travel_vibe?post=20749"},{"taxonomy":"product_cat","embeddable":true,"href":"https:\/\/vibeadventures.com\/de\/wp-json\/wp\/v2\/product_cat?post=20749"},{"taxonomy":"product_tag","embeddable":true,"href":"https:\/\/vibeadventures.com\/de\/wp-json\/wp\/v2\/product_tag?post=20749"}],"curies":[{"name":"wp","href":"https:\/\/api.w.org\/{rel}","templated":true}]}}