{"id":19868,"date":"2023-03-14T20:30:25","date_gmt":"2023-03-14T20:30:25","guid":{"rendered":"https:\/\/vibeadventures.com\/?post_type=product&#038;p=19868"},"modified":"2024-06-24T16:07:08","modified_gmt":"2024-06-24T22:07:08","slug":"cancun-jet-skiing-privat","status":"publish","type":"product","link":"https:\/\/vibeadventures.com\/de\/tour\/cancun-jet-skiing-privat\/","title":{"rendered":"Cancun Jet Skiing: Segeln in der atemberaubenden Nichupte Lagune und den Mangroven (Privat \/ 1h)"},"content":{"rendered":"","protected":false},"excerpt":{"rendered":"","protected":false},"featured_media":19871,"comment_status":"open","ping_status":"closed","template":"","meta":{"_acf_changed":false},"adventures_type":[201],"destination":[590],"operator":[665],"physical_ranking":[209],"season":[192],"suitability":[138,136,139,140,141,137,142],"sustainable-goals":[614,610],"travel_vibe":[153],"product_cat":[154],"product_tag":[60,66],"class_list":{"0":"post-19868","1":"product","2":"type-product","3":"status-publish","4":"has-post-thumbnail","6":"adventures_type-private","7":"destination-cancun","8":"operator-alejandra-team","9":"physical_ranking-moderate","10":"season-all-year","11":"suitability-couples","12":"suitability-kid-friendly","13":"suitability-lgbt","14":"suitability-senior","15":"suitability-solo","16":"suitability-women-only","17":"suitability-youth","18":"sustainable-goals-goal-12-responsible-consumption-and-production","19":"sustainable-goals-goal-8-decent-work-and-economic-growth","20":"travel_vibe-beach-sea-tours","21":"product_cat-1-day-tours","22":"product_tag-atvs-motos","23":"product_tag-boat-rides","24":"entry","26":"first","27":"instock","28":"shipping-taxable","29":"purchasable","30":"product-type-simple"},"acf":{"type_of_tour":"1-Day","duration_days":"","duration_hours":1,"mood":"Small-Group","logisticsc":"10:00 AM","toogle_time":"10:00 am","logisticsa":"2","logisticsa_toggle":"1","pick_up_location":[{"location":"Boulevard Kukulcan, Km 15.3, 77500, Zona Hotelera, Canc\u00fan, MX","google_maps_link":"https:\/\/www.google.com.mx\/maps\/place\/Aquaworld\/@21.0841963,-86.7750926,20.54z\/data=!4m17!1m10!3m9!1s0x8f4c28370abdd883:0x911f472d975d75cf!2sParadisus+Canc\u00fan!5m2!4m1!1i2!8m2!3d21.0836384!4d-86.7720018!16s%2Fg%2F1pv2ldy4b!3m5!1s0x8f4c2836f887c76d:0x14fbe26c487e67af!8m2!3d21.0841041!4d-86.7748163!16s%2Fg%2F1tgtgkdt","details":""}],"pick_up_location_toggle":null,"private_pickup":"Pickup included: your accommodation or another convenient place of your choice.","private_pickup_toggle":"Pickup included: your accommodation or another convenient place of your choice.","both_pickup":"","both_pickup_copy":"Exact time and location to be specified in the trip notes that are sent 1-2 weeks before the tour.","customization_group":"","customization_private":"","confirmation_select_private":"Automatic","confirmation_text_private":"Automatic confirmation (your departure is automatically confirmed and 100% guaranteed).","confirmation_select_group":"Manual","confirmation_text_group":"Manual confirmation (if a minimum number of participants is not met, we may cancel and fully refund your booking).","transfers":"","customize":"no","customizable_details":"We can do the following customizations on your request (subject to availability and needs to be confirmed before the tour):\r\n- Adjust the starting time of the tour.\r\n- Adjust the time you spend at each destination of the tour.\r\n- Add extra places of your choice (e.g. attractions, restaurants, etc.) to the itinerary on a complimentary basis if those visits (1) fit the default duration of the tour, (2) don\u2019t involve a significant change of the route and extra fees (e.g. entrance tickets, tolls, parking, etc.). \r\nChanges other than those will involve an extra fee and must be communicated to the tour organizer at least 72h before the tour (e.g. in the \u201cSpecial Requirements\u201d field during the booking or via email).","what_take":[{"take":"Bathing suit, towel, and sunscreen. "}],"extra_notes":"<strong>Not suitable for:<\/strong>\r\n<ul>\r\n \t<li>People with back problems, expectant mothers, or with serious medical conditions.<\/li>\r\n<\/ul>\r\n&nbsp;\r\n\r\n<strong>Please note:<\/strong>\r\n<ul>\r\n \t<li>Kids 6 or older can participate in the activity with an adult.<\/li>\r\n \t<li>The minimum age for driving a wave runner is 18.<\/li>\r\n \t<li>Near public transportation.<\/li>\r\n<\/ul>\r\n&nbsp;\r\n\r\n<strong>This tour doesn't include:<\/strong>\r\n<ul>\r\n \t<li>Pickup from your hotel<\/li>\r\n \t<li><strong>A reef preservation fee ($12 USD<\/strong> per wave runner)<\/li>\r\n<\/ul>","cancellations":"","discount-tour":null,"tour_operator":"Alejandra & team","maxage":100,"minage":6,"group_size":2,"location":590,"language":["English","Spanish"],"tags":[66,60],"theme":[153],"adventure_type":[201],"accessibility":"\ud83d\uded1 Not wheelchair accessible.","pets":"\ud83d\uded1 Not permitted.","difficulty":209,"suitability":[138,136,139,140,141,137,142],"seasonall":[192],"included":{"guides":"yes","guidese":"English\/Spanish bilingual service guide","accommodation":"no","accommodatione":"","accommodations":[],"transportation":"no","transportatione":"","flights":"no","flightse":"","insurance":"yes","insurancee":"","tips":"no","tipse":"","meals":"no","mealse":"","expenses":"no","expensese":"","activities":"yes","activitiese":"30-minute jet skiing ride on a Yamaha VX 700."},"overview":"With Cancun Jet Skiing, experience the thrill of an unforgettable adventure on the stunning Mexican Caribbean's crystal-clear waters and breathtaking landscape. Our expert guides ensure a safe and secure ride, available for 30 minutes to 1 hour. No experience is necessary to enjoy the adrenaline rush of a wave runner adventure.","itinerary":"Experience the thrill of jet skiing in the Nichupte Lagoon in Mexico, a stunning and tranquil body of water located in Cancun. Start your adventure with a safety briefing and instructions on how to operate your jet ski, provided by your knowledgeable guide.\r\n\r\nAs you navigate through the lagoon's crystal-clear waters, marvel at the breathtaking scenery of lush mangroves and tropical vegetation. Keep an eye out for the diverse array of wildlife that calls this area home, such as exotic birds and playful dolphins.\r\n\r\nThis exhilarating tour is suitable for all levels of experience, from seasoned riders to first-time jet skiers. It is a perfect way to spend a day in Cancun, with an adventure-packed itinerary that is sure to leave you with unforgettable memories.","repeater":null,"destinations":[{"destination":"Nichupte Lagoon","location":{"address":"Nichupt\u00e9, Quintana Roo, M\u00e9xico","lat":21.0709631,"lng":-86.7961811,"zoom":14,"place_id":"ChIJAx-2M7cpTI8REL3Ysr1vU3U","name":"Nichupt\u00e9","state":"Quintana Roo","state_short":"Q.R.","country":"M\u00e9xico","country_short":"MX"}}],"highlights":[{"highlight":"This experience is in a Yamaha VX 700"},{"highlight":"Explore the Caribbean sea in a different way"},{"highlight":"Learn how to drive in the ocean by our local expert riders"}],"galleryes":"no","gallery":[19872,19871,19873,19874,16527,14147,14138],"video":"","pdf":"","tourradar":null,"sustainability_tax":[614,610],"goals_description":"This tour aligns with the UN's Sustainable Development Goals 8 and 12 by empowering local communities and promoting sustainable consumption and production practices. We take tourists to underdeveloped regions, creating opportunities for economic growth while respecting local traditions and educating communities on sustainable approaches.","authenticity":"We do our best to make our trips educative and fulfilling, in which travelers can interact with local populations, learn about their traditions, and culture, and connect with their core values.","impact":"This tour is organized by or involves significant participation of local communities and service providers thus creating employment, increasing consumption, and benefitting the socio-economic development of the region.","why":"Just sightseeing and fun: no visits to tourist shops and restaurants.\r\nIdeal for small groups: the price is fixed and varies just slightly based on the number of participants.\r\nFlexibility: adjust the program and route to your interests or extend the duration for an extra fee.","calendar":"rezdy","calendar_group":"Bokun","rezdy":"","toggle_calendar":"","bokun":"<script type=\"text\/javascript\" src=\"https:\/\/widgets.bokun.io\/assets\/javascripts\/apps\/build\/BokunWidgetsLoader.js?bookingChannelUUID=c3e63399-5f41-478b-a05b-43d7b91f2bba\" async><\/script>\r\n     \r\n    <div class=\"bokunWidget\" data-src=\"https:\/\/widgets.bokun.io\/online-sales\/c3e63399-5f41-478b-a05b-43d7b91f2bba\/experience-calendar\/593903\"><\/div>\r\n    <noscript>Please enable javascript in your browser to book<\/noscript>","bokun_toggle":"<script type=\"text\/javascript\" src=\"https:\/\/widgets.bokun.io\/assets\/javascripts\/apps\/build\/BokunWidgetsLoader.js?bookingChannelUUID=c3e63399-5f41-478b-a05b-43d7b91f2bba\" async><\/script>\r\n     \r\n    <div class=\"bokunWidget\" data-src=\"https:\/\/widgets.bokun.io\/online-sales\/c3e63399-5f41-478b-a05b-43d7b91f2bba\/experience-calendar\/593903\"><\/div>\r\n    <noscript>Please enable javascript in your browser to book<\/noscript>","display_price":52,"toggle_price":95,"display_price_m":"","map_price":"","price_multi_private":null,"price_multi_group":null,"dates_multi_private":null,"departures_multi_private":null,"dates_multi_group":null,"departures_multi_group":null,"pricing_one_private":null,"prices_group_private":null,"repeat_season":null,"departures_one_private":null,"repeat_season_group":null,"departures_one_group":null},"yoast_head":"<!-- This site is optimized with the Yoast SEO Premium plugin v24.7 (Yoast SEO v24.7) - https:\/\/yoast.com\/wordpress\/plugins\/seo\/ -->\n<title>Cancun Jet Skiing: Sail in Stuning Nichupte Lagoon and Mangroves (Private \/ 1h)<\/title>\n<meta name=\"description\" content=\"The Cancun Jet Skiing Private Tour is an extreme adventure that will make you enjoy the beautiful Caribbean Ocean like a total pro!\" \/>\n<meta name=\"robots\" content=\"noindex, nofollow\" \/>\n<meta property=\"og:locale\" content=\"de_DE\" \/>\n<meta property=\"og:type\" content=\"article\" \/>\n<meta property=\"og:title\" content=\"Cancun Jet Skiing: Sail in Stuning Nichupte Lagoon and Mangroves (Private \/ 1h)\" \/>\n<meta property=\"og:url\" content=\"https:\/\/vibeadventures.com\/de\/tour\/cancun-jet-skiing-privat\/\" \/>\n<meta property=\"og:site_name\" content=\"Vibe Adventures\" \/>\n<meta property=\"article:publisher\" content=\"https:\/\/www.facebook.com\/VibeAdventures\/\" \/>\n<meta property=\"article:modified_time\" content=\"2024-06-24T22:07:08+00:00\" \/>\n<meta property=\"og:image\" content=\"https:\/\/vibeadventures.com\/wp-content\/uploads\/2023\/03\/cancun-jet-skiing-scaled.avif\" \/>\n\t<meta property=\"og:image:width\" content=\"2560\" \/>\n\t<meta property=\"og:image:height\" content=\"1696\" \/>\n\t<meta property=\"og:image:type\" content=\"image\/webp\" \/>\n<meta name=\"twitter:card\" content=\"summary_large_image\" \/>\n<meta name=\"twitter:site\" content=\"@vibe_adventures\" \/>\n<meta name=\"twitter:label1\" content=\"Gesch\u00e4tzte Lesezeit\" \/>\n\t<meta name=\"twitter:data1\" content=\"1\u00a0Minute\" \/>\n<script type=\"application\/ld+json\" class=\"yoast-schema-graph\">{\"@context\":\"https:\/\/schema.org\",\"@graph\":[{\"@type\":\"WebPage\",\"@id\":\"https:\/\/vibeadventures.com\/tour\/cancun-jet-skiing-private\/\",\"url\":\"https:\/\/vibeadventures.com\/tour\/cancun-jet-skiing-private\/\",\"name\":\"Cancun Jet Skiing: Sail in Stuning Nichupte Lagoon and Mangroves (Private \/ 1h)\",\"isPartOf\":{\"@id\":\"https:\/\/vibeadventures.com\/#website\"},\"primaryImageOfPage\":{\"@id\":\"https:\/\/vibeadventures.com\/tour\/cancun-jet-skiing-private\/#primaryimage\"},\"image\":{\"@id\":\"https:\/\/vibeadventures.com\/tour\/cancun-jet-skiing-private\/#primaryimage\"},\"thumbnailUrl\":\"https:\/\/vibeadventures.com\/wp-content\/uploads\/2023\/03\/cancun-jet-skiing-scaled.avif\",\"datePublished\":\"2023-03-14T20:30:25+00:00\",\"dateModified\":\"2024-06-24T22:07:08+00:00\",\"description\":\"The Cancun Jet Skiing Private Tour is an extreme adventure that will make you enjoy the beautiful Caribbean Ocean like a total pro!\",\"breadcrumb\":{\"@id\":\"https:\/\/vibeadventures.com\/tour\/cancun-jet-skiing-private\/#breadcrumb\"},\"inLanguage\":\"de\",\"potentialAction\":[{\"@type\":\"ReadAction\",\"target\":[\"https:\/\/vibeadventures.com\/tour\/cancun-jet-skiing-private\/\"]}]},{\"@type\":\"ImageObject\",\"inLanguage\":\"de\",\"@id\":\"https:\/\/vibeadventures.com\/tour\/cancun-jet-skiing-private\/#primaryimage\",\"url\":\"https:\/\/vibeadventures.com\/wp-content\/uploads\/2023\/03\/cancun-jet-skiing-scaled.avif\",\"contentUrl\":\"https:\/\/vibeadventures.com\/wp-content\/uploads\/2023\/03\/cancun-jet-skiing-scaled.avif\",\"width\":2560,\"height\":1696,\"caption\":\"Enjoy the adrenaline rush of a wave runner adventure\"},{\"@type\":\"BreadcrumbList\",\"@id\":\"https:\/\/vibeadventures.com\/tour\/cancun-jet-skiing-private\/#breadcrumb\",\"itemListElement\":[{\"@type\":\"ListItem\",\"position\":1,\"name\":\"Home\",\"item\":\"https:\/\/vibeadventures.com\/\"},{\"@type\":\"ListItem\",\"position\":2,\"name\":\"Latin America\",\"item\":\"https:\/\/vibeadventures.com\/latin-america-tours\/\"},{\"@type\":\"ListItem\",\"position\":3,\"name\":\"Mexico\",\"item\":\"https:\/\/vibeadventures.com\/destination\/mexico\/\"},{\"@type\":\"ListItem\",\"position\":4,\"name\":\"Riviera Maya\",\"item\":\"https:\/\/vibeadventures.com\/destination\/mexico\/cancun-and-riviera-maya\/\"},{\"@type\":\"ListItem\",\"position\":5,\"name\":\"Cancun\",\"item\":\"https:\/\/vibeadventures.com\/destination\/mexico\/cancun-and-riviera-maya\/cancun\/\"},{\"@type\":\"ListItem\",\"position\":6,\"name\":\"Cancun Jet Skiing: Sail in Stuning Nichupte Lagoon and Mangroves (Private \/ 1h)\"}]},{\"@type\":\"WebSite\",\"@id\":\"https:\/\/vibeadventures.com\/#website\",\"url\":\"https:\/\/vibeadventures.com\/\",\"name\":\"Vibe Adventures\",\"description\":\"Authentic Local Adventures &amp; Tours\",\"publisher\":{\"@id\":\"https:\/\/vibeadventures.com\/#organization\"},\"potentialAction\":[{\"@type\":\"SearchAction\",\"target\":{\"@type\":\"EntryPoint\",\"urlTemplate\":\"https:\/\/vibeadventures.com\/?s={search_term_string}\"},\"query-input\":{\"@type\":\"PropertyValueSpecification\",\"valueRequired\":true,\"valueName\":\"search_term_string\"}}],\"inLanguage\":\"de\"},{\"@type\":\"Organization\",\"@id\":\"https:\/\/vibeadventures.com\/#organization\",\"name\":\"Vibe Adventures\",\"url\":\"https:\/\/vibeadventures.com\/\",\"logo\":{\"@type\":\"ImageObject\",\"inLanguage\":\"de\",\"@id\":\"https:\/\/vibeadventures.com\/#\/schema\/logo\/image\/\",\"url\":\"https:\/\/vibeadventures.com\/wp-content\/uploads\/2022\/01\/vibe-adventures-logo-green-TRANSPARENT-481-x-152-1-e1587500448458-2.avif\",\"contentUrl\":\"https:\/\/vibeadventures.com\/wp-content\/uploads\/2022\/01\/vibe-adventures-logo-green-TRANSPARENT-481-x-152-1-e1587500448458-2.avif\",\"width\":490,\"height\":100,\"caption\":\"Vibe Adventures\"},\"image\":{\"@id\":\"https:\/\/vibeadventures.com\/#\/schema\/logo\/image\/\"},\"sameAs\":[\"https:\/\/www.facebook.com\/VibeAdventures\/\",\"https:\/\/x.com\/vibe_adventures\",\"https:\/\/instagram.com\/vibe.adventures\",\"https:\/\/www.linkedin.com\/company\/vibe-adventures\/?viewAsMember=true\",\"https:\/\/www.pinterest.com\/Vibe_Adventures\/\",\"https:\/\/www.youtube.com\/channel\/UCQ9qyA-fVkdXarHBlzDCUBA?view_as=subscriber\",\"https:\/\/www.tiktok.com\/@vibeadventures\"]}]}<\/script>\n<!-- \/ Yoast SEO Premium plugin. -->","yoast_head_json":{"title":"Cancun Jet Skiing: Segeln in der atemberaubenden Nichupte Lagune und den Mangroven (Privat \/ 1h)","description":"Die Cancun Jet Skiing Private Tour ist ein extremes Abenteuer, bei dem Sie den wundersch\u00f6nen karibischen Ozean wie ein echter Profi genie\u00dfen k\u00f6nnen!","robots":{"index":"noindex","follow":"nofollow"},"og_locale":"de_DE","og_type":"article","og_title":"Cancun Jet Skiing: Sail in Stuning Nichupte Lagoon and Mangroves (Private \/ 1h)","og_url":"https:\/\/vibeadventures.com\/de\/tour\/cancun-jet-skiing-privat\/","og_site_name":"Vibe Adventures","article_publisher":"https:\/\/www.facebook.com\/VibeAdventures\/","article_modified_time":"2024-06-24T22:07:08+00:00","og_image":[{"width":2560,"height":1696,"url":"https:\/\/vibeadventures.com\/wp-content\/uploads\/2023\/03\/cancun-jet-skiing-scaled.avif","type":"image\/webp"}],"twitter_card":"summary_large_image","twitter_site":"@vibe_adventures","twitter_misc":{"Gesch\u00e4tzte Lesezeit":"1\u00a0Minute"},"schema":{"@context":"https:\/\/schema.org","@graph":[{"@type":"WebPage","@id":"https:\/\/vibeadventures.com\/tour\/cancun-jet-skiing-private\/","url":"https:\/\/vibeadventures.com\/tour\/cancun-jet-skiing-private\/","name":"Cancun Jet Skiing: Segeln in der atemberaubenden Nichupte Lagune und den Mangroven (Privat \/ 1h)","isPartOf":{"@id":"https:\/\/vibeadventures.com\/#website"},"primaryImageOfPage":{"@id":"https:\/\/vibeadventures.com\/tour\/cancun-jet-skiing-private\/#primaryimage"},"image":{"@id":"https:\/\/vibeadventures.com\/tour\/cancun-jet-skiing-private\/#primaryimage"},"thumbnailUrl":"https:\/\/vibeadventures.com\/wp-content\/uploads\/2023\/03\/cancun-jet-skiing-scaled.avif","datePublished":"2023-03-14T20:30:25+00:00","dateModified":"2024-06-24T22:07:08+00:00","description":"Die Cancun Jet Skiing Private Tour ist ein extremes Abenteuer, bei dem Sie den wundersch\u00f6nen karibischen Ozean wie ein echter Profi genie\u00dfen k\u00f6nnen!","breadcrumb":{"@id":"https:\/\/vibeadventures.com\/tour\/cancun-jet-skiing-private\/#breadcrumb"},"inLanguage":"de","potentialAction":[{"@type":"ReadAction","target":["https:\/\/vibeadventures.com\/tour\/cancun-jet-skiing-private\/"]}]},{"@type":"ImageObject","inLanguage":"de","@id":"https:\/\/vibeadventures.com\/tour\/cancun-jet-skiing-private\/#primaryimage","url":"https:\/\/vibeadventures.com\/wp-content\/uploads\/2023\/03\/cancun-jet-skiing-scaled.avif","contentUrl":"https:\/\/vibeadventures.com\/wp-content\/uploads\/2023\/03\/cancun-jet-skiing-scaled.avif","width":2560,"height":1696,"caption":"Enjoy the adrenaline rush of a wave runner adventure"},{"@type":"BreadcrumbList","@id":"https:\/\/vibeadventures.com\/tour\/cancun-jet-skiing-private\/#breadcrumb","itemListElement":[{"@type":"ListItem","position":1,"name":"Home","item":"https:\/\/vibeadventures.com\/"},{"@type":"ListItem","position":2,"name":"Latin America","item":"https:\/\/vibeadventures.com\/latin-america-tours\/"},{"@type":"ListItem","position":3,"name":"Mexico","item":"https:\/\/vibeadventures.com\/destination\/mexico\/"},{"@type":"ListItem","position":4,"name":"Riviera Maya","item":"https:\/\/vibeadventures.com\/destination\/mexico\/cancun-and-riviera-maya\/"},{"@type":"ListItem","position":5,"name":"Cancun","item":"https:\/\/vibeadventures.com\/destination\/mexico\/cancun-and-riviera-maya\/cancun\/"},{"@type":"ListItem","position":6,"name":"Cancun Jet Skiing: Sail in Stuning Nichupte Lagoon and Mangroves (Private \/ 1h)"}]},{"@type":"WebSite","@id":"https:\/\/vibeadventures.com\/#website","url":"https:\/\/vibeadventures.com\/","name":"Vibe Adventures","description":"Authentische lokale Abenteuer &amp; Touren","publisher":{"@id":"https:\/\/vibeadventures.com\/#organization"},"potentialAction":[{"@type":"SearchAction","target":{"@type":"EntryPoint","urlTemplate":"https:\/\/vibeadventures.com\/?s={search_term_string}"},"query-input":{"@type":"PropertyValueSpecification","valueRequired":true,"valueName":"search_term_string"}}],"inLanguage":"de"},{"@type":"Organization","@id":"https:\/\/vibeadventures.com\/#organization","name":"Vibe Adventures","url":"https:\/\/vibeadventures.com\/","logo":{"@type":"ImageObject","inLanguage":"de","@id":"https:\/\/vibeadventures.com\/#\/schema\/logo\/image\/","url":"https:\/\/vibeadventures.com\/wp-content\/uploads\/2022\/01\/vibe-adventures-logo-green-TRANSPARENT-481-x-152-1-e1587500448458-2.avif","contentUrl":"https:\/\/vibeadventures.com\/wp-content\/uploads\/2022\/01\/vibe-adventures-logo-green-TRANSPARENT-481-x-152-1-e1587500448458-2.avif","width":490,"height":100,"caption":"Vibe Adventures"},"image":{"@id":"https:\/\/vibeadventures.com\/#\/schema\/logo\/image\/"},"sameAs":["https:\/\/www.facebook.com\/VibeAdventures\/","https:\/\/x.com\/vibe_adventures","https:\/\/instagram.com\/vibe.adventures","https:\/\/www.linkedin.com\/company\/vibe-adventures\/?viewAsMember=true","https:\/\/www.pinterest.com\/Vibe_Adventures\/","https:\/\/www.youtube.com\/channel\/UCQ9qyA-fVkdXarHBlzDCUBA?view_as=subscriber","https:\/\/www.tiktok.com\/@vibeadventures"]}]}},"_links":{"self":[{"href":"https:\/\/vibeadventures.com\/de\/wp-json\/wp\/v2\/product\/19868","targetHints":{"allow":["GET"]}}],"collection":[{"href":"https:\/\/vibeadventures.com\/de\/wp-json\/wp\/v2\/product"}],"about":[{"href":"https:\/\/vibeadventures.com\/de\/wp-json\/wp\/v2\/types\/product"}],"replies":[{"embeddable":true,"href":"https:\/\/vibeadventures.com\/de\/wp-json\/wp\/v2\/comments?post=19868"}],"acf:term":[{"embeddable":true,"taxonomy":"sustainable-goals","href":"https:\/\/vibeadventures.com\/de\/wp-json\/wp\/v2\/sustainable-goals\/610"},{"embeddable":true,"taxonomy":"sustainable-goals","href":"https:\/\/vibeadventures.com\/de\/wp-json\/wp\/v2\/sustainable-goals\/614"},{"embeddable":true,"taxonomy":"season","href":"https:\/\/vibeadventures.com\/de\/wp-json\/wp\/v2\/season\/192"},{"embeddable":true,"taxonomy":"suitability","href":"https:\/\/vibeadventures.com\/de\/wp-json\/wp\/v2\/suitability\/142"},{"embeddable":true,"taxonomy":"suitability","href":"https:\/\/vibeadventures.com\/de\/wp-json\/wp\/v2\/suitability\/137"},{"embeddable":true,"taxonomy":"suitability","href":"https:\/\/vibeadventures.com\/de\/wp-json\/wp\/v2\/suitability\/141"},{"embeddable":true,"taxonomy":"suitability","href":"https:\/\/vibeadventures.com\/de\/wp-json\/wp\/v2\/suitability\/140"},{"embeddable":true,"taxonomy":"suitability","href":"https:\/\/vibeadventures.com\/de\/wp-json\/wp\/v2\/suitability\/139"},{"embeddable":true,"taxonomy":"suitability","href":"https:\/\/vibeadventures.com\/de\/wp-json\/wp\/v2\/suitability\/136"},{"embeddable":true,"taxonomy":"suitability","href":"https:\/\/vibeadventures.com\/de\/wp-json\/wp\/v2\/suitability\/138"},{"embeddable":true,"taxonomy":"physical_ranking","href":"https:\/\/vibeadventures.com\/de\/wp-json\/wp\/v2\/physical_ranking\/209"},{"embeddable":true,"taxonomy":"adventures_type","href":"https:\/\/vibeadventures.com\/de\/wp-json\/wp\/v2\/adventures_type\/201"},{"embeddable":true,"taxonomy":"travel_vibe","href":"https:\/\/vibeadventures.com\/de\/wp-json\/wp\/v2\/travel_vibe\/153"},{"embeddable":true,"taxonomy":"product_tag","href":"https:\/\/vibeadventures.com\/de\/wp-json\/wp\/v2\/product_tag\/60"},{"embeddable":true,"taxonomy":"product_tag","href":"https:\/\/vibeadventures.com\/de\/wp-json\/wp\/v2\/product_tag\/66"},{"embeddable":true,"taxonomy":"destination","href":"https:\/\/vibeadventures.com\/de\/wp-json\/wp\/v2\/destination\/590"}],"acf:attachment":[{"embeddable":true,"href":"https:\/\/vibeadventures.com\/de\/wp-json\/wp\/v2\/media\/14138"},{"embeddable":true,"href":"https:\/\/vibeadventures.com\/de\/wp-json\/wp\/v2\/media\/14147"},{"embeddable":true,"href":"https:\/\/vibeadventures.com\/de\/wp-json\/wp\/v2\/media\/16527"},{"embeddable":true,"href":"https:\/\/vibeadventures.com\/de\/wp-json\/wp\/v2\/media\/19874"},{"embeddable":true,"href":"https:\/\/vibeadventures.com\/de\/wp-json\/wp\/v2\/media\/19873"},{"embeddable":true,"href":"https:\/\/vibeadventures.com\/de\/wp-json\/wp\/v2\/media\/19871"},{"embeddable":true,"href":"https:\/\/vibeadventures.com\/de\/wp-json\/wp\/v2\/media\/19872"}],"wp:featuredmedia":[{"embeddable":true,"href":"https:\/\/vibeadventures.com\/de\/wp-json\/wp\/v2\/media\/19871"}],"wp:attachment":[{"href":"https:\/\/vibeadventures.com\/de\/wp-json\/wp\/v2\/media?parent=19868"}],"wp:term":[{"taxonomy":"adventures_type","embeddable":true,"href":"https:\/\/vibeadventures.com\/de\/wp-json\/wp\/v2\/adventures_type?post=19868"},{"taxonomy":"destination","embeddable":true,"href":"https:\/\/vibeadventures.com\/de\/wp-json\/wp\/v2\/destination?post=19868"},{"taxonomy":"operator","embeddable":true,"href":"https:\/\/vibeadventures.com\/de\/wp-json\/wp\/v2\/operator?post=19868"},{"taxonomy":"physical_ranking","embeddable":true,"href":"https:\/\/vibeadventures.com\/de\/wp-json\/wp\/v2\/physical_ranking?post=19868"},{"taxonomy":"season","embeddable":true,"href":"https:\/\/vibeadventures.com\/de\/wp-json\/wp\/v2\/season?post=19868"},{"taxonomy":"suitability","embeddable":true,"href":"https:\/\/vibeadventures.com\/de\/wp-json\/wp\/v2\/suitability?post=19868"},{"taxonomy":"sustainable-goals","embeddable":true,"href":"https:\/\/vibeadventures.com\/de\/wp-json\/wp\/v2\/sustainable-goals?post=19868"},{"taxonomy":"travel_vibe","embeddable":true,"href":"https:\/\/vibeadventures.com\/de\/wp-json\/wp\/v2\/travel_vibe?post=19868"},{"taxonomy":"product_cat","embeddable":true,"href":"https:\/\/vibeadventures.com\/de\/wp-json\/wp\/v2\/product_cat?post=19868"},{"taxonomy":"product_tag","embeddable":true,"href":"https:\/\/vibeadventures.com\/de\/wp-json\/wp\/v2\/product_tag?post=19868"}],"curies":[{"name":"wp","href":"https:\/\/api.w.org\/{rel}","templated":true}]}}