{"id":18292,"date":"2022-12-22T19:33:02","date_gmt":"2022-12-22T19:33:02","guid":{"rendered":"https:\/\/vibeadventures.com\/?post_type=product&#038;p=18292"},"modified":"2024-07-30T17:03:08","modified_gmt":"2024-07-30T23:03:08","slug":"mexikanisches-ringen-mexiko-stadt","status":"publish","type":"product","link":"https:\/\/vibeadventures.com\/de\/tour\/mexikanisches-ringen-mexiko-stadt\/","title":{"rendered":"Mexikanisches Wrestling Mexiko-Stadt: Watch Incredible Luchadores Plus Cantina (5h)"},"content":{"rendered":"","protected":false},"excerpt":{"rendered":"","protected":false},"featured_media":14953,"comment_status":"closed","ping_status":"closed","template":"","meta":{"_acf_changed":false},"adventures_type":[201],"destination":[318],"operator":[658],"physical_ranking":[207],"season":[192],"suitability":[138,136,139,140,141,137,142],"sustainable-goals":[614,610],"travel_vibe":[198],"product_cat":[154],"product_tag":[74,86],"class_list":{"0":"post-18292","1":"product","2":"type-product","3":"status-publish","4":"has-post-thumbnail","6":"adventures_type-private","7":"destination-mexico-city","8":"operator-vibe-adventures-originals","9":"physical_ranking-relaxing","10":"season-all-year","11":"suitability-couples","12":"suitability-kid-friendly","13":"suitability-lgbt","14":"suitability-senior","15":"suitability-solo","16":"suitability-women-only","17":"suitability-youth","18":"sustainable-goals-goal-12-responsible-consumption-and-production","19":"sustainable-goals-goal-8-decent-work-and-economic-growth","20":"travel_vibe-nightlife-party-tours","21":"product_cat-1-day-tours","22":"product_tag-food-tasting","23":"product_tag-local-communities","24":"entry","26":"first","27":"instock","28":"shipping-taxable","29":"purchasable","30":"product-type-simple"},"acf":{"type_of_tour":"1-Day","duration_days":"","duration_hours":5,"mood":"Private","logisticsc":"06:00 PM","toogle_time":"","logisticsa":"1","logisticsa_toggle":false,"pick_up_location":null,"pick_up_location_toggle":null,"private_pickup":"Pickup included: your accommodation or another convenient place of your choice.","private_pickup_toggle":"Pickup included: your accommodation or another convenient place of your choice.","both_pickup":"","both_pickup_copy":"Exact time and location to be specified in the trip notes that are sent 1-2 weeks before the tour.","customization_group":"","customization_private":"","confirmation_select_private":"Automatic","confirmation_text_private":"Automatic confirmation (your departure is automatically confirmed and 100% guaranteed).","confirmation_select_group":"Manual","confirmation_text_group":"Manual confirmation (if a minimum number of participants is not met, we may cancel and fully refund your booking).","transfers":"","customize":"yes","customizable_details":"Adjust the starting time of the tour.\r\nAdjust the time you spend at each destination of the tour.\r\nAdd extra places of your choice (e.g. attractions, restaurants, etc.) to the itinerary on a complimentary basis if those visits (1) fit the default duration of the tour, (2) don\u2019t involve a significant change of the route and extra fees (e.g. entrance tickets, tolls, parking, etc.). Changes other than those will involve an extra fee and must be communicated to the tour organizer at least 72 h before the tour (e.g. in the \u201cSpecial Requirements\u201d field during the booking or via email).","what_take":[{"take":"Comfortable clothes and shoes, travel insurance, personal ID, some cash; good mood and curiosity."}],"extra_notes":"<ul>\r\n \t<li>The type of vehicle depends on the size of your group and may include a car, 7-seater, or minivan.<\/li>\r\n \t<li>Age of participants: 18+. Children must be accompanied by an adult.<\/li>\r\n<\/ul>","cancellations":"","discount-tour":null,"tour_operator":false,"maxage":100,"minage":18,"group_size":15,"location":318,"language":["English","Spanish"],"tags":[74,86],"theme":[198],"adventure_type":[201],"accessibility":"\ud83d\uded1 Not wheelchair accessible.","pets":"\ud83d\uded1 Not permitted.","difficulty":207,"suitability":[138,136,139,140,141,137,142],"seasonall":[192],"included":{"guides":"yes","guidese":"English\/Spanish private bilingual guide service.","accommodation":"no","accommodatione":"","accommodations":[],"transportation":"yes","transportatione":"Hotel pick-up and drop-off in a private vehicle.","flights":"no","flightse":"","insurance":"no","insurancee":"","tips":"no","tipse":"","meals":"yes","mealse":"Snacks and tequila tastings in a traditional Mexican cantina.","expenses":"no","expensese":"","activities":"yes","activitiese":"Entrance and orientation at a Lucha Libre match."},"overview":"Are you ready to rumble? The <em>Mexican Wrestling Mexico City<\/em> is a must-take to experience an evening in the capital as a local. See <em><a href=\"https:\/\/en.wikipedia.org\/wiki\/Lucha_libre\">Lucha Libre<\/a><\/em>, a spectacular Mexican freestyle wrestling. Also, visit a traditional\u00a0<em><a title=\"Link: https:\/\/en.wikipedia.org\/wiki\/Cantina\" href=\"https:\/\/en.wikipedia.org\/wiki\/Cantina\">cantina<\/a><\/em>, drink some <em>tequila<\/em>, and finally learn about the history and main differences between two iconic Mexican distillates: <em><a href=\"https:\/\/en.wikipedia.org\/wiki\/Mezcal\">mezcal<\/a><\/em> and <em><a href=\"https:\/\/en.wikipedia.org\/wiki\/Tequila\">tequila<\/a><\/em>.","itinerary":"Start the <em>Mexican Wrestling Mexico City<\/em> in Mexico City and meet your guide at your accommodation. Start the adventure by visiting an authentic cantina, where you can sip on mezcal, tequila, or Mexican-style beer. Enjoy the lively party atmosphere, live music, and fresh snacks or tasty local specialties\r\n\r\nExperience the electrifying <em>Lucha Libre<\/em> match on your <em>Mexican Wrestling Mexico City<\/em>! Cheer on your favorite \"<em>rudos<\/em>\" or \"<em>tecnicos<\/em>\" as they take part in this Mexican wrestling extravaganza. Get swept away in the excitement of the crowd and watch as these wrestlers display their impressive skills.\r\n\r\nAt the end, your guide can conveniently drop you off at your accommodation or any other desired location in the city. This unforgettable experience is packed with culture, tradition, and excitement as you explore Mexico City's vibrant wrestling scene with the <em>Mexican Wrestling Mexico City<\/em>. Get ready to create lasting memories!","repeater":null,"destinations":[{"destination":"Arena Mexico","location":{"address":"Arena M\u00e9xico, Doctor Lavista, Doctores, Ciudad de M\u00e9xico, CDMX, M\u00e9xico","lat":19.4246422,"lng":-99.1520207,"zoom":14,"place_id":"ChIJxa1_2i7_0YURgd4u9aNEAiY","name":"Arena M\u00e9xico","street_number":189,"street_name":"Doctor Lavista","street_name_short":"Dr. Lavista","city":"Ciudad de M\u00e9xico","city_short":"M\u00e9xico D.F.","state":"Ciudad de M\u00e9xico","state_short":"CDMX","post_code":6720,"country":"M\u00e9xico","country_short":"MX"}}],"highlights":[{"highlight":"Enjoy an unforgettable evening out in an authentic atmosphere in Mexico City."},{"highlight":"Wear a wrestler mask and support your new favorite wrestler at a Lucha Libre match."},{"highlight":"Taste different types of tequila and mezcal and learn about the history and production of these drinks."},{"highlight":"Try traditional Mexican drinks and food in a local cantina in Mexico City!"},{"highlight":"Listen to live music in a traditional Mexican cantina."}],"galleryes":"no","gallery":[18362,18359,18361,18360,18363,14875,18255],"video":"","pdf":"","tourradar":null,"sustainability_tax":[614,610],"goals_description":"This tour aligns with the UN's Sustainable Development Goals 8 and 12 by empowering local communities and promoting sustainable consumption and production practices. We take tourists to underdeveloped regions, creating opportunities for economic growth while respecting local traditions and educating communities on sustainable approaches.","authenticity":"We do our best to make our trips educative and fulfilling, in which travelers can interact with local populations, learn about their traditions, and culture, and connect with their core values.","impact":"This tour is organized by or involves significant participation of local communities and service providers thus creating employment, increasing consumption, and benefitting the socio-economic development of the region.","why":"Just sightseeing and fun: no visits to tourist shops and restaurants.\r\nIdeal for small groups: the price is fixed and varies just slightly based on the number of participants.\r\nFlexibility: adjust the program and route to your interests or extend the duration for an extra fee.","calendar":"Rezdy","calendar_group":false,"rezdy":"https:\/\/vibeadventures.rezdy.com\/calendarWidget\/392754?_gl=1*fw2y4u*_ga*MTA5NTIzMzAzOS4xNjY0Mzk0MDQ4*_ga_J7SXS0R0D6*MTY3NjQ3OTI3My4xODIuMS4xNjc2NDg3ODUzLjM0LjAuMA..","toggle_calendar":"","bokun":"","bokun_toggle":"","display_price":72,"toggle_price":"","display_price_m":283,"map_price":72,"price_multi_private":null,"price_multi_group":null,"dates_multi_private":null,"departures_multi_private":null,"dates_multi_group":null,"departures_multi_group":null,"pricing_one_private":null,"prices_group_private":null,"repeat_season":null,"departures_one_private":null,"repeat_season_group":null,"departures_one_group":null},"yoast_head":"<!-- This site is optimized with the Yoast SEO Premium plugin v24.7 (Yoast SEO v24.7) - https:\/\/yoast.com\/wordpress\/plugins\/seo\/ -->\n<title>Mexican Wrestling Mexico City: Watch Incredible Luchadores Plus Cantina (5h)<\/title>\n<meta name=\"description\" content=\"With the Mexican Wrestling Mexico City, enjoy Lucha Libre, the freestyle wrestling. Also, visit a traditional cantina, and drink some tequila and mezcal!\" \/>\n<meta name=\"robots\" content=\"index, follow, max-snippet:-1, max-image-preview:large, max-video-preview:-1\" \/>\n<link rel=\"canonical\" href=\"https:\/\/vibeadventures.com\/de\/tour\/mexikanisches-ringen-mexiko-stadt\/\" \/>\n<meta property=\"og:locale\" content=\"de_DE\" \/>\n<meta property=\"og:type\" content=\"article\" \/>\n<meta property=\"og:title\" content=\"Mexican Wrestling Mexico City: Watch Incredible Luchadores Plus Cantina (5h)\" \/>\n<meta property=\"og:url\" content=\"https:\/\/vibeadventures.com\/de\/tour\/mexikanisches-ringen-mexiko-stadt\/\" \/>\n<meta property=\"og:site_name\" content=\"Vibe Adventures\" \/>\n<meta property=\"article:publisher\" content=\"https:\/\/www.facebook.com\/VibeAdventures\/\" \/>\n<meta property=\"article:modified_time\" content=\"2024-07-30T23:03:08+00:00\" \/>\n<meta property=\"og:image\" content=\"https:\/\/vibeadventures.com\/wp-content\/uploads\/2022\/08\/WhatsApp-Image-2020-02-19-at-11.14.36-AM-Copy-1.avif\" \/>\n\t<meta property=\"og:image:width\" content=\"1080\" \/>\n\t<meta property=\"og:image:height\" content=\"960\" \/>\n\t<meta property=\"og:image:type\" content=\"image\/jpeg\" \/>\n<meta name=\"twitter:card\" content=\"summary_large_image\" \/>\n<meta name=\"twitter:site\" content=\"@vibe_adventures\" \/>\n<meta name=\"twitter:label1\" content=\"Gesch\u00e4tzte Lesezeit\" \/>\n\t<meta name=\"twitter:data1\" content=\"1\u00a0Minute\" \/>\n<script type=\"application\/ld+json\" class=\"yoast-schema-graph\">{\"@context\":\"https:\/\/schema.org\",\"@graph\":[{\"@type\":\"WebPage\",\"@id\":\"https:\/\/vibeadventures.com\/tour\/mexican-wrestling-mexico-city\/\",\"url\":\"https:\/\/vibeadventures.com\/tour\/mexican-wrestling-mexico-city\/\",\"name\":\"Mexican Wrestling Mexico City: Watch Incredible Luchadores Plus Cantina (5h)\",\"isPartOf\":{\"@id\":\"https:\/\/vibeadventures.com\/#website\"},\"primaryImageOfPage\":{\"@id\":\"https:\/\/vibeadventures.com\/tour\/mexican-wrestling-mexico-city\/#primaryimage\"},\"image\":{\"@id\":\"https:\/\/vibeadventures.com\/tour\/mexican-wrestling-mexico-city\/#primaryimage\"},\"thumbnailUrl\":\"https:\/\/vibeadventures.com\/wp-content\/uploads\/2022\/08\/WhatsApp-Image-2020-02-19-at-11.14.36-AM-Copy-1.avif\",\"datePublished\":\"2022-12-22T19:33:02+00:00\",\"dateModified\":\"2024-07-30T23:03:08+00:00\",\"description\":\"With the Mexican Wrestling Mexico City, enjoy Lucha Libre, the freestyle wrestling. Also, visit a traditional cantina, and drink some tequila and mezcal!\",\"breadcrumb\":{\"@id\":\"https:\/\/vibeadventures.com\/tour\/mexican-wrestling-mexico-city\/#breadcrumb\"},\"inLanguage\":\"de\",\"potentialAction\":[{\"@type\":\"ReadAction\",\"target\":[\"https:\/\/vibeadventures.com\/tour\/mexican-wrestling-mexico-city\/\"]}]},{\"@type\":\"ImageObject\",\"inLanguage\":\"de\",\"@id\":\"https:\/\/vibeadventures.com\/tour\/mexican-wrestling-mexico-city\/#primaryimage\",\"url\":\"https:\/\/vibeadventures.com\/wp-content\/uploads\/2022\/08\/WhatsApp-Image-2020-02-19-at-11.14.36-AM-Copy-1.avif\",\"contentUrl\":\"https:\/\/vibeadventures.com\/wp-content\/uploads\/2022\/08\/WhatsApp-Image-2020-02-19-at-11.14.36-AM-Copy-1.avif\",\"width\":1080,\"height\":960,\"caption\":\"Acrobatics are important in Lucha Libre\"},{\"@type\":\"BreadcrumbList\",\"@id\":\"https:\/\/vibeadventures.com\/tour\/mexican-wrestling-mexico-city\/#breadcrumb\",\"itemListElement\":[{\"@type\":\"ListItem\",\"position\":1,\"name\":\"Home\",\"item\":\"https:\/\/vibeadventures.com\/\"},{\"@type\":\"ListItem\",\"position\":2,\"name\":\"Latin America\",\"item\":\"https:\/\/vibeadventures.com\/latin-america-tours\/\"},{\"@type\":\"ListItem\",\"position\":3,\"name\":\"Mexico\",\"item\":\"https:\/\/vibeadventures.com\/destination\/mexico\/\"},{\"@type\":\"ListItem\",\"position\":4,\"name\":\"Mexico City &amp; around\",\"item\":\"https:\/\/vibeadventures.com\/destination\/mexico\/mexico-city\/\"},{\"@type\":\"ListItem\",\"position\":5,\"name\":\"Mexican Wrestling Mexico City: Watch Incredible Luchadores Plus Cantina (5h)\"}]},{\"@type\":\"WebSite\",\"@id\":\"https:\/\/vibeadventures.com\/#website\",\"url\":\"https:\/\/vibeadventures.com\/\",\"name\":\"Vibe Adventures\",\"description\":\"Authentic Local Adventures &amp; Tours\",\"publisher\":{\"@id\":\"https:\/\/vibeadventures.com\/#organization\"},\"potentialAction\":[{\"@type\":\"SearchAction\",\"target\":{\"@type\":\"EntryPoint\",\"urlTemplate\":\"https:\/\/vibeadventures.com\/?s={search_term_string}\"},\"query-input\":{\"@type\":\"PropertyValueSpecification\",\"valueRequired\":true,\"valueName\":\"search_term_string\"}}],\"inLanguage\":\"de\"},{\"@type\":\"Organization\",\"@id\":\"https:\/\/vibeadventures.com\/#organization\",\"name\":\"Vibe Adventures\",\"url\":\"https:\/\/vibeadventures.com\/\",\"logo\":{\"@type\":\"ImageObject\",\"inLanguage\":\"de\",\"@id\":\"https:\/\/vibeadventures.com\/#\/schema\/logo\/image\/\",\"url\":\"https:\/\/vibeadventures.com\/wp-content\/uploads\/2022\/01\/vibe-adventures-logo-green-TRANSPARENT-481-x-152-1-e1587500448458-2.avif\",\"contentUrl\":\"https:\/\/vibeadventures.com\/wp-content\/uploads\/2022\/01\/vibe-adventures-logo-green-TRANSPARENT-481-x-152-1-e1587500448458-2.avif\",\"width\":490,\"height\":100,\"caption\":\"Vibe Adventures\"},\"image\":{\"@id\":\"https:\/\/vibeadventures.com\/#\/schema\/logo\/image\/\"},\"sameAs\":[\"https:\/\/www.facebook.com\/VibeAdventures\/\",\"https:\/\/x.com\/vibe_adventures\",\"https:\/\/instagram.com\/vibe.adventures\",\"https:\/\/www.linkedin.com\/company\/vibe-adventures\/?viewAsMember=true\",\"https:\/\/www.pinterest.com\/Vibe_Adventures\/\",\"https:\/\/www.youtube.com\/channel\/UCQ9qyA-fVkdXarHBlzDCUBA?view_as=subscriber\",\"https:\/\/www.tiktok.com\/@vibeadventures\"]}]}<\/script>\n<!-- \/ Yoast SEO Premium plugin. -->","yoast_head_json":{"title":"Mexikanisches Wrestling Mexiko-Stadt: Watch Incredible Luchadores Plus Cantina (5h)","description":"Erleben Sie beim mexikanischen Wrestling Mexiko-Stadt Lucha Libre, das Freistil-Ringen. Besuchen Sie auch eine traditionelle Cantina, und trinken Sie Tequila und Mezcal!","robots":{"index":"index","follow":"follow","max-snippet":"max-snippet:-1","max-image-preview":"max-image-preview:large","max-video-preview":"max-video-preview:-1"},"canonical":"https:\/\/vibeadventures.com\/de\/tour\/mexikanisches-ringen-mexiko-stadt\/","og_locale":"de_DE","og_type":"article","og_title":"Mexican Wrestling Mexico City: Watch Incredible Luchadores Plus Cantina (5h)","og_url":"https:\/\/vibeadventures.com\/de\/tour\/mexikanisches-ringen-mexiko-stadt\/","og_site_name":"Vibe Adventures","article_publisher":"https:\/\/www.facebook.com\/VibeAdventures\/","article_modified_time":"2024-07-30T23:03:08+00:00","og_image":[{"width":1080,"height":960,"url":"https:\/\/vibeadventures.com\/wp-content\/uploads\/2022\/08\/WhatsApp-Image-2020-02-19-at-11.14.36-AM-Copy-1.avif","type":"image\/jpeg"}],"twitter_card":"summary_large_image","twitter_site":"@vibe_adventures","twitter_misc":{"Gesch\u00e4tzte Lesezeit":"1\u00a0Minute"},"schema":{"@context":"https:\/\/schema.org","@graph":[{"@type":"WebPage","@id":"https:\/\/vibeadventures.com\/tour\/mexican-wrestling-mexico-city\/","url":"https:\/\/vibeadventures.com\/tour\/mexican-wrestling-mexico-city\/","name":"Mexikanisches Wrestling Mexiko-Stadt: Watch Incredible Luchadores Plus Cantina (5h)","isPartOf":{"@id":"https:\/\/vibeadventures.com\/#website"},"primaryImageOfPage":{"@id":"https:\/\/vibeadventures.com\/tour\/mexican-wrestling-mexico-city\/#primaryimage"},"image":{"@id":"https:\/\/vibeadventures.com\/tour\/mexican-wrestling-mexico-city\/#primaryimage"},"thumbnailUrl":"https:\/\/vibeadventures.com\/wp-content\/uploads\/2022\/08\/WhatsApp-Image-2020-02-19-at-11.14.36-AM-Copy-1.avif","datePublished":"2022-12-22T19:33:02+00:00","dateModified":"2024-07-30T23:03:08+00:00","description":"Erleben Sie beim mexikanischen Wrestling Mexiko-Stadt Lucha Libre, das Freistil-Ringen. Besuchen Sie auch eine traditionelle Cantina, und trinken Sie Tequila und Mezcal!","breadcrumb":{"@id":"https:\/\/vibeadventures.com\/tour\/mexican-wrestling-mexico-city\/#breadcrumb"},"inLanguage":"de","potentialAction":[{"@type":"ReadAction","target":["https:\/\/vibeadventures.com\/tour\/mexican-wrestling-mexico-city\/"]}]},{"@type":"ImageObject","inLanguage":"de","@id":"https:\/\/vibeadventures.com\/tour\/mexican-wrestling-mexico-city\/#primaryimage","url":"https:\/\/vibeadventures.com\/wp-content\/uploads\/2022\/08\/WhatsApp-Image-2020-02-19-at-11.14.36-AM-Copy-1.avif","contentUrl":"https:\/\/vibeadventures.com\/wp-content\/uploads\/2022\/08\/WhatsApp-Image-2020-02-19-at-11.14.36-AM-Copy-1.avif","width":1080,"height":960,"caption":"Acrobatics are important in Lucha Libre"},{"@type":"BreadcrumbList","@id":"https:\/\/vibeadventures.com\/tour\/mexican-wrestling-mexico-city\/#breadcrumb","itemListElement":[{"@type":"ListItem","position":1,"name":"Home","item":"https:\/\/vibeadventures.com\/"},{"@type":"ListItem","position":2,"name":"Latin America","item":"https:\/\/vibeadventures.com\/latin-america-tours\/"},{"@type":"ListItem","position":3,"name":"Mexico","item":"https:\/\/vibeadventures.com\/destination\/mexico\/"},{"@type":"ListItem","position":4,"name":"Mexico City &amp; around","item":"https:\/\/vibeadventures.com\/destination\/mexico\/mexico-city\/"},{"@type":"ListItem","position":5,"name":"Mexican Wrestling Mexico City: Watch Incredible Luchadores Plus Cantina (5h)"}]},{"@type":"WebSite","@id":"https:\/\/vibeadventures.com\/#website","url":"https:\/\/vibeadventures.com\/","name":"Vibe Adventures","description":"Authentische lokale Abenteuer &amp; Touren","publisher":{"@id":"https:\/\/vibeadventures.com\/#organization"},"potentialAction":[{"@type":"SearchAction","target":{"@type":"EntryPoint","urlTemplate":"https:\/\/vibeadventures.com\/?s={search_term_string}"},"query-input":{"@type":"PropertyValueSpecification","valueRequired":true,"valueName":"search_term_string"}}],"inLanguage":"de"},{"@type":"Organization","@id":"https:\/\/vibeadventures.com\/#organization","name":"Vibe Adventures","url":"https:\/\/vibeadventures.com\/","logo":{"@type":"ImageObject","inLanguage":"de","@id":"https:\/\/vibeadventures.com\/#\/schema\/logo\/image\/","url":"https:\/\/vibeadventures.com\/wp-content\/uploads\/2022\/01\/vibe-adventures-logo-green-TRANSPARENT-481-x-152-1-e1587500448458-2.avif","contentUrl":"https:\/\/vibeadventures.com\/wp-content\/uploads\/2022\/01\/vibe-adventures-logo-green-TRANSPARENT-481-x-152-1-e1587500448458-2.avif","width":490,"height":100,"caption":"Vibe Adventures"},"image":{"@id":"https:\/\/vibeadventures.com\/#\/schema\/logo\/image\/"},"sameAs":["https:\/\/www.facebook.com\/VibeAdventures\/","https:\/\/x.com\/vibe_adventures","https:\/\/instagram.com\/vibe.adventures","https:\/\/www.linkedin.com\/company\/vibe-adventures\/?viewAsMember=true","https:\/\/www.pinterest.com\/Vibe_Adventures\/","https:\/\/www.youtube.com\/channel\/UCQ9qyA-fVkdXarHBlzDCUBA?view_as=subscriber","https:\/\/www.tiktok.com\/@vibeadventures"]}]}},"_links":{"self":[{"href":"https:\/\/vibeadventures.com\/de\/wp-json\/wp\/v2\/product\/18292","targetHints":{"allow":["GET"]}}],"collection":[{"href":"https:\/\/vibeadventures.com\/de\/wp-json\/wp\/v2\/product"}],"about":[{"href":"https:\/\/vibeadventures.com\/de\/wp-json\/wp\/v2\/types\/product"}],"replies":[{"embeddable":true,"href":"https:\/\/vibeadventures.com\/de\/wp-json\/wp\/v2\/comments?post=18292"}],"acf:term":[{"embeddable":true,"taxonomy":"sustainable-goals","href":"https:\/\/vibeadventures.com\/de\/wp-json\/wp\/v2\/sustainable-goals\/610"},{"embeddable":true,"taxonomy":"sustainable-goals","href":"https:\/\/vibeadventures.com\/de\/wp-json\/wp\/v2\/sustainable-goals\/614"},{"embeddable":true,"taxonomy":"season","href":"https:\/\/vibeadventures.com\/de\/wp-json\/wp\/v2\/season\/192"},{"embeddable":true,"taxonomy":"suitability","href":"https:\/\/vibeadventures.com\/de\/wp-json\/wp\/v2\/suitability\/142"},{"embeddable":true,"taxonomy":"suitability","href":"https:\/\/vibeadventures.com\/de\/wp-json\/wp\/v2\/suitability\/137"},{"embeddable":true,"taxonomy":"suitability","href":"https:\/\/vibeadventures.com\/de\/wp-json\/wp\/v2\/suitability\/141"},{"embeddable":true,"taxonomy":"suitability","href":"https:\/\/vibeadventures.com\/de\/wp-json\/wp\/v2\/suitability\/140"},{"embeddable":true,"taxonomy":"suitability","href":"https:\/\/vibeadventures.com\/de\/wp-json\/wp\/v2\/suitability\/139"},{"embeddable":true,"taxonomy":"suitability","href":"https:\/\/vibeadventures.com\/de\/wp-json\/wp\/v2\/suitability\/136"},{"embeddable":true,"taxonomy":"suitability","href":"https:\/\/vibeadventures.com\/de\/wp-json\/wp\/v2\/suitability\/138"},{"embeddable":true,"taxonomy":"physical_ranking","href":"https:\/\/vibeadventures.com\/de\/wp-json\/wp\/v2\/physical_ranking\/207"},{"embeddable":true,"taxonomy":"adventures_type","href":"https:\/\/vibeadventures.com\/de\/wp-json\/wp\/v2\/adventures_type\/201"},{"embeddable":true,"taxonomy":"travel_vibe","href":"https:\/\/vibeadventures.com\/de\/wp-json\/wp\/v2\/travel_vibe\/198"},{"embeddable":true,"taxonomy":"product_tag","href":"https:\/\/vibeadventures.com\/de\/wp-json\/wp\/v2\/product_tag\/86"},{"embeddable":true,"taxonomy":"product_tag","href":"https:\/\/vibeadventures.com\/de\/wp-json\/wp\/v2\/product_tag\/74"},{"embeddable":true,"taxonomy":"destination","href":"https:\/\/vibeadventures.com\/de\/wp-json\/wp\/v2\/destination\/318"}],"acf:attachment":[{"embeddable":true,"href":"https:\/\/vibeadventures.com\/de\/wp-json\/wp\/v2\/media\/18255"},{"embeddable":true,"href":"https:\/\/vibeadventures.com\/de\/wp-json\/wp\/v2\/media\/14875"},{"embeddable":true,"href":"https:\/\/vibeadventures.com\/de\/wp-json\/wp\/v2\/media\/18363"},{"embeddable":true,"href":"https:\/\/vibeadventures.com\/de\/wp-json\/wp\/v2\/media\/18360"},{"embeddable":true,"href":"https:\/\/vibeadventures.com\/de\/wp-json\/wp\/v2\/media\/18361"},{"embeddable":true,"href":"https:\/\/vibeadventures.com\/de\/wp-json\/wp\/v2\/media\/18359"},{"embeddable":true,"href":"https:\/\/vibeadventures.com\/de\/wp-json\/wp\/v2\/media\/18362"}],"wp:featuredmedia":[{"embeddable":true,"href":"https:\/\/vibeadventures.com\/de\/wp-json\/wp\/v2\/media\/14953"}],"wp:attachment":[{"href":"https:\/\/vibeadventures.com\/de\/wp-json\/wp\/v2\/media?parent=18292"}],"wp:term":[{"taxonomy":"adventures_type","embeddable":true,"href":"https:\/\/vibeadventures.com\/de\/wp-json\/wp\/v2\/adventures_type?post=18292"},{"taxonomy":"destination","embeddable":true,"href":"https:\/\/vibeadventures.com\/de\/wp-json\/wp\/v2\/destination?post=18292"},{"taxonomy":"operator","embeddable":true,"href":"https:\/\/vibeadventures.com\/de\/wp-json\/wp\/v2\/operator?post=18292"},{"taxonomy":"physical_ranking","embeddable":true,"href":"https:\/\/vibeadventures.com\/de\/wp-json\/wp\/v2\/physical_ranking?post=18292"},{"taxonomy":"season","embeddable":true,"href":"https:\/\/vibeadventures.com\/de\/wp-json\/wp\/v2\/season?post=18292"},{"taxonomy":"suitability","embeddable":true,"href":"https:\/\/vibeadventures.com\/de\/wp-json\/wp\/v2\/suitability?post=18292"},{"taxonomy":"sustainable-goals","embeddable":true,"href":"https:\/\/vibeadventures.com\/de\/wp-json\/wp\/v2\/sustainable-goals?post=18292"},{"taxonomy":"travel_vibe","embeddable":true,"href":"https:\/\/vibeadventures.com\/de\/wp-json\/wp\/v2\/travel_vibe?post=18292"},{"taxonomy":"product_cat","embeddable":true,"href":"https:\/\/vibeadventures.com\/de\/wp-json\/wp\/v2\/product_cat?post=18292"},{"taxonomy":"product_tag","embeddable":true,"href":"https:\/\/vibeadventures.com\/de\/wp-json\/wp\/v2\/product_tag?post=18292"}],"curies":[{"name":"wp","href":"https:\/\/api.w.org\/{rel}","templated":true}]}}