{"id":17862,"date":"2022-12-01T23:33:37","date_gmt":"2022-12-01T23:33:37","guid":{"rendered":"https:\/\/vibeadventures.com\/?post_type=product&#038;p=17862"},"modified":"2024-07-17T10:33:01","modified_gmt":"2024-07-17T16:33:01","slug":"tour-durch-las-coloradas-und-lagartos","status":"publish","type":"product","link":"https:\/\/vibeadventures.com\/de\/tour\/tour-durch-las-coloradas-und-lagartos\/","title":{"rendered":"Las Coloradas Tour: Segeln in Famous Coloradas Plus Rio Lagartos (12h)"},"content":{"rendered":"","protected":false},"excerpt":{"rendered":"","protected":false},"featured_media":17868,"comment_status":"closed","ping_status":"closed","template":"","meta":{"_acf_changed":false},"adventures_type":[202],"destination":[564],"operator":[],"physical_ranking":[208],"season":[192],"suitability":[138,136,139,140,141,137,142],"sustainable-goals":[616,617],"travel_vibe":[150],"product_cat":[154],"product_tag":[66,91,57],"class_list":{"0":"post-17862","1":"product","2":"type-product","3":"status-publish","4":"has-post-thumbnail","6":"adventures_type-group","7":"destination-yucatan","8":"physical_ranking-easy","9":"season-all-year","10":"suitability-couples","11":"suitability-kid-friendly","12":"suitability-lgbt","13":"suitability-senior","14":"suitability-solo","15":"suitability-women-only","16":"suitability-youth","17":"sustainable-goals-goal-14-life-below-water","18":"sustainable-goals-goal-15-life-on-land","19":"travel_vibe-nature-and-outdoors-tours","20":"product_cat-1-day-tours","21":"product_tag-boat-rides","22":"product_tag-national-parks","23":"product_tag-animals","24":"entry","26":"first","27":"instock","28":"shipping-taxable","29":"purchasable","30":"product-type-simple"},"acf":{"type_of_tour":"1-Day","duration_days":"","duration_hours":12,"mood":"Small-Group","logisticsc":"7:00 AM ","toogle_time":"7:00 AM","logisticsa":"3","logisticsa_toggle":"1","pick_up_location":null,"pick_up_location_toggle":null,"private_pickup":"Pickup included: your accommodation or another convenient place of your choice.","private_pickup_toggle":"Pickup included: your accommodation in Tulum coast. (A different location will include an additional fee).","both_pickup":"Please be aware that we will communicate your pick-up time via a personalized email and it will vary from the automatic pick-up time sent by the booking platform as we have to calculate it manually depending on your hotel\/Airbnb location.\r\n\r\nDuring the booking, you can see available pick-up fees according to your accommodation. Pick-up\/drop-off outside of Tulum involves an extra fee depending on the zone.","both_pickup_copy":"Exact time and location to be specified in the trip notes that are sent 1-2 weeks before the tour.","customization_group":"","customization_private":"","confirmation_select_private":"Manual","confirmation_text_private":"we need 4+ participants to confirm the group tour (otherwise, it might be canceled with a full refund 2 days before the tour). ","confirmation_select_group":"Manual","confirmation_text_group":"Manual confirmation (if a minimum number of participants is not met, we may cancel and fully refund your booking).","transfers":"","customize":"no","customizable_details":"We can do the following customizations on your request (subject to availability and needs to be confirmed before the tour):\r\n- Adjust the starting time of the tour.\r\n- Adjust the time you spend at each destination of the tour.\r\n- Add extra places of your choice (e.g. attractions, restaurants, etc.) to the itinerary on a complimentary basis if those visits (1) fit the default duration of the tour, (2) don\u2019t involve a significant change of the route and extra fees (e.g. entrance tickets, tolls, parking, etc.). \r\nChanges other than those will involve an extra fee and must be communicated to the tour organizer at least 72h before the tour (e.g. in the \u201cSpecial Requirements\u201d field during the booking or via email).","what_take":[{"take":"Comfortable clothes and shoes (sport sandals are OK); bathing suit, sun glasses, towel; camera and binoculars; sun protection (bio degradable, but preferably clothes to aid with sun protection);  insect repellent (eco friendly); water sandals; some cash. "}],"extra_notes":"<ul>\r\n \t<li class=\"font_8\">Please note that there are no ATM machines in the area, nor do any of the vendors accept credit cards.<\/li>\r\n \t<li>The travel time from Tulum to Rio Lagartos is 3 hours<\/li>\r\n<\/ul>","cancellations":"","discount-tour":null,"tour_operator":"Johan & team","maxage":100,"minage":0,"group_size":10,"location":564,"language":["English","Spanish"],"tags":[66,57,91],"theme":[150],"adventure_type":[202],"accessibility":"\ud83d\uded1 Not wheelchair accessible.","pets":"\ud83d\uded1 Not permitted.","difficulty":208,"suitability":[138,136,139,140,141,137,142],"seasonall":[192],"included":{"guides":"yes","guidese":"English\/Spanish bilingual guide service","accommodation":"no","accommodatione":"","accommodations":[],"transportation":"yes","transportatione":"Hotel pick-up and drop-off.","flights":"no","flightse":"","insurance":"no","insurancee":"","tips":"no","tipse":"","meals":"yes","mealse":"Lunch, non-alcoholic drinks, and snacks.","expenses":"no","expensese":"","activities":"yes","activitiese":"Entrance and guided visit to the pink lagoons and Rio Lagartos Biosphere Reserve; boat ride in Rio Lagartos."},"overview":"Come to our <em>Las Coloradas Tour<\/em> and discover amazing destinations on the Northern Coast of the beautiful <em>Yucatan Peninsula<\/em>. Explore the unique pink lagoons in <em><a href=\"https:\/\/en.wikipedia.org\/wiki\/Las_Coloradas,_Yucat\u00e1n\">Las Coloradas<\/a><\/em>, coastal mangrove rivers packed with wildlife. Also, enjoy <em><a href=\"https:\/\/en.wikipedia.org\/wiki\/R\u00eda_Lagartos_Biosphere_Reserve\">Rio Lagartos<\/a><\/em>, salt flats home to the largest flock of pink flamingos in North America.","itinerary":"Start <em>Las Coloradas Tour<\/em> by meeting your guide and then head to the Northern Coast of the <em><a href=\"https:\/\/en.wikipedia.org\/wiki\/Yucat\u00e1n_Peninsula\">Yucatan Peninsula<\/a><\/em>, which is a treasure trove of hidden gems. Let us take you away from the <em><a href=\"https:\/\/en.wikipedia.org\/wiki\/Caribbean_Sea\">Caribbean Sea<\/a> <\/em>for a day to explore the unique pink lagoons and coastal mangrove rivers packed with wildlife, to the salt flats home to the largest flock of pink flamingos in North America.\r\n\r\nMoreover, as a nature lover's dream, visit the <em>Rio Lagartos<\/em> nature reserve which is a fascinating environment to explore by boat. The salt-water river winds its way through dense mangrove forest home to hundreds of bird species and crocodiles, leading us to the breeding ground of the enigmatic pink flamingo. Then, feel the beauty and authentic vibes of the village of <em>Las Coloradas<\/em>, walk down sandy streets, and eat straight from the fishermen's catch.\r\n\r\n<em>Las Coloradas Tour<\/em> is a truly worthwhile experience full of unique vistas and incredible photo opportunities. We top it off by visiting a fantastic cenote to freshen up on the return journey home.\r\n\r\n&nbsp;\r\n\r\nPROGRAM\r\n<ul>\r\n \t<li class=\"font_8\">7:00 AM: Pick-up.<\/li>\r\n \t<li class=\"font_8\">Road to Rio Lagartos.<\/li>\r\n \t<li class=\"font_8\">Rio Lagartos by boat.<\/li>\r\n \t<li class=\"font_8\">Lunch.<\/li>\r\n \t<li class=\"font_8\">Visit the pink lagoons.<\/li>\r\n \t<li class=\"font_8\">Swim in a stunning cenote.<\/li>\r\n \t<li class=\"font_8\">7:00 PM: Drop-off.<\/li>\r\n<\/ul>","repeater":null,"destinations":[{"destination":"Las Coloradas","location":{"address":"Las Coloradas, Yuc., M\u00e9xico","lat":21.6082868,"lng":-87.9913196,"zoom":14,"place_id":"ChIJxQWNwwpFUo8RFccJDy_Ipu8","name":"Las Coloradas","city":"Las Coloradas","state":"Yucat\u00e1n","state_short":"Yuc.","country":"M\u00e9xico","country_short":"MX"}},{"destination":"R\u00edo Lagartos","location":{"address":"R\u00edo Lagartos, Yuc., M\u00e9xico","lat":21.5964824,"lng":-88.1578978,"zoom":14,"place_id":"ChIJp1BnPLFMUo8R6Hr6cvhk6Ow","name":"R\u00edo Lagartos","city":"R\u00edo Lagartos","state":"Yucat\u00e1n","state_short":"Yuc.","country":"M\u00e9xico","country_short":"MX"}}],"highlights":[{"highlight":"Explore the unique pink lagoons and coastal mangrove rivers packed with wildlife. "},{"highlight":"Visit the Ria Lagartos Biosphere Reserve which is a fascinating environment to explore by boat."},{"highlight":"See and take photos of hundreds of bird species and crocodiles and get to the breeding ground of the enigmatic pink flamingo."},{"highlight":"Feel the beauty and authentic vibes of the town, and eat straight from the fishermen\u2019s catch."}],"galleryes":"no","gallery":[17874,17866,17869,17867,17868,17870,17871,17872,17873],"video":"https:\/\/youtu.be\/jR9sD5BASJw","pdf":"","tourradar":null,"sustainability_tax":[616,617],"goals_description":"By exploring the unique pink lagoons and coastal mangrove rivers, the tour contributes to SDG 15: Life on Land, promoting the conservation and sustainable use of terrestrial ecosystems. The visit to the Rio Lagartos nature reserve emphasizes the importance of protecting biodiversity, especially the habitats of numerous bird species and crocodiles.\r\n\r\nFurthermore, the tour supports SDG 14: Life Below Water, as it showcases the delicate balance of coastal ecosystems and highlights the significance of preserving marine life, particularly the breeding ground of the iconic pink flamingos. Through responsible tourism practices and an appreciation for natural beauty, the Las Coloradas Tour encourages environmental awareness and conservation efforts.","authenticity":"We do our best to make our trips educative and fulfilling, in which travelers can interact with local populations, learn about their traditions, and culture, and connect with their core values.","impact":"This tour is organized by or involves significant participation of local communities and service providers thus creating employment, increasing consumption, and benefitting the socio-economic development of the region.","why":"<ul>\r\n \t<li class=\"font_8\">Those who are interested in beautiful landscapes and nature photography.<\/li>\r\n \t<li class=\"font_8\">Great for a family day out or simply to get away from the busy Riviera Maya for something more off-the-beaten-track.<\/li>\r\n<\/ul>","calendar":"Rezdy","calendar_group":"Rezdy","rezdy":"https:\/\/vibeadventures.rezdy.com\/calendarWidget\/511958?iframe=true","toggle_calendar":"https:\/\/vibeadventures.rezdy.com\/calendarWidget\/511958?iframe=true","bokun":"","bokun_toggle":"","display_price":175,"toggle_price":175,"display_price_m":"","map_price":"","price_multi_private":null,"price_multi_group":null,"dates_multi_private":null,"departures_multi_private":null,"dates_multi_group":null,"departures_multi_group":null,"pricing_one_private":null,"prices_group_private":null,"repeat_season":null,"departures_one_private":null,"repeat_season_group":null,"departures_one_group":null},"yoast_head":"<!-- This site is optimized with the Yoast SEO Premium plugin v24.7 (Yoast SEO v24.7) - https:\/\/yoast.com\/wordpress\/plugins\/seo\/ -->\n<title>Las Coloradas Tour: Sail in Famous Coloradas Plus Rio Lagartos (12h)<\/title>\n<meta name=\"description\" content=\"Embark on our Las Coloradas Tour and discover the stunning pink lakes; immerse yourself in the natural wonders of Rio Lagartos with our expert guided tours.\" \/>\n<meta name=\"robots\" content=\"noindex, nofollow\" \/>\n<meta property=\"og:locale\" content=\"de_DE\" \/>\n<meta property=\"og:type\" content=\"article\" \/>\n<meta property=\"og:title\" content=\"Las Coloradas Tour: Sail in Famous Coloradas Plus Rio Lagartos (12h)\" \/>\n<meta property=\"og:url\" content=\"https:\/\/vibeadventures.com\/de\/tour\/tour-durch-las-coloradas-und-lagartos\/\" \/>\n<meta property=\"og:site_name\" content=\"Vibe Adventures\" \/>\n<meta property=\"article:publisher\" content=\"https:\/\/www.facebook.com\/VibeAdventures\/\" \/>\n<meta property=\"article:modified_time\" content=\"2024-07-17T16:33:01+00:00\" \/>\n<meta property=\"og:image\" content=\"https:\/\/vibeadventures.com\/wp-content\/uploads\/2022\/12\/COLORADAS_3_lg.avif\" \/>\n\t<meta property=\"og:image:width\" content=\"1280\" \/>\n\t<meta property=\"og:image:height\" content=\"719\" \/>\n\t<meta property=\"og:image:type\" content=\"image\/jpeg\" \/>\n<meta name=\"twitter:card\" content=\"summary_large_image\" \/>\n<meta name=\"twitter:site\" content=\"@vibe_adventures\" \/>\n<meta name=\"twitter:label1\" content=\"Gesch\u00e4tzte Lesezeit\" \/>\n\t<meta name=\"twitter:data1\" content=\"1\u00a0Minute\" \/>\n<script type=\"application\/ld+json\" class=\"yoast-schema-graph\">{\"@context\":\"https:\/\/schema.org\",\"@graph\":[{\"@type\":\"WebPage\",\"@id\":\"https:\/\/vibeadventures.com\/tour\/las-coloradas-tour-and-lagartos\/\",\"url\":\"https:\/\/vibeadventures.com\/tour\/las-coloradas-tour-and-lagartos\/\",\"name\":\"Las Coloradas Tour: Sail in Famous Coloradas Plus Rio Lagartos (12h)\",\"isPartOf\":{\"@id\":\"https:\/\/vibeadventures.com\/#website\"},\"primaryImageOfPage\":{\"@id\":\"https:\/\/vibeadventures.com\/tour\/las-coloradas-tour-and-lagartos\/#primaryimage\"},\"image\":{\"@id\":\"https:\/\/vibeadventures.com\/tour\/las-coloradas-tour-and-lagartos\/#primaryimage\"},\"thumbnailUrl\":\"https:\/\/vibeadventures.com\/wp-content\/uploads\/2022\/12\/COLORADAS_3_lg.avif\",\"datePublished\":\"2022-12-01T23:33:37+00:00\",\"dateModified\":\"2024-07-17T16:33:01+00:00\",\"description\":\"Embark on our Las Coloradas Tour and discover the stunning pink lakes; immerse yourself in the natural wonders of Rio Lagartos with our expert guided tours.\",\"breadcrumb\":{\"@id\":\"https:\/\/vibeadventures.com\/tour\/las-coloradas-tour-and-lagartos\/#breadcrumb\"},\"inLanguage\":\"de\",\"potentialAction\":[{\"@type\":\"ReadAction\",\"target\":[\"https:\/\/vibeadventures.com\/tour\/las-coloradas-tour-and-lagartos\/\"]}]},{\"@type\":\"ImageObject\",\"inLanguage\":\"de\",\"@id\":\"https:\/\/vibeadventures.com\/tour\/las-coloradas-tour-and-lagartos\/#primaryimage\",\"url\":\"https:\/\/vibeadventures.com\/wp-content\/uploads\/2022\/12\/COLORADAS_3_lg.avif\",\"contentUrl\":\"https:\/\/vibeadventures.com\/wp-content\/uploads\/2022\/12\/COLORADAS_3_lg.avif\",\"width\":1280,\"height\":719,\"caption\":\"Admire a natural hidden gem\"},{\"@type\":\"BreadcrumbList\",\"@id\":\"https:\/\/vibeadventures.com\/tour\/las-coloradas-tour-and-lagartos\/#breadcrumb\",\"itemListElement\":[{\"@type\":\"ListItem\",\"position\":1,\"name\":\"Home\",\"item\":\"https:\/\/vibeadventures.com\/\"},{\"@type\":\"ListItem\",\"position\":2,\"name\":\"Latin America\",\"item\":\"https:\/\/vibeadventures.com\/latin-america-tours\/\"},{\"@type\":\"ListItem\",\"position\":3,\"name\":\"Mexico\",\"item\":\"https:\/\/vibeadventures.com\/destination\/mexico\/\"},{\"@type\":\"ListItem\",\"position\":4,\"name\":\"Yucatan\",\"item\":\"https:\/\/vibeadventures.com\/destination\/mexico\/yucatan\/\"},{\"@type\":\"ListItem\",\"position\":5,\"name\":\"Las Coloradas Tour: Sail in Famous Coloradas Plus Rio Lagartos (12h)\"}]},{\"@type\":\"WebSite\",\"@id\":\"https:\/\/vibeadventures.com\/#website\",\"url\":\"https:\/\/vibeadventures.com\/\",\"name\":\"Vibe Adventures\",\"description\":\"Authentic Local Adventures &amp; Tours\",\"publisher\":{\"@id\":\"https:\/\/vibeadventures.com\/#organization\"},\"potentialAction\":[{\"@type\":\"SearchAction\",\"target\":{\"@type\":\"EntryPoint\",\"urlTemplate\":\"https:\/\/vibeadventures.com\/?s={search_term_string}\"},\"query-input\":{\"@type\":\"PropertyValueSpecification\",\"valueRequired\":true,\"valueName\":\"search_term_string\"}}],\"inLanguage\":\"de\"},{\"@type\":\"Organization\",\"@id\":\"https:\/\/vibeadventures.com\/#organization\",\"name\":\"Vibe Adventures\",\"url\":\"https:\/\/vibeadventures.com\/\",\"logo\":{\"@type\":\"ImageObject\",\"inLanguage\":\"de\",\"@id\":\"https:\/\/vibeadventures.com\/#\/schema\/logo\/image\/\",\"url\":\"https:\/\/vibeadventures.com\/wp-content\/uploads\/2022\/01\/vibe-adventures-logo-green-TRANSPARENT-481-x-152-1-e1587500448458-2.avif\",\"contentUrl\":\"https:\/\/vibeadventures.com\/wp-content\/uploads\/2022\/01\/vibe-adventures-logo-green-TRANSPARENT-481-x-152-1-e1587500448458-2.avif\",\"width\":490,\"height\":100,\"caption\":\"Vibe Adventures\"},\"image\":{\"@id\":\"https:\/\/vibeadventures.com\/#\/schema\/logo\/image\/\"},\"sameAs\":[\"https:\/\/www.facebook.com\/VibeAdventures\/\",\"https:\/\/x.com\/vibe_adventures\",\"https:\/\/instagram.com\/vibe.adventures\",\"https:\/\/www.linkedin.com\/company\/vibe-adventures\/?viewAsMember=true\",\"https:\/\/www.pinterest.com\/Vibe_Adventures\/\",\"https:\/\/www.youtube.com\/channel\/UCQ9qyA-fVkdXarHBlzDCUBA?view_as=subscriber\",\"https:\/\/www.tiktok.com\/@vibeadventures\"]}]}<\/script>\n<!-- \/ Yoast SEO Premium plugin. -->","yoast_head_json":{"title":"Las Coloradas Tour: Segeln in Famous Coloradas Plus Rio Lagartos (12h)","description":"Nehmen Sie an unserer Las Coloradas Tour teil und entdecken Sie die atemberaubenden rosafarbenen Seen; tauchen Sie mit unseren fachkundigen F\u00fchrungen in die Naturwunder des Rio Lagartos ein.","robots":{"index":"noindex","follow":"nofollow"},"og_locale":"de_DE","og_type":"article","og_title":"Las Coloradas Tour: Sail in Famous Coloradas Plus Rio Lagartos (12h)","og_url":"https:\/\/vibeadventures.com\/de\/tour\/tour-durch-las-coloradas-und-lagartos\/","og_site_name":"Vibe Adventures","article_publisher":"https:\/\/www.facebook.com\/VibeAdventures\/","article_modified_time":"2024-07-17T16:33:01+00:00","og_image":[{"width":1280,"height":719,"url":"https:\/\/vibeadventures.com\/wp-content\/uploads\/2022\/12\/COLORADAS_3_lg.avif","type":"image\/jpeg"}],"twitter_card":"summary_large_image","twitter_site":"@vibe_adventures","twitter_misc":{"Gesch\u00e4tzte Lesezeit":"1\u00a0Minute"},"schema":{"@context":"https:\/\/schema.org","@graph":[{"@type":"WebPage","@id":"https:\/\/vibeadventures.com\/tour\/las-coloradas-tour-and-lagartos\/","url":"https:\/\/vibeadventures.com\/tour\/las-coloradas-tour-and-lagartos\/","name":"Las Coloradas Tour: Segeln in Famous Coloradas Plus Rio Lagartos (12h)","isPartOf":{"@id":"https:\/\/vibeadventures.com\/#website"},"primaryImageOfPage":{"@id":"https:\/\/vibeadventures.com\/tour\/las-coloradas-tour-and-lagartos\/#primaryimage"},"image":{"@id":"https:\/\/vibeadventures.com\/tour\/las-coloradas-tour-and-lagartos\/#primaryimage"},"thumbnailUrl":"https:\/\/vibeadventures.com\/wp-content\/uploads\/2022\/12\/COLORADAS_3_lg.avif","datePublished":"2022-12-01T23:33:37+00:00","dateModified":"2024-07-17T16:33:01+00:00","description":"Nehmen Sie an unserer Las Coloradas Tour teil und entdecken Sie die atemberaubenden rosafarbenen Seen; tauchen Sie mit unseren fachkundigen F\u00fchrungen in die Naturwunder des Rio Lagartos ein.","breadcrumb":{"@id":"https:\/\/vibeadventures.com\/tour\/las-coloradas-tour-and-lagartos\/#breadcrumb"},"inLanguage":"de","potentialAction":[{"@type":"ReadAction","target":["https:\/\/vibeadventures.com\/tour\/las-coloradas-tour-and-lagartos\/"]}]},{"@type":"ImageObject","inLanguage":"de","@id":"https:\/\/vibeadventures.com\/tour\/las-coloradas-tour-and-lagartos\/#primaryimage","url":"https:\/\/vibeadventures.com\/wp-content\/uploads\/2022\/12\/COLORADAS_3_lg.avif","contentUrl":"https:\/\/vibeadventures.com\/wp-content\/uploads\/2022\/12\/COLORADAS_3_lg.avif","width":1280,"height":719,"caption":"Admire a natural hidden gem"},{"@type":"BreadcrumbList","@id":"https:\/\/vibeadventures.com\/tour\/las-coloradas-tour-and-lagartos\/#breadcrumb","itemListElement":[{"@type":"ListItem","position":1,"name":"Home","item":"https:\/\/vibeadventures.com\/"},{"@type":"ListItem","position":2,"name":"Latin America","item":"https:\/\/vibeadventures.com\/latin-america-tours\/"},{"@type":"ListItem","position":3,"name":"Mexico","item":"https:\/\/vibeadventures.com\/destination\/mexico\/"},{"@type":"ListItem","position":4,"name":"Yucatan","item":"https:\/\/vibeadventures.com\/destination\/mexico\/yucatan\/"},{"@type":"ListItem","position":5,"name":"Las Coloradas Tour: Sail in Famous Coloradas Plus Rio Lagartos (12h)"}]},{"@type":"WebSite","@id":"https:\/\/vibeadventures.com\/#website","url":"https:\/\/vibeadventures.com\/","name":"Vibe Adventures","description":"Authentische lokale Abenteuer &amp; Touren","publisher":{"@id":"https:\/\/vibeadventures.com\/#organization"},"potentialAction":[{"@type":"SearchAction","target":{"@type":"EntryPoint","urlTemplate":"https:\/\/vibeadventures.com\/?s={search_term_string}"},"query-input":{"@type":"PropertyValueSpecification","valueRequired":true,"valueName":"search_term_string"}}],"inLanguage":"de"},{"@type":"Organization","@id":"https:\/\/vibeadventures.com\/#organization","name":"Vibe Adventures","url":"https:\/\/vibeadventures.com\/","logo":{"@type":"ImageObject","inLanguage":"de","@id":"https:\/\/vibeadventures.com\/#\/schema\/logo\/image\/","url":"https:\/\/vibeadventures.com\/wp-content\/uploads\/2022\/01\/vibe-adventures-logo-green-TRANSPARENT-481-x-152-1-e1587500448458-2.avif","contentUrl":"https:\/\/vibeadventures.com\/wp-content\/uploads\/2022\/01\/vibe-adventures-logo-green-TRANSPARENT-481-x-152-1-e1587500448458-2.avif","width":490,"height":100,"caption":"Vibe Adventures"},"image":{"@id":"https:\/\/vibeadventures.com\/#\/schema\/logo\/image\/"},"sameAs":["https:\/\/www.facebook.com\/VibeAdventures\/","https:\/\/x.com\/vibe_adventures","https:\/\/instagram.com\/vibe.adventures","https:\/\/www.linkedin.com\/company\/vibe-adventures\/?viewAsMember=true","https:\/\/www.pinterest.com\/Vibe_Adventures\/","https:\/\/www.youtube.com\/channel\/UCQ9qyA-fVkdXarHBlzDCUBA?view_as=subscriber","https:\/\/www.tiktok.com\/@vibeadventures"]}]}},"_links":{"self":[{"href":"https:\/\/vibeadventures.com\/de\/wp-json\/wp\/v2\/product\/17862","targetHints":{"allow":["GET"]}}],"collection":[{"href":"https:\/\/vibeadventures.com\/de\/wp-json\/wp\/v2\/product"}],"about":[{"href":"https:\/\/vibeadventures.com\/de\/wp-json\/wp\/v2\/types\/product"}],"replies":[{"embeddable":true,"href":"https:\/\/vibeadventures.com\/de\/wp-json\/wp\/v2\/comments?post=17862"}],"acf:term":[{"embeddable":true,"taxonomy":"sustainable-goals","href":"https:\/\/vibeadventures.com\/de\/wp-json\/wp\/v2\/sustainable-goals\/617"},{"embeddable":true,"taxonomy":"sustainable-goals","href":"https:\/\/vibeadventures.com\/de\/wp-json\/wp\/v2\/sustainable-goals\/616"},{"embeddable":true,"taxonomy":"season","href":"https:\/\/vibeadventures.com\/de\/wp-json\/wp\/v2\/season\/192"},{"embeddable":true,"taxonomy":"suitability","href":"https:\/\/vibeadventures.com\/de\/wp-json\/wp\/v2\/suitability\/142"},{"embeddable":true,"taxonomy":"suitability","href":"https:\/\/vibeadventures.com\/de\/wp-json\/wp\/v2\/suitability\/137"},{"embeddable":true,"taxonomy":"suitability","href":"https:\/\/vibeadventures.com\/de\/wp-json\/wp\/v2\/suitability\/141"},{"embeddable":true,"taxonomy":"suitability","href":"https:\/\/vibeadventures.com\/de\/wp-json\/wp\/v2\/suitability\/140"},{"embeddable":true,"taxonomy":"suitability","href":"https:\/\/vibeadventures.com\/de\/wp-json\/wp\/v2\/suitability\/139"},{"embeddable":true,"taxonomy":"suitability","href":"https:\/\/vibeadventures.com\/de\/wp-json\/wp\/v2\/suitability\/136"},{"embeddable":true,"taxonomy":"suitability","href":"https:\/\/vibeadventures.com\/de\/wp-json\/wp\/v2\/suitability\/138"},{"embeddable":true,"taxonomy":"physical_ranking","href":"https:\/\/vibeadventures.com\/de\/wp-json\/wp\/v2\/physical_ranking\/208"},{"embeddable":true,"taxonomy":"adventures_type","href":"https:\/\/vibeadventures.com\/de\/wp-json\/wp\/v2\/adventures_type\/202"},{"embeddable":true,"taxonomy":"travel_vibe","href":"https:\/\/vibeadventures.com\/de\/wp-json\/wp\/v2\/travel_vibe\/150"},{"embeddable":true,"taxonomy":"product_tag","href":"https:\/\/vibeadventures.com\/de\/wp-json\/wp\/v2\/product_tag\/91"},{"embeddable":true,"taxonomy":"product_tag","href":"https:\/\/vibeadventures.com\/de\/wp-json\/wp\/v2\/product_tag\/57"},{"embeddable":true,"taxonomy":"product_tag","href":"https:\/\/vibeadventures.com\/de\/wp-json\/wp\/v2\/product_tag\/66"},{"embeddable":true,"taxonomy":"destination","href":"https:\/\/vibeadventures.com\/de\/wp-json\/wp\/v2\/destination\/564"}],"acf:attachment":[{"embeddable":true,"href":"https:\/\/vibeadventures.com\/de\/wp-json\/wp\/v2\/media\/17873"},{"embeddable":true,"href":"https:\/\/vibeadventures.com\/de\/wp-json\/wp\/v2\/media\/17872"},{"embeddable":true,"href":"https:\/\/vibeadventures.com\/de\/wp-json\/wp\/v2\/media\/17871"},{"embeddable":true,"href":"https:\/\/vibeadventures.com\/de\/wp-json\/wp\/v2\/media\/17870"},{"embeddable":true,"href":"https:\/\/vibeadventures.com\/de\/wp-json\/wp\/v2\/media\/17868"},{"embeddable":true,"href":"https:\/\/vibeadventures.com\/de\/wp-json\/wp\/v2\/media\/17867"},{"embeddable":true,"href":"https:\/\/vibeadventures.com\/de\/wp-json\/wp\/v2\/media\/17869"},{"embeddable":true,"href":"https:\/\/vibeadventures.com\/de\/wp-json\/wp\/v2\/media\/17866"},{"embeddable":true,"href":"https:\/\/vibeadventures.com\/de\/wp-json\/wp\/v2\/media\/17874"}],"wp:featuredmedia":[{"embeddable":true,"href":"https:\/\/vibeadventures.com\/de\/wp-json\/wp\/v2\/media\/17868"}],"wp:attachment":[{"href":"https:\/\/vibeadventures.com\/de\/wp-json\/wp\/v2\/media?parent=17862"}],"wp:term":[{"taxonomy":"adventures_type","embeddable":true,"href":"https:\/\/vibeadventures.com\/de\/wp-json\/wp\/v2\/adventures_type?post=17862"},{"taxonomy":"destination","embeddable":true,"href":"https:\/\/vibeadventures.com\/de\/wp-json\/wp\/v2\/destination?post=17862"},{"taxonomy":"operator","embeddable":true,"href":"https:\/\/vibeadventures.com\/de\/wp-json\/wp\/v2\/operator?post=17862"},{"taxonomy":"physical_ranking","embeddable":true,"href":"https:\/\/vibeadventures.com\/de\/wp-json\/wp\/v2\/physical_ranking?post=17862"},{"taxonomy":"season","embeddable":true,"href":"https:\/\/vibeadventures.com\/de\/wp-json\/wp\/v2\/season?post=17862"},{"taxonomy":"suitability","embeddable":true,"href":"https:\/\/vibeadventures.com\/de\/wp-json\/wp\/v2\/suitability?post=17862"},{"taxonomy":"sustainable-goals","embeddable":true,"href":"https:\/\/vibeadventures.com\/de\/wp-json\/wp\/v2\/sustainable-goals?post=17862"},{"taxonomy":"travel_vibe","embeddable":true,"href":"https:\/\/vibeadventures.com\/de\/wp-json\/wp\/v2\/travel_vibe?post=17862"},{"taxonomy":"product_cat","embeddable":true,"href":"https:\/\/vibeadventures.com\/de\/wp-json\/wp\/v2\/product_cat?post=17862"},{"taxonomy":"product_tag","embeddable":true,"href":"https:\/\/vibeadventures.com\/de\/wp-json\/wp\/v2\/product_tag?post=17862"}],"curies":[{"name":"wp","href":"https:\/\/api.w.org\/{rel}","templated":true}]}}