{"id":15504,"date":"2022-09-15T21:58:32","date_gmt":"2022-09-15T21:58:32","guid":{"rendered":"https:\/\/vibeadventures.com\/?post_type=product&#038;p=15504"},"modified":"2024-05-16T10:06:15","modified_gmt":"2024-05-16T16:06:15","slug":"mexiko-city-ruins-tour-privat","status":"publish","type":"product","link":"https:\/\/vibeadventures.com\/de\/tour\/mexiko-city-ruins-tour-privat\/","title":{"rendered":"Mexiko-Stadt Ruinen Tour: Bewundern Sie antike mexikanische Ruinen und Architektur (10h)"},"content":{"rendered":"","protected":false},"excerpt":{"rendered":"","protected":false},"featured_media":15509,"comment_status":"open","ping_status":"closed","template":"","meta":{"_acf_changed":false},"adventures_type":[201],"destination":[425],"operator":[],"physical_ranking":[207],"season":[192],"suitability":[138,136,140,142],"sustainable-goals":[614,610],"travel_vibe":[149],"product_cat":[154],"product_tag":[58,312],"class_list":{"0":"post-15504","1":"product","2":"type-product","3":"status-publish","4":"has-post-thumbnail","6":"adventures_type-private","7":"destination-teotihuacan","8":"physical_ranking-relaxing","9":"season-all-year","10":"suitability-couples","11":"suitability-kid-friendly","12":"suitability-senior","13":"suitability-youth","14":"sustainable-goals-goal-12-responsible-consumption-and-production","15":"sustainable-goals-goal-8-decent-work-and-economic-growth","16":"travel_vibe-historical-tours-and-heritage","17":"product_cat-1-day-tours","18":"product_tag-archeology","19":"product_tag-culture-landmarks","20":"entry","22":"first","23":"instock","24":"shipping-taxable","25":"purchasable","26":"product-type-simple"},"acf":{"type_of_tour":"1-Day","duration_days":"","duration_hours":10,"mood":"Private","logisticsc":"7:00 AM, 7:30 AM and 8:00 AM","toogle_time":"","logisticsa":"1","logisticsa_toggle":false,"pick_up_location":null,"pick_up_location_toggle":null,"private_pickup":"Pickup included: your accommodation or another convenient place of your choice.","private_pickup_toggle":"Pickup included: your accommodation or another convenient place of your choice.","both_pickup":"","both_pickup_copy":"Exact time and location to be specified in the trip notes that are sent 1-2 weeks before the tour.","customization_group":"","customization_private":"","confirmation_select_private":"Automatic","confirmation_text_private":"Automatic confirmation (your departure is automatically confirmed and 100% guaranteed).","confirmation_select_group":"Manual","confirmation_text_group":"Manual confirmation (if a minimum number of participants is not met, we may cancel and fully refund your booking).","transfers":"","customize":"yes","customizable_details":"The standard duration of the tour counts from the moment of a meetup till the end of the tour. On the other hand, the tour is customizable which means we can adjust the time you spend at each destination. For example, if you want to visit an extra location (attraction\/restaurant\/market, etc.), you can do it on a complimentary basis if this visit (1) fits the default duration of the tour and (2) doesn\u2019t involve a major change of the route.","what_take":[{"take":"Comfortable clothes and shoes; hat or cap, sunglasses, and sunscreen; travel insurance, personal ID; good mood and curiosity."}],"extra_notes":"<ul>\r\n \t<li>Children under 3 come free.<\/li>\r\n \t<li>The vehicle type depends on your group size and may include a car, 7-seater, or minivan.<\/li>\r\n \t<li>Travelers should have a basic physical fitness condition.<\/li>\r\n<\/ul>","cancellations":"","discount-tour":null,"tour_operator":false,"maxage":100,"minage":0,"group_size":15,"location":425,"language":["English","Spanish"],"tags":[58,312],"theme":[149],"adventure_type":[201],"accessibility":"\ud83d\uded1 Not wheelchair accessible.","pets":"\ud83d\uded1 Not permitted.","difficulty":207,"suitability":[138,136,140,142],"seasonall":[192],"included":{"guides":"yes","guidese":"English\/Spanish private bilingual guide service.","accommodation":"no","accommodatione":"","accommodations":[],"transportation":"yes","transportatione":"Hotel pick-up and drop-off in a private vehicle.","flights":"no","flightse":"","insurance":"no","insurancee":"","tips":"no","tipse":"","meals":"yes","mealse":"Non-alcoholic drinks and snacks.","expenses":"no","expensese":"","activities":"yes","activitiese":"Entrance and guided visits to two Archaeological Zones, walking tour in Tlatelolco."},"overview":"With the Mexico City Ruins Tour, unleash your inner archaeologist! Journey to the outstanding <a href=\"https:\/\/en.wikipedia.org\/wiki\/Teotihuacan\">Teotihuacan Archaeological Zone<\/a>, where you'll see the stunning pyramids and visit the stone-built Quetzalpapalotl Palace. Then, head to <a href=\"https:\/\/en.wikipedia.org\/wiki\/Tula_(Mesoamerican_site)\">Tula<\/a> to admire the incredible Toltec warriors' sculptures. Finally, stroll around <a href=\"https:\/\/en.wikipedia.org\/wiki\/Plaza_de_las_Tres_Culturas\">Tlatelolco<\/a> to witness the mix of past and present in Mexico City's architecture.","itinerary":"The Mexico City Ruins Tour will step you back in time! Join your guide and venture into Teotihuacan, a UNESCO World Heritage site since 1987. Witness the awe-inspiring Pyramids of the Sun and Moon, stroll down the iconic Avenue of the Dead, and admire the stunning Quetzalpapalotl Palace and other ancient wonders of this Mesoamerican metropolis.\r\n\r\nKeep the adventure going! Make your way to Tula, a once-thriving regional hub and former capital of the mighty <a href=\"https:\/\/en.wikipedia.org\/wiki\/Toltec_Empire\">Toltec Empire<\/a> between the 7th-12th centuries AD. Marvel at the colossal stone sculptures of Toltec warriors, known as \"Atlantes,\" stroll through the remains of ancient palaces and temples, and discover beautifully preserved reliefs of local gods and sacred animals.\r\n\r\nThe adventure continues! Return to Mexico City and stop in Tlatelolco, a vibrant quarter founded in 1337. Immerse yourself in the harmonious blend of past and present, where you'll see architectural styles from Mexico's most relevant historical periods. Take a walk through the main square and witness the remains of an important Aztec city, visit one of the first Catholic churches in the country built by the Spaniards, and admire the modern architecture and urbanism of Mexico City.\r\n\r\nAfter a full day of exploring, hop back in our vehicle and unwind as we chauffeur you back to your accommodation.","repeater":null,"destinations":[{"destination":"Teotihuacan","location":{"address":"Teotihuacan, State of Mexico, Mexico","lat":19.6860799,"lng":-98.87163609999999,"zoom":14,"place_id":"ChIJyd0BTvnq0YUR2mRxFCPVfsc","name":"San Juan Teotihuac\u00e1n","city":"San Juan Teotihuac\u00e1n","state":"State of Mexico","state_short":"M\u00e9x.","country":"Mexico","country_short":"MX"}},{"destination":"Tula","location":{"address":"Tula de Allende, Hgo., Mexico","lat":20.0535516,"lng":-99.33956359999999,"zoom":14,"place_id":"ChIJIzC5Gc_S04URTIs87m6DOe4","name":"Tula","city":"Tula","state":"Hidalgo","state_short":"Hgo.","country":"Mexico","country_short":"MX"}},{"destination":"Tlatelolco","location":{"address":"Tlatelolco, Mexico City, CDMX, Mexico","lat":19.4523693,"lng":-99.1384147,"zoom":14,"place_id":"ChIJeZh2bSH50YURRFVyBPkQKgQ","name":"Tlatelolco","city":"Mexico City","city_short":"M\u00e9xico D.F.","state":"Mexico City","state_short":"CDMX","post_code":6900,"country":"Mexico","country_short":"MX"}}],"highlights":[{"highlight":"Get some insights into the history of Mesoamerica, one of the most important ancient civilizations in the world."},{"highlight":"Explore the two most important archaeological sites in Central Mexico."},{"highlight":"Spot the impressive Pyramids of the Sun and Moon and learn about their historical relevance. "},{"highlight":"See fearsome 4.5 m-high stone warrior figures in the major city of the ancient Toltecs, in Hidalgo State.  "},{"highlight":"Visit Tlalelolco and get amazed by the rich history, architecture and urbanism of this old quarter in Mexico City."}],"galleryes":"no","gallery":[1136,15509,1060,244,241,1135,1141,15514,15508,15506,15511],"video":"","pdf":"","tourradar":null,"sustainability_tax":[614,610],"goals_description":"This tour aligns with the UN's Sustainable Development Goals 8 and 12 by empowering local communities and promoting sustainable consumption and production practices. We take tourists to underdeveloped regions, creating opportunities for economic growth while respecting local traditions and educating communities on sustainable approaches.","authenticity":"We do our best to make our trips educative and fulfilling, in which travelers can interact with local populations, learn about their traditions, and culture, and connect with their core values.","impact":"This tour is organized by or involves significant participation of local communities and service providers thus creating employment, increasing consumption, and benefitting the socio-economic development of the region.","why":"<ul>\r\n \t<li>You will spend the time of the tour purely on its activities and sightseeing: no visits to souvenir shops and restaurants (unless you ask).<\/li>\r\n \t<li>An ideal choice for small groups: the price of the tour is fixed and varies just slightly depending on the size of the group.<\/li>\r\n \t<li>We are flexible: we can adjust the program and route to your interests while the duration of the tour can always be extended for an extra fee.<\/li>\r\n<\/ul>","calendar":"Rezdy","calendar_group":false,"rezdy":"https:\/\/vibeadventures.rezdy.com\/calendarWidget\/521231","toggle_calendar":"","bokun":"","bokun_toggle":"","display_price":74,"toggle_price":"","display_price_m":433,"map_price":74,"price_multi_private":null,"price_multi_group":null,"dates_multi_private":null,"departures_multi_private":null,"dates_multi_group":null,"departures_multi_group":null,"pricing_one_private":null,"prices_group_private":null,"repeat_season":null,"departures_one_private":null,"repeat_season_group":null,"departures_one_group":null},"yoast_head":"<!-- This site is optimized with the Yoast SEO Premium plugin v24.7 (Yoast SEO v24.7) - https:\/\/yoast.com\/wordpress\/plugins\/seo\/ -->\n<title>Mexico City Ruins Tour: Admire Ancient Mexican Ruins and Architecture (10h)<\/title>\n<meta name=\"description\" content=\"With the Mexico City Ruins Tour, explore Teotihuacan&#039;s pyramids, Toltec warriors&#039; sculptures, and the mix of past and present architecture in Tlatelolco!\" \/>\n<meta name=\"robots\" content=\"index, follow, max-snippet:-1, max-image-preview:large, max-video-preview:-1\" \/>\n<link rel=\"canonical\" href=\"https:\/\/vibeadventures.com\/de\/tour\/mexiko-city-ruins-tour-privat\/\" \/>\n<meta property=\"og:locale\" content=\"de_DE\" \/>\n<meta property=\"og:type\" content=\"article\" \/>\n<meta property=\"og:title\" content=\"Mexico City Ruins Tour: Admire Ancient Mexican Ruins and Architecture (10h)\" \/>\n<meta property=\"og:url\" content=\"https:\/\/vibeadventures.com\/de\/tour\/mexiko-city-ruins-tour-privat\/\" \/>\n<meta property=\"og:site_name\" content=\"Vibe Adventures\" \/>\n<meta property=\"article:publisher\" content=\"https:\/\/www.facebook.com\/VibeAdventures\/\" \/>\n<meta property=\"article:modified_time\" content=\"2024-05-16T16:06:15+00:00\" \/>\n<meta property=\"og:image\" content=\"https:\/\/vibeadventures.com\/wp-content\/uploads\/2022\/09\/Amazon-Explore-Tlatelolco-3.avif\" \/>\n\t<meta property=\"og:image:width\" content=\"1024\" \/>\n\t<meta property=\"og:image:height\" content=\"576\" \/>\n\t<meta property=\"og:image:type\" content=\"image\/jpeg\" \/>\n<meta name=\"twitter:card\" content=\"summary_large_image\" \/>\n<meta name=\"twitter:site\" content=\"@vibe_adventures\" \/>\n<meta name=\"twitter:label1\" content=\"Gesch\u00e4tzte Lesezeit\" \/>\n\t<meta name=\"twitter:data1\" content=\"1\u00a0Minute\" \/>\n<script type=\"application\/ld+json\" class=\"yoast-schema-graph\">{\"@context\":\"https:\/\/schema.org\",\"@graph\":[{\"@type\":\"WebPage\",\"@id\":\"https:\/\/vibeadventures.com\/tour\/mexico-city-ruins-tour-private\/\",\"url\":\"https:\/\/vibeadventures.com\/tour\/mexico-city-ruins-tour-private\/\",\"name\":\"Mexico City Ruins Tour: Admire Ancient Mexican Ruins and Architecture (10h)\",\"isPartOf\":{\"@id\":\"https:\/\/vibeadventures.com\/#website\"},\"primaryImageOfPage\":{\"@id\":\"https:\/\/vibeadventures.com\/tour\/mexico-city-ruins-tour-private\/#primaryimage\"},\"image\":{\"@id\":\"https:\/\/vibeadventures.com\/tour\/mexico-city-ruins-tour-private\/#primaryimage\"},\"thumbnailUrl\":\"https:\/\/vibeadventures.com\/wp-content\/uploads\/2022\/09\/Amazon-Explore-Tlatelolco-3.avif\",\"datePublished\":\"2022-09-15T21:58:32+00:00\",\"dateModified\":\"2024-05-16T16:06:15+00:00\",\"description\":\"With the Mexico City Ruins Tour, explore Teotihuacan's pyramids, Toltec warriors' sculptures, and the mix of past and present architecture in Tlatelolco!\",\"breadcrumb\":{\"@id\":\"https:\/\/vibeadventures.com\/tour\/mexico-city-ruins-tour-private\/#breadcrumb\"},\"inLanguage\":\"de\",\"potentialAction\":[{\"@type\":\"ReadAction\",\"target\":[\"https:\/\/vibeadventures.com\/tour\/mexico-city-ruins-tour-private\/\"]}]},{\"@type\":\"ImageObject\",\"inLanguage\":\"de\",\"@id\":\"https:\/\/vibeadventures.com\/tour\/mexico-city-ruins-tour-private\/#primaryimage\",\"url\":\"https:\/\/vibeadventures.com\/wp-content\/uploads\/2022\/09\/Amazon-Explore-Tlatelolco-3.avif\",\"contentUrl\":\"https:\/\/vibeadventures.com\/wp-content\/uploads\/2022\/09\/Amazon-Explore-Tlatelolco-3.avif\",\"width\":1024,\"height\":576,\"caption\":\"Tlatelolco in Mexico City\"},{\"@type\":\"BreadcrumbList\",\"@id\":\"https:\/\/vibeadventures.com\/tour\/mexico-city-ruins-tour-private\/#breadcrumb\",\"itemListElement\":[{\"@type\":\"ListItem\",\"position\":1,\"name\":\"Home\",\"item\":\"https:\/\/vibeadventures.com\/\"},{\"@type\":\"ListItem\",\"position\":2,\"name\":\"Latin America\",\"item\":\"https:\/\/vibeadventures.com\/latin-america-tours\/\"},{\"@type\":\"ListItem\",\"position\":3,\"name\":\"Mexico\",\"item\":\"https:\/\/vibeadventures.com\/destination\/mexico\/\"},{\"@type\":\"ListItem\",\"position\":4,\"name\":\"Mexico City &amp; around\",\"item\":\"https:\/\/vibeadventures.com\/destination\/mexico\/mexico-city\/\"},{\"@type\":\"ListItem\",\"position\":5,\"name\":\"Teotihuacan\",\"item\":\"https:\/\/vibeadventures.com\/destination\/mexico\/mexico-city\/teotihuacan\/\"},{\"@type\":\"ListItem\",\"position\":6,\"name\":\"Mexico City Ruins Tour: Admire Ancient Mexican Ruins and Architecture (10h)\"}]},{\"@type\":\"WebSite\",\"@id\":\"https:\/\/vibeadventures.com\/#website\",\"url\":\"https:\/\/vibeadventures.com\/\",\"name\":\"Vibe Adventures\",\"description\":\"Authentic Local Adventures &amp; Tours\",\"publisher\":{\"@id\":\"https:\/\/vibeadventures.com\/#organization\"},\"potentialAction\":[{\"@type\":\"SearchAction\",\"target\":{\"@type\":\"EntryPoint\",\"urlTemplate\":\"https:\/\/vibeadventures.com\/?s={search_term_string}\"},\"query-input\":{\"@type\":\"PropertyValueSpecification\",\"valueRequired\":true,\"valueName\":\"search_term_string\"}}],\"inLanguage\":\"de\"},{\"@type\":\"Organization\",\"@id\":\"https:\/\/vibeadventures.com\/#organization\",\"name\":\"Vibe Adventures\",\"url\":\"https:\/\/vibeadventures.com\/\",\"logo\":{\"@type\":\"ImageObject\",\"inLanguage\":\"de\",\"@id\":\"https:\/\/vibeadventures.com\/#\/schema\/logo\/image\/\",\"url\":\"https:\/\/vibeadventures.com\/wp-content\/uploads\/2022\/01\/vibe-adventures-logo-green-TRANSPARENT-481-x-152-1-e1587500448458-2.avif\",\"contentUrl\":\"https:\/\/vibeadventures.com\/wp-content\/uploads\/2022\/01\/vibe-adventures-logo-green-TRANSPARENT-481-x-152-1-e1587500448458-2.avif\",\"width\":490,\"height\":100,\"caption\":\"Vibe Adventures\"},\"image\":{\"@id\":\"https:\/\/vibeadventures.com\/#\/schema\/logo\/image\/\"},\"sameAs\":[\"https:\/\/www.facebook.com\/VibeAdventures\/\",\"https:\/\/x.com\/vibe_adventures\",\"https:\/\/instagram.com\/vibe.adventures\",\"https:\/\/www.linkedin.com\/company\/vibe-adventures\/?viewAsMember=true\",\"https:\/\/www.pinterest.com\/Vibe_Adventures\/\",\"https:\/\/www.youtube.com\/channel\/UCQ9qyA-fVkdXarHBlzDCUBA?view_as=subscriber\",\"https:\/\/www.tiktok.com\/@vibeadventures\"]}]}<\/script>\n<!-- \/ Yoast SEO Premium plugin. -->","yoast_head_json":{"title":"Mexiko-Stadt Ruinen Tour: Bewundern Sie antike mexikanische Ruinen und Architektur (10h)","description":"Entdecken Sie auf der Mexico City Ruins Tour die Pyramiden von Teotihuacan, die Skulpturen der toltekischen Krieger und die Mischung aus vergangener und gegenw\u00e4rtiger Architektur in Tlatelolco!","robots":{"index":"index","follow":"follow","max-snippet":"max-snippet:-1","max-image-preview":"max-image-preview:large","max-video-preview":"max-video-preview:-1"},"canonical":"https:\/\/vibeadventures.com\/de\/tour\/mexiko-city-ruins-tour-privat\/","og_locale":"de_DE","og_type":"article","og_title":"Mexico City Ruins Tour: Admire Ancient Mexican Ruins and Architecture (10h)","og_url":"https:\/\/vibeadventures.com\/de\/tour\/mexiko-city-ruins-tour-privat\/","og_site_name":"Vibe Adventures","article_publisher":"https:\/\/www.facebook.com\/VibeAdventures\/","article_modified_time":"2024-05-16T16:06:15+00:00","og_image":[{"width":1024,"height":576,"url":"https:\/\/vibeadventures.com\/wp-content\/uploads\/2022\/09\/Amazon-Explore-Tlatelolco-3.avif","type":"image\/jpeg"}],"twitter_card":"summary_large_image","twitter_site":"@vibe_adventures","twitter_misc":{"Gesch\u00e4tzte Lesezeit":"1\u00a0Minute"},"schema":{"@context":"https:\/\/schema.org","@graph":[{"@type":"WebPage","@id":"https:\/\/vibeadventures.com\/tour\/mexico-city-ruins-tour-private\/","url":"https:\/\/vibeadventures.com\/tour\/mexico-city-ruins-tour-private\/","name":"Mexiko-Stadt Ruinen Tour: Bewundern Sie antike mexikanische Ruinen und Architektur (10h)","isPartOf":{"@id":"https:\/\/vibeadventures.com\/#website"},"primaryImageOfPage":{"@id":"https:\/\/vibeadventures.com\/tour\/mexico-city-ruins-tour-private\/#primaryimage"},"image":{"@id":"https:\/\/vibeadventures.com\/tour\/mexico-city-ruins-tour-private\/#primaryimage"},"thumbnailUrl":"https:\/\/vibeadventures.com\/wp-content\/uploads\/2022\/09\/Amazon-Explore-Tlatelolco-3.avif","datePublished":"2022-09-15T21:58:32+00:00","dateModified":"2024-05-16T16:06:15+00:00","description":"Entdecken Sie auf der Mexico City Ruins Tour die Pyramiden von Teotihuacan, die Skulpturen der toltekischen Krieger und die Mischung aus vergangener und gegenw\u00e4rtiger Architektur in Tlatelolco!","breadcrumb":{"@id":"https:\/\/vibeadventures.com\/tour\/mexico-city-ruins-tour-private\/#breadcrumb"},"inLanguage":"de","potentialAction":[{"@type":"ReadAction","target":["https:\/\/vibeadventures.com\/tour\/mexico-city-ruins-tour-private\/"]}]},{"@type":"ImageObject","inLanguage":"de","@id":"https:\/\/vibeadventures.com\/tour\/mexico-city-ruins-tour-private\/#primaryimage","url":"https:\/\/vibeadventures.com\/wp-content\/uploads\/2022\/09\/Amazon-Explore-Tlatelolco-3.avif","contentUrl":"https:\/\/vibeadventures.com\/wp-content\/uploads\/2022\/09\/Amazon-Explore-Tlatelolco-3.avif","width":1024,"height":576,"caption":"Tlatelolco in Mexico City"},{"@type":"BreadcrumbList","@id":"https:\/\/vibeadventures.com\/tour\/mexico-city-ruins-tour-private\/#breadcrumb","itemListElement":[{"@type":"ListItem","position":1,"name":"Home","item":"https:\/\/vibeadventures.com\/"},{"@type":"ListItem","position":2,"name":"Latin America","item":"https:\/\/vibeadventures.com\/latin-america-tours\/"},{"@type":"ListItem","position":3,"name":"Mexico","item":"https:\/\/vibeadventures.com\/destination\/mexico\/"},{"@type":"ListItem","position":4,"name":"Mexico City &amp; around","item":"https:\/\/vibeadventures.com\/destination\/mexico\/mexico-city\/"},{"@type":"ListItem","position":5,"name":"Teotihuacan","item":"https:\/\/vibeadventures.com\/destination\/mexico\/mexico-city\/teotihuacan\/"},{"@type":"ListItem","position":6,"name":"Mexico City Ruins Tour: Admire Ancient Mexican Ruins and Architecture (10h)"}]},{"@type":"WebSite","@id":"https:\/\/vibeadventures.com\/#website","url":"https:\/\/vibeadventures.com\/","name":"Vibe Adventures","description":"Authentische lokale Abenteuer &amp; Touren","publisher":{"@id":"https:\/\/vibeadventures.com\/#organization"},"potentialAction":[{"@type":"SearchAction","target":{"@type":"EntryPoint","urlTemplate":"https:\/\/vibeadventures.com\/?s={search_term_string}"},"query-input":{"@type":"PropertyValueSpecification","valueRequired":true,"valueName":"search_term_string"}}],"inLanguage":"de"},{"@type":"Organization","@id":"https:\/\/vibeadventures.com\/#organization","name":"Vibe Adventures","url":"https:\/\/vibeadventures.com\/","logo":{"@type":"ImageObject","inLanguage":"de","@id":"https:\/\/vibeadventures.com\/#\/schema\/logo\/image\/","url":"https:\/\/vibeadventures.com\/wp-content\/uploads\/2022\/01\/vibe-adventures-logo-green-TRANSPARENT-481-x-152-1-e1587500448458-2.avif","contentUrl":"https:\/\/vibeadventures.com\/wp-content\/uploads\/2022\/01\/vibe-adventures-logo-green-TRANSPARENT-481-x-152-1-e1587500448458-2.avif","width":490,"height":100,"caption":"Vibe Adventures"},"image":{"@id":"https:\/\/vibeadventures.com\/#\/schema\/logo\/image\/"},"sameAs":["https:\/\/www.facebook.com\/VibeAdventures\/","https:\/\/x.com\/vibe_adventures","https:\/\/instagram.com\/vibe.adventures","https:\/\/www.linkedin.com\/company\/vibe-adventures\/?viewAsMember=true","https:\/\/www.pinterest.com\/Vibe_Adventures\/","https:\/\/www.youtube.com\/channel\/UCQ9qyA-fVkdXarHBlzDCUBA?view_as=subscriber","https:\/\/www.tiktok.com\/@vibeadventures"]}]}},"_links":{"self":[{"href":"https:\/\/vibeadventures.com\/de\/wp-json\/wp\/v2\/product\/15504","targetHints":{"allow":["GET"]}}],"collection":[{"href":"https:\/\/vibeadventures.com\/de\/wp-json\/wp\/v2\/product"}],"about":[{"href":"https:\/\/vibeadventures.com\/de\/wp-json\/wp\/v2\/types\/product"}],"replies":[{"embeddable":true,"href":"https:\/\/vibeadventures.com\/de\/wp-json\/wp\/v2\/comments?post=15504"}],"acf:term":[{"embeddable":true,"taxonomy":"sustainable-goals","href":"https:\/\/vibeadventures.com\/de\/wp-json\/wp\/v2\/sustainable-goals\/610"},{"embeddable":true,"taxonomy":"sustainable-goals","href":"https:\/\/vibeadventures.com\/de\/wp-json\/wp\/v2\/sustainable-goals\/614"},{"embeddable":true,"taxonomy":"season","href":"https:\/\/vibeadventures.com\/de\/wp-json\/wp\/v2\/season\/192"},{"embeddable":true,"taxonomy":"suitability","href":"https:\/\/vibeadventures.com\/de\/wp-json\/wp\/v2\/suitability\/142"},{"embeddable":true,"taxonomy":"suitability","href":"https:\/\/vibeadventures.com\/de\/wp-json\/wp\/v2\/suitability\/140"},{"embeddable":true,"taxonomy":"suitability","href":"https:\/\/vibeadventures.com\/de\/wp-json\/wp\/v2\/suitability\/136"},{"embeddable":true,"taxonomy":"suitability","href":"https:\/\/vibeadventures.com\/de\/wp-json\/wp\/v2\/suitability\/138"},{"embeddable":true,"taxonomy":"physical_ranking","href":"https:\/\/vibeadventures.com\/de\/wp-json\/wp\/v2\/physical_ranking\/207"},{"embeddable":true,"taxonomy":"adventures_type","href":"https:\/\/vibeadventures.com\/de\/wp-json\/wp\/v2\/adventures_type\/201"},{"embeddable":true,"taxonomy":"travel_vibe","href":"https:\/\/vibeadventures.com\/de\/wp-json\/wp\/v2\/travel_vibe\/149"},{"embeddable":true,"taxonomy":"product_tag","href":"https:\/\/vibeadventures.com\/de\/wp-json\/wp\/v2\/product_tag\/312"},{"embeddable":true,"taxonomy":"product_tag","href":"https:\/\/vibeadventures.com\/de\/wp-json\/wp\/v2\/product_tag\/58"},{"embeddable":true,"taxonomy":"destination","href":"https:\/\/vibeadventures.com\/de\/wp-json\/wp\/v2\/destination\/425"}],"acf:attachment":[{"embeddable":true,"href":"https:\/\/vibeadventures.com\/de\/wp-json\/wp\/v2\/media\/15511"},{"embeddable":true,"href":"https:\/\/vibeadventures.com\/de\/wp-json\/wp\/v2\/media\/15506"},{"embeddable":true,"href":"https:\/\/vibeadventures.com\/de\/wp-json\/wp\/v2\/media\/15508"},{"embeddable":true,"href":"https:\/\/vibeadventures.com\/de\/wp-json\/wp\/v2\/media\/15514"},{"embeddable":true,"href":"https:\/\/vibeadventures.com\/de\/wp-json\/wp\/v2\/media\/1141"},{"embeddable":true,"href":"https:\/\/vibeadventures.com\/de\/wp-json\/wp\/v2\/media\/1135"},{"embeddable":true,"href":"https:\/\/vibeadventures.com\/de\/wp-json\/wp\/v2\/media\/241"},{"embeddable":true,"href":"https:\/\/vibeadventures.com\/de\/wp-json\/wp\/v2\/media\/244"},{"embeddable":true,"href":"https:\/\/vibeadventures.com\/de\/wp-json\/wp\/v2\/media\/1060"},{"embeddable":true,"href":"https:\/\/vibeadventures.com\/de\/wp-json\/wp\/v2\/media\/15509"},{"embeddable":true,"href":"https:\/\/vibeadventures.com\/de\/wp-json\/wp\/v2\/media\/1136"}],"wp:featuredmedia":[{"embeddable":true,"href":"https:\/\/vibeadventures.com\/de\/wp-json\/wp\/v2\/media\/15509"}],"wp:attachment":[{"href":"https:\/\/vibeadventures.com\/de\/wp-json\/wp\/v2\/media?parent=15504"}],"wp:term":[{"taxonomy":"adventures_type","embeddable":true,"href":"https:\/\/vibeadventures.com\/de\/wp-json\/wp\/v2\/adventures_type?post=15504"},{"taxonomy":"destination","embeddable":true,"href":"https:\/\/vibeadventures.com\/de\/wp-json\/wp\/v2\/destination?post=15504"},{"taxonomy":"operator","embeddable":true,"href":"https:\/\/vibeadventures.com\/de\/wp-json\/wp\/v2\/operator?post=15504"},{"taxonomy":"physical_ranking","embeddable":true,"href":"https:\/\/vibeadventures.com\/de\/wp-json\/wp\/v2\/physical_ranking?post=15504"},{"taxonomy":"season","embeddable":true,"href":"https:\/\/vibeadventures.com\/de\/wp-json\/wp\/v2\/season?post=15504"},{"taxonomy":"suitability","embeddable":true,"href":"https:\/\/vibeadventures.com\/de\/wp-json\/wp\/v2\/suitability?post=15504"},{"taxonomy":"sustainable-goals","embeddable":true,"href":"https:\/\/vibeadventures.com\/de\/wp-json\/wp\/v2\/sustainable-goals?post=15504"},{"taxonomy":"travel_vibe","embeddable":true,"href":"https:\/\/vibeadventures.com\/de\/wp-json\/wp\/v2\/travel_vibe?post=15504"},{"taxonomy":"product_cat","embeddable":true,"href":"https:\/\/vibeadventures.com\/de\/wp-json\/wp\/v2\/product_cat?post=15504"},{"taxonomy":"product_tag","embeddable":true,"href":"https:\/\/vibeadventures.com\/de\/wp-json\/wp\/v2\/product_tag?post=15504"}],"curies":[{"name":"wp","href":"https:\/\/api.w.org\/{rel}","templated":true}]}}